{"id":316,"date":"2020-03-24T11:09:38","date_gmt":"2020-03-24T10:09:38","guid":{"rendered":"http:\/\/simlogic.smartscm.pl\/?page_id=316"},"modified":"2026-01-23T15:42:51","modified_gmt":"2026-01-23T14:42:51","slug":"serwis","status":"publish","type":"page","link":"https:\/\/simlogic.pl\/en\/serwis\/","title":{"rendered":"24\/7 SERVICE"},"content":{"rendered":"<p>[et_pb_section fb_built=&#8221;1&#8243; admin_label=&#8221;Our Approach&#8221; _builder_version=&#8221;4.16&#8243; custom_padding=&#8221;60px||60px||true|&#8221; global_colors_info=&#8221;{}&#8221;][et_pb_row column_structure=&#8221;1_2,1_2&#8243; make_equal=&#8221;on&#8221; _builder_version=&#8221;4.16&#8243; global_colors_info=&#8221;{}&#8221;][et_pb_column type=&#8221;1_2&#8243; _builder_version=&#8221;4.16&#8243; custom_padding=&#8221;|||&#8221; global_colors_info=&#8221;{}&#8221; custom_padding__hover=&#8221;|||&#8221;][et_pb_text _builder_version=&#8221;4.16&#8243; text_font=&#8221;Lato||||||||&#8221; text_text_color=&#8221;rgba(22,63,109,0.21)&#8221; text_font_size=&#8221;90px&#8221; text_line_height=&#8221;0.2em&#8221; header_font=&#8221;||||||||&#8221; header_2_font=&#8221;Lato|700|||||||&#8221; header_2_font_size=&#8221;48px&#8221; header_2_line_height=&#8221;1.4em&#8221; custom_margin=&#8221;||30px||false&#8221; custom_margin_tablet=&#8221;||0px|&#8221; custom_margin_phone=&#8221;&#8221; custom_margin_last_edited=&#8221;on|tablet&#8221; custom_padding=&#8221;0px|||||&#8221; text_font_size_tablet=&#8221;80px&#8221; text_font_size_phone=&#8221;40px&#8221; text_font_size_last_edited=&#8221;on|phone&#8221; header_2_font_size_tablet=&#8221;&#8221; header_2_font_size_phone=&#8221;36px&#8221; header_2_font_size_last_edited=&#8221;on|phone&#8221; global_colors_info=&#8221;{}&#8221;]<\/p>\n<p>POMOC<\/p>\n<h2>24\/7 SERVICE<\/h2>\n<p>[\/et_pb_text][et_pb_text _builder_version=&#8221;4.27.5&#8243; text_font=&#8221;Open Sans||||||||&#8221; text_font_size=&#8221;16px&#8221; text_line_height=&#8221;1.8em&#8221; max_width_last_edited=&#8221;off|desktop&#8221; hover_enabled=&#8221;0&#8243; global_colors_info=&#8221;{}&#8221; sticky_enabled=&#8221;0&#8243;]<\/p>\n<p style=\"text-align: justify;\"><span style=\"color: #000000;\">Nasi serwisanci rozwi\u0105zuj\u0105 problemy trudne, a czasami &#8222;niemo\u017cliwe&#8221;.<\/span><br \/><span style=\"color: #000000;\">Od 2007 roku pomagamy Pa\u0144stwu 24h na dob\u0119 &#8211; 7 dni w tygodniu &#8211; 365 dni w roku.<\/span><br \/><span style=\"color: #000000;\">W przypadku zainteresowania ofert\u0105 prosimy o przesy\u0142anie<\/span><br \/><span style=\"color: #000000;\">zapytania na: <a href=\"mailto:SERWIS@SIMLOGIC.PL\" style=\"color: #000000;\">SERWIS@SIMLOGIC.PL<\/a>.<\/span><br \/><span style=\"color: #000000;\">W odpowiedzi wy\u015blemy ofert\u0119 oraz aktualne stawki serwisowe.<\/span><\/p>\n<p>[\/et_pb_text][\/et_pb_column][et_pb_column type=&#8221;1_2&#8243; _builder_version=&#8221;4.16&#8243; use_background_color_gradient=&#8221;on&#8221; background_color_gradient_stops=&#8221;rgba(22,63,109,0.9) 0%|rgba(22,63,109,0.73) 100%&#8221; background_color_gradient_overlays_image=&#8221;on&#8221; background_color_gradient_start=&#8221;rgba(22,63,109,0.9)&#8221; background_color_gradient_end=&#8221;rgba(22,63,109,0.73)&#8221; background_image=&#8221;https:\/\/www.simlogic.pl\/wp-content\/uploads\/2020\/06\/AdobeStock_317550082-scaled.jpeg&#8221; custom_padding=&#8221;6%||6%||true|false&#8221; border_radii=&#8221;on|50px|50px|50px|50px&#8221; global_colors_info=&#8221;{}&#8221; custom_padding__hover=&#8221;|||&#8221;][et_pb_text _builder_version=&#8221;4.16&#8243; text_font=&#8221;Lato||||||||&#8221; text_text_color=&#8221;rgba(255,255,255,0.29)&#8221; text_font_size=&#8221;70px&#8221; text_line_height=&#8221;0.2em&#8221; header_font=&#8221;||||||||&#8221; header_2_font=&#8221;Lato|700|||||||&#8221; header_2_text_color=&#8221;#ffffff&#8221; header_2_font_size=&#8221;46px&#8221; header_2_line_height=&#8221;1.2em&#8221; header_3_text_color=&#8221;#ffffff&#8221; header_3_font_size=&#8221;30px&#8221; custom_margin=&#8221;||||false|false&#8221; custom_margin_tablet=&#8221;||0px|&#8221; custom_margin_phone=&#8221;&#8221; custom_margin_last_edited=&#8221;on|tablet&#8221; custom_padding=&#8221;||||false|false&#8221; text_font_size_tablet=&#8221;80px&#8221; text_font_size_phone=&#8221;60px&#8221; text_font_size_last_edited=&#8221;on|desktop&#8221; header_2_font_size_tablet=&#8221;&#8221; header_2_font_size_phone=&#8221;30px&#8221; header_2_font_size_last_edited=&#8221;on|phone&#8221; global_colors_info=&#8221;{}&#8221;]<\/p>\n<h2 style=\"text-align: center;\">ZG\u0141ASZANIE AWARII<\/h2>\n<p>&nbsp;<\/p>\n<h3 style=\"text-align: center;\">+48 696 626 627<br \/>serwis@simlogic.pl<\/h3>\n<p>[\/et_pb_text][\/et_pb_column][\/et_pb_row][et_pb_row _builder_version=&#8221;4.16&#8243; global_colors_info=&#8221;{}&#8221;][et_pb_column type=&#8221;4_4&#8243; _builder_version=&#8221;4.16&#8243; global_colors_info=&#8221;{}&#8221;][et_pb_text _builder_version=&#8221;4.16&#8243; global_colors_info=&#8221;{}&#8221;]<\/p>\n<h2><strong>NAJWA\u017bNIEJSZE INFORMACJE:<\/strong><\/h2>\n<p>[\/et_pb_text][et_pb_text _builder_version=&#8221;4.27.5&#8243; _module_preset=&#8221;default&#8221; hover_enabled=&#8221;0&#8243; global_colors_info=&#8221;{}&#8221; sticky_enabled=&#8221;0&#8243;]<\/p>\n<p><span style=\"color: #000000;\">Firma SIMLOGIC. z siedzib\u0105 w \u0141odzi przy ul. Olechowskiej 33a oferuj\u0119 szerok\u0105 ofert\u0119 serwisow\u0105 zar\u00f3wno w przypadku planowanych wyjazd\u00f3w jak r\u00f3wnie\u017c w nag\u0142ych sytuacjach.<\/span><\/p>\n<p><span style=\"color: #000000;\">Wykonane prace obejmuj\u0105 wy\u0142\u0105cznie us\u0142ugi serwisowe polegaj\u0105ce na jak najszybszym podj\u0119ciu dzia\u0142a\u0144 w celu pr\u00f3by przywr\u00f3cenia maszyny lub systemu do funkcjonalno\u015bci z przed awarii. S\u0105 to czynno\u015bci, takie jak: wizja lokalna i analiza przyczyny powstania awarii, praca przy poszukiwaniu i rozwi\u0105zywaniu problem\u00f3w bez wprowadzania zamian programowych w urz\u0105dzeniach programowalnych (sterowniki PLC, technika nap\u0119dowa, modu\u0142y IT, inne), prace podczas napraw stacjonarnych oraz wyjazdowych. Firma jest ubezpieczona od wykonywanych us\u0142ug w zakresie OC i NNW.<\/span><\/p>\n<p><span style=\"color: #000000;\">W celu zg\u0142oszenia potrzeby us\u0142ugi serwisowej prosimy o kontakt mailowy pod adres <a href=\"mailto:serwis@simlogic.pl\" style=\"color: #000000;\">serwis@simlogic.pl<\/a> lub kontakt telefoniczny na numer +48\u00a0696-626-627. Jest to konieczna czynno\u015b\u0107 do z\u0142o\u017cenia zam\u00f3wienia.<\/span><\/p>\n<p><span style=\"color: #000000;\">Po z\u0142o\u017ceniu zam\u00f3wienia otrzymaj\u0105 Pa\u0144stwo ofert\u0119 z orientacyjn\u0105 cen\u0105 us\u0142ugi. Oferta wa\u017cna jest zgodnie z terminem podanym na ofercie, a podane w niej kwoty s\u0105 kwotami netto, nale\u017cy do nich doliczy\u0107 podatek VAT 23%.<\/span><\/p>\n<p><span style=\"color: #000000;\">W zale\u017cno\u015bci od wykonanej pracy oraz czasu po\u015bwi\u0119conego na wykonanie serwisu cena podana w ofercie mo\u017ce r\u00f3\u017cni\u0107 si\u0119 od ko\u0144cowej ceny na fakturze. Podstaw\u0105 wystawienia faktury po wykonaniu us\u0142ugi serwisowej jest raport godzinowy obliczony na podstawie wyznaczonych stawek serwisowych, kt\u00f3re nie obejmuj\u0105 pomiar\u00f3w, test\u00f3w, analiz problemowych, tworzenia i opracowywania dokumentacji, opracowa\u0144 oraz bada\u0144 naukowo-technicznych. Wszystkie z wyszczeg\u00f3lnionych dzia\u0142a\u0144 podlegaj\u0105 pod odr\u0119bne oferty.<\/span><\/p>\n<p><span style=\"color: #000000;\">Do realizacji serwisu zawsze kierowane s\u0105 dwie osoby, co wynika z przepis\u00f3w BHP i jest zgodne z regulaminem firmy SIMLOGIC. oraz mi\u0119dzy innymi: wymaganiami prawa energetycznego, rozp. Ministra Przemys\u0142u, PIP, CIOP, BHP, UDT. Firma oraz osoby realizuj\u0105ce serwis s\u0105 ubezpieczone od wykonywanych us\u0142ug w zakresie OC i NW.<\/span><\/p>\n<p><span style=\"color: #000000;\">P\u0142atno\u015b\u0107 za us\u0142ug\u0119 nast\u0105pi po jej wykonaniu i zatwierdzeniu (podpis lub mail) raportu serwisowego w czasie nie d\u0142u\u017cszym ni\u017c termin p\u0142atno\u015bci podany na ofercie.<\/span><\/p>\n<p>[\/et_pb_text][\/et_pb_column][\/et_pb_row][et_pb_row _builder_version=&#8221;4.27.4&#8243; _module_preset=&#8221;default&#8221; custom_padding=&#8221;0px||0px|||&#8221; global_colors_info=&#8221;{}&#8221;][et_pb_column type=&#8221;4_4&#8243; _builder_version=&#8221;4.27.4&#8243; _module_preset=&#8221;default&#8221; global_colors_info=&#8221;{}&#8221;][et_pb_text _builder_version=&#8221;4.27.5&#8243; _module_preset=&#8221;default&#8221; hover_enabled=&#8221;0&#8243; global_colors_info=&#8221;{}&#8221; sticky_enabled=&#8221;0&#8243;]<\/p>\n<p><span style=\"color: #000000;\">Poni\u017cej mog\u0105 zapozna\u0107 si\u0119 Pa\u0144stwo z wykorzystywanym przez Nas sprz\u0119tem.<\/span><\/p>\n<p>[\/et_pb_text][\/et_pb_column][\/et_pb_row][et_pb_row column_structure=&#8221;1_3,1_3,1_3&#8243; _builder_version=&#8221;4.27.4&#8243; _module_preset=&#8221;default&#8221; global_colors_info=&#8221;{}&#8221;][et_pb_column type=&#8221;1_3&#8243; _builder_version=&#8221;4.27.4&#8243; _module_preset=&#8221;default&#8221; global_colors_info=&#8221;{}&#8221;][et_pb_image src=&#8221;https:\/\/simlogic.pl\/wp-content\/uploads\/2025\/04\/miernik.jpg&#8221; title_text=&#8221;miernik&#8221; align=&#8221;center&#8221; _builder_version=&#8221;4.27.4&#8243; _module_preset=&#8221;default&#8221; global_colors_info=&#8221;{}&#8221;][\/et_pb_image][\/et_pb_column][et_pb_column type=&#8221;1_3&#8243; _builder_version=&#8221;4.27.4&#8243; _module_preset=&#8221;default&#8221; global_colors_info=&#8221;{}&#8221;][et_pb_image src=&#8221;https:\/\/simlogic.pl\/wp-content\/uploads\/2025\/04\/miernik2.jpg&#8221; title_text=&#8221;miernik2&#8243; _builder_version=&#8221;4.27.4&#8243; _module_preset=&#8221;default&#8221; custom_margin=&#8221;40px||||false|false&#8221; global_colors_info=&#8221;{}&#8221;][\/et_pb_image][\/et_pb_column][et_pb_column type=&#8221;1_3&#8243; _builder_version=&#8221;4.27.4&#8243; _module_preset=&#8221;default&#8221; global_colors_info=&#8221;{}&#8221;][et_pb_image src=&#8221;https:\/\/simlogic.pl\/wp-content\/uploads\/2025\/04\/fluke.jpg&#8221; title_text=&#8221;fluke&#8221; _builder_version=&#8221;4.27.4&#8243; _module_preset=&#8221;default&#8221; global_colors_info=&#8221;{}&#8221;][\/et_pb_image][\/et_pb_column][\/et_pb_row][et_pb_row column_structure=&#8221;1_3,1_3,1_3&#8243; _builder_version=&#8221;4.27.4&#8243; _module_preset=&#8221;default&#8221; global_colors_info=&#8221;{}&#8221;][et_pb_column type=&#8221;1_3&#8243; _builder_version=&#8221;4.27.4&#8243; _module_preset=&#8221;default&#8221; global_colors_info=&#8221;{}&#8221;][et_pb_image src=&#8221;https:\/\/simlogic.pl\/wp-content\/uploads\/2025\/04\/oscyloskop.jpg&#8221; title_text=&#8221;oscyloskop&#8221; _builder_version=&#8221;4.27.4&#8243; _module_preset=&#8221;default&#8221; custom_margin=&#8221;40px||||false|false&#8221; global_colors_info=&#8221;{}&#8221;][\/et_pb_image][\/et_pb_column][et_pb_column type=&#8221;1_3&#8243; _builder_version=&#8221;4.27.4&#8243; _module_preset=&#8221;default&#8221; global_colors_info=&#8221;{}&#8221;][et_pb_image src=&#8221;https:\/\/simlogic.pl\/wp-content\/uploads\/2025\/04\/oscyloskop1.jpg&#8221; title_text=&#8221;oscyloskop1&#8243; _builder_version=&#8221;4.27.4&#8243; _module_preset=&#8221;default&#8221; global_colors_info=&#8221;{}&#8221;][\/et_pb_image][\/et_pb_column][et_pb_column type=&#8221;1_3&#8243; _builder_version=&#8221;4.27.4&#8243; _module_preset=&#8221;default&#8221; global_colors_info=&#8221;{}&#8221;][et_pb_image src=&#8221;https:\/\/simlogic.pl\/wp-content\/uploads\/2025\/04\/miernik1.jpg&#8221; title_text=&#8221;miernik1&#8243; _builder_version=&#8221;4.27.4&#8243; _module_preset=&#8221;default&#8221; custom_margin=&#8221;8px||||false|false&#8221; global_colors_info=&#8221;{}&#8221;][\/et_pb_image][\/et_pb_column][\/et_pb_row][\/et_pb_section]<\/p>","protected":false},"excerpt":{"rendered":"<p>POMOC SERWIS 24\/7Nasi serwisanci rozwi\u0105zuj\u0105 problemy trudne, a czasami &#8222;niemo\u017cliwe&#8221;.Od 2007 roku pomagamy Pa\u0144stwu 24h na dob\u0119 &#8211; 7 dni w tygodniu &#8211; 365 dni w roku.W przypadku zainteresowania ofert\u0105 prosimy o przesy\u0142aniezapytania na: SERWIS@SIMLOGIC.PL.W odpowiedzi wy\u015blemy ofert\u0119 oraz aktualne stawki serwisowe.ZG\u0141ASZANIE AWARII &nbsp; +48 696 626 627serwis@simlogic.plNAJWA\u017bNIEJSZE INFORMACJE:Firma SIMLOGIC. z siedzib\u0105 w \u0141odzi przy [&hellip;]<\/p>","protected":false},"author":1,"featured_media":0,"parent":0,"menu_order":0,"comment_status":"closed","ping_status":"closed","template":"","meta":{"_et_pb_use_builder":"on","_et_pb_old_content":"<!-- wp:divi\/placeholder \/-->","_et_gb_content_width":"","footnotes":""},"class_list":["post-316","page","type-page","status-publish","hentry"],"_links":{"self":[{"href":"https:\/\/simlogic.pl\/en\/wp-json\/wp\/v2\/pages\/316","targetHints":{"allow":["GET"]}}],"collection":[{"href":"https:\/\/simlogic.pl\/en\/wp-json\/wp\/v2\/pages"}],"about":[{"href":"https:\/\/simlogic.pl\/en\/wp-json\/wp\/v2\/types\/page"}],"author":[{"embeddable":true,"href":"https:\/\/simlogic.pl\/en\/wp-json\/wp\/v2\/users\/1"}],"replies":[{"embeddable":true,"href":"https:\/\/simlogic.pl\/en\/wp-json\/wp\/v2\/comments?post=316"}],"version-history":[{"count":24,"href":"https:\/\/simlogic.pl\/en\/wp-json\/wp\/v2\/pages\/316\/revisions"}],"predecessor-version":[{"id":6817,"href":"https:\/\/simlogic.pl\/en\/wp-json\/wp\/v2\/pages\/316\/revisions\/6817"}],"wp:attachment":[{"href":"https:\/\/simlogic.pl\/en\/wp-json\/wp\/v2\/media?parent=316"}],"curies":[{"name":"wp","href":"https:\/\/api.w.org\/{rel}","templated":true}]}}