{"id":3433,"date":"2020-05-19T11:28:20","date_gmt":"2020-05-19T09:28:20","guid":{"rendered":"http:\/\/simlogic.smartscm.pl\/?page_id=3433"},"modified":"2026-04-17T15:34:09","modified_gmt":"2026-04-17T13:34:09","slug":"audyty-bezpieczenstwa-i-ekspertyzy-n-t","status":"publish","type":"page","link":"https:\/\/simlogic.pl\/en\/oferta\/audyty-bezpieczenstwa-i-ekspertyzy-n-t\/","title":{"rendered":"SAFETY AUDITS AND N-T EXPERTISE"},"content":{"rendered":"<p>[et_pb_section fb_built=&#8221;1&#8243; admin_label=&#8221;Our Approach&#8221; _builder_version=&#8221;4.16&#8243; custom_padding=&#8221;68px||68px||true|&#8221; global_colors_info=&#8221;{}&#8221;][et_pb_row make_equal=&#8221;on&#8221; _builder_version=&#8221;4.16&#8243; custom_padding=&#8221;||3px|||&#8221; locked=&#8221;off&#8221; global_colors_info=&#8221;{}&#8221;][et_pb_column type=&#8221;4_4&#8243; _builder_version=&#8221;4.16&#8243; custom_padding=&#8221;|||&#8221; global_colors_info=&#8221;{}&#8221; custom_padding__hover=&#8221;|||&#8221;][et_pb_text _builder_version=&#8221;4.16&#8243; text_font=&#8221;Lato||||||||&#8221; text_text_color=&#8221;rgba(22,63,109,0.21)&#8221; text_font_size=&#8221;71px&#8221; text_line_height=&#8221;0.2em&#8221; header_font=&#8221;||||||||&#8221; header_2_font=&#8221;Lato|700|||||||&#8221; header_2_font_size=&#8221;48px&#8221; header_2_line_height=&#8221;1.4em&#8221; custom_margin=&#8221;||-3px||false|&#8221; custom_margin_tablet=&#8221;||0px|&#8221; custom_margin_phone=&#8221;&#8221; custom_margin_last_edited=&#8221;on|tablet&#8221; custom_padding=&#8221;0px|||||&#8221; text_font_size_tablet=&#8221;80px&#8221; text_font_size_phone=&#8221;30px&#8221; text_font_size_last_edited=&#8221;on|phone&#8221; text_line_height_tablet=&#8221;&#8221; text_line_height_phone=&#8221;1em&#8221; text_line_height_last_edited=&#8221;on|phone&#8221; header_2_font_size_tablet=&#8221;&#8221; header_2_font_size_phone=&#8221;36px&#8221; header_2_font_size_last_edited=&#8221;on|phone&#8221; global_colors_info=&#8221;{}&#8221;]<\/p>\n<p><span>AUDYTY BEZPIECZE\u0143STWA<\/span><\/p>\n<h2><span>EKSPERTYZY N-T<\/span><\/h2>\n<h2><\/h2>\n<p>[\/et_pb_text][\/et_pb_column][\/et_pb_row][et_pb_row make_equal=&#8221;on&#8221; _builder_version=&#8221;4.16&#8243; global_colors_info=&#8221;{}&#8221;][et_pb_column type=&#8221;4_4&#8243; _builder_version=&#8221;4.16&#8243; custom_padding=&#8221;|||&#8221; global_colors_info=&#8221;{}&#8221; custom_padding__hover=&#8221;|||&#8221;][et_pb_text _builder_version=&#8221;4.27.5&#8243; text_font=&#8221;Open Sans||||||||&#8221; text_font_size=&#8221;16px&#8221; text_line_height=&#8221;1.8em&#8221; max_width_last_edited=&#8221;off|desktop&#8221; hover_enabled=&#8221;0&#8243; global_colors_info=&#8221;{}&#8221; sticky_enabled=&#8221;0&#8243;]<\/p>\n<p><span style=\"color: #000000;\"><strong>O nas \/ Zakres us\u0142ug<\/strong><\/span><\/p>\n<p><span style=\"color: #000000;\">W obliczu dynamicznych zmian prawnych i technologicznych, oferujemy kompleksowe wsparcie merytoryczne w zakresie oceny system\u00f3w sterowania. Nasze ekspertyzy \u0142\u0105cz\u0105 wiedz\u0119 in\u017cyniersk\u0105 z aktualnymi wymogami unijnymi, pomagaj\u0105c inwestorom, zarz\u0105dcom budynk\u00f3w oraz zak\u0142adom przemys\u0142owym w bezpiecznym i efektywnym wdra\u017caniu nowoczesnych technologii.<\/span><\/p>\n<p><span style=\"color: #000000;\"><\/span><\/p>\n<p><span style=\"color: #000000;\"><strong>Do poni\u017cszych zagadnie\u0144 tematycznych polecamy szkolenia\u00a0<a href=\"https:\/\/simlogic.pl\/en\/product-category\/bezpieczestwo-maszyn-i-procesow\/\" style=\"color: #000000;\" target=\"_blank\" rel=\"noopener\">KLIKNIJ I ZOBACZ<\/a><\/strong><\/span><\/p>\n<p><span style=\"color: #000000;\"><\/span><\/p>\n<p><span style=\"color: #000000;\"><strong>Nasze kluczowe obszary specjalizacji:<\/strong><\/span><\/p>\n<ol>\n<li><span style=\"color: #000000;\"><strong> Automatyka Budynkowa (BACS\/BMS) \u2013 Zgodno\u015b\u0107 z EPBD 2026<\/strong><\/span><\/li>\n<\/ol>\n<ul>\n<li><span style=\"color: #000000;\"><strong>Audyty klasy efektywno\u015bci:<\/strong>\u00a0Ocena system\u00f3w automatyki zgodnie z norm\u0105\u00a0<strong>PN-EN ISO 52120-1:2022<\/strong>. Okre\u015blamy klas\u0119 budynku (A-D) i wskazujemy drog\u0119 do osi\u0105gni\u0119cia standard\u00f3w bezemisyjnych.<\/span><\/li>\n<li><span style=\"color: #000000;\"><strong>Weryfikacja obowi\u0105zk\u00f3w BACS:<\/strong>\u00a0Ekspertyzy techniczne dla budynk\u00f3w niemieszkalnych o mocy HVAC powy\u017cej 290 kW, potwierdzaj\u0105ce spe\u0142nienie wymog\u00f3w ustawowych obowi\u0105zuj\u0105cych od 1 stycznia 2026 r.<\/span><\/li>\n<li><span style=\"color: #000000;\"><strong>Optymalizacja algorytm\u00f3w sterowania:<\/strong>\u00a0Analiza wp\u0142ywu automatyki na oszcz\u0119dno\u015b\u0107 energii i redukcj\u0119 \u015bladu w\u0119glowego (GWP).<\/span><\/li>\n<\/ul>\n<ol start=\"2\">\n<li><span style=\"color: #000000;\"><strong> Automatyka Przemys\u0142owa i Bezpiecze\u0144stwo Maszyn<\/strong><\/span><\/li>\n<\/ol>\n<ul>\n<li><span style=\"color: #000000;\"><strong>Oceny zgodno\u015bci (CE):<\/strong>\u00a0Ekspertyzy przedwdro\u017ceniowe pod k\u0105tem nowego\u00a0<strong>Rozporz\u0105dzenia Maszynowego (UE) 2023\/1230<\/strong>.<\/span><\/li>\n<li><span style=\"color: #000000;\"><strong>Cyberbezpiecze\u0144stwo system\u00f3w OT:<\/strong>\u00a0Analiza odporno\u015bci system\u00f3w sterowania na ingerencj\u0119 zewn\u0119trzn\u0105, zgodnie z aktualnymi wymogami bezpiecze\u0144stwa cyfrowego.<\/span><\/li>\n<li><span style=\"color: #000000;\"><strong>Ekspertyzy \u201eIstotnej Modyfikacji\u201d:<\/strong>\u00a0Profesjonalna ocena, czy modernizacja linii produkcyjnej wymaga ponownej certyfikacji i jakie \u015brodki bezpiecze\u0144stwa nale\u017cy zastosowa\u0107.<\/span><\/li>\n<\/ul>\n<ol start=\"3\">\n<li><span style=\"color: #000000;\"><strong> Diagnostyka i Rozwi\u0105zywanie Problem\u00f3w (Troubleshooting)<\/strong><\/span><\/li>\n<\/ol>\n<ul>\n<li><span style=\"color: #000000;\">Specjalistyczne pomiary i analizy stan\u00f3w awaryjnych w z\u0142o\u017conych systemach rozproszonych.<\/span><\/li>\n<li><span style=\"color: #000000;\">Weryfikacja poprawno\u015bci projekt\u00f3w technicznych oraz nadz\u00f3r inwestorski nad wykonawstwem system\u00f3w automatyki.<\/span><span style=\"color: #000000;\"><\/span><\/li>\n<\/ul>\n<p><span style=\"color: #000000;\"><\/span><\/p>\n<p><span style=\"color: #000000;\"><strong>Dlaczego warto nam zaufa\u0107?<\/strong><\/span><\/p>\n<ul>\n<li><span style=\"color: #000000;\"><strong>Aktualna wiedza prawna:<\/strong>\u00a0\u015aledzimy procesy transpozycji dyrektyw unijnych do polskiego prawa w 2026 roku.<\/span><\/li>\n<li><span style=\"color: #000000;\"><strong>Bezstronno\u015b\u0107:<\/strong>\u00a0Nasze ekspertyzy stanowi\u0105 obiektywny dow\u00f3d w procesach inwestycyjnych, ubezpieczeniowych oraz przetargowych.<\/span><\/li>\n<\/ul>\n<p><span style=\"color: #000000;\"><strong>Podej\u015bcie naukowe:<\/strong>\u00a0Wykorzystujemy zaawansowane narz\u0119dzia symulacyjne i pomiarowe, aby dostarcza\u0107 dane, a nie tylko opinie.<\/span><\/p>\n<p>[\/et_pb_text][\/et_pb_column][\/et_pb_row][et_pb_row _builder_version=&#8221;4.27.5&#8243; _module_preset=&#8221;default&#8221; global_colors_info=&#8221;{}&#8221;][et_pb_column type=&#8221;4_4&#8243; _builder_version=&#8221;4.27.5&#8243; _module_preset=&#8221;default&#8221; global_colors_info=&#8221;{}&#8221;][et_pb_text _builder_version=&#8221;4.27.5&#8243; _module_preset=&#8221;default&#8221; global_colors_info=&#8221;{}&#8221;]<\/p>\n<p><em>Niniejsza strona oraz publikowane na niej tre\u015bci maj\u0105 charakter wy\u0142\u0105cznie informacyjny i nie stanowi\u0105 porady prawnej ani opinii projektowej w rozumieniu przepis\u00f3w prawa. Ka\u017cda ekspertyza naukowo-techniczna przygotowywana jest przez naszych ekspert\u00f3w indywidualnie, w oparciu o aktualny stan prawny oraz wizj\u0119 lokaln\u0105 obiektu\/urz\u0105dzenia. Przed podj\u0119ciem kluczowych decyzji inwestycyjnych zalecamy kontakt z naszym zespo\u0142em technicznym w celu weryfikacji specyficznych wymog\u00f3w dla Pa\u0144stwa bran\u017cy.<\/em><\/p>\n<p>[\/et_pb_text][\/et_pb_column][\/et_pb_row][\/et_pb_section]<\/p>","protected":false},"excerpt":{"rendered":"<p>AUDYTY BEZPIECZE\u0143STWA EKSPERTYZY N-T O nas \/ Zakres us\u0142ug W obliczu dynamicznych zmian prawnych i technologicznych, oferujemy kompleksowe wsparcie merytoryczne w zakresie oceny system\u00f3w sterowania. Nasze ekspertyzy \u0142\u0105cz\u0105 wiedz\u0119 in\u017cyniersk\u0105 z aktualnymi wymogami unijnymi, pomagaj\u0105c inwestorom, zarz\u0105dcom budynk\u00f3w oraz zak\u0142adom przemys\u0142owym w bezpiecznym i efektywnym wdra\u017caniu nowoczesnych technologii. Do poni\u017cszych zagadnie\u0144 tematycznych polecamy szkolenia\u00a0KLIKNIJ I [&hellip;]<\/p>","protected":false},"author":1,"featured_media":0,"parent":12,"menu_order":0,"comment_status":"closed","ping_status":"closed","template":"","meta":{"_et_pb_use_builder":"on","_et_pb_old_content":"","_et_gb_content_width":"","footnotes":""},"class_list":["post-3433","page","type-page","status-publish","hentry"],"_links":{"self":[{"href":"https:\/\/simlogic.pl\/en\/wp-json\/wp\/v2\/pages\/3433","targetHints":{"allow":["GET"]}}],"collection":[{"href":"https:\/\/simlogic.pl\/en\/wp-json\/wp\/v2\/pages"}],"about":[{"href":"https:\/\/simlogic.pl\/en\/wp-json\/wp\/v2\/types\/page"}],"author":[{"embeddable":true,"href":"https:\/\/simlogic.pl\/en\/wp-json\/wp\/v2\/users\/1"}],"replies":[{"embeddable":true,"href":"https:\/\/simlogic.pl\/en\/wp-json\/wp\/v2\/comments?post=3433"}],"version-history":[{"count":12,"href":"https:\/\/simlogic.pl\/en\/wp-json\/wp\/v2\/pages\/3433\/revisions"}],"predecessor-version":[{"id":7077,"href":"https:\/\/simlogic.pl\/en\/wp-json\/wp\/v2\/pages\/3433\/revisions\/7077"}],"up":[{"embeddable":true,"href":"https:\/\/simlogic.pl\/en\/wp-json\/wp\/v2\/pages\/12"}],"wp:attachment":[{"href":"https:\/\/simlogic.pl\/en\/wp-json\/wp\/v2\/media?parent=3433"}],"curies":[{"name":"wp","href":"https:\/\/api.w.org\/{rel}","templated":true}]}}