{"id":3437,"date":"2020-05-19T11:29:10","date_gmt":"2020-05-19T09:29:10","guid":{"rendered":"http:\/\/simlogic.smartscm.pl\/?page_id=3437"},"modified":"2026-01-23T14:30:36","modified_gmt":"2026-01-23T13:30:36","slug":"oferta-handlowa-dobor-naprawy-dostawy","status":"publish","type":"page","link":"https:\/\/simlogic.pl\/en\/oferta\/oferta-handlowa-dobor-naprawy-dostawy\/","title":{"rendered":"COMMERCIAL OFFER, SELECTION, REPAIRS, DELIVERIES"},"content":{"rendered":"<p>[et_pb_section fb_built=&#8221;1&#8243; admin_label=&#8221;Our Approach&#8221; _builder_version=&#8221;4.16&#8243; custom_padding=&#8221;68px||68px||false|false&#8221; global_colors_info=&#8221;{}&#8221;][et_pb_row make_equal=&#8221;on&#8221; _builder_version=&#8221;4.16&#8243; custom_padding=&#8221;||2px|||&#8221; locked=&#8221;off&#8221; global_colors_info=&#8221;{}&#8221;][et_pb_column type=&#8221;4_4&#8243; _builder_version=&#8221;4.16&#8243; custom_padding=&#8221;|||&#8221; global_colors_info=&#8221;{}&#8221; custom_padding__hover=&#8221;|||&#8221;][et_pb_text _builder_version=&#8221;4.23.1&#8243; text_font=&#8221;Lato||||||||&#8221; text_text_color=&#8221;rgba(22,63,109,0.21)&#8221; text_font_size=&#8221;71px&#8221; text_line_height=&#8221;0.2em&#8221; header_font=&#8221;||||||||&#8221; header_2_font=&#8221;Lato|700|||||||&#8221; header_2_font_size=&#8221;48px&#8221; header_2_line_height=&#8221;1.4em&#8221; custom_margin=&#8221;||-3px||false|&#8221; custom_margin_tablet=&#8221;||0px|&#8221; custom_margin_phone=&#8221;&#8221; custom_margin_last_edited=&#8221;on|tablet&#8221; custom_padding=&#8221;0px|||||&#8221; text_font_size_tablet=&#8221;80px&#8221; text_font_size_phone=&#8221;30px&#8221; text_font_size_last_edited=&#8221;on|phone&#8221; text_line_height_tablet=&#8221;&#8221; text_line_height_phone=&#8221;1em&#8221; text_line_height_last_edited=&#8221;on|phone&#8221; header_2_font_size_tablet=&#8221;&#8221; header_2_font_size_phone=&#8221;36px&#8221; header_2_font_size_last_edited=&#8221;on|phone&#8221; global_colors_info=&#8221;{}&#8221;]<\/p>\n<p><span>OFERTA HANDLOWA<\/span><\/p>\n<h2><span>DOB\u00d3R, NAPRAWY, DOSTAWY<\/span><\/h2>\n<h2><\/h2>\n<p>[\/et_pb_text][\/et_pb_column][\/et_pb_row][et_pb_row _builder_version=&#8221;4.16&#8243; global_colors_info=&#8221;{}&#8221;][et_pb_column type=&#8221;4_4&#8243; _builder_version=&#8221;4.16&#8243; global_colors_info=&#8221;{}&#8221;][et_pb_text _builder_version=&#8221;4.27.5&#8243; text_font=&#8221;Open Sans||||||||&#8221; text_font_size=&#8221;16px&#8221; text_line_height=&#8221;1.8em&#8221; ul_line_height=&#8221;1.6em&#8221; max_width_last_edited=&#8221;off|desktop&#8221; hover_enabled=&#8221;0&#8243; global_colors_info=&#8221;{}&#8221; sticky_enabled=&#8221;0&#8243;]<\/p>\n<ul>\n<li style=\"list-style-type: none;\">\n<ul>\n<li style=\"list-style-type: none;\">\n<ul>\n<li><span style=\"color: #000000;\">Projekty, modernizacje i bezpiecze\u0144stwo maszyn.<\/span><\/li>\n<li><span style=\"color: #000000;\">Ca\u0142odobowe us\u0142ugi serwisowe.<\/span><\/li>\n<li><span style=\"color: #000000;\">Naprawy falownik\u00f3w oraz sprz\u0119tu automatyki.<\/span><\/li>\n<li><span style=\"color: #000000;\">Diagnostyka maszyn oraz komunikacji przemys\u0142owej.<\/span><\/li>\n<li><span style=\"color: #000000;\">Szkolenia specjalistyczne i dedykowane do rozwi\u0105za\u0144 zastosowanych w maszynach przemys\u0142owych.<\/span><\/li>\n<li><span style=\"color: #000000;\">Ekspertyzy naukowo-techniczne.<\/span><\/li>\n<li><span style=\"color: #000000;\">Audyty technologiczne, audyty bezpiecze\u0144stwa maszyn oraz dostosowanie maszyn do wymaga\u0144.<\/span><\/li>\n<li><span style=\"color: #000000;\">Dostawy komponent\u00f3w i kompleksowych rozwi\u0105za\u0144<\/span><\/li>\n<li><span style=\"color: #000000;\">Doradztwo techniczne.<\/span><\/li>\n<\/ul>\n<\/li>\n<\/ul>\n<\/li>\n<\/ul>\n<p><span style=\"font-size: 16px; color: #000000;\">Wymieniony zakres us\u0142ug stanowi\u0105 aplikacje przemys\u0142owe oraz modernizacje istniej\u0105cych realizacji maszynowych, kt\u00f3rych uzupe\u0142nieniem s\u0105 autorskie dedykowane specjalistyczne szkolenia techniczne, realizowane pod konkretne rozwi\u0105zania przemys\u0142owe.<\/span><\/p>\n<p><span style=\"font-size: 16px; color: #000000;\"><\/span><\/p>\n<p><span style=\"color: #000000;\">W zakresie napraw, firma SIMLOGIC. oferuje:<\/span><\/p>\n<p><span style=\"color: #000000;\">\u00a0<\/span><\/p>\n<ul>\n<li style=\"list-style-type: none;\">\n<ul>\n<li style=\"list-style-type: none;\">\n<ul>\n<li><span style=\"color: #000000;\">Darmow\u0105 wysy\u0142k\u0119 sprz\u0119tu na terenie ca\u0142ej Polski.<\/span><\/li>\n<li><span style=\"color: #000000;\">Bezp\u0142atn\u0105 wycen\u0119 naprawy dla sta\u0142ych klient\u00f3w.<\/span><\/li>\n<li><span style=\"color: #000000;\">Szybki i op\u0142acalny serwis urz\u0105dze\u0144 automatyki przemys\u0142owej.<\/span><\/li>\n<li><span style=\"color: #000000;\">Szybkie wyceny &#8211; ekonomiczne podej\u015bcie do naprawy bez koszt\u00f3w zwi\u0105zanych z dodatkow\u0105 wycen\u0105.<\/span><\/li>\n<li><span style=\"color: #000000;\">Du\u017c\u0105 skuteczno\u015b\u0107 oraz szybk\u0105 realizacj\u0119 naprawy.<\/span><\/li>\n<li><span style=\"color: #000000;\">Doskona\u0142y dost\u0119p do cz\u0119\u015bci i komponent\u00f3w &#8211; gwarancja redukcji koszt\u00f3w u klienta.<\/span><\/li>\n<li><span style=\"color: #000000;\">Rzeteln\u0105, roczn\u0105 gwarancj\u0119 na ka\u017cda napraw\u0119.<\/span><\/li>\n<li><span style=\"color: #000000;\">Naprawy szerokiej gamy urz\u0105dze\u0144 elektroniki i automatyki przemys\u0142owej.<\/span><\/li>\n<li><span style=\"color: #000000;\">Ca\u0142odobowy numer <strong>HOTLINE 696 626 627<\/strong> do zg\u0142aszania awarii.<\/span><\/li>\n<li><span style=\"color: #000000;\">Serwis i doradztwo techniczne.<\/span><\/li>\n<li><span style=\"color: #000000;\">Przygotowywanie projekt\u00f3w modernizacyjnych maszyn z migracj\u0105 na nowe rozwi\u0105zania.<\/span><\/li>\n<li><span style=\"color: #000000;\">Programowanie urz\u0105dze\u0144, wymiany oraz diagnostyk\u0119 awarii.<\/span><\/li>\n<li><span style=\"color: #000000;\">Opracowywanie polityki magazynowej cz\u0119\u015bci zamiennych.<\/span><\/li>\n<li><span style=\"color: #000000;\">Dzia\u0142ania prewencyjne w zakresie serwisu urz\u0105dze\u0144 automatyki przemys\u0142owej.<\/span><\/li>\n<\/ul>\n<\/li>\n<\/ul>\n<\/li>\n<\/ul>\n<p>[\/et_pb_text][\/et_pb_column][\/et_pb_row][\/et_pb_section]<\/p>","protected":false},"excerpt":{"rendered":"<p>OFERTA HANDLOWA DOB\u00d3R, NAPRAWY, DOSTAWY Projekty, modernizacje i bezpiecze\u0144stwo maszyn. Ca\u0142odobowe us\u0142ugi serwisowe. Naprawy falownik\u00f3w oraz sprz\u0119tu automatyki. Diagnostyka maszyn oraz komunikacji przemys\u0142owej. Szkolenia specjalistyczne i dedykowane do rozwi\u0105za\u0144 zastosowanych w maszynach przemys\u0142owych. Ekspertyzy naukowo-techniczne. Audyty technologiczne, audyty bezpiecze\u0144stwa maszyn oraz dostosowanie maszyn do wymaga\u0144. Dostawy komponent\u00f3w i kompleksowych rozwi\u0105za\u0144 Doradztwo techniczne. Wymieniony zakres us\u0142ug [&hellip;]<\/p>","protected":false},"author":1,"featured_media":0,"parent":12,"menu_order":0,"comment_status":"closed","ping_status":"closed","template":"","meta":{"_et_pb_use_builder":"on","_et_pb_old_content":"","_et_gb_content_width":"","footnotes":""},"class_list":["post-3437","page","type-page","status-publish","hentry"],"_links":{"self":[{"href":"https:\/\/simlogic.pl\/en\/wp-json\/wp\/v2\/pages\/3437","targetHints":{"allow":["GET"]}}],"collection":[{"href":"https:\/\/simlogic.pl\/en\/wp-json\/wp\/v2\/pages"}],"about":[{"href":"https:\/\/simlogic.pl\/en\/wp-json\/wp\/v2\/types\/page"}],"author":[{"embeddable":true,"href":"https:\/\/simlogic.pl\/en\/wp-json\/wp\/v2\/users\/1"}],"replies":[{"embeddable":true,"href":"https:\/\/simlogic.pl\/en\/wp-json\/wp\/v2\/comments?post=3437"}],"version-history":[{"count":13,"href":"https:\/\/simlogic.pl\/en\/wp-json\/wp\/v2\/pages\/3437\/revisions"}],"predecessor-version":[{"id":6808,"href":"https:\/\/simlogic.pl\/en\/wp-json\/wp\/v2\/pages\/3437\/revisions\/6808"}],"up":[{"embeddable":true,"href":"https:\/\/simlogic.pl\/en\/wp-json\/wp\/v2\/pages\/12"}],"wp:attachment":[{"href":"https:\/\/simlogic.pl\/en\/wp-json\/wp\/v2\/media?parent=3437"}],"curies":[{"name":"wp","href":"https:\/\/api.w.org\/{rel}","templated":true}]}}