{"id":3840,"date":"2020-09-09T18:13:01","date_gmt":"2020-09-09T16:13:01","guid":{"rendered":"http:\/\/new.simlogic.pl\/?page_id=3840"},"modified":"2026-01-09T12:13:52","modified_gmt":"2026-01-09T11:13:52","slug":"referencje-i-rekomendacje","status":"publish","type":"page","link":"https:\/\/simlogic.pl\/en\/referencje-i-rekomendacje\/","title":{"rendered":"REFERENCJE I REKOMENDACJE"},"content":{"rendered":"<p>[et_pb_section fb_built=&#8221;1&#8243; admin_label=&#8221;Our Approach&#8221; _builder_version=&#8221;4.16&#8243; custom_margin=&#8221;||-112px|||&#8221; custom_padding=&#8221;68px||68px||false|false&#8221; global_colors_info=&#8221;{}&#8221;][et_pb_row make_equal=&#8221;on&#8221; _builder_version=&#8221;4.16&#8243; global_colors_info=&#8221;{}&#8221;][et_pb_column type=&#8221;4_4&#8243; _builder_version=&#8221;4.16&#8243; custom_padding=&#8221;|||&#8221; global_colors_info=&#8221;{}&#8221; custom_padding__hover=&#8221;|||&#8221;][et_pb_text _builder_version=&#8221;4.16&#8243; text_font=&#8221;Lato||||||||&#8221; text_text_color=&#8221;rgba(22,63,109,0.21)&#8221; text_font_size=&#8221;71px&#8221; text_line_height=&#8221;0.9em&#8221; header_font=&#8221;||||||||&#8221; header_2_font=&#8221;Lato|700|||||||&#8221; header_2_font_size=&#8221;48px&#8221; header_2_line_height=&#8221;1.4em&#8221; custom_margin=&#8221;||-3px||false|&#8221; custom_margin_tablet=&#8221;||0px|&#8221; custom_margin_phone=&#8221;&#8221; custom_margin_last_edited=&#8221;on|tablet&#8221; custom_padding=&#8221;0px|||||&#8221; text_font_size_tablet=&#8221;80px&#8221; text_font_size_phone=&#8221;40px&#8221; text_font_size_last_edited=&#8221;on|phone&#8221; header_2_font_size_tablet=&#8221;&#8221; header_2_font_size_phone=&#8221;36px&#8221; header_2_font_size_last_edited=&#8221;on|phone&#8221; global_colors_info=&#8221;{}&#8221;]US\u0141UGI PRZEMYS\u0141OWE<\/p>\n<h2>AUTORYZACJE I POLECENIA<\/h2>\n<p>[\/et_pb_text][\/et_pb_column][\/et_pb_row][et_pb_row column_structure=&#8221;1_6,1_6,1_6,1_6,1_6,1_6&#8243; _builder_version=&#8221;4.27.5&#8243; _module_preset=&#8221;default&#8221; global_colors_info=&#8221;{}&#8221; theme_builder_area=&#8221;post_content&#8221;][et_pb_column type=&#8221;1_6&#8243; _builder_version=&#8221;4.27.5&#8243; _module_preset=&#8221;default&#8221; global_colors_info=&#8221;{}&#8221; theme_builder_area=&#8221;post_content&#8221;][et_pb_image src=&#8221;https:\/\/simlogic.pl\/wp-content\/uploads\/2026\/01\/EA1.png&#8221; title_text=&#8221;EA1&#8243; _builder_version=&#8221;4.27.5&#8243; _module_preset=&#8221;default&#8221; global_colors_info=&#8221;{}&#8221; theme_builder_area=&#8221;post_content&#8221;][\/et_pb_image][et_pb_image src=&#8221;https:\/\/simlogic.pl\/wp-content\/uploads\/2026\/01\/PI1.png&#8221; title_text=&#8221;PI1&#8243; _builder_version=&#8221;4.27.5&#8243; _module_preset=&#8221;default&#8221; global_colors_info=&#8221;{}&#8221; theme_builder_area=&#8221;post_content&#8221;][\/et_pb_image][et_pb_image src=&#8221;https:\/\/simlogic.pl\/wp-content\/uploads\/2026\/01\/sie2.png&#8221; title_text=&#8221;sie2&#8243; _builder_version=&#8221;4.27.5&#8243; _module_preset=&#8221;default&#8221; global_colors_info=&#8221;{}&#8221; theme_builder_area=&#8221;post_content&#8221;][\/et_pb_image][\/et_pb_column][et_pb_column type=&#8221;1_6&#8243; _builder_version=&#8221;4.27.5&#8243; _module_preset=&#8221;default&#8221; global_colors_info=&#8221;{}&#8221; theme_builder_area=&#8221;post_content&#8221;][et_pb_image src=&#8221;https:\/\/simlogic.pl\/wp-content\/uploads\/2026\/01\/ekv1.png&#8221; title_text=&#8221;ekv1&#8243; _builder_version=&#8221;4.27.5&#8243; _module_preset=&#8221;default&#8221; global_colors_info=&#8221;{}&#8221; theme_builder_area=&#8221;post_content&#8221;][\/et_pb_image][et_pb_image src=&#8221;https:\/\/simlogic.pl\/wp-content\/uploads\/2026\/01\/pro1.png&#8221; title_text=&#8221;pro1&#8243; _builder_version=&#8221;4.27.5&#8243; _module_preset=&#8221;default&#8221; global_colors_info=&#8221;{}&#8221; theme_builder_area=&#8221;post_content&#8221;][\/et_pb_image][et_pb_image src=&#8221;https:\/\/simlogic.pl\/wp-content\/uploads\/2026\/01\/stora1.png&#8221; title_text=&#8221;stora1&#8243; _builder_version=&#8221;4.27.5&#8243; _module_preset=&#8221;default&#8221; global_colors_info=&#8221;{}&#8221; theme_builder_area=&#8221;post_content&#8221;][\/et_pb_image][\/et_pb_column][et_pb_column type=&#8221;1_6&#8243; _builder_version=&#8221;4.27.5&#8243; _module_preset=&#8221;default&#8221; global_colors_info=&#8221;{}&#8221; theme_builder_area=&#8221;post_content&#8221;][et_pb_image src=&#8221;https:\/\/simlogic.pl\/wp-content\/uploads\/2026\/01\/eur1.png&#8221; title_text=&#8221;eur1&#8243; _builder_version=&#8221;4.27.5&#8243; _module_preset=&#8221;default&#8221; global_colors_info=&#8221;{}&#8221; theme_builder_area=&#8221;post_content&#8221;][\/et_pb_image][et_pb_image src=&#8221;https:\/\/simlogic.pl\/wp-content\/uploads\/2026\/01\/qua1.jpg&#8221; title_text=&#8221;qua1&#8243; _builder_version=&#8221;4.27.5&#8243; _module_preset=&#8221;default&#8221; global_colors_info=&#8221;{}&#8221; theme_builder_area=&#8221;post_content&#8221;][\/et_pb_image][et_pb_image src=&#8221;https:\/\/simlogic.pl\/wp-content\/uploads\/2026\/01\/qua1.jpg&#8221; title_text=&#8221;qua1&#8243; _builder_version=&#8221;4.27.5&#8243; _module_preset=&#8221;default&#8221; global_colors_info=&#8221;{}&#8221; theme_builder_area=&#8221;post_content&#8221;][\/et_pb_image][\/et_pb_column][et_pb_column type=&#8221;1_6&#8243; _builder_version=&#8221;4.27.5&#8243; _module_preset=&#8221;default&#8221; global_colors_info=&#8221;{}&#8221; theme_builder_area=&#8221;post_content&#8221;][et_pb_image src=&#8221;https:\/\/simlogic.pl\/wp-content\/uploads\/2026\/01\/int1.png&#8221; title_text=&#8221;int1&#8243; _builder_version=&#8221;4.27.5&#8243; _module_preset=&#8221;default&#8221; global_colors_info=&#8221;{}&#8221; theme_builder_area=&#8221;post_content&#8221;][\/et_pb_image][et_pb_image src=&#8221;https:\/\/simlogic.pl\/wp-content\/uploads\/2026\/01\/tech1.png&#8221; title_text=&#8221;tech1&#8243; _builder_version=&#8221;4.27.5&#8243; _module_preset=&#8221;default&#8221; global_colors_info=&#8221;{}&#8221; theme_builder_area=&#8221;post_content&#8221;][\/et_pb_image][et_pb_image src=&#8221;https:\/\/simlogic.pl\/wp-content\/uploads\/2026\/01\/qua2.jpg&#8221; title_text=&#8221;qua2&#8243; _builder_version=&#8221;4.27.5&#8243; _module_preset=&#8221;default&#8221; global_colors_info=&#8221;{}&#8221; theme_builder_area=&#8221;post_content&#8221;][\/et_pb_image][\/et_pb_column][et_pb_column type=&#8221;1_6&#8243; _builder_version=&#8221;4.27.5&#8243; _module_preset=&#8221;default&#8221; global_colors_info=&#8221;{}&#8221; theme_builder_area=&#8221;post_content&#8221;][et_pb_image src=&#8221;https:\/\/simlogic.pl\/wp-content\/uploads\/2026\/01\/La1.png&#8221; title_text=&#8221;La1&#8243; _builder_version=&#8221;4.27.5&#8243; _module_preset=&#8221;default&#8221; global_colors_info=&#8221;{}&#8221; theme_builder_area=&#8221;post_content&#8221;][\/et_pb_image][et_pb_image src=&#8221;https:\/\/simlogic.pl\/wp-content\/uploads\/2026\/01\/sain1.png&#8221; title_text=&#8221;sain1&#8243; _builder_version=&#8221;4.27.5&#8243; _module_preset=&#8221;default&#8221; global_colors_info=&#8221;{}&#8221; theme_builder_area=&#8221;post_content&#8221;][\/et_pb_image][et_pb_image src=&#8221;https:\/\/simlogic.pl\/wp-content\/uploads\/2026\/01\/wink1.png&#8221; title_text=&#8221;wink1&#8243; _builder_version=&#8221;4.27.5&#8243; _module_preset=&#8221;default&#8221; global_colors_info=&#8221;{}&#8221; theme_builder_area=&#8221;post_content&#8221;][\/et_pb_image][\/et_pb_column][et_pb_column type=&#8221;1_6&#8243; _builder_version=&#8221;4.27.5&#8243; _module_preset=&#8221;default&#8221; global_colors_info=&#8221;{}&#8221; theme_builder_area=&#8221;post_content&#8221;][et_pb_image src=&#8221;https:\/\/simlogic.pl\/wp-content\/uploads\/2026\/01\/pan1.png&#8221; title_text=&#8221;pan1&#8243; _builder_version=&#8221;4.27.5&#8243; _module_preset=&#8221;default&#8221; global_colors_info=&#8221;{}&#8221; theme_builder_area=&#8221;post_content&#8221;][\/et_pb_image][et_pb_image src=&#8221;https:\/\/simlogic.pl\/wp-content\/uploads\/2026\/01\/sie1.png&#8221; title_text=&#8221;sie1&#8243; _builder_version=&#8221;4.27.5&#8243; _module_preset=&#8221;default&#8221; global_colors_info=&#8221;{}&#8221; theme_builder_area=&#8221;post_content&#8221;][\/et_pb_image][et_pb_image src=&#8221;https:\/\/simlogic.pl\/wp-content\/uploads\/2026\/01\/winkel1.png&#8221; title_text=&#8221;winkel1&#8243; _builder_version=&#8221;4.27.5&#8243; _module_preset=&#8221;default&#8221; global_colors_info=&#8221;{}&#8221; theme_builder_area=&#8221;post_content&#8221;][\/et_pb_image][\/et_pb_column][\/et_pb_row][\/et_pb_section][et_pb_section fb_built=&#8221;1&#8243; _builder_version=&#8221;4.16&#8243; global_colors_info=&#8221;{}&#8221;][et_pb_row column_structure=&#8221;1_4,1_4,1_4,1_4&#8243; _builder_version=&#8221;4.27.5&#8243; width=&#8221;100%&#8221; max_width=&#8221;1586px&#8221; custom_margin=&#8221;-52px|auto||auto|false|false&#8221; custom_padding=&#8221;||28px|||&#8221; global_colors_info=&#8221;{}&#8221;][et_pb_column type=&#8221;1_4&#8243; _builder_version=&#8221;4.27.5&#8243; global_colors_info=&#8221;{}&#8221;][et_pb_testimonial portrait_url=&#8221;https:\/\/simlogic.pl\/wp-content\/uploads\/2020\/04\/siemens-pobrany-plik.png&#8221; portrait_width=&#8221;200px&#8221; portrait_height=&#8221;45px&#8221; _builder_version=&#8221;4.27.5&#8243; body_text_align=&#8221;justify&#8221; body_text_color=&#8221;rgba(0,0,0,0)&#8221; body_font_size=&#8221;17px&#8221; author_font=&#8221;|800|||||||&#8221; author_text_align=&#8221;center&#8221; author_text_color=&#8221;#1aafaa&#8221; author_font_size=&#8221;30px&#8221; author_letter_spacing=&#8221;5px&#8221; text_orientation=&#8221;justified&#8221; min_height=&#8221;900px&#8221; custom_margin=&#8221;||0px||false|false&#8221; border_radii_portrait=&#8221;on|10px|10px|10px|10px&#8221; text_shadow_style=&#8221;preset4&#8243; text_shadow_color=&#8221;#000000&#8243; global_colors_info=&#8221;{}&#8221;]<\/p>\n<p>&nbsp;<\/p>\n<p>Firma SIMLOGIC. wsp\u00f3\u0142pracuje z firm\u0105 Siemens. W przesz\u0142o\u015bci posiadali\u015bmy umow\u0119 partnersk\u0105 oraz rekomendacje w zakresie sterownik\u00f3w technologicznych, techniki nap\u0119dowej, komunikacji przemys\u0142owej oraz szkole\u0144. Na bazie rozwi\u0105za\u0144 firmy Siemens wykonali\u015bmy wiele realizacji przemys\u0142owych, kt\u00f3re prezentuj\u0105 bardzo wysoki poziom technologiczny w zakresie aplikacyjnym oraz przygotowanie pod wzgl\u0119dem technicznym bezpiecze\u0144stwa. Na bazie rozwi\u0105za\u0144 automatyki przemys\u0142owej Siemens realizowali\u015bmy np. systemy sterowania pras Hydrap\/Kaiser oraz lakierni\u0119 proszkow\u0105.<\/p>\n<p>[\/et_pb_testimonial][\/et_pb_column][et_pb_column type=&#8221;1_4&#8243; _builder_version=&#8221;4.16&#8243; global_colors_info=&#8221;{}&#8221;][et_pb_testimonial portrait_url=&#8221;https:\/\/simlogic.pl\/wp-content\/uploads\/2020\/12\/CODESYSIKONA.png&#8221; portrait_width=&#8221;200px&#8221; portrait_height=&#8221;80px&#8221; _builder_version=&#8221;4.27.5&#8243; body_text_color=&#8221;#000000&#8243; body_font_size=&#8221;17px&#8221; author_font=&#8221;|800|||||||&#8221; author_text_align=&#8221;center&#8221; author_text_color=&#8221;#E02B20&#8243; author_font_size=&#8221;30px&#8221; author_letter_spacing=&#8221;5px&#8221; min_height=&#8221;900px&#8221; border_radii_portrait=&#8221;off|10px|10px|10px|10px&#8221; global_colors_info=&#8221;{}&#8221;]<\/p>\n<p>Firma SIMLOGIC. wsp\u00f3\u0142pracuje z firm\u0105 CODESYS od 2012 roku. Na podstawie umowy o wsp\u00f3\u0142pracy partnerskiej kolejny raz otrzymali\u015bmy status Autoryzowanego Partnera firmy CODESYS. Umowa dotyczy ca\u0142ego spektrum rozwi\u0105za\u0144 i produkt\u00f3w z zakresu platformy CODESYS: CODESYS application suport, CODESYS system Integration, Technical consulting around CODESYS, CODESYS training courses, Resale of single licenses for CODESYS users. Na bazie rozwi\u0105za\u0144 CODESYS realizowali\u015bmy systemy sterowania maszyn, serwisy i szkolenia. Platforma bardzo szybko si\u0119 rozwija a ka\u017cdego roku korzysta z niej coraz wi\u0119cej producent\u00f3w rozwi\u0105za\u0144 automatyki na \u015bwiecie.<\/p>\n<p>&nbsp;<\/p>\n<p>[\/et_pb_testimonial][\/et_pb_column][et_pb_column type=&#8221;1_4&#8243; _builder_version=&#8221;4.16&#8243; global_colors_info=&#8221;{}&#8221;][et_pb_testimonial portrait_url=&#8221;https:\/\/simlogic.pl\/wp-content\/uploads\/2020\/08\/bosch-logo.png&#8221; portrait_width=&#8221;200px&#8221; portrait_height=&#8221;80px&#8221; _builder_version=&#8221;4.27.5&#8243; body_text_align=&#8221;justify&#8221; body_text_color=&#8221;#000000&#8243; body_font_size=&#8221;17px&#8221; author_font=&#8221;|800|||||||&#8221; author_text_align=&#8221;center&#8221; author_text_color=&#8221;#0C71C3&#8243; author_font_size=&#8221;30px&#8221; author_letter_spacing=&#8221;5px&#8221; company_text_color=&#8221;#0c71c3&#8243; company_font_size=&#8221;26px&#8221; min_height=&#8221;900px&#8221; custom_margin=&#8221;0px||0px||false|false&#8221; border_radii_portrait=&#8221;on|10px|10px|10px|10px&#8221; global_colors_info=&#8221;{}&#8221;]<\/p>\n<p>Firma SIMLOGIC. wsp\u00f3\u0142pracuje z firm\u0105 BOSH REXROTH. W przesz\u0142o\u015bci, na podstawie umowy o wsp\u00f3\u0142pracy partnerskiej posiadali\u015bmy status Autoryzowanego Partnera firmy Bosch Rexroth Sp. z.o.o. Umowa dotyczy\u0142a ca\u0142ego spektrum produkt\u00f3w z zakresu elektrycznych nap\u0119d\u00f3w i sterowa\u0144. Wiele realizacji wykonanych przez SIMLOGIC. zosta\u0142o wykonanych na bazie rozwi\u0105za\u0144 automatyki firmy Bosch Rexroth, kt\u00f3re prezentuj\u0105 bardzo wysoki poziom technologiczny w zakresie aplikacyjnym oraz pod wzgl\u0119dem technicznym bezpiecze\u0144stwa. Mi\u0119dzy innymi realizowali\u015bmy systemy sterowania i podawania materia\u0142u dla pras np. Kaiser \/ Hydrap.<\/p>\n<p>[\/et_pb_testimonial][\/et_pb_column][et_pb_column type=&#8221;1_4&#8243; _builder_version=&#8221;4.16&#8243; global_colors_info=&#8221;{}&#8221;][et_pb_testimonial portrait_url=&#8221;https:\/\/simlogic.pl\/wp-content\/uploads\/2020\/08\/eaton_logo.jpg&#8221; portrait_width=&#8221;200px&#8221; portrait_height=&#8221;58px&#8221; _builder_version=&#8221;4.27.5&#8243; body_text_color=&#8221;#000000&#8243; body_font_size=&#8221;17px&#8221; author_font=&#8221;|800|||||||&#8221; author_text_align=&#8221;center&#8221; author_text_color=&#8221;#0C71C3&#8243; author_font_size=&#8221;30px&#8221; author_letter_spacing=&#8221;5px&#8221; min_height=&#8221;900px&#8221; custom_margin=&#8221;0px||0px||false|false&#8221; custom_padding=&#8221;||0px|||&#8221; border_radii_portrait=&#8221;on|10px|10px|10px|10px&#8221; global_colors_info=&#8221;{}&#8221;]<\/p>\n<p>Firma SIMLOGIC. wsp\u00f3\u0142pracuje z firm\u0105 Eaton. W przesz\u0142o\u015bci uzyskali\u015bmy umow\u0119 partnersk\u0105 i rekomendacj\u0119 firmy EATON ELECTRIC Sp.zo.o. w zakresie techniki nap\u0119dowej, techniki bezpiecze\u0144stwa, automatyki. Byli\u015bmy polecanym partnerem, jako firma przygotowana do realizacji najtrudniejszych zada\u0144, pod wzgl\u0119dem technologicznym i bezpiecze\u0144stwa. Wiele realizacji przemys\u0142owych, wykonanych przez SIMLOGIC., powsta\u0142o na bazie rozwi\u0105za\u0144 firmy EATON, kt\u00f3re prezentuj\u0105 bardzo wysoki poziom technologiczny w zakresie aplikacyjnym oraz pod wzgl\u0119dem technicznym i system\u00f3w bezpiecze\u0144stwa. Na bazie automatyki Eaton realizowali\u015bmy systemy hamowni silnikowych oraz nap\u0119dy i bezpiecze\u0144stwo pras.<\/p>\n<p>[\/et_pb_testimonial][\/et_pb_column][\/et_pb_row][\/et_pb_section]<\/p>","protected":false},"excerpt":{"rendered":"<p>US\u0141UGI PRZEMYS\u0141OWE AUTORYZACJE I POLECENIA&nbsp; Firma SIMLOGIC. wsp\u00f3\u0142pracuje z firm\u0105 Siemens. W przesz\u0142o\u015bci posiadali\u015bmy umow\u0119 partnersk\u0105 oraz rekomendacje w zakresie sterownik\u00f3w technologicznych, techniki nap\u0119dowej, komunikacji przemys\u0142owej oraz szkole\u0144. Na bazie rozwi\u0105za\u0144 firmy Siemens wykonali\u015bmy wiele realizacji przemys\u0142owych, kt\u00f3re prezentuj\u0105 bardzo wysoki poziom technologiczny w zakresie aplikacyjnym oraz przygotowanie pod wzgl\u0119dem technicznym bezpiecze\u0144stwa. Na bazie rozwi\u0105za\u0144 [&hellip;]<\/p>","protected":false},"author":2,"featured_media":0,"parent":0,"menu_order":0,"comment_status":"closed","ping_status":"closed","template":"","meta":{"_et_pb_use_builder":"on","_et_pb_old_content":"","_et_gb_content_width":"","footnotes":""},"class_list":["post-3840","page","type-page","status-publish","hentry"],"_links":{"self":[{"href":"https:\/\/simlogic.pl\/en\/wp-json\/wp\/v2\/pages\/3840","targetHints":{"allow":["GET"]}}],"collection":[{"href":"https:\/\/simlogic.pl\/en\/wp-json\/wp\/v2\/pages"}],"about":[{"href":"https:\/\/simlogic.pl\/en\/wp-json\/wp\/v2\/types\/page"}],"author":[{"embeddable":true,"href":"https:\/\/simlogic.pl\/en\/wp-json\/wp\/v2\/users\/2"}],"replies":[{"embeddable":true,"href":"https:\/\/simlogic.pl\/en\/wp-json\/wp\/v2\/comments?post=3840"}],"version-history":[{"count":33,"href":"https:\/\/simlogic.pl\/en\/wp-json\/wp\/v2\/pages\/3840\/revisions"}],"predecessor-version":[{"id":6626,"href":"https:\/\/simlogic.pl\/en\/wp-json\/wp\/v2\/pages\/3840\/revisions\/6626"}],"wp:attachment":[{"href":"https:\/\/simlogic.pl\/en\/wp-json\/wp\/v2\/media?parent=3840"}],"curies":[{"name":"wp","href":"https:\/\/api.w.org\/{rel}","templated":true}]}}