{"id":386,"date":"2020-04-14T14:20:37","date_gmt":"2020-04-14T12:20:37","guid":{"rendered":"http:\/\/simlogic.smartscm.pl\/?page_id=386"},"modified":"2025-01-09T15:24:48","modified_gmt":"2025-01-09T14:24:48","slug":"oferta-szkoleniowa","status":"publish","type":"page","link":"https:\/\/simlogic.pl\/en\/oferta\/oferta-szkoleniowa\/","title":{"rendered":"TECHNICAL TRAINING CENTER"},"content":{"rendered":"<p>[et_pb_section fb_built=&#8221;1&#8243; admin_label=&#8221;Our Approach&#8221; _builder_version=&#8221;4.16&#8243; custom_padding=&#8221;68px||68px||false|false&#8221; global_colors_info=&#8221;{}&#8221;][et_pb_row make_equal=&#8221;on&#8221; _builder_version=&#8221;4.16&#8243; global_colors_info=&#8221;{}&#8221; locked=&#8221;off&#8221;][et_pb_column type=&#8221;4_4&#8243; _builder_version=&#8221;4.16&#8243; custom_padding=&#8221;|||&#8221; global_colors_info=&#8221;{}&#8221; custom_padding__hover=&#8221;|||&#8221;][et_pb_text _builder_version=&#8221;4.16&#8243; text_font=&#8221;Lato||||||||&#8221; text_text_color=&#8221;rgba(22,63,109,0.21)&#8221; text_font_size=&#8221;71px&#8221; text_line_height=&#8221;0.2em&#8221; header_font=&#8221;||||||||&#8221; header_2_font=&#8221;Lato|700|||||||&#8221; header_2_font_size=&#8221;48px&#8221; header_2_line_height=&#8221;1.4em&#8221; custom_margin=&#8221;||-3px||false|&#8221; custom_margin_tablet=&#8221;||0px|&#8221; custom_margin_phone=&#8221;&#8221; custom_margin_last_edited=&#8221;on|tablet&#8221; custom_padding=&#8221;0px|||||&#8221; text_font_size_tablet=&#8221;80px&#8221; text_font_size_phone=&#8221;30px&#8221; text_font_size_last_edited=&#8221;on|phone&#8221; text_line_height_tablet=&#8221;&#8221; text_line_height_phone=&#8221;1em&#8221; text_line_height_last_edited=&#8221;on|phone&#8221; header_2_font_size_tablet=&#8221;&#8221; header_2_font_size_phone=&#8221;36px&#8221; header_2_font_size_last_edited=&#8221;on|phone&#8221; global_colors_info=&#8221;{}&#8221;]<\/p>\n<p><span>OFERTA SZKOLENIOWA<\/span><\/p>\n<h2><span>SZKOLENIA TECHNICZNE I DEDYKOWANE<\/span><\/h2>\n<h2><\/h2>\n<p>[\/et_pb_text][\/et_pb_column][\/et_pb_row][et_pb_row _builder_version=&#8221;4.16&#8243; global_colors_info=&#8221;{}&#8221;][et_pb_column type=&#8221;4_4&#8243; _builder_version=&#8221;4.16&#8243; global_colors_info=&#8221;{}&#8221;][et_pb_text _builder_version=&#8221;4.16&#8243; text_font=&#8221;Open Sans||||||||&#8221; text_font_size=&#8221;16px&#8221; text_line_height=&#8221;1.8em&#8221; max_width_last_edited=&#8221;off|desktop&#8221; global_colors_info=&#8221;{}&#8221;]<\/p>\n<h2>Szkolenia specjalistyczne &#8211; szkolenia autorskie i dedykowane<br \/>opracowywane na potrzeby dzia\u0142\u00f3w utrzymania ruchu.<\/h2>\n<p>[\/et_pb_text][et_pb_text _builder_version=&#8221;4.16&#8243; text_font=&#8221;Open Sans||||||||&#8221; text_font_size=&#8221;16px&#8221; text_line_height=&#8221;1.8em&#8221; max_width_last_edited=&#8221;off|desktop&#8221; global_colors_info=&#8221;{}&#8221;]<\/p>\n<p>W\u00a0ofercie firmy SIMLOGIC. znajduje si\u0119 ponad 140 modu\u0142\u00f3w szkoleniowych z zakresu technicznych szkole\u0144 specjalistycznych.<\/p>\n<p>S\u0105 to zar\u00f3wno szkolenia specjalistyczne autorskie, jak r\u00f3wnie\u017c szkolenia dedykowane. Szkolenia terminarzowe oferowane s\u0105 w formie stacjonarnej i odbywaj\u0105 si\u0119 w profesjonalnie przygotowanych pracowniach dydaktyczno-technologicznych znajduj\u0105cych si\u0119 w siedzibie firmy SIMLOGIC. w \u0141odzi. Oferujemy r\u00f3wnie\u017c szkolenia wyjazdowe oraz dedykowane odbywaj\u0105ce si\u0119 u Pa\u0144stwa, np. szkolenia przeznaczone dla s\u0142u\u017cb utrzymania ruchu.<\/p>\n<p>Szkolenia mog\u0105 by\u0107 prowadzone wed\u0142ug autorskich program\u00f3w SIMLOGIC. oraz jako dedykowane ukierunkowane na rozwi\u0105zania zastosowana<br \/>w maszynach, a nie na produkty. W uzgodnieniu z Pa\u0144stwem program mo\u017ce zosta\u0107 dostosowany do rozwi\u0105za\u0144 znajduj\u0105cych si\u0119 w danym urz\u0105dzeniu,<br \/>procesie, czy zak\u0142adzie przemys\u0142owym.<\/p>\n<blockquote>\n<p>W dzia\u0142alno\u015bci szkoleniowej kierujemy si\u0119 wspania\u0142ym mottem, kt\u00f3rym s\u0105 s\u0142owa Konfucjusza:<\/p>\n<p>&nbsp;<\/p>\n<p style=\"padding-left: 40px;\"><strong>&#8222;Powiedz mi, a zapomn\u0119, poka\u017c mi, a zapami\u0119tam, pozw\u00f3l mi zrobi\u0107, a zrozumiem&#8221;<\/strong><\/p>\n<p style=\"padding-left: 40px;\"><strong><\/strong><\/p>\n<p style=\"padding-left: 40px;\"><strong><\/strong><\/p>\n<p style=\"padding-left: 40px;\"><strong><\/strong><\/p>\n<p style=\"padding-left: 40px;\"><strong><\/strong><\/p>\n<\/blockquote>\n<blockquote><\/blockquote>\n<blockquote><\/blockquote>\n<blockquote><\/blockquote>\n<blockquote><\/blockquote>\n<blockquote><\/blockquote>\n<blockquote><\/blockquote>\n<blockquote><\/blockquote>\n<p>&nbsp;<\/p>\n<p>W my\u015bl tych s\u0142\u00f3w, w trakcie realizacji szkole\u0144, zwracamy szczeg\u00f3ln\u0105 uwag\u0119 na \u0142\u0105czenie teorii z praktyk\u0105. Na bie\u017c\u0105co monitorujemy post\u0119py uczestnik\u00f3w<br \/>naszych szkole\u0144 poprzez autorski system STMS i pomagamy w rozwoju zawodowym oraz zdobywaniu wiedzy poprzez opracowywanie dostosowanej do potrzeb, wieloetapowej koncepcji rozwoju zawodowego pracownik\u00f3w.<\/p>\n<p>SIMLOGIC. zapewnia uczestnikom nieustanny rozw\u00f3j i ci\u0105g\u0142\u0105 aktualizacj\u0119 bazy sprz\u0119towej. Staramy si\u0119, aby wszystkie szkolenia w naszej firmie<br \/>odbywa\u0142y si\u0119 na indywidualnych zestawach dydaktycznych.<\/p>\n<p>&nbsp;<\/p>\n<p>[\/et_pb_text][et_pb_blurb title=&#8221;oferowane modu\u0142y szkoleniowe:&#8221; icon_alignment=&#8221;left&#8221; _builder_version=&#8221;4.23.1&#8243; header_font=&#8221;Lato|700||on|||||&#8221; header_font_size=&#8221;19px&#8221; header_letter_spacing=&#8221;1px&#8221; header_line_height=&#8221;1.4em&#8221; body_font=&#8221;Lato||||||||&#8221; body_text_color=&#8221;#ffffff&#8221; body_font_size=&#8221;16px&#8221; body_line_height=&#8221;1.6em&#8221; use_background_color_gradient=&#8221;on&#8221; background_color_gradient_stops=&#8221;rgba(22,63,109,0.62) 0%|rgba(22,63,109,0.66) 100%&#8221; background_color_gradient_overlays_image=&#8221;on&#8221; background_color_gradient_start=&#8221;rgba(22,63,109,0.62)&#8221; background_color_gradient_end=&#8221;rgba(22,63,109,0.66)&#8221; background_image=&#8221;https:\/\/www.simlogic.pl\/wp-content\/uploads\/2020\/06\/AdobeStock_237521842-scaled.jpeg&#8221; text_orientation=&#8221;center&#8221; background_layout=&#8221;dark&#8221; module_alignment=&#8221;left&#8221; custom_margin=&#8221;||||false|false&#8221; custom_padding=&#8221;15px||15px||true|false&#8221; animation=&#8221;off&#8221; border_radii=&#8221;on|15px|15px|15px|15px&#8221; box_shadow_style=&#8221;preset3&#8243; global_colors_info=&#8221;{}&#8221;][\/et_pb_blurb][et_pb_text _builder_version=&#8221;4.16&#8243; text_font=&#8221;Open Sans||||||||&#8221; text_font_size=&#8221;16px&#8221; text_line_height=&#8221;1.8em&#8221; width=&#8221;90%&#8221; max_width_last_edited=&#8221;off|desktop&#8221; module_alignment=&#8221;center&#8221; global_colors_info=&#8221;{}&#8221;]<\/p>\n<p>&nbsp;<\/p>\n<ul>\n<li style=\"list-style-type: none;\">\n<ul>\n<li style=\"list-style-type: none;\">\n<ul>\n<li>Sterowniki programowalne SIMATIC S5, S7-200, S7-300, S7-400, S7-1200, S7-1500<\/li>\n<li>Sterowniki programowalne na bazie CODESYS<\/li>\n<li>Sterowniki firmy EATON<\/li>\n<li>Sterowniki technologiczne SIMOTION oraz SIMATIC Technology<\/li>\n<li>Komputery przemys\u0142owe, panele HMI, stacje operatorskie firmy Siemens<\/li>\n<li>Wizualizacja Galileo firmy EATON<\/li>\n<li>Komunikacja i sieci przemys\u0142owe PROFIBUS, PROFINET, CAN, MODBUS<\/li>\n<li>Technika nap\u0119dowa pr\u0105du przemiennego: MICROMASTER, SIMOVERT MASTERDRIVES VC, SIMOVERT MASTERDRIVES MC, SIMODRIVE 611A, SIMODRIVE 611U, SINAMICS G120, SINAMICS S120, SINAMICS S150<\/li>\n<li>Technika nap\u0119dowa pr\u0105du sta\u0142ego: SIMOREG 6RA, SIMOREG DC MASTER, SINAMICS DCM<\/li>\n<li>Podstawy projektowania, programowania, komunikacji i techniki nap\u0119dowej<\/li>\n<li>Projektowanie i diagnostyka komunikacji PPROFIBUS oraz PROFINET<\/li>\n<li>Techniki programowania system\u00f3w nap\u0119dowych<\/li>\n<li>Szkolenia podstawowe i uzupe\u0142niaj\u0105ce<\/li>\n<li>Wieloetapowe podnoszenie kwalifikacji pracownik\u00f3w<\/li>\n<li>Bezp\u0142atne warsztaty i szkolenia techniczne<\/li>\n<\/ul>\n<\/li>\n<\/ul>\n<\/li>\n<\/ul>\n<p><span style=\"font-weight: 400;\">Nasze szkolenia bardzo cz\u0119sto s\u0105 przygotowywane jako dedykowane pod indywidualnie wymagania i rozwi\u0105zania aplikacyjne naszych klient\u00f3w.<br \/>Szeroki wachlarz szkole\u0144 specjalistycznych przygotowanych przez naszych fachowc\u00f3w pozwala na elastyczny dob\u00f3r szkolenia do poziomu posiadanej lub oczekiwanej wiedzy i wymaga\u0144 stawianych w pracy zawodowej.<\/span><\/p>\n<p><span style=\"font-weight: 400;\"><\/span><\/p>\n<p><span style=\"font-weight: 400;\"><\/span><\/p>\n<p>[\/et_pb_text][et_pb_blurb title=&#8221;Do realizacji naszych szkole\u0144 zapewniamy&#8221; icon_alignment=&#8221;left&#8221; _builder_version=&#8221;4.16&#8243; header_font=&#8221;Lato|700||on|||||&#8221; header_font_size=&#8221;19px&#8221; header_letter_spacing=&#8221;1px&#8221; header_line_height=&#8221;1.4em&#8221; body_font=&#8221;Lato||||||||&#8221; body_text_color=&#8221;#ffffff&#8221; body_font_size=&#8221;16px&#8221; body_line_height=&#8221;1.6em&#8221; use_background_color_gradient=&#8221;on&#8221; background_color_gradient_stops=&#8221;rgba(22,63,109,0.62) 0%|rgba(22,63,109,0.66) 100%&#8221; background_color_gradient_overlays_image=&#8221;on&#8221; background_color_gradient_start=&#8221;rgba(22,63,109,0.62)&#8221; background_color_gradient_end=&#8221;rgba(22,63,109,0.66)&#8221; background_image=&#8221;https:\/\/www.simlogic.pl\/wp-content\/uploads\/2020\/06\/AdobeStock_237521842-scaled.jpeg&#8221; text_orientation=&#8221;center&#8221; background_layout=&#8221;dark&#8221; module_alignment=&#8221;left&#8221; custom_margin=&#8221;||||false|false&#8221; custom_padding=&#8221;15px||15px||true|false&#8221; animation=&#8221;off&#8221; border_radii=&#8221;on|15px|15px|15px|15px&#8221; box_shadow_style=&#8221;preset3&#8243; global_colors_info=&#8221;{}&#8221;][\/et_pb_blurb][et_pb_text _builder_version=&#8221;4.16&#8243; text_font=&#8221;Open Sans||||||||&#8221; text_font_size=&#8221;16px&#8221; text_line_height=&#8221;1.8em&#8221; width=&#8221;90%&#8221; max_width_last_edited=&#8221;off|desktop&#8221; module_alignment=&#8221;center&#8221; global_colors_info=&#8221;{}&#8221;]<\/p>\n<p>&nbsp;<\/p>\n<ul>\n<li style=\"list-style-type: none;\">\n<ul>\n<li style=\"list-style-type: none;\">\n<ul>\n<li>Profesjonalna kadr\u0119 i wyk\u0142adowc\u00f3w z wieloletnim do\u015bwiadczeniem zawodowym z zakresu automatyki przemys\u0142owej oraz solidnym<br \/>przygotowaniem i praktyk\u0105 przemys\u0142ow\u0105 i akademick\u0105.<\/li>\n<li>Obszern\u0105, ci\u0105gle rozwijan\u0105, nowoczesn\u0105 baz\u0119 sprz\u0119tow\u0105 &#8211; na wi\u0119kszo\u015bci prowadzonych szkole\u0144, osoby w nim uczestnicz\u0105ce pracuj\u0105<br \/>na indywidualnym stanowisku.<\/li>\n<li>Profesjonalnie przygotowane, dedykowane materia\u0142y instrukta\u017cowo &#8211; szkoleniowe w j\u0119zyku polskim, opracowane i ci\u0105gle udoskonalane<br \/>wed\u0142ug w\u0142asnej koncepcji.<\/li>\n<li>Roczny terminarz planowanych szkole\u0144 oraz dogodnie ustalane terminy szkole\u0144 dla szkole\u0144 dedykowanych.<\/li>\n<li>Sale szkoleniowe z wyposa\u017ceniem w pomoce dydaktyczne, przy czym mo\u017cliwe s\u0105 szkolenia bezpo\u015brednio u klienta.<\/li>\n<li>W przypadku szkole\u0144 dedykowanych, specjalistycznie opracowany tok kursu, po wcze\u015bniejszym rozpoznaniu bazy sprz\u0119towej.<\/li>\n<li>Profesjonalizm i rzetelno\u015b\u0107 przygotowywanych szkole\u0144.<\/li>\n<li>Mi\u0142\u0105 atmosfer\u0119.<\/li>\n<li>Bezp\u0142atne warsztaty.<\/li>\n<li>Bezp\u0142atny hotline 24\/7 dla uczestnik\u00f3w naszych szkole\u0144.<\/li>\n<li>Bezp\u0142atny audyt i wsp\u00f3ln\u0105 diagnostyk\u0119 komunikacji na terenie zak\u0142adu po szkoleniach komunikacyjnych po realizacji cyklu szkoleniowego z w\/w zakresu.<\/li>\n<li>Bezp\u0142atny audyt i wsp\u00f3ln\u0105 diagnostyk\u0119 techniki nap\u0119dowej na terenie zak\u0142adu jednej, wybranej maszyny po realizacji cyklu szkoleniowego z w\/w zakresu.<\/li>\n<\/ul>\n<\/li>\n<\/ul>\n<\/li>\n<\/ul>\n<p>[\/et_pb_text][et_pb_blurb title=&#8221;CECHY SZKOLENIA, UPRAWNIENIA KADRY, CO NAS WYR\u00d3\u017bNIA&#8221; icon_alignment=&#8221;left&#8221; content_max_width=&#8221;100%&#8221; _builder_version=&#8221;4.16&#8243; header_font=&#8221;Lato|700||on|||||&#8221; header_font_size=&#8221;19px&#8221; header_letter_spacing=&#8221;1px&#8221; header_line_height=&#8221;1.4em&#8221; body_font=&#8221;Lato||||||||&#8221; body_text_color=&#8221;#ffffff&#8221; body_font_size=&#8221;16px&#8221; body_line_height=&#8221;1.6em&#8221; use_background_color_gradient=&#8221;on&#8221; background_color_gradient_stops=&#8221;rgba(22,63,109,0.62) 0%|rgba(22,63,109,0.66) 100%&#8221; background_color_gradient_overlays_image=&#8221;on&#8221; background_color_gradient_start=&#8221;rgba(22,63,109,0.62)&#8221; background_color_gradient_end=&#8221;rgba(22,63,109,0.66)&#8221; background_image=&#8221;https:\/\/www.simlogic.pl\/wp-content\/uploads\/2020\/06\/AdobeStock_237521842-scaled.jpeg&#8221; text_orientation=&#8221;center&#8221; background_layout=&#8221;dark&#8221; module_alignment=&#8221;left&#8221; custom_margin=&#8221;||||false|false&#8221; custom_padding=&#8221;15px||15px||true|false&#8221; animation=&#8221;off&#8221; border_radii=&#8221;on|15px|15px|15px|15px&#8221; box_shadow_style=&#8221;preset3&#8243; global_colors_info=&#8221;{}&#8221;][\/et_pb_blurb][et_pb_text _builder_version=&#8221;4.16&#8243; text_font=&#8221;Open Sans||||||||&#8221; text_font_size=&#8221;16px&#8221; text_line_height=&#8221;1.8em&#8221; width=&#8221;90%&#8221; max_width_last_edited=&#8221;off|desktop&#8221; module_alignment=&#8221;center&#8221; global_colors_info=&#8221;{}&#8221;]<\/p>\n<p>&nbsp;<\/p>\n<p>Kadra prowadz\u0105ca szkolenia, to etatowi pracownicy firmy SIMLOGIC. ze stopniem naukowym dr lub mgr, posiadaj\u0105cy uko\u0144czony kurs pedagogiczny<br \/>uprawniaj\u0105cy do prowadzenia szkole\u0144, do\u015bwiadczenie szkoleniowe w przemy\u015ble i akademickie oraz dorobek przemys\u0142owy w postaci projekt\u00f3w aplikacji, uruchamiania i wdro\u017ce\u0144, potrafi\u0105cy pom\u00f3c w sytuacjach problemowych (postoje maszyn, awarie, serwis, problemy z prac\u0105 maszyn).<\/p>\n<p>Kadra zewn\u0119trzna SIMLOGIC. to pracownicy wy\u017cszych uczelni technicznych ze stopniem naukowym prof., dr lub mgr, posiadaj\u0105cy uko\u0144czony kurs pedagogiczny uprawniaj\u0105cy do prowadzenia szkole\u0144, do\u015bwiadczenie szkoleniowe w przemy\u015ble i akademickie oraz wsp\u00f3\u0142pracuj\u0105cy z SIMLOGIC. od wielu lat w zakresie szkole\u0144 i wdro\u017ce\u0144 przemys\u0142owych.<\/p>\n<p>Kadra SIMLOGIC. posiada uprawnienia elektryczne w zakresie dozoru i eksploatacji urz\u0105dze\u0144, instalacji i sieci elektroenergetycznych o napi\u0119ciu powy\u017cej 1kV oraz w zakresie aparatury kontrolno-pomiarowej (2, 3, 10).<\/p>\n<p>Kadra posiada przeszkolenie zagraniczne oraz krajowe Siemens w zakresie techniki nap\u0119dowej, system\u00f3w sterowania, komunikacji i Motion Control: SINAMICS S, SIMOTION, SIMATIC, SIMATIC Technology, Sinumerik, SIMOVERT oraz optymalizacji pracy maszyn produkcyjnych.<\/p>\n<p>Dla Pa\u0144stwa, naszych klient\u00f3w, uczestnik\u00f3w szkole\u0144, zapewniamy ca\u0142odobowy numer serwisowy hotline 696626627, do wsparcia technicznego, gdzie mog\u0105 uzyska\u0107 pa\u0144stwo szybkie i fachowe informacje, bardzo pomocne w rozwi\u0105zywaniu problem\u00f3w i lokalizacji usterek w pracy maszyn, pomoc w usuwaniu<br \/>awarii, a tak\u017ce wsparcie techniczne po szkoleniach.<\/p>\n<p>Trenerzy SIMLOGIC. posiadaj\u0105 nie tylko praktyk\u0119 i do\u015bwiadczenia dydaktyczne, czy akademickie, ale tak\u017ce projektowe, aplikacyjne, wdro\u017ceniowe<br \/>i serwisowe &#8211; SIMLOGIC. prowadzi dzia\u0142 projekt\u00f3w i regularny serwis maszyn oraz naprawy sprz\u0119tu.<\/p>\n<p>Bardzo cz\u0119sto dzia\u0142amy na terenie zak\u0142ad\u00f3w naszych klient\u00f3w z uczestnikami naszych szkole\u0144. Dzi\u0119ki temu lepiej rozumiemy ich problemy i potrzeby<br \/>oraz specyfik\u0119 utrzymania ruchu maszyn wraz z presj\u0105 czasu w przypadku wyst\u0105pienia awarii.<\/p>\n<p>[\/et_pb_text][\/et_pb_column][\/et_pb_row][\/et_pb_section]<\/p>\n","protected":false},"excerpt":{"rendered":"<p>OFERTA SZKOLENIOWA SZKOLENIA TECHNICZNE I DEDYKOWANE Szkolenia specjalistyczne &#8211; szkolenia autorskie i dedykowaneopracowywane na potrzeby dzia\u0142\u00f3w utrzymania ruchu.W\u00a0ofercie firmy SIMLOGIC. znajduje si\u0119 ponad 140 modu\u0142\u00f3w szkoleniowych z zakresu technicznych szkole\u0144 specjalistycznych. S\u0105 to zar\u00f3wno szkolenia specjalistyczne autorskie, jak r\u00f3wnie\u017c szkolenia dedykowane. Szkolenia terminarzowe oferowane s\u0105 w formie stacjonarnej i odbywaj\u0105 si\u0119 w profesjonalnie przygotowanych pracowniach [&hellip;]<\/p>\n","protected":false},"author":1,"featured_media":0,"parent":12,"menu_order":0,"comment_status":"closed","ping_status":"closed","template":"","meta":{"_et_pb_use_builder":"on","_et_pb_old_content":"","_et_gb_content_width":"","footnotes":""},"class_list":["post-386","page","type-page","status-publish","hentry"],"_links":{"self":[{"href":"https:\/\/simlogic.pl\/en\/wp-json\/wp\/v2\/pages\/386","targetHints":{"allow":["GET"]}}],"collection":[{"href":"https:\/\/simlogic.pl\/en\/wp-json\/wp\/v2\/pages"}],"about":[{"href":"https:\/\/simlogic.pl\/en\/wp-json\/wp\/v2\/types\/page"}],"author":[{"embeddable":true,"href":"https:\/\/simlogic.pl\/en\/wp-json\/wp\/v2\/users\/1"}],"replies":[{"embeddable":true,"href":"https:\/\/simlogic.pl\/en\/wp-json\/wp\/v2\/comments?post=386"}],"version-history":[{"count":35,"href":"https:\/\/simlogic.pl\/en\/wp-json\/wp\/v2\/pages\/386\/revisions"}],"predecessor-version":[{"id":5824,"href":"https:\/\/simlogic.pl\/en\/wp-json\/wp\/v2\/pages\/386\/revisions\/5824"}],"up":[{"embeddable":true,"href":"https:\/\/simlogic.pl\/en\/wp-json\/wp\/v2\/pages\/12"}],"wp:attachment":[{"href":"https:\/\/simlogic.pl\/en\/wp-json\/wp\/v2\/media?parent=386"}],"curies":[{"name":"wp","href":"https:\/\/api.w.org\/{rel}","templated":true}]}}