{"id":388,"date":"2020-04-14T14:21:02","date_gmt":"2020-04-14T12:21:02","guid":{"rendered":"http:\/\/simlogic.smartscm.pl\/?page_id=388"},"modified":"2026-01-23T14:28:04","modified_gmt":"2026-01-23T13:28:04","slug":"projekty-i-aplikacje","status":"publish","type":"page","link":"https:\/\/simlogic.pl\/en\/oferta\/projekty-i-aplikacje\/","title":{"rendered":"AUTOMATYKA I STEROWANIE MASZYN &#8211; APLIKACJE"},"content":{"rendered":"<p>[et_pb_section fb_built=&#8221;1&#8243; admin_label=&#8221;Our Approach&#8221; _builder_version=&#8221;4.16&#8243; custom_padding=&#8221;68px||68px||true|&#8221; global_colors_info=&#8221;{}&#8221;][et_pb_row make_equal=&#8221;on&#8221; _builder_version=&#8221;4.16&#8243; global_colors_info=&#8221;{}&#8221;][et_pb_column type=&#8221;4_4&#8243; _builder_version=&#8221;4.16&#8243; custom_padding=&#8221;|||&#8221; global_colors_info=&#8221;{}&#8221; custom_padding__hover=&#8221;|||&#8221;][et_pb_text _builder_version=&#8221;4.16&#8243; text_font=&#8221;Lato||||||||&#8221; text_text_color=&#8221;rgba(22,63,109,0.21)&#8221; text_font_size=&#8221;71px&#8221; text_line_height=&#8221;0.2em&#8221; header_font=&#8221;||||||||&#8221; header_2_font=&#8221;Lato|700|||||||&#8221; header_2_font_size=&#8221;48px&#8221; header_2_line_height=&#8221;1.4em&#8221; custom_margin=&#8221;||-3px||false|&#8221; custom_margin_tablet=&#8221;||0px|&#8221; custom_margin_phone=&#8221;&#8221; custom_margin_last_edited=&#8221;on|tablet&#8221; custom_padding=&#8221;0px|||||&#8221; text_font_size_tablet=&#8221;80px&#8221; text_font_size_phone=&#8221;30px&#8221; text_font_size_last_edited=&#8221;on|phone&#8221; text_line_height_tablet=&#8221;&#8221; text_line_height_phone=&#8221;1em&#8221; text_line_height_last_edited=&#8221;on|phone&#8221; header_2_font_size_tablet=&#8221;&#8221; header_2_font_size_phone=&#8221;36px&#8221; header_2_font_size_last_edited=&#8221;on|phone&#8221; global_colors_info=&#8221;{}&#8221;]<\/p>\n<p>AUTOMATYKA PRZEMYS\u0141OWA\u00a0<\/p>\n<h2>APLIKACJE I STEROWANIE MASZYN<\/h2>\n<h2><\/h2>\n<p>[\/et_pb_text][\/et_pb_column][\/et_pb_row][et_pb_row column_structure=&#8221;3_5,2_5&#8243; make_equal=&#8221;on&#8221; _builder_version=&#8221;4.23.1&#8243; global_colors_info=&#8221;{}&#8221;][et_pb_column type=&#8221;3_5&#8243; _builder_version=&#8221;4.16&#8243; custom_padding=&#8221;|||&#8221; global_colors_info=&#8221;{}&#8221; custom_padding__hover=&#8221;|||&#8221;][et_pb_text _builder_version=&#8221;4.27.5&#8243; text_font=&#8221;Open Sans||||||||&#8221; text_font_size=&#8221;16px&#8221; text_line_height=&#8221;1.8em&#8221; max_width_last_edited=&#8221;off|desktop&#8221; hover_enabled=&#8221;0&#8243; global_colors_info=&#8221;{}&#8221; sticky_enabled=&#8221;0&#8243;]<\/p>\n<p><span style=\"font-size: 16px; color: #000000;\">SIMLOGIC. carries out work in the field of control systems for new machines and production facilities, as well as in its industrial activities dealing with the modernisation of control systems and adaptation to safety requirements.<\/span><\/p>\n<ul>\n<li style=\"list-style-type: none;\">\n<ul>\n<li style=\"list-style-type: none;\">\n<ul>\n<li><span style=\"font-weight: 400; color: #000000;\">We run machines, programme and diagnose.<\/span><\/li>\n<li><span style=\"font-weight: 400; color: #000000;\">We replace drives and reprogram control systems.<\/span><\/li>\n<li><span style=\"font-weight: 400; color: #000000;\">We deal with communication diagnostics and the elimination of communication errors.<\/span><\/li>\n<li><span style=\"font-weight: 400; color: #000000;\">We develop concepts and designs for new systems.<\/span><\/li>\n<li><span style=\"font-weight: 400; color: #000000;\">We correct the mistakes of machine manufacturers and distributors.<\/span><\/li>\n<li><span style=\"font-weight: 400; color: #000000;\">We audit machines for compliance with safety requirements.<\/span><\/li>\n<li><span style=\"font-weight: 400; color: #000000;\">We adapt machines comprehensively to meet safety requirements.\u00a0 <\/span><\/li>\n<li><span style=\"font-weight: 400; color: #000000;\">We organise storage facilities and provide emergency assistance.<\/span><\/li>\n<li><span style=\"font-weight: 400; color: #000000;\">We provide support during negotiations with machine manufacturers.<\/span><\/li>\n<li><span style=\"font-weight: 400; color: #000000;\">We help to define the conditions for the acceptance of machines and verify the materials received.<\/span><\/li>\n<li><span style=\"font-weight: 400; color: #000000;\">We typify the hardware required to service the machines and provide up-to-date software.<\/span><\/li>\n<li><span style=\"font-weight: 400; color: #000000;\">We update, recreate or create new documentation.<\/span><\/li>\n<li><span style=\"font-weight: 400; color: #000000;\">We implement and deliver ongoing maintenance programmes. <\/span><\/li>\n<li><span style=\"font-weight: 400; color: #000000;\">We implement and deliver ongoing training and phased upskilling programmes.<\/span><\/li>\n<li><span style=\"font-weight: 400; color: #000000;\">We supply automation components from equal manufacturers and thus provide a guarantee that the machines purchased will be built with the latest technology, not stock and will be easily and properly serviced.<\/span><\/li>\n<\/ul>\n<\/li>\n<\/ul>\n<\/li>\n<\/ul>\n<p><span style=\"color: #000000;\">Interested companies please send your enquiry to <span style=\"font-size: 16px;\">zapytania@simlogic.pl<\/span><\/span><\/p>\n<p>[\/et_pb_text][\/et_pb_column][et_pb_column type=&#8221;2_5&#8243; _builder_version=&#8221;4.16&#8243; use_background_color_gradient=&#8221;on&#8221; background_color_gradient_stops=&#8221;rgba(22,63,109,0.9) 0%|rgba(22,63,109,0.46) 100%&#8221; background_color_gradient_overlays_image=&#8221;on&#8221; background_color_gradient_start=&#8221;rgba(22,63,109,0.9)&#8221; background_color_gradient_end=&#8221;rgba(22,63,109,0.46)&#8221; background_image=&#8221;https:\/\/www.simlogic.pl\/wp-content\/uploads\/2020\/06\/AdobeStock_317550082-scaled.jpeg&#8221; custom_padding=&#8221;6%||6%||true|false&#8221; border_radii=&#8221;on|50px|50px|50px|50px&#8221; global_colors_info=&#8221;{}&#8221; custom_padding__hover=&#8221;|||&#8221;][et_pb_text _builder_version=&#8221;4.16&#8243; text_font=&#8221;Lato||||||||&#8221; text_text_color=&#8221;rgba(255,255,255,0.94)&#8221; text_font_size=&#8221;29px&#8221; header_font=&#8221;||||||||&#8221; header_line_height=&#8221;1.1em&#8221; header_2_font=&#8221;Lato|700|||||||&#8221; header_2_text_color=&#8221;#ffffff&#8221; header_2_font_size=&#8221;46px&#8221; header_2_line_height=&#8221;1.2em&#8221; header_3_text_color=&#8221;#ffffff&#8221; header_3_font_size=&#8221;40px&#8221; custom_margin=&#8221;||||false|false&#8221; custom_margin_tablet=&#8221;||0px|&#8221; custom_margin_phone=&#8221;&#8221; custom_margin_last_edited=&#8221;on|tablet&#8221; custom_padding=&#8221;|40px||40px|false|true&#8221; text_font_size_tablet=&#8221;80px&#8221; text_font_size_phone=&#8221;20px&#8221; text_font_size_last_edited=&#8221;on|phone&#8221; header_2_font_size_tablet=&#8221;&#8221; header_2_font_size_phone=&#8221;36px&#8221; header_2_font_size_last_edited=&#8221;on|phone&#8221; global_colors_info=&#8221;{}&#8221;]<\/p>\n<p style=\"text-align: center;\">Interested in our offer?<\/p>\n<p style=\"text-align: center;\">Prosimy o przes\u0142anie zapytania na adres:<br \/><span style=\"color: #ffffff;\"><a href=\"mailto:projekty@simlogic.pl\" style=\"color: #ffffff;\"><\/a><\/span><\/p>\n<p style=\"text-align: center;\"><span style=\"color: #ffffff;\"><a href=\"mailto:projekty@simlogic.pl\" style=\"color: #ffffff;\">zapytania@simlogic.pl<\/a><\/span><\/p>\n<p>[\/et_pb_text][\/et_pb_column][\/et_pb_row][et_pb_row _builder_version=&#8221;4.16&#8243; global_colors_info=&#8221;{}&#8221;][et_pb_column type=&#8221;4_4&#8243; _builder_version=&#8221;4.16&#8243; global_colors_info=&#8221;{}&#8221;][et_pb_text _builder_version=&#8221;4.27.5&#8243; _module_preset=&#8221;default&#8221; hover_enabled=&#8221;0&#8243; global_colors_info=&#8221;{}&#8221; sticky_enabled=&#8221;0&#8243;]<\/p>\n<p><span style=\"color: #000000;\">SIMLOGIC. has practical experience of:<\/span><\/p>\n<p><span style=\"color: #000000;\">\u00a0<\/span><\/p>\n<ul>\n<li style=\"list-style-type: none;\">\n<ul>\n<li style=\"list-style-type: none;\">\n<ul>\n<li><span style=\"color: #000000;\">Implementation of industrial application projects, modernisation or replacement of equipment: design, selection, installation, assembly, replacement, commissioning, programming, servicing and training.<\/span><\/li>\n<li><span style=\"color: #000000;\">Programming of general and special purpose machinery;<\/span><\/li>\n<li><span style=\"color: #000000;\">Technology migration: legacy control systems, drive technology, visualisation, communication, safety.<\/span><\/li>\n<li><span style=\"color: #000000;\">Start-up of drive systems: converters, inverters;<\/span><\/li>\n<li><span style=\"color: #000000;\">Development of visualisation of machine and process operation - SCADA;  DCS.<\/span><\/li>\n<li><span style=\"color: #000000;\">Creation of control algorithms and control structures - PID, Fuzzy, Neuro.<\/span><\/li>\n<li><span style=\"color: #000000;\">Optimisation of controller settings in machine control systems with a view to minimising wear and tear on the mechanical system and adjusting the settings of control structures.<\/span><\/li>\n<li><span style=\"color: #000000;\">Comprehensive machine diagnostics using dedicated systems<\/span><\/li>\n<li><span style=\"color: #000000;\">Industrial communication design.<\/span><\/li>\n<li><span style=\"color: #000000;\">Remote access to machines.<\/span><\/li>\n<\/ul>\n<\/li>\n<\/ul>\n<\/li>\n<\/ul>\n<p>[\/et_pb_text][\/et_pb_column][\/et_pb_row][\/et_pb_section]<\/p>","protected":false},"excerpt":{"rendered":"<p>AUTOMATYKA PRZEMYS\u0141OWA\u00a0 APLIKACJE I STEROWANIE MASZYN Firma SIMLOGIC. realizuje prace w zakresie system\u00f3w sterowania do nowych maszyn i obiekt\u00f3w produkcyjnych, jak r\u00f3wnie\u017c w swoich dzia\u0142aniach przemys\u0142owych zajmuje si\u0119 modernizacj\u0105 system\u00f3w sterowania i dostosowaniem do wymaga\u0144 bezpiecze\u0144stwa. Uruchamiamy maszyny, programujemy i diagnozujemy. Wymieniamy nap\u0119dy i przeprogramowujemy systemy sterowania. Zajmujemy si\u0119 diagnostyk\u0105 komunikacji i eliminacj\u0105 b\u0142\u0119d\u00f3w komunikacyjnych. [&hellip;]<\/p>","protected":false},"author":1,"featured_media":0,"parent":12,"menu_order":0,"comment_status":"closed","ping_status":"closed","template":"","meta":{"_et_pb_use_builder":"on","_et_pb_old_content":"","_et_gb_content_width":"","footnotes":""},"class_list":["post-388","page","type-page","status-publish","hentry"],"_links":{"self":[{"href":"https:\/\/simlogic.pl\/en\/wp-json\/wp\/v2\/pages\/388","targetHints":{"allow":["GET"]}}],"collection":[{"href":"https:\/\/simlogic.pl\/en\/wp-json\/wp\/v2\/pages"}],"about":[{"href":"https:\/\/simlogic.pl\/en\/wp-json\/wp\/v2\/types\/page"}],"author":[{"embeddable":true,"href":"https:\/\/simlogic.pl\/en\/wp-json\/wp\/v2\/users\/1"}],"replies":[{"embeddable":true,"href":"https:\/\/simlogic.pl\/en\/wp-json\/wp\/v2\/comments?post=388"}],"version-history":[{"count":19,"href":"https:\/\/simlogic.pl\/en\/wp-json\/wp\/v2\/pages\/388\/revisions"}],"predecessor-version":[{"id":6805,"href":"https:\/\/simlogic.pl\/en\/wp-json\/wp\/v2\/pages\/388\/revisions\/6805"}],"up":[{"embeddable":true,"href":"https:\/\/simlogic.pl\/en\/wp-json\/wp\/v2\/pages\/12"}],"wp:attachment":[{"href":"https:\/\/simlogic.pl\/en\/wp-json\/wp\/v2\/media?parent=388"}],"curies":[{"name":"wp","href":"https:\/\/api.w.org\/{rel}","templated":true}]}}