{"id":5681,"date":"2024-08-28T13:11:38","date_gmt":"2024-08-28T11:11:38","guid":{"rendered":"https:\/\/simlogic.pl\/?page_id=5681"},"modified":"2024-08-28T13:11:38","modified_gmt":"2024-08-28T11:11:38","slug":"szkolenia-automatyka-budynkowa","status":"publish","type":"page","link":"https:\/\/simlogic.pl\/en\/szkolenia-automatyka-budynkowa\/","title":{"rendered":"SZKOLENIA &#8211; AUTOMATYKA BUDYNKOWA"},"content":{"rendered":"<p>[et_pb_section fb_built=&#8221;1&#8243; module_id=&#8221;ecommerce-custom-header&#8221; _builder_version=&#8221;4.16&#8243; min_height=&#8221;265.2px&#8221; custom_padding=&#8221;||0px|||&#8221; locked=&#8221;off&#8221; global_colors_info=&#8221;{}&#8221;][et_pb_row _builder_version=&#8221;4.23.1&#8243; global_colors_info=&#8221;{}&#8221;][et_pb_column type=&#8221;4_4&#8243; admin_label=&#8221;Kolumna&#8221; _builder_version=&#8221;4.16&#8243; global_colors_info=&#8221;{}&#8221;][et_pb_text _builder_version=&#8221;4.23.1&#8243; text_font=&#8221;Lato||||||||&#8221; text_text_color=&#8221;rgba(22,63,109,0.21)&#8221; text_font_size=&#8221;90px&#8221; text_line_height=&#8221;0.2em&#8221; header_font=&#8221;||||||||&#8221; header_2_font=&#8221;Lato|700|||||||&#8221; header_2_font_size=&#8221;48px&#8221; header_2_line_height=&#8221;1.4em&#8221; custom_margin=&#8221;||30px||false&#8221; custom_margin_tablet=&#8221;||0px|&#8221; custom_margin_phone=&#8221;&#8221; custom_margin_last_edited=&#8221;on|tablet&#8221; custom_padding=&#8221;0px|||||&#8221; text_font_size_tablet=&#8221;80px&#8221; text_font_size_phone=&#8221;60px&#8221; text_font_size_last_edited=&#8221;on|desktop&#8221; header_2_font_size_tablet=&#8221;&#8221; header_2_font_size_phone=&#8221;36px&#8221; header_2_font_size_last_edited=&#8221;on|phone&#8221; locked=&#8221;off&#8221; global_colors_info=&#8221;{}&#8221;]<\/p>\n<p>TRAINING<\/p>\n<h2>AUTOMATYKA BUDYNKOWA<\/h2>\n<p>[\/et_pb_text][\/et_pb_column][\/et_pb_row][\/et_pb_section][et_pb_section fb_built=&#8221;1&#8243; _builder_version=&#8221;4.16&#8243; custom_padding=&#8221;0px|||||&#8221; locked=&#8221;off&#8221; global_colors_info=&#8221;{}&#8221;][et_pb_row column_structure=&#8221;1_4,3_4&#8243; _builder_version=&#8221;4.16&#8243; max_width=&#8221;1201px&#8221; custom_padding=&#8221;0px||0px|||&#8221; global_colors_info=&#8221;{}&#8221;][et_pb_column type=&#8221;1_4&#8243; _builder_version=&#8221;4.16&#8243; global_colors_info=&#8221;{}&#8221;][et_pb_sidebar area=&#8221;et_pb_widget_area_2&#8243; _builder_version=&#8221;4.23.1&#8243; header_font=&#8221;Lato|700||on|||||&#8221; header_text_align=&#8221;left&#8221; header_font_size=&#8221;14px&#8221; body_font=&#8221;|||||on|||&#8221; body_font_size=&#8221;13px&#8221; hover_enabled=&#8221;0&#8243; global_colors_info=&#8221;{}&#8221; sticky_enabled=&#8221;0&#8243;][\/et_pb_sidebar][\/et_pb_column][et_pb_column type=&#8221;3_4&#8243; _builder_version=&#8221;4.16&#8243; global_colors_info=&#8221;{}&#8221;][et_pb_shop type=&#8221;product_category&#8221; show_pagination=&#8221;on&#8221; include_categories=&#8221;current&#8221; columns_number=&#8221;3&#8243; _builder_version=&#8221;4.19.4&#8243; title_font=&#8221;Lato|||on|||||&#8221; title_text_align=&#8221;left&#8221; title_font_size=&#8221;15px&#8221; sale_price_font=&#8221;|700||||on|||&#8221; global_colors_info=&#8221;{}&#8221;][\/et_pb_shop][\/et_pb_column][\/et_pb_row][\/et_pb_section][et_pb_section fb_built=&#8221;1&#8243; _builder_version=&#8221;4.16&#8243; locked=&#8221;off&#8221; global_colors_info=&#8221;{}&#8221;][et_pb_row _builder_version=&#8221;4.16&#8243; global_colors_info=&#8221;{}&#8221;][et_pb_column type=&#8221;4_4&#8243; _builder_version=&#8221;4.16&#8243; global_colors_info=&#8221;{}&#8221;][et_pb_text _builder_version=&#8221;4.16&#8243; header_5_font=&#8221;Lato|||||on|||&#8221; header_5_text_align=&#8221;center&#8221; header_5_text_color=&#8221;#000000&#8243; header_5_font_size=&#8221;24px&#8221; global_colors_info=&#8221;{}&#8221;]<\/p>\n<h5>Zaufali nam<\/h5>\n<p>[\/et_pb_text][et_pb_code _builder_version=&#8221;4.16&#8243; global_colors_info=&#8221;{}&#8221;]<style id=\"sp_lcp_dynamic_css3305\">div#logo-carousel-free-3305.logo-carousel-free .sp-lc-logo{border: 1px solid #dddddd;border-radius: 0px;overflow: hidden;}div#logo-carousel-free-3305.logo-carousel-free .sp-lc-logo:hover{border-color: #16a08b;}#logo-carousel-free-3305.sp-lc-container .sp-lc-pagination .swiper-pagination-bullet {background-color: #ddd;margin: 0 4px;}#logo-carousel-free-3305.sp-lc-container .sp-lc-pagination .swiper-pagination-bullet.swiper-pagination-bullet-active{background-color: #16a08b; }#logo-carousel-free-3305.sp-lc-container .sp-logo-carousel {padding-top: 46px;}#logo-carousel-free-3305.sp-lc-container .sp-lc-button-prev,#logo-carousel-free-3305.sp-lc-container .sp-lc-button-next {color: #afafaf;background: #f0f0f0;border: 0px solid #afafaf;line-height: 30px;}#logo-carousel-free-3305.sp-lc-container .sp-lc-button-prev:hover,#logo-carousel-free-3305.sp-lc-container .sp-lc-button-next:hover{background-color: #16a08b;color: #ffffff;border-color: #16a08b;}@media only screen and (max-width: 576px) {} .logo-carousel-free-area#logo-carousel-free-3305{position: relative;}#lcp-preloader-3305{position: absolute;left: 0;top: 0;height: 100%;width: 100%;text-align: center;display: flex;align-items: center;justify-content: center;background: #fff;z-index: 9999;} .logo-carousel-free-area#logo-carousel-free-3305 .sp-logo-carousel-section-title{margin-bottom: 30px;}#logo-carousel-free-3305 .sp-lc-grid-container { justify-content: left; align-items: center; } #logo-carousel-free-3305 .swiper-wrapper .swiper-slide { align-self: center; }#logo-carousel-free-3305 .sp-lc-grid-container {margin-left: -6px;margin-right: -6px;width: calc( 100% + 12px);}#logo-carousel-free-3305 .sp-lc-grid-container [class*=\"lc-col\"] {padding-left: 6px;padding-right: 6px;padding-bottom: 12px;}@media screen and (min-width: 1200px ){.logo-carousel-free-area#logo-carousel-free-3305 .sp-logo-carousel:not([class*=\"-initialized\"]) > .swiper-wrapper {display: flex;width: calc( 100% + 12px );}.logo-carousel-free-area#logo-carousel-free-3305 .sp-logo-carousel:not([class*=\"-initialized\"]) > .swiper-wrapper > .swiper-slide {width: 25%;padding-right: 12px;}}<\/style>\n<div id='logo-carousel-free-3305' class=\"logo-carousel-free logo-carousel-free-area sp-lc-container\">\n\t\t\t<div id=\"lcp-preloader-3305\" class=\"sp-logo-carousel-preloader\"><img decoding=\"async\" src=\"https:\/\/simlogic.pl\/wp-content\/plugins\/logo-carousel-free\/admin\/assets\/images\/spinner.svg\" class=\"skip-lazy\" alt=\"Loader Image\"\/><\/div>\n\t\t\t<div id=\"sp-logo-carousel-id-3305\" class=\"swiper-container sp-logo-carousel  lcp-preloader\" dir=\"ltr\" data-carousel='{ \"speed\":450,\"spaceBetween\": 12, \"autoplay\": true, \"infinite\":true, \"autoplay_speed\": 3000, \"stop_onHover\": true, \"pagination\": true, \"navigation\": true, \"MobileNav\": true, \"MobilePagi\": true, \"simulateTouch\": true,\"freeMode\": false,\"swipeToSlide\": false, \"carousel_accessibility\": true,\"adaptiveHeight\": false,\"allowTouchMove\": true, \"slidesPerView\": { \"lg_desktop\": 4, \"desktop\": 5, \"tablet\": 4, \"mobile\": 2, \"mobile_landscape\": 3 } }' data-carousel-starts-onscreen=\"false\">\n\t\t<div class=\"swiper-wrapper\">\n\t\t\t\t<div class=\"swiper-slide\"><div class=\"sp-lc-logo\"><img loading=\"lazy\" decoding=\"async\" src=\"https:\/\/simlogic.pl\/wp-content\/uploads\/2021\/08\/kwbturow_site_logo.png\" title=\"\" alt=\"PGE KWB Tur\u00f3w\" width=\"196\" height=\"120\" class=\"sp-lc-image\"><\/div><\/div>\n\t\t<div class=\"swiper-slide\"><div class=\"sp-lc-logo\"><img loading=\"lazy\" decoding=\"async\" src=\"https:\/\/simlogic.pl\/wp-content\/uploads\/2020\/04\/logo-BAT.jpg\" title=\"\" alt=\"British-American Tobacco Polska S.A.\" width=\"203\" height=\"140\" class=\"sp-lc-image\"><\/div><\/div>\n\t\t<div class=\"swiper-slide\"><div class=\"sp-lc-logo\"><img loading=\"lazy\" decoding=\"async\" src=\"https:\/\/simlogic.pl\/wp-content\/uploads\/2020\/04\/kwbbelchatow_site_logo.png\" title=\"\" alt=\"PGE KWB Be\u0142chat\u00f3w\" width=\"196\" height=\"120\" class=\"sp-lc-image\"><\/div><\/div>\n\t\t<div class=\"swiper-slide\"><div class=\"sp-lc-logo\"><img loading=\"lazy\" decoding=\"async\" src=\"https:\/\/simlogic.pl\/wp-content\/uploads\/2021\/08\/Arcelormittal-logo.svg_.png\" title=\"\" alt=\"ArcelorMittal Warszawa\" width=\"1200\" height=\"618\" class=\"sp-lc-image\"><\/div><\/div>\n\t\t<div class=\"swiper-slide\"><div class=\"sp-lc-logo\"><img loading=\"lazy\" decoding=\"async\" src=\"https:\/\/simlogic.pl\/wp-content\/uploads\/2020\/07\/eurocast-logo-2.gif\" title=\"\" alt=\"Eurocast Sp. zo.o.\" width=\"300\" height=\"85\" class=\"sp-lc-image\"><\/div><\/div>\n\t\t<div class=\"swiper-slide\"><div class=\"sp-lc-logo\"><img loading=\"lazy\" decoding=\"async\" src=\"https:\/\/simlogic.pl\/wp-content\/uploads\/2020\/04\/Volkswagen-logo2019-655.png\" title=\"\" alt=\"Volkswagen Motor Polska\" width=\"655\" height=\"478\" class=\"sp-lc-image\"><\/div><\/div>\n\t\t<div class=\"swiper-slide\"><div class=\"sp-lc-logo\"><img loading=\"lazy\" decoding=\"async\" src=\"https:\/\/simlogic.pl\/wp-content\/uploads\/2020\/04\/storaenso.png\" title=\"\" alt=\"Stora Enso Ostro\u0142\u0119ka\" width=\"302\" height=\"167\" class=\"sp-lc-image\"><\/div><\/div>\n\t\t<div class=\"swiper-slide\"><div class=\"sp-lc-logo\"><img loading=\"lazy\" decoding=\"async\" src=\"https:\/\/simlogic.pl\/wp-content\/uploads\/2020\/04\/General_Motors_logo.655.jpg\" title=\"\" alt=\"General Motors\" width=\"655\" height=\"655\" class=\"sp-lc-image\"><\/div><\/div>\n\t\t<div class=\"swiper-slide\"><div class=\"sp-lc-logo\"><img loading=\"lazy\" decoding=\"async\" src=\"https:\/\/simlogic.pl\/wp-content\/uploads\/2021\/08\/Bauer_logo.png\" title=\"\" alt=\"Bauer Print Ciechan\u00f3w, Sp. z o.o., Sp. K.\" width=\"200\" height=\"200\" class=\"sp-lc-image\"><\/div><\/div>\n\t\t<div class=\"swiper-slide\"><div class=\"sp-lc-logo\"><img loading=\"lazy\" decoding=\"async\" src=\"https:\/\/simlogic.pl\/wp-content\/uploads\/2021\/08\/ikea-foto-528037.png\" title=\"\" alt=\"IKEA Lubawa\" width=\"347\" height=\"233\" class=\"sp-lc-image\"><\/div><\/div>\n\t\t<div class=\"swiper-slide\"><div class=\"sp-lc-logo\"><img loading=\"lazy\" decoding=\"async\" src=\"https:\/\/simlogic.pl\/wp-content\/uploads\/2021\/08\/Unilever.png\" title=\"\" alt=\"Unilever Katowice\" width=\"1000\" height=\"1106\" class=\"sp-lc-image\"><\/div><\/div>\n\t\t<div class=\"swiper-slide\"><div class=\"sp-lc-logo\"><img loading=\"lazy\" decoding=\"async\" src=\"https:\/\/simlogic.pl\/wp-content\/uploads\/2021\/08\/SCA-logo.png\" title=\"\" alt=\"SCA O\u0142awa\" width=\"1920\" height=\"826\" class=\"sp-lc-image\"><\/div><\/div>\n\t\t<div class=\"swiper-slide\"><div class=\"sp-lc-logo\"><img loading=\"lazy\" decoding=\"async\" src=\"https:\/\/simlogic.pl\/wp-content\/uploads\/2021\/08\/quad_graphics.png\" title=\"\" alt=\"Quad Graphics Wyszk\u00f3w\" width=\"1429\" height=\"350\" class=\"sp-lc-image\"><\/div><\/div>\n\t\t<div class=\"swiper-slide\"><div class=\"sp-lc-logo\"><img loading=\"lazy\" decoding=\"async\" src=\"https:\/\/simlogic.pl\/wp-content\/uploads\/2021\/08\/PG_logo.png\" title=\"\" alt=\"Procter &amp; Gamble \u0141\u00f3d\u017a\" width=\"2000\" height=\"871\" class=\"sp-lc-image\"><\/div><\/div>\n\t\t<div class=\"swiper-slide\"><div class=\"sp-lc-logo\"><img loading=\"lazy\" decoding=\"async\" src=\"https:\/\/simlogic.pl\/wp-content\/uploads\/2021\/08\/Metpol.jpg\" title=\"\" alt=\"Metpol Sp. zo.o.\" width=\"250\" height=\"250\" class=\"sp-lc-image\"><\/div><\/div>\n\t\t<div class=\"swiper-slide\"><div class=\"sp-lc-logo\"><img loading=\"lazy\" decoding=\"async\" src=\"https:\/\/simlogic.pl\/wp-content\/uploads\/2021\/08\/Kimbal.png\" title=\"\" alt=\"Kimball Electronics\" width=\"1078\" height=\"180\" class=\"sp-lc-image\"><\/div><\/div>\n\t\t<div class=\"swiper-slide\"><div class=\"sp-lc-logo\"><img loading=\"lazy\" decoding=\"async\" src=\"https:\/\/simlogic.pl\/wp-content\/uploads\/2021\/08\/JTI.png\" title=\"\" alt=\"JTI Polska Sp. z o.o.\" width=\"260\" height=\"194\" class=\"sp-lc-image\"><\/div><\/div>\n\t\t<div class=\"swiper-slide\"><div class=\"sp-lc-logo\"><img loading=\"lazy\" decoding=\"async\" src=\"https:\/\/simlogic.pl\/wp-content\/uploads\/2021\/08\/Imperial-Logistics-Logo.png\" title=\"\" alt=\"Imperial Logistics\" width=\"1656\" height=\"710\" class=\"sp-lc-image\"><\/div><\/div>\n\t\t<div class=\"swiper-slide\"><div class=\"sp-lc-logo\"><img loading=\"lazy\" decoding=\"async\" src=\"https:\/\/simlogic.pl\/wp-content\/uploads\/2021\/08\/Technokabel.jpg\" title=\"\" alt=\"Technokabel\" width=\"529\" height=\"95\" class=\"sp-lc-image\"><\/div><\/div>\n\t\t<div class=\"swiper-slide\"><div class=\"sp-lc-logo\"><img loading=\"lazy\" decoding=\"async\" src=\"https:\/\/simlogic.pl\/wp-content\/uploads\/2021\/08\/Sofidel.jpg\" title=\"\" alt=\"Sofidel\" width=\"247\" height=\"247\" class=\"sp-lc-image\"><\/div><\/div>\n\t\t<div class=\"swiper-slide\"><div class=\"sp-lc-logo\"><img loading=\"lazy\" decoding=\"async\" src=\"https:\/\/simlogic.pl\/wp-content\/uploads\/2021\/08\/Interprint.jpg\" title=\"\" alt=\"Interprint\" width=\"1000\" height=\"1000\" class=\"sp-lc-image\"><\/div><\/div>\n\t\t<div class=\"swiper-slide\"><div class=\"sp-lc-logo\"><img loading=\"lazy\" decoding=\"async\" src=\"https:\/\/simlogic.pl\/wp-content\/uploads\/2021\/08\/2560px-Whirlpool_Corporation_Logo_as_of_2017.svg_.png\" title=\"\" alt=\"Whirlpool Corporation\" width=\"1920\" height=\"640\" class=\"sp-lc-image\"><\/div><\/div>\n\t\t\t<\/div>\n\n\t\t\t\t\t<div class=\"sp-lc-pagination swiper-pagination dots\"><\/div>\n\t\t\t\t\t\t<div class=\"sp-lc-button-next\"><i class=\"fa fa-angle-right\"><\/i><\/div>\n\t\t\t<div class=\"sp-lc-button-prev\"><i class=\"fa fa-angle-left\"><\/i><\/div>\n\t\t\t\t<\/div>\n<\/div>\n[\/et_pb_code][\/et_pb_column][\/et_pb_row][et_pb_row _builder_version=&#8221;4.16&#8243; global_colors_info=&#8221;{}&#8221;][et_pb_column type=&#8221;4_4&#8243; _builder_version=&#8221;4.16&#8243; global_colors_info=&#8221;{}&#8221;][et_pb_cta title=&#8221;Masz pytania dotycz\u0105ce szkole\u0144?&#8221; button_url=&#8221;https:\/\/simlogic.pl\/kontakt\/&#8221; button_text=&#8221;skontaktuj si\u0119 z nami&#8221; _builder_version=&#8221;4.16&#8243; use_background_color_gradient=&#8221;on&#8221; background_color_gradient_direction=&#8221;185deg&#8221; background_color_gradient_stops=&#8221;#2957BB 0%|#163f6d 100%&#8221; background_color_gradient_start=&#8221;#2957BB&#8221; background_color_gradient_end=&#8221;#163f6d&#8221; custom_button=&#8221;on&#8221; button_text_size=&#8221;18px&#8221; button_text_color=&#8221;#ffffff&#8221; button_border_color=&#8221;#ffffff&#8221; button_border_radius=&#8221;40px&#8221; button_letter_spacing=&#8221;1px&#8221; button_font=&#8221;Lato|||on|||||&#8221; link_option_url=&#8221;https:\/\/simlogic.pl\/kontakt\/&#8221; border_radii=&#8221;on|20px|20px|20px|20px&#8221; box_shadow_style=&#8221;preset3&#8243; global_colors_info=&#8221;{}&#8221;][\/et_pb_cta][\/et_pb_column][\/et_pb_row][\/et_pb_section]<\/p>","protected":false},"excerpt":{"rendered":"<p>[et_pb_section fb_built=&#8221;1&#8243; module_id=&#8221;ecommerce-custom-header&#8221; _builder_version=&#8221;4.16&#8243; min_height=&#8221;265.2px&#8221; custom_padding=&#8221;||0px|||&#8221; locked=&#8221;off&#8221; global_colors_info=&#8221;{}&#8221;][et_pb_row _builder_version=&#8221;4.23.1&#8243; global_colors_info=&#8221;{}&#8221;][et_pb_column type=&#8221;4_4&#8243; admin_label=&#8221;Kolumna&#8221; _builder_version=&#8221;4.16&#8243; global_colors_info=&#8221;{}&#8221;][et_pb_text _builder_version=&#8221;4.23.1&#8243; text_font=&#8221;Lato||||||||&#8221; text_text_color=&#8221;rgba(22,63,109,0.21)&#8221; text_font_size=&#8221;90px&#8221; text_line_height=&#8221;0.2em&#8221; header_font=&#8221;||||||||&#8221; header_2_font=&#8221;Lato|700|||||||&#8221; header_2_font_size=&#8221;48px&#8221; header_2_line_height=&#8221;1.4em&#8221; custom_margin=&#8221;||30px||false&#8221; custom_margin_tablet=&#8221;||0px|&#8221; custom_margin_phone=&#8221;&#8221; custom_margin_last_edited=&#8221;on|tablet&#8221; custom_padding=&#8221;0px|||||&#8221; text_font_size_tablet=&#8221;80px&#8221; text_font_size_phone=&#8221;60px&#8221; text_font_size_last_edited=&#8221;on|desktop&#8221; header_2_font_size_tablet=&#8221;&#8221; header_2_font_size_phone=&#8221;36px&#8221; header_2_font_size_last_edited=&#8221;on|phone&#8221; locked=&#8221;off&#8221; global_colors_info=&#8221;{}&#8221;] SZKOLENIA AUTOMATYKA BUDYNKOWA [\/et_pb_text][\/et_pb_column][\/et_pb_row][\/et_pb_section][et_pb_section fb_built=&#8221;1&#8243; _builder_version=&#8221;4.16&#8243; custom_padding=&#8221;0px|||||&#8221; locked=&#8221;off&#8221; global_colors_info=&#8221;{}&#8221;][et_pb_row column_structure=&#8221;1_4,3_4&#8243; _builder_version=&#8221;4.16&#8243; max_width=&#8221;1201px&#8221; custom_padding=&#8221;0px||0px|||&#8221; global_colors_info=&#8221;{}&#8221;][et_pb_column type=&#8221;1_4&#8243; _builder_version=&#8221;4.16&#8243; global_colors_info=&#8221;{}&#8221;][et_pb_sidebar area=&#8221;et_pb_widget_area_2&#8243; _builder_version=&#8221;4.23.1&#8243; [&hellip;]<\/p>","protected":false},"author":5,"featured_media":0,"parent":0,"menu_order":0,"comment_status":"closed","ping_status":"closed","template":"","meta":{"_et_pb_use_builder":"on","_et_pb_old_content":"","_et_gb_content_width":"","footnotes":""},"class_list":["post-5681","page","type-page","status-publish","hentry"],"_links":{"self":[{"href":"https:\/\/simlogic.pl\/en\/wp-json\/wp\/v2\/pages\/5681","targetHints":{"allow":["GET"]}}],"collection":[{"href":"https:\/\/simlogic.pl\/en\/wp-json\/wp\/v2\/pages"}],"about":[{"href":"https:\/\/simlogic.pl\/en\/wp-json\/wp\/v2\/types\/page"}],"author":[{"embeddable":true,"href":"https:\/\/simlogic.pl\/en\/wp-json\/wp\/v2\/users\/5"}],"replies":[{"embeddable":true,"href":"https:\/\/simlogic.pl\/en\/wp-json\/wp\/v2\/comments?post=5681"}],"version-history":[{"count":4,"href":"https:\/\/simlogic.pl\/en\/wp-json\/wp\/v2\/pages\/5681\/revisions"}],"predecessor-version":[{"id":5689,"href":"https:\/\/simlogic.pl\/en\/wp-json\/wp\/v2\/pages\/5681\/revisions\/5689"}],"wp:attachment":[{"href":"https:\/\/simlogic.pl\/en\/wp-json\/wp\/v2\/media?parent=5681"}],"curies":[{"name":"wp","href":"https:\/\/api.w.org\/{rel}","templated":true}]}}