{"id":5878,"date":"2025-01-17T15:47:25","date_gmt":"2025-01-17T14:47:25","guid":{"rendered":"https:\/\/simlogic.pl\/?page_id=5878"},"modified":"2025-01-17T15:53:14","modified_gmt":"2025-01-17T14:53:14","slug":"platnosci","status":"publish","type":"page","link":"https:\/\/simlogic.pl\/en\/platnosci\/","title":{"rendered":"P\u0142atno\u015bci"},"content":{"rendered":"<p>P\u0142atno\u015bci<\/p>\n\n\n\n<p>Za zakupy w SIMLOGIC. Iwona Jab\u0142o\u0144ska realizujemy nast\u0119puj\u0105ce sposoby p\u0142atno\u015b\u0107:\u00a0<\/p>\n\n\n\n<ul class=\"wp-block-list\">\n<li>P\u0142atno\u015b\u0107 za pobraniem<\/li>\n\n\n\n<li>P\u0142atno\u015b\u0107\u00a0\u00a0przy odbiorze osobistym, p\u0142atno\u015b\u0107 wy\u0142\u0105cznie got\u00f3wk\u0105<\/li>\n\n\n\n<li>Przedp\u0142ata<\/li>\n\n\n\n<li>Odroczony termin p\u0142atno\u015bci ( dotyczy sta\u0142ych klient\u00f3w) <\/li>\n<\/ul>\n\n\n\n<p>Wszelkie inne sposoby p\u0142atno\u015bci&nbsp; ustalane s\u0105 indywidualnie z Klientem.<\/p>\n\n\n\n<p>Zam\u00f3wienie zostanie przekazane do realizacji w momencie zaksi\u0119gowania wp\u0142aty na koncie Sprzedawcy.&nbsp;<\/p>","protected":false},"excerpt":{"rendered":"<p>P\u0142atno\u015bci Za zakupy w SIMLOGIC. Iwona Jab\u0142o\u0144ska realizujemy nast\u0119puj\u0105ce sposoby p\u0142atno\u015b\u0107:\u00a0 Wszelkie inne sposoby p\u0142atno\u015bci&nbsp; ustalane s\u0105 indywidualnie z Klientem. Zam\u00f3wienie zostanie przekazane do realizacji w momencie zaksi\u0119gowania wp\u0142aty na koncie Sprzedawcy.&nbsp;<\/p>","protected":false},"author":5,"featured_media":0,"parent":0,"menu_order":0,"comment_status":"closed","ping_status":"closed","template":"","meta":{"_et_pb_use_builder":"off","_et_pb_old_content":"","_et_gb_content_width":"","footnotes":""},"class_list":["post-5878","page","type-page","status-publish","hentry"],"_links":{"self":[{"href":"https:\/\/simlogic.pl\/en\/wp-json\/wp\/v2\/pages\/5878","targetHints":{"allow":["GET"]}}],"collection":[{"href":"https:\/\/simlogic.pl\/en\/wp-json\/wp\/v2\/pages"}],"about":[{"href":"https:\/\/simlogic.pl\/en\/wp-json\/wp\/v2\/types\/page"}],"author":[{"embeddable":true,"href":"https:\/\/simlogic.pl\/en\/wp-json\/wp\/v2\/users\/5"}],"replies":[{"embeddable":true,"href":"https:\/\/simlogic.pl\/en\/wp-json\/wp\/v2\/comments?post=5878"}],"version-history":[{"count":2,"href":"https:\/\/simlogic.pl\/en\/wp-json\/wp\/v2\/pages\/5878\/revisions"}],"predecessor-version":[{"id":5881,"href":"https:\/\/simlogic.pl\/en\/wp-json\/wp\/v2\/pages\/5878\/revisions\/5881"}],"wp:attachment":[{"href":"https:\/\/simlogic.pl\/en\/wp-json\/wp\/v2\/media?parent=5878"}],"curies":[{"name":"wp","href":"https:\/\/api.w.org\/{rel}","templated":true}]}}