{"id":6299,"date":"2025-06-26T14:01:49","date_gmt":"2025-06-26T12:01:49","guid":{"rendered":"https:\/\/simlogic.pl\/?page_id=6299"},"modified":"2025-07-18T08:39:10","modified_gmt":"2025-07-18T06:39:10","slug":"warunki-szkolen","status":"publish","type":"page","link":"https:\/\/simlogic.pl\/en\/szkolenia\/warunki-szkolen\/","title":{"rendered":"WARUNKI SZKOLE\u0143"},"content":{"rendered":"[et_pb_section fb_built=&#8221;1&#8243; theme_builder_area=&#8221;post_content&#8221; _builder_version=&#8221;4.27.4&#8243; _module_preset=&#8221;default&#8221;][et_pb_row _builder_version=&#8221;4.27.4&#8243; _module_preset=&#8221;default&#8221; theme_builder_area=&#8221;post_content&#8221;][et_pb_column _builder_version=&#8221;4.27.4&#8243; _module_preset=&#8221;default&#8221; type=&#8221;4_4&#8243; theme_builder_area=&#8221;post_content&#8221;][et_pb_heading title=&#8221;PRZYDATNE INFORMACJE O SZKOLENIACH&#8221; _builder_version=&#8221;4.27.4&#8243; _module_preset=&#8221;default&#8221; theme_builder_area=&#8221;post_content&#8221; hover_enabled=&#8221;0&#8243; sticky_enabled=&#8221;0&#8243;][\/et_pb_heading][\/et_pb_column][\/et_pb_row][et_pb_row _builder_version=&#8221;4.27.4&#8243; _module_preset=&#8221;default&#8221; theme_builder_area=&#8221;post_content&#8221;][et_pb_column _builder_version=&#8221;4.27.4&#8243; _module_preset=&#8221;default&#8221; type=&#8221;4_4&#8243; theme_builder_area=&#8221;post_content&#8221;][et_pb_text _builder_version=&#8221;4.27.4&#8243; _module_preset=&#8221;default&#8221; theme_builder_area=&#8221;post_content&#8221; hover_enabled=&#8221;0&#8243; sticky_enabled=&#8221;0&#8243;]<p><span style=\"color: #000000;\">Szkoleniami zajmujemy si\u0119 od blisko 20-tu lat. Od kilku lat, nasze szkolenia specjalistyczne realizujemy g\u0142\u00f3wnie dla grup pracownik\u00f3w tej samej firmy w grupach do 8 os\u00f3b. Z uwagi na oczekiwan\u0105 skuteczno\u015b\u0107 i jako\u015b\u0107 szkole\u0144 oraz dobro naszych Kontrahent\u00f3w, nie prowadzimy regularnego naboru na szkolenia indywidualne dla uczestnik\u00f3w z r\u00f3\u017cnych zak\u0142ad\u00f3w przemys\u0142owych. Dlatego terminy szkole\u0144 mo\u017cemy kompromisowo dostosowa\u0107 pod potrzeby zak\u0142adu, wymagania projektu i Pa\u0144stwa oczekiwania.<\/span><\/p>\n<p><span style=\"color: #000000;\">Szkolenia realizujemy w formie praktycznej, z wymaganym wprowadzeniem teoretycznym i obja\u015bnieniem zasad dzia\u0142\u0105nia oraz analiz\u0105 przypadku. Szkolenia ukierunkowane s\u0105 na przydatno\u015b\u0107 przekazywanej wiedzy w codziennej pracy s\u0142u\u017cb utrzymania ruchu. Dla programist\u00f3w mamy odr\u0119bn\u0105 ofert\u0119, dlatego nie \u0142\u0105czymy os\u00f3b o r\u00f3\u017cnych profilach zawodowych na tym samym zakresie szkoleniowym.<\/span><\/p>\n<p><span style=\"color: #000000;\">Szkolenia pod wzgl\u0119dem lokalizacji, mo\u017cemy zrealizowa\u0107 w formie:<\/span><\/p>\n<ul>\n<li><span style=\"color: #000000;\">programu standardowego, w siedzibie firmy SIMLOGIC. w \u0141odzi,<\/span><\/li>\n<li><span style=\"color: #000000;\">jako wyjazdowe u Pa\u0144stwa (przywozimy zestawy i oprzyrz\u0105dowanie).<\/span><\/li>\n<\/ul>\n<p><span style=\"color: #000000;\">Szkolenia pod wzgl\u0119dem programu zaj\u0119\u0107, mo\u017cemy zrealizowa\u0107 w formie:<\/span><\/p>\n<ul>\n<li><span style=\"color: #000000;\">szkole\u0144 z programem standardowym \u2013 zawieraj\u0105 niezb\u0119dny zakres, wymagany do osi\u0105gni\u0119cia zak\u0142adanego poziomu (podstawowy, serwisowy, zaawansowany) \u2013 dost\u0119pnym na stronie firmy.<\/span><\/li>\n<li><span style=\"color: #000000;\">szkole\u0144 z programem dedykowanym \u2013 ukierunkowanym na rozwi\u0105zania, kt\u00f3re dzia\u0142\u0105j\u0105 u Pa\u0144stwa w zak\u0142adzie, z om\u00f3wieniem oczekiwanych funkcjonalno\u015bci nap\u0119d\u00f3w SINAMICS S120 w tej aplikacji \u2013 odr\u0119bna oferta, dro\u017csza, gdy\u017c wymaga przygotowania szkolenia, cz\u0119sto wymaga przyjazdu inwentaryzacyjnego, ale jest to forma najbardziej skuteczna.<\/span><\/li>\n<\/ul>\n<p><span style=\"color: #000000;\">Szkolenia pod wzgl\u0119dem wybranych wariant\u00f3w zawieraj\u0105:<\/span><\/p>\n<ul>\n<li><span style=\"color: #000000;\">oferta dla szkole\u0144 stacjonarnych (z programem standardowym lub dedykowanym) obejmuje:<\/span>\n<ul>\n<li>\n<p><span style=\"color: #000000;\">cen\u0119 za szkolenie (od 1 do 5 dni) zale\u017cnie od wybranego lub uzgodnionego zakresu szkolenia i wymaganego materia\u0142u do realizacji (np. budowa, dzia\u0142anie, serwisowanie, programowanie, komunikacja, bezpiecze\u0144stwo).<\/span><\/p>\n<\/li>\n<li>\n<p><span style=\"color: #000000;\">dodatkowy czas potrzebny na przygotowanie szkolenia \u2013 dla szkole\u0144 dedykowanych,<\/span><\/p>\n<\/li>\n<li>\n<p><span style=\"color: #000000;\">bezp\u0142atny przyjazd inwentaryzacyjny do szkolenia dedykowanego<\/span><\/p>\n<\/li>\n<li>\n<p><span style=\"color: #000000;\">grupa uczestnik\u00f3w od 1 do 8 os\u00f3b (optymalne grupy to 3-5 os\u00f3b),<\/span><\/p>\n<\/li>\n<li>\n<p><span style=\"color: #000000;\">indywidualne zestawy szkoleniowe na czas szkolenia,<\/span><\/p>\n<\/li>\n<li>\n<p><span style=\"color: #000000;\">catering, napoje, obiady w firmie,<\/span><\/p>\n<\/li>\n<li>\n<p><span style=\"color: #000000;\">materia\u0142y szkoleniowe,<\/span><\/p>\n<\/li>\n<li>\n<p><span style=\"color: #000000;\">bezp\u0142atne zdalne wsparcie serwisowe jako pomoc przy usuni\u0119ciu 1 awarii (maks. do 4 godzin zdalnych) \u2013 bezpieczny, zdalny kana\u0142 VPN.<\/span><\/p>\n<\/li>\n<li>\n<p><span style=\"color: #000000;\">bezp\u0142atne doradztwo techniczne i konsultacje na czas do 3 miesi\u0119cy po szkoleniu (ka\u017cde kolejne szkolenie przed\u0142u\u017ca wsparcie).<\/span><\/p>\n<\/li>\n<li>\n<p><span style=\"color: #000000;\">Kadra posiada do\u015bwiadczenie dydaktyczne na poziomie akademickim.<\/span><\/p>\n<\/li>\n<\/ul>\n<\/li>\n<\/ul>\n<p><span style=\"color: #000000;\">Koszty delegacyjne i noclegowe pozostaj\u0105 po stronie uczestnik\u00f3w. Pomagamy we wszystkich formalno\u015bciach.<\/span><\/p>\n<ul>\n<li><span style=\"color: #000000;\">oferta dla szkole\u0144 wyjazdowych (z programem standardowym i dedykowanym) obejmuje:<\/span>\n<ul>\n<li>\n<p><span style=\"color: #000000;\">cen\u0119 za szkolenie \u2013 liczba dnia zale\u017cna od uzgodnionego zakresu szkolenia i wymaganego materia\u0142u do realizacji (np. budowa, dzia\u0142anie, serwisowanie, programowanie, komunikacja, bezpiecze\u0144stwo).<\/span><\/p>\n<\/li>\n<li>\n<p><span style=\"color: #000000;\">dodatkowy czas potrzebny na przygotowanie szkolenia \u2013 dla szkole\u0144 dedykowanych,<\/span><\/p>\n<\/li>\n<li>\n<p><span style=\"color: #000000;\">bezp\u0142atny przyjazd inwentaryzacyjny do szkolenia dedykowanego<\/span><\/p>\n<\/li>\n<li>\n<p><span style=\"color: #000000;\">grupa uczestnik\u00f3w do 8 os\u00f3b (optymalne grupy to 3-5 os\u00f3b),<\/span><\/p>\n<\/li>\n<li>\n<p><span style=\"color: #000000;\">indywidualne zestawy szkoleniowe na czas szkolenia,<\/span><\/p>\n<\/li>\n<li>\n<p><span style=\"color: #000000;\">materia\u0142y szkoleniowe,<\/span><\/p>\n<\/li>\n<li>\n<p><span style=\"color: #000000;\">bezp\u0142atne zdalne wsparcie serwisowe na pomoc przy usuni\u0119ciu 1 awarii (maks. do 4 godzin) \u2013 zdalny kana\u0142 VPN.<\/span><\/p>\n<\/li>\n<li>\n<p><span style=\"color: #000000;\">bezp\u0142atne doradztwo techniczne i konsultacje na czas 3 miesi\u0119cy po szkoleniu (ka\u017cde kolejne przed\u0142u\u017ca).<\/span><\/p>\n<\/li>\n<li>\n<p><span style=\"color: #000000;\">pakowanie i rozpakowywanie sprz\u0119tu przed i po szkoleniu,<\/span><\/p>\n<\/li>\n<li>\n<p><span style=\"color: #000000;\">Koszty delegacyjne i noclegowe pracownik\u00f3w,<\/span><\/p>\n<\/li>\n<li>\n<p><span style=\"color: #000000;\">Koszty ubezpieczenia sprz\u0119tu w transporcie,<\/span><\/p>\n<\/li>\n<li>\n<p><span style=\"color: #000000;\">Kadra posiada do\u015bwiadczenie dydaktyczne na poziomie akademickim.<\/span><\/p>\n<\/li>\n<\/ul>\n<\/li>\n<\/ul>\n<p><span style=\"color: #000000;\">Prowadzimy szkolenia zar\u00f3wno w formie stacjonarnej oraz wyjazdowej, u klienta. Wszystkie szkolenia stacjonarne odbywaj\u0105 si\u0119 w siedzibie firmy w \u0141odzi.<\/span><\/p>[\/et_pb_text][\/et_pb_column][\/et_pb_row][\/et_pb_section]","protected":false},"excerpt":{"rendered":"<p>Szkoleniami zajmujemy si\u0119 od blisko 20-tu lat. Od kilku lat, nasze szkolenia specjalistyczne realizujemy g\u0142\u00f3wnie dla grup pracownik\u00f3w tej samej firmy w grupach do 8 os\u00f3b. Z uwagi na oczekiwan\u0105 skuteczno\u015b\u0107 i jako\u015b\u0107 szkole\u0144 oraz dobro naszych Kontrahent\u00f3w, nie prowadzimy regularnego naboru na szkolenia indywidualne dla uczestnik\u00f3w z r\u00f3\u017cnych zak\u0142ad\u00f3w przemys\u0142owych. Dlatego terminy szkole\u0144 mo\u017cemy [&hellip;]<\/p>","protected":false},"author":5,"featured_media":0,"parent":5664,"menu_order":0,"comment_status":"closed","ping_status":"closed","template":"","meta":{"_et_pb_use_builder":"on","_et_pb_old_content":"","_et_gb_content_width":"","footnotes":""},"class_list":["post-6299","page","type-page","status-publish","hentry"],"_links":{"self":[{"href":"https:\/\/simlogic.pl\/en\/wp-json\/wp\/v2\/pages\/6299","targetHints":{"allow":["GET"]}}],"collection":[{"href":"https:\/\/simlogic.pl\/en\/wp-json\/wp\/v2\/pages"}],"about":[{"href":"https:\/\/simlogic.pl\/en\/wp-json\/wp\/v2\/types\/page"}],"author":[{"embeddable":true,"href":"https:\/\/simlogic.pl\/en\/wp-json\/wp\/v2\/users\/5"}],"replies":[{"embeddable":true,"href":"https:\/\/simlogic.pl\/en\/wp-json\/wp\/v2\/comments?post=6299"}],"version-history":[{"count":5,"href":"https:\/\/simlogic.pl\/en\/wp-json\/wp\/v2\/pages\/6299\/revisions"}],"predecessor-version":[{"id":6308,"href":"https:\/\/simlogic.pl\/en\/wp-json\/wp\/v2\/pages\/6299\/revisions\/6308"}],"up":[{"embeddable":true,"href":"https:\/\/simlogic.pl\/en\/wp-json\/wp\/v2\/pages\/5664"}],"wp:attachment":[{"href":"https:\/\/simlogic.pl\/en\/wp-json\/wp\/v2\/media?parent=6299"}],"curies":[{"name":"wp","href":"https:\/\/api.w.org\/{rel}","templated":true}]}}