{"id":6369,"date":"2025-12-22T13:17:14","date_gmt":"2025-12-22T12:17:14","guid":{"rendered":"https:\/\/simlogic.pl\/?page_id=6369"},"modified":"2026-01-27T09:49:39","modified_gmt":"2026-01-27T08:49:39","slug":"safetymandt3-page","status":"publish","type":"page","link":"https:\/\/simlogic.pl\/en\/safetymandt3-page\/","title":{"rendered":"Safetyman DT3-page"},"content":{"rendered":"<p>[et_pb_section fb_built=&#8221;1&#8243; _builder_version=&#8221;4.27.5&#8243; _module_preset=&#8221;default&#8221; background_color=&#8221;#FFFFFF&#8221; global_colors_info=&#8221;{}&#8221;][et_pb_row column_structure=&#8221;1_2,1_2&#8243; _builder_version=&#8221;4.27.5&#8243; _module_preset=&#8221;default&#8221; custom_padding=&#8221;||29px|||&#8221; global_colors_info=&#8221;{}&#8221;][et_pb_column type=&#8221;1_2&#8243; _builder_version=&#8221;4.27.5&#8243; _module_preset=&#8221;default&#8221; global_colors_info=&#8221;{}&#8221;][et_pb_image src=&#8221;https:\/\/simlogic.pl\/wp-content\/uploads\/2025\/12\/Zrzut-ekranu-2025-12-11-150520.jpg&#8221; title_text=&#8221;Zrzut ekranu 2025-12-11 150520&#8243; _builder_version=&#8221;4.27.5&#8243; _module_preset=&#8221;default&#8221; custom_margin=&#8221;|83px||||&#8221; global_colors_info=&#8221;{}&#8221;][\/et_pb_image][\/et_pb_column][et_pb_column type=&#8221;1_2&#8243; _builder_version=&#8221;4.27.5&#8243; _module_preset=&#8221;default&#8221; global_colors_info=&#8221;{}&#8221;][et_pb_text _builder_version=&#8221;4.27.5&#8243; _module_preset=&#8221;default&#8221; global_colors_info=&#8221;{}&#8221;]<\/p>\n<h1><strong><span style=\"color: #000000;\">Safetyman DT3<\/span><\/strong><\/h1>\n<h1 class=\"uk-h1\">Przeno\u015bne urz\u0105dzenie do pomiaru czasu zatrzymania (dobiegometr)<\/h1>\n<div class=\"uk-panel uk-text-lead uk-margin\">\n<p><span style=\"color: #000000;\">Do kurtyn \u015bwietlnych bezpiecze\u0144stwa, skaner\u00f3w i sterownik\u00f3w obur\u0119cznych<\/span><\/p>\n<\/div>\n<p>[\/et_pb_text][\/et_pb_column][\/et_pb_row][et_pb_row column_structure=&#8221;1_2,1_2&#8243; _builder_version=&#8221;4.27.5&#8243; _module_preset=&#8221;default&#8221; global_colors_info=&#8221;{}&#8221;][et_pb_column type=&#8221;1_2&#8243; _builder_version=&#8221;4.27.5&#8243; _module_preset=&#8221;default&#8221; global_colors_info=&#8221;{}&#8221;][et_pb_text _builder_version=&#8221;4.27.5&#8243; _module_preset=&#8221;default&#8221; hover_enabled=&#8221;0&#8243; global_colors_info=&#8221;{}&#8221; sticky_enabled=&#8221;0&#8243;]<\/p>\n<h1><span style=\"color: #000000;\">Przeno\u015bne urz\u0105dzenie do pomiaru czasu zatrzymania (dobiegometr)<\/span><\/h1>\n<p><span style=\"color: #000000;\"><\/span><\/p>\n<p><span style=\"color: #000000;\"><\/span><\/p>\n<p><span style=\"color: #000000;\"><\/span><\/p>\n<h4><span style=\"color: #000000;\">Przeno\u015bny i nowoczesny. Nasz dobiegometr szybko okre\u015bla drog\u0119 hamowania i czas zatrzymania na wszelkiego rodzaju maszynach. Podczas pomiaru aktywator (Auto-Hand) automatycznie inicjuje zatrzymanie maszyny poprzez urz\u0105dzenie ochronne (np. kurtyny \u015bwietlne, skanery laserowe, urz\u0105dzenia sterowania obur\u0119cznego lub wy\u0142\u0105czniki os\u0142on blokuj\u0105cych). W ten spos\u00f3b wszystkie istotne parametry czasu zatrzymania maszyny mo\u017cna zmierzy\u0107 szybko i niezawodnie bez \u017cadnych po\u0142\u0105cze\u0144 elektrycznych z maszyn\u0105. Wymagana odleg\u0142o\u015b\u0107 bezpiecze\u0144stwa urz\u0105dzenia ochronnego od punktu zagro\u017cenia jest obliczana automatycznie zgodnie z normami mi\u0119dzynarodowymi.<\/span><\/h4>\n<p>[\/et_pb_text][\/et_pb_column][et_pb_column type=&#8221;1_2&#8243; _builder_version=&#8221;4.27.5&#8243; _module_preset=&#8221;default&#8221; global_colors_info=&#8221;{}&#8221;][et_pb_video src=&#8221;https:\/\/simlogic.pl\/wp-content\/uploads\/2025\/12\/hhb_Nachlaufmessung_ohne_titel_mit_ton.mp4&#8243; _builder_version=&#8221;4.27.5&#8243; _module_preset=&#8221;default&#8221; global_colors_info=&#8221;{}&#8221;][\/et_pb_video][\/et_pb_column][\/et_pb_row][et_pb_row _builder_version=&#8221;4.27.5&#8243; _module_preset=&#8221;default&#8221;][et_pb_column _builder_version=&#8221;4.27.5&#8243; _module_preset=&#8221;default&#8221; type=&#8221;4_4&#8243;][et_pb_text _builder_version=&#8221;4.27.5&#8243; _module_preset=&#8221;default&#8221; hover_enabled=&#8221;0&#8243; sticky_enabled=&#8221;0&#8243;]<\/p>\n<h1>Bezpiecze\u0144stwo maszyny sta\u0142o si\u0119 \u0142atwe<\/h1>\n<p>&nbsp;<\/p>\n<p>&nbsp;<\/p>\n<p>[\/et_pb_text][\/et_pb_column][\/et_pb_row][et_pb_row _builder_version=&#8221;4.27.5&#8243; _module_preset=&#8221;default&#8221; column_structure=&#8221;1_2,1_2&#8243; hover_enabled=&#8221;0&#8243; sticky_enabled=&#8221;0&#8243;][et_pb_column _builder_version=&#8221;4.27.5&#8243; _module_preset=&#8221;default&#8221; type=&#8221;1_2&#8243; hover_enabled=&#8221;0&#8243; sticky_enabled=&#8221;0&#8243;][et_pb_text _builder_version=&#8221;4.27.5&#8243; _module_preset=&#8221;default&#8221; hover_enabled=&#8221;0&#8243; sticky_enabled=&#8221;0&#8243;]<\/p>\n<h4><span style=\"color: #000000;\">Urz\u0105dzenie:<\/span><\/h4>\n<ul>\n<li>\n<h4><span style=\"color: #000000;\">przeno\u015bne, zasilane bateryjnie<\/span><\/h4>\n<\/li>\n<li>\n<h4><span style=\"color: #000000;\">pomiar czasu oraz drogi zatrzymania<\/span><\/h4>\n<\/li>\n<li>\n<h4><span style=\"color: #000000;\">pomiar pr\u0119dko\u015bci<\/span><\/h4>\n<\/li>\n<li>\n<h4><span style=\"color: #000000;\">ocena najwi\u0119kszej pr\u0119dko\u015bci<\/span><\/h4>\n<\/li>\n<li>\n<h4><span style=\"color: #000000;\">obliczanie odleg\u0142o\u015bci bezpiecze\u0144stwa zgodnie z EN ISO 13855\u00a0\/ ANSI B11.19<\/span><\/h4>\n<\/li>\n<li>\n<h4><span style=\"color: #000000;\">wyb\u00f3r typu urz\u0105dzenia ochronnego<\/span><\/h4>\n<\/li>\n<li>\n<h4><span style=\"color: #000000;\">zapisywanie protoko\u0142\u00f3w pomiarowych<\/span><\/h4>\n<\/li>\n<li>\n<h4><span style=\"color: #000000;\">zarz\u0105dzanie parkiem maszyn<\/span><\/h4>\n<\/li>\n<li>\n<h4><span style=\"color: #000000;\">tworzenie protoko\u0142\u00f3w pomiarowych<\/span><\/h4>\n<\/li>\n<li>\n<h4><span style=\"color: #000000;\">graficzna analiza krzywej pomiarowej \/ krzywej hamowania<\/span><\/h4>\n<\/li>\n<li>\n<h4><span style=\"color: #000000;\">obs\u0142uga wieloj\u0119zyczna<\/span><\/h4>\n<\/li>\n<li>\n<h4><span style=\"color: #000000;\">zapis ilo\u015bci wykonanych obrot\u00f3w<\/span><\/h4>\n<\/li>\n<li>\n<h4><span style=\"color: #000000;\">wprowadzanie numer\u00f3w maszyn<\/span><\/h4>\n<\/li>\n<\/ul>\n<p>[\/et_pb_text][\/et_pb_column][et_pb_column _builder_version=&#8221;4.27.5&#8243; _module_preset=&#8221;default&#8221; type=&#8221;1_2&#8243;][et_pb_text _builder_version=&#8221;4.27.5&#8243; _module_preset=&#8221;default&#8221; hover_enabled=&#8221;0&#8243; sticky_enabled=&#8221;0&#8243;]<\/p>\n<h4><span style=\"color: #000000;\">Oprogramowanie:<\/span><\/h4>\n<ul>\n<li>\n<h4><span style=\"color: #000000;\">baza danych dla wielu u\u017cytkownik\u00f3w<\/span><\/h4>\n<\/li>\n<li>\n<h4><span style=\"color: #000000;\">park maszyn<\/span><\/h4>\n<\/li>\n<li>\n<h4><span style=\"color: #000000;\">cz\u0119stotliwo\u015b\u0107 przegl\u0105d\u00f3w<\/span><\/h4>\n<\/li>\n<li>\n<h4><span style=\"color: #000000;\">protoko\u0142y pomiarowe<\/span><\/h4>\n<\/li>\n<li>\n<h4><span style=\"color: #000000;\">zarz\u0105dzanie dokumentami<\/span><\/h4>\n<\/li>\n<li>\n<h4><span style=\"color: #000000;\">wykresy<\/span><\/h4>\n<\/li>\n<\/ul>\n<p>[\/et_pb_text][\/et_pb_column][\/et_pb_row][\/et_pb_section]<\/p>","protected":false},"excerpt":{"rendered":"<p>Safetyman DT3 Przeno\u015bne urz\u0105dzenie do pomiaru czasu zatrzymania (dobiegometr) Do kurtyn \u015bwietlnych bezpiecze\u0144stwa, skaner\u00f3w i sterownik\u00f3w obur\u0119cznych Przeno\u015bne urz\u0105dzenie do pomiaru czasu zatrzymania (dobiegometr) Przeno\u015bny i nowoczesny. Nasz dobiegometr szybko okre\u015bla drog\u0119 hamowania i czas zatrzymania na wszelkiego rodzaju maszynach. Podczas pomiaru aktywator (Auto-Hand) automatycznie inicjuje zatrzymanie maszyny poprzez urz\u0105dzenie ochronne (np. kurtyny \u015bwietlne, skanery [&hellip;]<\/p>","protected":false},"author":5,"featured_media":0,"parent":0,"menu_order":0,"comment_status":"closed","ping_status":"closed","template":"","meta":{"_et_pb_use_builder":"on","_et_pb_old_content":"","_et_gb_content_width":"","footnotes":""},"class_list":["post-6369","page","type-page","status-publish","hentry"],"_links":{"self":[{"href":"https:\/\/simlogic.pl\/en\/wp-json\/wp\/v2\/pages\/6369","targetHints":{"allow":["GET"]}}],"collection":[{"href":"https:\/\/simlogic.pl\/en\/wp-json\/wp\/v2\/pages"}],"about":[{"href":"https:\/\/simlogic.pl\/en\/wp-json\/wp\/v2\/types\/page"}],"author":[{"embeddable":true,"href":"https:\/\/simlogic.pl\/en\/wp-json\/wp\/v2\/users\/5"}],"replies":[{"embeddable":true,"href":"https:\/\/simlogic.pl\/en\/wp-json\/wp\/v2\/comments?post=6369"}],"version-history":[{"count":5,"href":"https:\/\/simlogic.pl\/en\/wp-json\/wp\/v2\/pages\/6369\/revisions"}],"predecessor-version":[{"id":6830,"href":"https:\/\/simlogic.pl\/en\/wp-json\/wp\/v2\/pages\/6369\/revisions\/6830"}],"wp:attachment":[{"href":"https:\/\/simlogic.pl\/en\/wp-json\/wp\/v2\/media?parent=6369"}],"curies":[{"name":"wp","href":"https:\/\/api.w.org\/{rel}","templated":true}]}}