{"id":6438,"date":"2025-12-30T14:20:11","date_gmt":"2025-12-30T13:20:11","guid":{"rendered":"https:\/\/simlogic.pl\/?page_id=6438"},"modified":"2026-04-17T12:18:34","modified_gmt":"2026-04-17T10:18:34","slug":"programowanie-sterownikow-plc","status":"publish","type":"page","link":"https:\/\/simlogic.pl\/en\/programowanie-sterownikow-plc\/","title":{"rendered":"PROGRAMOWANIE STEROWNIK\u00d3W PLC"},"content":{"rendered":"<p>[et_pb_section fb_built=&#8221;1&#8243; admin_label=&#8221;section&#8221; _builder_version=&#8221;4.16&#8243; global_colors_info=&#8221;{}&#8221;][et_pb_row make_equal=&#8221;on&#8221; _builder_version=&#8221;4.16&#8243; global_colors_info=&#8221;{}&#8221;][et_pb_column type=&#8221;4_4&#8243; _builder_version=&#8221;4.16&#8243; custom_padding=&#8221;|||&#8221; global_colors_info=&#8221;{}&#8221; custom_padding__hover=&#8221;|||&#8221;][et_pb_text _builder_version=&#8221;4.27.5&#8243; text_font=&#8221;Lato||||||||&#8221; text_text_color=&#8221;rgba(22,63,109,0.21)&#8221; text_font_size=&#8221;90px&#8221; text_line_height=&#8221;0.2em&#8221; header_font=&#8221;||||||||&#8221; header_2_font=&#8221;Lato|700|||||||&#8221; header_2_font_size=&#8221;48px&#8221; header_2_line_height=&#8221;1.4em&#8221; custom_margin=&#8221;||30px||false&#8221; custom_margin_tablet=&#8221;||0px|&#8221; custom_margin_phone=&#8221;&#8221; custom_margin_last_edited=&#8221;on|tablet&#8221; custom_padding=&#8221;0px|||||&#8221; text_font_size_tablet=&#8221;80px&#8221; text_font_size_phone=&#8221;40px&#8221; text_font_size_last_edited=&#8221;on|phone&#8221; text_line_height_tablet=&#8221;&#8221; text_line_height_phone=&#8221;0.9em&#8221; text_line_height_last_edited=&#8221;on|phone&#8221; header_2_font_size_tablet=&#8221;&#8221; header_2_font_size_phone=&#8221;36px&#8221; header_2_font_size_last_edited=&#8221;on|phone&#8221; global_colors_info=&#8221;{}&#8221;]<\/p>\n<p>STEROWNIKI PLC<\/p>\n<h2>Us\u0142ugi Programowania, Diagnostyki i Serwisu Sterownik\u00f3w PLC<\/h2>\n<p>[\/et_pb_text][\/et_pb_column][\/et_pb_row][et_pb_row _builder_version=&#8221;4.27.5&#8243; _module_preset=&#8221;default&#8221; global_colors_info=&#8221;{}&#8221;][et_pb_column type=&#8221;4_4&#8243; _builder_version=&#8221;4.27.5&#8243; _module_preset=&#8221;default&#8221; global_colors_info=&#8221;{}&#8221;][et_pb_text _builder_version=&#8221;4.27.5&#8243; _module_preset=&#8221;default&#8221; hover_enabled=&#8221;0&#8243; global_colors_info=&#8221;{}&#8221; sticky_enabled=&#8221;0&#8243;]<\/p>\n<p><span style=\"color: #000000;\"><strong>Specjalizacja: SIEMENS (TIA Portal\/S7) oraz Systemy CODESYS<\/strong><\/span><\/p>\n<p><span style=\"color: #000000;\"><strong>O ofercie<\/strong><\/span><\/p>\n<p><span style=\"color: #000000;\">W dobie Przemys\u0142u 4.0 niezawodno\u015b\u0107 system\u00f3w sterowania jest kluczem do ci\u0105g\u0142o\u015bci produkcji. Oferujemy kompleksowe wsparcie techniczne w zakresie programowania i utrzymania sterownik\u00f3w PLC, koncentruj\u0105c si\u0119 na rozwi\u0105zaniach lider\u00f3w rynku:\u00a0<strong>Siemens SIMATIC<\/strong>\u00a0oraz szerokiej gamie producent\u00f3w opartych na \u015brodowisku\u00a0<strong>CODESYS<\/strong>\u00a0(m.in. WAGO, Beckhoff, Eaton, Turck, Schneider Electric).<\/span><\/p>\n<p><span style=\"color: #000000;\"><strong>Do poni\u017cszych zagadnie\u0144 tematycznych polecamy szkolenia <a href=\"https:\/\/simlogic.pl\/product-category\/sterowniki-programowalne\/\">KLIKNIJ I ZOBACZ<\/a><\/strong><\/span><\/p>\n<p><span style=\"color: #000000;\"><\/span><\/p>\n<p><span style=\"color: #000000;\"><\/span><\/p>\n<p><span style=\"color: #000000;\"><strong>Zakres \u015bwiadczonych us\u0142ug:<\/strong><\/span><\/p>\n<ol>\n<li><span style=\"color: #000000;\"><strong> Programowanie i Modernizacje (Retrofit)<\/strong><\/span><\/li>\n<\/ol>\n<ul>\n<li><span style=\"color: #000000;\"><strong>Siemens:<\/strong>\u00a0Projektowanie aplikacji w \u015brodowisku\u00a0<strong>TIA Portal (v14-v21)<\/strong>\u00a0oraz Step7 dla sterownik\u00f3w S7-1200, S7-1500, S7-300\/400.<\/span><\/li>\n<li><span style=\"color: #000000;\"><strong>CODESYS:<\/strong>\u00a0Tworzenie oprogramowania zgodnego z norm\u0105\u00a0<strong>IEC 61131-3<\/strong>\u00a0na dowolne platformy sprz\u0119towe wykorzystuj\u0105ce ten standard.<\/span><\/li>\n<li><span style=\"color: #000000;\"><strong>Bezpiecze\u0144stwo (Safety):<\/strong>\u00a0Programowanie funkcji bezpiecze\u0144stwa (F-CPU) zgodnie z wymogami\u00a0<strong>Rozporz\u0105dzenia Maszynowego 2023\/1230<\/strong>, kt\u00f3re w 2026 roku stawia szczeg\u00f3lny nacisk na cyfrowe bariery ochronne.<\/span><\/li>\n<li><span style=\"color: #000000;\"><strong>HMI\/SCADA:<\/strong>\u00a0Integracja sterownik\u00f3w z panelami operatorskimi oraz systemami nadzoru.<\/span><\/li>\n<\/ul>\n<ol start=\"2\">\n<li><span style=\"color: #000000;\"><strong> Zaawansowana Diagnostyka i Troubleshooting<\/strong><\/span><\/li>\n<\/ol>\n<ul>\n<li><span style=\"color: #000000;\">Szybka identyfikacja usterek w kodzie programu oraz w warstwie sprz\u0119towej (p\u0119tle pomiarowe, komunikacja przemys\u0142owa).<\/span><\/li>\n<li><span style=\"color: #000000;\"><strong>Analiza sieci:<\/strong>\u00a0Diagnostyka sieci PROFINET, PROFIBUS oraz EtherCAT przy u\u017cyciu specjalistycznych analizator\u00f3w.<\/span><\/li>\n<li><span style=\"color: #000000;\"><strong>Cyber-audyt PLC:<\/strong>\u00a0Weryfikacja odporno\u015bci sterownik\u00f3w na ingerencj\u0119 os\u00f3b trzecich (zgodnie z wymogami cyberbezpiecze\u0144stwa OT obowi\u0105zuj\u0105cymi w 2026 r.).<\/span><\/li>\n<\/ul>\n<ol start=\"3\">\n<li><span style=\"color: #000000;\"><strong> Serwis i Utrzymanie Ruchu<\/strong><\/span><\/li>\n<\/ol>\n<ul>\n<li><span style=\"color: #000000;\"><strong>Zdalne wsparcie:<\/strong>\u00a0Mo\u017cliwo\u015b\u0107 szybkiej interwencji poprzez bezpieczne po\u0142\u0105czenia VPN\/Cloud (IXON, EWON).<\/span><\/li>\n<li><span style=\"color: #000000;\"><strong>Optymalizacja proces\u00f3w:<\/strong>\u00a0Modyfikacja istniej\u0105cych algorytm\u00f3w w celu skr\u00f3cenia cyklu maszyny i zmniejszenia zu\u017cycia energii (zgodno\u015b\u0107 z trendami raportowania ESG).<\/span><\/li>\n<li><span style=\"color: #000000;\"><strong>Kopie zapasowe i Disaster Recovery:<\/strong>\u00a0Tworzenie i przechowywanie aktualnych backup\u00f3w oprogramowania.<\/span><\/li>\n<\/ul>\n<p><span style=\"color: #000000;\"><strong>Dlaczego my?<\/strong><\/span><\/p>\n<ul>\n<li><span style=\"color: #000000;\"><strong>Ekspercka wiedza o Siemens i CODESYS:<\/strong>\u00a0Poruszamy si\u0119 swobodnie w ekosystemach obu dostawc\u00f3w, co pozwala na integracj\u0119 r\u00f3\u017cnych platform w jednej sieci zak\u0142adowej.<\/span><\/li>\n<li><span style=\"color: #000000;\"><strong>Zgodno\u015b\u0107 z normami 2026:<\/strong>\u00a0Wszystkie nasze programy s\u0105 tworzone z uwzgl\u0119dnieniem najnowszych wytycznych dotycz\u0105cych bezpiecze\u0144stwa maszynowego i cyfrowego.<\/span><\/li>\n<li><span style=\"color: #000000;\"><strong>Przejrzysta dokumentacja:<\/strong>\u00a0Ka\u017cda zmiana w kodzie jest opatrzona szczeg\u00f3\u0142owym komentarzem i dostarczana klientowi w formie aktualnej dokumentacji technicznej.<\/span><\/li>\n<\/ul>\n<p>[\/et_pb_text][\/et_pb_column][\/et_pb_row][et_pb_row _builder_version=&#8221;4.27.5&#8243; _module_preset=&#8221;default&#8221; global_colors_info=&#8221;{}&#8221;][et_pb_column type=&#8221;4_4&#8243; _builder_version=&#8221;4.27.5&#8243; _module_preset=&#8221;default&#8221; global_colors_info=&#8221;{}&#8221;][et_pb_text _builder_version=&#8221;4.27.5&#8243; _module_preset=&#8221;default&#8221; global_colors_info=&#8221;{}&#8221;]<\/p>\n<p><em>\u201eNiniejsza oferta ma charakter informacyjny i nie stanowi oferty handlowej w rozumieniu Art. 66 par. 1 Kodeksu Cywilnego. Zakres prac, harmonogram oraz warunki gwarancji na oprogramowanie s\u0105 ka\u017cdorazowo ustalane w indywidualnej umowie serwisowej lub projektowej. Ze wzgl\u0119du na dynamiczne zmiany w przepisach dotycz\u0105cych cyberbezpiecze\u0144stwa przemys\u0142owego i bezpiecze\u0144stwa maszyn (Rozporz\u0105dzenie UE 2023\/1230), wykonawca zastrzega, \u017ce ostateczna implementacja funkcji bezpiecze\u0144stwa musi zosta\u0107 poprzedzona aktualn\u0105 ocen\u0105 ryzyka dla konkretnego obiektu lub maszyny.\u201d<\/em><\/p>\n<p>[\/et_pb_text][\/et_pb_column][\/et_pb_row][\/et_pb_section]<\/p>\n","protected":false},"excerpt":{"rendered":"<p>STEROWNIKI PLC Us\u0142ugi Programowania, Diagnostyki i Serwisu Sterownik\u00f3w PLCSpecjalizacja: SIEMENS (TIA Portal\/S7) oraz Systemy CODESYS O ofercie W dobie Przemys\u0142u 4.0 niezawodno\u015b\u0107 system\u00f3w sterowania jest kluczem do ci\u0105g\u0142o\u015bci produkcji. Oferujemy kompleksowe wsparcie techniczne w zakresie programowania i utrzymania sterownik\u00f3w PLC, koncentruj\u0105c si\u0119 na rozwi\u0105zaniach lider\u00f3w rynku:\u00a0Siemens SIMATIC\u00a0oraz szerokiej gamie producent\u00f3w opartych na \u015brodowisku\u00a0CODESYS\u00a0(m.in. WAGO, Beckhoff, [&hellip;]<\/p>\n","protected":false},"author":5,"featured_media":0,"parent":0,"menu_order":0,"comment_status":"closed","ping_status":"closed","template":"","meta":{"_et_pb_use_builder":"on","_et_pb_old_content":"","_et_gb_content_width":"","footnotes":""},"class_list":["post-6438","page","type-page","status-publish","hentry"],"_links":{"self":[{"href":"https:\/\/simlogic.pl\/en\/wp-json\/wp\/v2\/pages\/6438","targetHints":{"allow":["GET"]}}],"collection":[{"href":"https:\/\/simlogic.pl\/en\/wp-json\/wp\/v2\/pages"}],"about":[{"href":"https:\/\/simlogic.pl\/en\/wp-json\/wp\/v2\/types\/page"}],"author":[{"embeddable":true,"href":"https:\/\/simlogic.pl\/en\/wp-json\/wp\/v2\/users\/5"}],"replies":[{"embeddable":true,"href":"https:\/\/simlogic.pl\/en\/wp-json\/wp\/v2\/comments?post=6438"}],"version-history":[{"count":6,"href":"https:\/\/simlogic.pl\/en\/wp-json\/wp\/v2\/pages\/6438\/revisions"}],"predecessor-version":[{"id":7069,"href":"https:\/\/simlogic.pl\/en\/wp-json\/wp\/v2\/pages\/6438\/revisions\/7069"}],"wp:attachment":[{"href":"https:\/\/simlogic.pl\/en\/wp-json\/wp\/v2\/media?parent=6438"}],"curies":[{"name":"wp","href":"https:\/\/api.w.org\/{rel}","templated":true}]}}