{"id":6472,"date":"2025-12-31T09:53:42","date_gmt":"2025-12-31T08:53:42","guid":{"rendered":"https:\/\/simlogic.pl\/?page_id=6472"},"modified":"2026-01-14T08:56:29","modified_gmt":"2026-01-14T07:56:29","slug":"prezentacja-firmy","status":"publish","type":"page","link":"https:\/\/simlogic.pl\/en\/prezentacja-firmy\/","title":{"rendered":"PREZENTACJA FIRMY"},"content":{"rendered":"<p>[et_pb_section fb_built=&#8221;1&#8243; _builder_version=&#8221;4.27.5&#8243; _module_preset=&#8221;default&#8221; global_colors_info=&#8221;{}&#8221;][et_pb_row _builder_version=&#8221;4.16&#8243; global_colors_info=&#8221;{}&#8221;][et_pb_column type=&#8221;4_4&#8243; _builder_version=&#8221;4.16&#8243; global_colors_info=&#8221;{}&#8221;][et_pb_text _builder_version=&#8221;4.16&#8243; global_colors_info=&#8221;{}&#8221;]<\/p>\n<h2><strong>Filary firmy SIMLOGIC. stanowi\u0105 nast\u0119puj\u0105ce kierunki dzia\u0142a\u0144:<\/strong><\/h2>\n<p>[\/et_pb_text][et_pb_toggle title=&#8221;Projektowanie rozwi\u0105za\u0144, dob\u00f3r komponent\u00f3w, tworzenie dokumentacji projektowej &#8221; open_toggle_text_color=&#8221;#163f6d&#8221; closed_toggle_background_color=&#8221;#163f6d&#8221; _builder_version=&#8221;4.27.5&#8243; title_text_color=&#8221;#ffffff&#8221; title_font=&#8221;|600||||on|||&#8221; title_font_size=&#8221;21px&#8221; text_orientation=&#8221;left&#8221; border_radii=&#8221;on|15px|15px|15px|15px&#8221; border_color_all=&#8221;rgba(22,63,109,0.21)&#8221; box_shadow_style=&#8221;preset3&#8243; global_colors_info=&#8221;{}&#8221;]<\/p>\n<p><span style=\"color: #000000;\">Wraz z do\u015bwiadczeniem zdobywanym podczas realizacji kolejnych aplikacji i projekt\u00f3w nauczyli\u015bmy si\u0119 wykonywa\u0107 zadania kompleksowo i odpowiedzialnie, spe\u0142niaj\u0105c oczekiwania Kontrahent\u00f3w. W realizacji projekt\u00f3w korzystamy z w\u0142asnej fachowej wiedzy, a tak\u017ce (w miar\u0119 potrzeb) do\u015bwiadcze\u0144 projektant\u00f3w, zewn\u0119trznych ekspert\u00f3w i specjalist\u00f3w oraz pracownik\u00f3w nauki.<\/span><\/p>\n<p>[\/et_pb_toggle][et_pb_toggle title=&#8221;Programowanie sterownik\u00f3w PLC&#8221; open_toggle_text_color=&#8221;#163f6d&#8221; closed_toggle_background_color=&#8221;#163f6d&#8221; _builder_version=&#8221;4.27.5&#8243; title_text_color=&#8221;#ffffff&#8221; title_font=&#8221;|600||||on|||&#8221; title_font_size=&#8221;21px&#8221; text_orientation=&#8221;left&#8221; border_radii=&#8221;on|15px|15px|15px|15px&#8221; border_color_all=&#8221;rgba(22,63,109,0.21)&#8221; box_shadow_style=&#8221;preset3&#8243; global_colors_info=&#8221;{}&#8221;]<\/p>\n<p><span style=\"color: #000000;\">Programujemy maszyny i urz\u0105dzenia na bazie sterownik\u00f3w okre\u015blanych mianem PLC. Bazujemy na platformie rozwi\u0105za\u0144 Siemens (STEP5, STEP7, TIA Portal) oraz CODESYS (ABB, AMK, EATON, BOSCH REXROTH). Potrafimy wykonywa\u0107 retrofity rozwi\u0105za\u0144 np. SIMATIC S5 z modu\u0142ami technologicznymi na platform\u0119 S7 (np. S7 Technology) lub SIMOTION. Optymalizujemy kod programu pod wzgl\u0119dem wydajno\u015bci oraz standaryzacji potrzebnej do realizacji zaawansowanych funkcji technologicznych i zastosowa\u0144 szablon\u00f3w w zak\u0142adach globalnych.<\/span><\/p>\n<p>[\/et_pb_toggle][et_pb_toggle title=&#8221;Technika nap\u0119dowa i serwis maszyn przemys\u0142owych&#8221; open_toggle_text_color=&#8221;#163f6d&#8221; closed_toggle_background_color=&#8221;#163f6d&#8221; _builder_version=&#8221;4.27.5&#8243; title_text_color=&#8221;#ffffff&#8221; title_font=&#8221;|600||||on|||&#8221; title_font_size=&#8221;21px&#8221; text_orientation=&#8221;left&#8221; border_radii=&#8221;on|15px|15px|15px|15px&#8221; border_color_all=&#8221;rgba(22,63,109,0.21)&#8221; box_shadow_style=&#8221;preset3&#8243; global_colors_info=&#8221;{}&#8221;]<\/p>\n<p style=\"font-weight: 400;\"><span style=\"color: #000000;\">Nap\u0119dami elektrycznymi zajmujemy si\u0119 od pocz\u0105tku powstania firmy. Realizujemy serwis urz\u0105dze\u0144 nap\u0119dowych, naprawy pogwarancyjne, diagnostyk\u0119 system\u00f3w sterowania oraz optymalizacj\u0119 nastaw struktur regulacji sterowania maszyn. Wykonujemy parametryzacj\u0119 nap\u0119d\u00f3w wielu generacji firmy SIEMENS, w tym rozwi\u0105za\u0144 technologicznych i specjalizowanych.<\/span><\/p>\n<p style=\"font-weight: 400;\"><span style=\"color: #000000;\">Poza sam\u0105 umiej\u0119tno\u015bci\u0105 konfiguracji i uruchamiania, w realizacji takich zada\u0144 jest jeszcze potrzebna zaawansowana wiedza aplikacyjna, kt\u00f3ra jest niezale\u017cna od sprz\u0119tu. Programowanie sterownik\u00f3w technologicznych, Motion Control i mechatronika \u2013 rozumiemy i stosujemy praktycznie rozwi\u0105zania technologiczne. Programujemy rozwi\u0105zania na platformie SIEMENS SIMOTION SCOUT, SIEMENS S7 TECHNOLOGY, CODESYS MOTION. Mamy w dorobku modernizacje i serwisy pras hydraulicznych oraz maszyn produkcyjnych, gdzie projektowali\u015bmy i programowali\u015bmy ca\u0142y system wraz z dostosowaniem do wymaga\u0144 bezpiecze\u0144stwa. Wykonujemy tak\u017ce modernizacj\u0119 sterowania maszyn, wymian\u0119 sterownik\u00f3w starszej generacji np. SIMATIC S5 na rodzin\u0119 np. SIMATIC S7 lub CODESYS poprzez tworzenie w\u0142asnych rozwi\u0105za\u0144 na platformie CODESYS lub zast\u0119powanie sterownik\u00f3w innych producent\u00f3w w zakresie SIMATIC, SIMOTION, SIMATIC Technology. Do naszych najwi\u0119kszych realizacji mo\u017cna zaliczy\u0107 programowanie pras \u2013 rozwi\u0105za\u0144 wieloosiowych na bazie SIMOTION D z nap\u0119dami SINAMICS S120 i silnikami wykonawczymi oraz modernizacj\u0119 pras na bazie sterowanie IndraMotion w \u015brodowisku IndraWorks, czy hamownie silnik\u00f3w spalinowych.<\/span><\/p>\n<p>[\/et_pb_toggle][et_pb_toggle title=&#8221;Centrum Kompetencyjne sieci PROFIBUS\/PROFINET oraz PROFIDRIVE &#8211; Projektowanie i diagnostyka sieci przemys\u0142owych&#8221; open_toggle_text_color=&#8221;#163f6d&#8221; closed_toggle_background_color=&#8221;#163f6d&#8221; _builder_version=&#8221;4.27.5&#8243; title_text_color=&#8221;#ffffff&#8221; title_font=&#8221;|600||||on|||&#8221; title_font_size=&#8221;21px&#8221; text_orientation=&#8221;left&#8221; border_radii=&#8221;on|15px|15px|15px|15px&#8221; border_color_all=&#8221;rgba(22,63,109,0.21)&#8221; box_shadow_style=&#8221;preset3&#8243; global_colors_info=&#8221;{}&#8221;]<\/p>\n<p><span style=\"color: #000000;\">SIMLOGIC. do zada\u0144 podchodzi kompleksowo, \u015bwiadcz\u0105c us\u0142ugi jako centrum kompetencyjne w zakresie sieci przemys\u0142owych PROFIBUS\/PROFINET oraz PROFIDRIVE. Zajmujemy si\u0119 zagadnieniami zwi\u0105zanymi z komunikacj\u0105 przemys\u0142ow\u0105. Popularyzujemy standardy, organizujemy bezp\u0142atne seminaria (prosz\u0119 pyta\u0107 o terminy). \u015awiadczymy pomoc zdaln\u0105 oraz realizuj\u0105c serwis wyjazdowy. Udzielamy r\u00f3wnie\u017c szeregu wskaz\u00f3wek, dla pracownik\u00f3w dzia\u0142\u00f3w utrzymania ruchu zak\u0142ad\u00f3w przemys\u0142owych, pomocnych w eliminacji problem\u00f3w zwi\u0105zanych z komunikacj\u0105 przemys\u0142ow\u0105. \u015awiadczymy us\u0142ugi diagnostyczne wraz z wdro\u017ceniem zalece\u0144 po-audytowych i eliminacj\u0105 przyczyn powstawania przestoj\u00f3w w pracy maszyn z winy komunikacji lub zak\u0142\u00f3ce\u0144 EMC. Diagnozujemy ca\u0142y system, a nie tylko sie\u0107 komunikacyjn\u0105. Sprawdzamy dzia\u0142anie warstw modelowych ISO\/OSI i protoko\u0142\u00f3w TCP, czy UDP. Weryfikujemy dzia\u0142anie urz\u0105dze\u0144 Slave oraz IO Device. Wymieniamy okablowanie, instalujemy urz\u0105dzenia wspomagaj\u0105ce lub diagnostyczne. Korzystamy z tester\u00f3w oraz oprogramowania r\u00f3\u017cnych producent\u00f3w.<\/span><\/p>\n<p>[\/et_pb_toggle][et_pb_toggle title=&#8221;Automatyka budynkowa, systemy BACS i BMS&#8221; open_toggle_text_color=&#8221;#163f6d&#8221; open_toggle_background_color=&#8221;#ffffff&#8221; closed_toggle_text_color=&#8221;#FFFFFF&#8221; closed_toggle_background_color=&#8221;#163f6d&#8221; _builder_version=&#8221;4.27.5&#8243; _module_preset=&#8221;default&#8221; title_text_color=&#8221;#FFFFFF&#8221; title_font=&#8221;|600|||||||&#8221; title_font_size=&#8221;21px&#8221; closed_title_font=&#8221;|||||on|||&#8221; text_orientation=&#8221;left&#8221; border_radii=&#8221;on|15px|15px|15px|15px&#8221; global_colors_info=&#8221;{}&#8221;]<\/p>\n<p><span style=\"color: #000000;\">Od kilku lat zajmujemy si\u0119 r\u00f3wnie\u017c automatyk\u0105 budynkow\u0105 i systemami Smart Home, Smart Building i rozwi\u0105zaniami Smart City. Zar\u00f3wno cz\u0119\u015b\u0107 ofertow\u0105, e-commerce, serwis i szkolenia, podzielili\u015bmy na automatyk\u0119 przemys\u0142ow\u0105 i automatyk\u0119 budynkow\u0105. W zakresie inteligentnych system\u00f3w sterowania wsp\u00f3\u0142pracujemy z wiod\u0105cymi dostawcami rozwi\u0105za\u0144, aby zapewni\u0107 jak najlepsze wsparcie dla kontrahent\u00f3w i u\u017cytkownik\u00f3w ko\u0144cowych. Nasza oferta wpisuje si\u0119 w kompleksowo\u015b\u0107 firmy i \u015bwiadczymy wsparcie techniczne, serwis i szkolenia w zakresie rozwi\u0105za\u0144 dla automatyki budynkowej. Projektujemy energooszcz\u0119dne rozwi\u0105zania bazuj\u0105ce na wytycznych dla system\u00f3w:\u00a0<b>BACS<\/b>\u00a0(<i>Building Automation and Control Systems<\/i>): Systemy automatyki i sterowania budynkiem. Termin ten jest obecnie preferowany przez normy mi\u0119dzynarodowe jako techniczny opis funkcji automatyzacji.\u00a0<b>BMS<\/b>\u00a0(<i>Building Management System<\/i>): System zarz\u0105dzania budynkiem. Jest to nadrz\u0119dna platforma integruj\u0105ca wiele podsystem\u00f3w (np. HVAC, o\u015bwietlenie, bezpiecze\u0144stwo) w jednym interfejsie. T<b>BM<\/b>\u00a0(<i>Technical Building Management<\/i>): Techniczne zarz\u0105dzanie budynkiem, skupiaj\u0105ce si\u0119 na optymalizacji operacyjnej i konserwacji system\u00f3w.<\/span><\/p>\n<p>[\/et_pb_toggle][et_pb_toggle title=&#8221;Szkolenia autorskie, autoryzowane i dedykowane, stacjonarne lub wyjazdowe&#8221; open_toggle_text_color=&#8221;#163f6d&#8221; closed_toggle_background_color=&#8221;#163f6d&#8221; _builder_version=&#8221;4.27.5&#8243; title_text_color=&#8221;#ffffff&#8221; title_font=&#8221;|600||||on|||&#8221; title_font_size=&#8221;21px&#8221; text_orientation=&#8221;left&#8221; border_radii=&#8221;on|15px|15px|15px|15px&#8221; border_color_all=&#8221;rgba(22,63,109,0.21)&#8221; box_shadow_style=&#8221;preset3&#8243; global_colors_info=&#8221;{}&#8221;]<\/p>\n<p><span style=\"color: #000000;\">Od pocz\u0105tku powstania firmy rozwijamy w\u0142asne Centrum Szkoleniowe. Aktualnie posiadamy obszern\u0105 ofert\u0119 profesjonalnie przygotowanych szkole\u0144 z zakresu przemys\u0142owych element\u00f3w automatyki, sterownik\u00f3w PLC, nap\u0119d\u00f3w elektrycznych, komunikacji, system\u00f3w wizualizacji i sterowania. Szkolenia realizowane s\u0105 na bazie aplikacji przemys\u0142owych oraz na bazie sprz\u0119towej rozwi\u0105za\u0144 opartych o ofert\u0119 bran\u017cow\u0105 firm: EATON, SIEMENS i producent\u00f3w korzystaj\u0105cych z CODESYS w zakresie Industry Automation &amp; Drives Technologies. W dzia\u0142alno\u015bci szkoleniowej kierujemy si\u0119 wspania\u0142ym mottem, kt\u00f3rym s\u0105 s\u0142owa Konfucjusza:\u00a0<b>\u201ePowiedz mi, a zapomn\u0119, poka\u017c mi, a zapami\u0119tam, pozw\u00f3l mi zrobi\u0107, a zrozumiem\u201d.\u00a0<\/b>W my\u015bl tych s\u0142\u00f3w, w trakcie realizacji szkole\u0144, zwracamy szczeg\u00f3ln\u0105 uwag\u0119 na \u0142\u0105czenie teorii z praktyk\u0105 oraz przekaz praktyczny w postaci \u0107wicze\u0144 na zestawach dydaktycznych lub na maszynach u\u017cytkownika. Na bie\u017c\u0105co monitorujemy post\u0119py uczestnik\u00f3w naszych szkole\u0144. Mamy do\u015bwiadczenia w przebran\u017cawianiu, pomagamy w rozwoju zawodowym oraz d\u0142ugofalowym zdobywaniu wiedzy poprzez opracowanie i realizacj\u0119, dostosowanej do potrzeb, wieloetapowej koncepcji rozwoju zawodowego.<\/span><\/p>\n<p>[\/et_pb_toggle][et_pb_toggle title=&#8221;Badania naukowo-techniczne, ekspertyzy i opracowania&#8221; open_toggle_text_color=&#8221;#163f6d&#8221; closed_toggle_background_color=&#8221;#163f6d&#8221; _builder_version=&#8221;4.27.5&#8243; title_text_color=&#8221;#ffffff&#8221; title_font=&#8221;|600||||on|||&#8221; title_font_size=&#8221;21px&#8221; text_orientation=&#8221;left&#8221; border_radii=&#8221;on|15px|15px|15px|15px&#8221; border_color_all=&#8221;rgba(22,63,109,0.21)&#8221; box_shadow_style=&#8221;preset3&#8243; global_colors_info=&#8221;{}&#8221;]<\/p>\n<p style=\"font-weight: 400;\"><span style=\"color: #000000;\">Posiadaj\u0105c stosown\u0105 wiedz\u0119, popart\u0105 wykszta\u0142ceniem i udokumentowan\u0105 licznymi szkoleniami, wykonujemy ekspertyzy, badania i opracowania naukowo-techniczne. Wsp\u00f3\u0142pracujemy z uczelniami i instytutami naukowymi. Przeprowadzamy audyty maszyn w zakresie sterowania i weryfikacji program\u00f3w, ich algorytm\u00f3w oraz nastaw regulacji. Na tej podstawie opracowujemy propozycje zmian i swoje w\u0142asne nowe rozwi\u0105zania, kt\u00f3re nast\u0119pnie sami wprowadzamy celem eliminacji problem\u00f3w.<\/span><\/p>\n<p style=\"font-weight: 400;\"><span style=\"color: #000000;\">Zajmujemy si\u0119 r\u00f3wnie\u017c audytami energetycznymi w zakresie optymalizacji koszt\u00f3w zu\u017cycia energii elektrycznej przy urz\u0105dzeniach regulowanych i sterowaniu technologicznym. Posiadamy mo\u017cliwo\u015b\u0107 wykonania bada\u0144 \u015brodowiskowych w zakresie EMC.<\/span><\/p>\n<p>[\/et_pb_toggle][et_pb_toggle title=&#8221;Systemy SCADA, HMI i DCS sterowania i wizualizacji maszyn&#8221; open_toggle_text_color=&#8221;#163f6d&#8221; closed_toggle_background_color=&#8221;#163f6d&#8221; _builder_version=&#8221;4.27.5&#8243; _module_preset=&#8221;default&#8221; title_text_color=&#8221;#FFFFFF&#8221; title_font=&#8221;|600||||on|||&#8221; title_font_size=&#8221;21px&#8221; border_radii=&#8221;on|15px|15px|15px|15px&#8221; global_colors_info=&#8221;{}&#8221;]<\/p>\n<p><span style=\"color: #000000;\">Realizujemy projekty w zakresie wizualizacji i monitorowania system\u00f3w z\u0142o\u017conych proces\u00f3w technologicznych na szerokim asortymencie oferty firmy Siemens, w oparciu o oprogramowanie WinCC oraz WinCC Flexible. Wykonujemy prace programistyczne w zakresie system\u00f3w procesowych, migracje system\u00f3w SCADA oraz wizualizacji HMI wraz z dostosowaniem maszyn do wymaga\u0144 bezpiecze\u0144stwa.<\/span><\/p>\n<p>[\/et_pb_toggle][et_pb_toggle title=&#8221;Bezpiecze\u0144stwo maszyn i proces\u00f3w &#8221; open_toggle_text_color=&#8221;#163f6d&#8221; closed_toggle_background_color=&#8221;#163f6d&#8221; _builder_version=&#8221;4.27.5&#8243; title_text_color=&#8221;#ffffff&#8221; title_font=&#8221;|600||||on|||&#8221; title_font_size=&#8221;21px&#8221; text_orientation=&#8221;left&#8221; border_radii=&#8221;on|15px|15px|15px|15px&#8221; border_color_all=&#8221;rgba(22,63,109,0.21)&#8221; box_shadow_style=&#8221;preset3&#8243; global_colors_info=&#8221;{}&#8221;]<\/p>\n<p><span style=\"color: #000000;\">Wykonujemy audyty bezpiecze\u0144stwa wsp\u00f3lnie z jednostk\u0105 notyfikowan\u0105. Na podstawie otrzymanego raportu realizujemy prace dostosowawcze: analiza ryzyka, projekt, dokumentacja, oprogramowanie, wizualizacja, ogrodzenia, bramy wej\u015bciowe, kurtyny bezpiecze\u0144stwa (pomiary czas\u00f3w dobiegu), skanery bezpiecze\u0144stwa, kolumny sygnalizacyjne i d\u017awi\u0119kowe. Po wykonaniu prac monta\u017cowo-uruchomieniowych odbywa si\u0119 powt\u00f3rny audyt, kt\u00f3ry okre\u015bla spe\u0142nienie wytycznych i je\u015bli wynik jest poprawny, pozwala na otrzymanie stosownego dokumentu z jednostki notyfikowanej.<\/span><\/p>\n<p>[\/et_pb_toggle][et_pb_toggle title=&#8221;Tworzenie i odtwarzanie dokumentacji elektrycznej i mechanicznej maszyn&#8221; open_toggle_text_color=&#8221;#163f6d&#8221; closed_toggle_background_color=&#8221;#163f6d&#8221; _builder_version=&#8221;4.27.5&#8243; title_text_color=&#8221;#ffffff&#8221; title_font=&#8221;|600||||on|||&#8221; title_font_size=&#8221;21px&#8221; text_orientation=&#8221;left&#8221; border_radii=&#8221;on|15px|15px|15px|15px&#8221; border_color_all=&#8221;rgba(22,63,109,0.21)&#8221; box_shadow_style=&#8221;preset3&#8243; global_colors_info=&#8221;{}&#8221;]<\/p>\n<p><span style=\"color: #000000;\">W naszej ofercie s\u0105 tak\u017ce us\u0142ugi pozwalaj\u0105ce na opracowanie nowej, przerysowanie istniej\u0105cej lub odtworzenie nieistniej\u0105cej dokumentacji elektrycznej lub mechanicznej. Potrafimy tak\u017ce opracowa\u0107 model wielowymiarowe oraz przeprowadzi\u0107 symulacj\u0119 pracy projektowanych rozwi\u0105za\u0144 przy za\u0142o\u017ceniu wymusze\u0144<\/span><\/p>\n<p>[\/et_pb_toggle][et_pb_toggle title=&#8221;Dystrybucja komponent\u00f3w automatyki i oprogramowania&#8221; open_toggle_text_color=&#8221;#163f6d&#8221; closed_toggle_background_color=&#8221;#163f6d&#8221; _builder_version=&#8221;4.27.5&#8243; title_text_color=&#8221;#ffffff&#8221; title_font=&#8221;|600||||on|||&#8221; title_font_size=&#8221;21px&#8221; text_orientation=&#8221;left&#8221; border_radii=&#8221;on|15px|15px|15px|15px&#8221; border_color_all=&#8221;rgba(22,63,109,0.21)&#8221; box_shadow_style=&#8221;preset3&#8243; global_colors_info=&#8221;{}&#8221;]<\/p>\n<p style=\"font-weight: 400;\"><span style=\"color: #000000;\">Na potrzeby w\u0142asnych projekt\u00f3w oraz na \u017cyczenie Kontrahent\u00f3w, dokonujemy kompletacji urz\u0105dze\u0144 automatyki do projekt\u00f3w. Opracowujemy zestawienia komponent\u00f3w oraz przeprowadzamy ich weryfikacj\u0119 pod k\u0105tem poprawno\u015bci oblicze\u0144 elektromechanicznych. Do dobranych przez nas warunk\u00f3w dostarczamy sprz\u0119t oraz oprogramowanie w zakresie zintegrowanej automatyki r\u00f3\u017cnych dostawc\u00f3w: EATON, ABB, AMK, BOSCH REXROTH, BECKHOFF, SEW, LENZE, Danfoss, SIEMENS oraz HHB, CODESYS.<\/span><\/p>\n<p style=\"font-weight: 400;\"><span style=\"color: #000000;\">Realizujemy regularn\u0105 sprzeda\u017c i dostawy komponent\u00f3w. Posiadamy dzia\u0142aj\u0105cy 24\/7 magazyn w\u0142asnych komponent\u00f3w, w tym przemiennik\u00f3w EATON. Jeste\u015bmy w stanie pomaga\u0107 ca\u0142odobowo i kompleksowo.<\/span><\/p>\n<p style=\"font-weight: 400;\"><span style=\"color: #000000;\">Na podstawie tak obszernej oferty, jeste\u015bmy w stanie podj\u0105\u0107 si\u0119 prawie ka\u017cdego zadania i zapewni\u0107 Pa\u0144stwu kompleksow\u0105 ofert\u0119 w zakresie projekt\u00f3w i ich realizacji, modernizacji, us\u0142ug, serwisu, doradztwa technicznego, dostawy sprz\u0119tu, oprogramowania oraz szkole\u0144 dedykowanych i autoryzowanych. Dla naszych Kontrahent\u00f3w, organizujemy cykliczne tematyczne warsztaty techniczne, na kt\u00f3re serdecznie zapraszamy.<\/span><\/p>\n<p style=\"font-weight: 400;\">[\/et_pb_toggle][\/et_pb_column][\/et_pb_row][\/et_pb_section]<\/p>\n","protected":false},"excerpt":{"rendered":"<p>Filary firmy SIMLOGIC. stanowi\u0105 nast\u0119puj\u0105ce kierunki dzia\u0142a\u0144:Wraz z do\u015bwiadczeniem zdobywanym podczas realizacji kolejnych aplikacji i projekt\u00f3w nauczyli\u015bmy si\u0119 wykonywa\u0107 zadania kompleksowo i odpowiedzialnie, spe\u0142niaj\u0105c oczekiwania Kontrahent\u00f3w. W realizacji projekt\u00f3w korzystamy z w\u0142asnej fachowej wiedzy, a tak\u017ce (w miar\u0119 potrzeb) do\u015bwiadcze\u0144 projektant\u00f3w, zewn\u0119trznych ekspert\u00f3w i specjalist\u00f3w oraz pracownik\u00f3w nauki.Programujemy maszyny i urz\u0105dzenia na bazie sterownik\u00f3w okre\u015blanych [&hellip;]<\/p>\n","protected":false},"author":5,"featured_media":0,"parent":0,"menu_order":0,"comment_status":"closed","ping_status":"closed","template":"","meta":{"_et_pb_use_builder":"on","_et_pb_old_content":"","_et_gb_content_width":"","footnotes":""},"class_list":["post-6472","page","type-page","status-publish","hentry"],"_links":{"self":[{"href":"https:\/\/simlogic.pl\/en\/wp-json\/wp\/v2\/pages\/6472","targetHints":{"allow":["GET"]}}],"collection":[{"href":"https:\/\/simlogic.pl\/en\/wp-json\/wp\/v2\/pages"}],"about":[{"href":"https:\/\/simlogic.pl\/en\/wp-json\/wp\/v2\/types\/page"}],"author":[{"embeddable":true,"href":"https:\/\/simlogic.pl\/en\/wp-json\/wp\/v2\/users\/5"}],"replies":[{"embeddable":true,"href":"https:\/\/simlogic.pl\/en\/wp-json\/wp\/v2\/comments?post=6472"}],"version-history":[{"count":7,"href":"https:\/\/simlogic.pl\/en\/wp-json\/wp\/v2\/pages\/6472\/revisions"}],"predecessor-version":[{"id":6724,"href":"https:\/\/simlogic.pl\/en\/wp-json\/wp\/v2\/pages\/6472\/revisions\/6724"}],"wp:attachment":[{"href":"https:\/\/simlogic.pl\/en\/wp-json\/wp\/v2\/media?parent=6472"}],"curies":[{"name":"wp","href":"https:\/\/api.w.org\/{rel}","templated":true}]}}