{"id":6489,"date":"2025-12-31T12:13:02","date_gmt":"2025-12-31T11:13:02","guid":{"rendered":"https:\/\/simlogic.pl\/?page_id=6489"},"modified":"2026-01-26T10:38:16","modified_gmt":"2026-01-26T09:38:16","slug":"przeglady-falownikow","status":"publish","type":"page","link":"https:\/\/simlogic.pl\/en\/przeglady-falownikow\/","title":{"rendered":"PRZEGL\u0104DY FALOWNIK\u00d3W"},"content":{"rendered":"<p>[et_pb_section fb_built=&#8221;1&#8243; theme_builder_area=&#8221;post_content&#8221; _builder_version=&#8221;4.27.5&#8243; _module_preset=&#8221;default&#8221;][et_pb_row make_equal=&#8221;on&#8221; _builder_version=&#8221;4.27.5&#8243; hover_enabled=&#8221;0&#8243; global_colors_info=&#8221;{}&#8221; theme_builder_area=&#8221;post_content&#8221; sticky_enabled=&#8221;0&#8243;][et_pb_column type=&#8221;4_4&#8243; _builder_version=&#8221;4.16&#8243; custom_padding=&#8221;|||&#8221; global_colors_info=&#8221;{}&#8221; custom_padding__hover=&#8221;|||&#8221; theme_builder_area=&#8221;post_content&#8221;][et_pb_text _builder_version=&#8221;4.27.5&#8243; text_font=&#8221;Lato||||||||&#8221; text_text_color=&#8221;rgba(22,63,109,0.21)&#8221; text_font_size=&#8221;90px&#8221; text_line_height=&#8221;0.2em&#8221; header_font=&#8221;||||||||&#8221; header_2_font=&#8221;Lato|700|||||||&#8221; header_2_font_size=&#8221;48px&#8221; header_2_line_height=&#8221;1.4em&#8221; custom_margin=&#8221;||30px||false&#8221; custom_margin_tablet=&#8221;||0px|&#8221; custom_margin_phone=&#8221;&#8221; custom_margin_last_edited=&#8221;on|tablet&#8221; custom_padding=&#8221;0px|||||&#8221; hover_enabled=&#8221;0&#8243; text_font_size_tablet=&#8221;80px&#8221; text_font_size_phone=&#8221;40px&#8221; text_font_size_last_edited=&#8221;on|phone&#8221; text_line_height_tablet=&#8221;&#8221; text_line_height_phone=&#8221;0.9em&#8221; text_line_height_last_edited=&#8221;on|phone&#8221; header_2_font_size_tablet=&#8221;&#8221; header_2_font_size_phone=&#8221;36px&#8221; header_2_font_size_last_edited=&#8221;on|phone&#8221; global_colors_info=&#8221;{}&#8221; theme_builder_area=&#8221;post_content&#8221; sticky_enabled=&#8221;0&#8243;]<\/p>\n<p>PRZEGL\u0104D FALOWNIK\u00d3W<\/p>\n<h2>Serwis, diagnostyka i naprawy<\/h2>\n<p>[\/et_pb_text][et_pb_text _builder_version=&#8221;4.27.5&#8243; text_font=&#8221;Open Sans||||||||&#8221; text_font_size=&#8221;16px&#8221; text_line_height=&#8221;1.8em&#8221; max_width_last_edited=&#8221;off|desktop&#8221; hover_enabled=&#8221;0&#8243; global_colors_info=&#8221;{}&#8221; theme_builder_area=&#8221;post_content&#8221; sticky_enabled=&#8221;0&#8243;]<\/p>\n<p><span style=\"color: #000000;\">Firma SIMLOGIC oferuje kompleksowe us\u0142ugi\u00a0<strong>serwisu, diagnostyki i naprawy falownik\u00f3w oraz system\u00f3w nap\u0119dowych firmy Siemens<\/strong>, w tym modeli Simovert, Micromaster, Simodrive, Sinamics i system\u00f3w Simotion. Poni\u017cej przedstawiono propozycj\u0119 struktury oferty, kt\u00f3r\u0105 mo\u017cna wykorzysta\u0107 do przygotowania dedykowanego dokumentu.<\/span><\/p>\n<p><span style=\"color: #000000;\"><strong>Zakres Us\u0142ug Serwisowych<\/strong><\/span><\/p>\n<p><span style=\"color: #000000;\">SIMLOGIC \u015bwiadczy szeroki zakres us\u0142ug zwi\u0105zanych z technik\u0105 nap\u0119dow\u0105, obejmuj\u0105cy zar\u00f3wno dzia\u0142ania prewencyjne (przegl\u0105dy), jak i interwencyjne (naprawy, diagnostyka).<\/span><\/p>\n<ul>\n<li><span style=\"color: #000000;\"><strong>Diagnostyka i Analiza Awarii<\/strong>: Precyzyjne zlokalizowanie usterki w falowniku lub systemie nap\u0119dowym.<\/span><\/li>\n<li><span style=\"color: #000000;\"><strong>Naprawy Pogwarancyjne<\/strong>: Naprawa uszkodzonych urz\u0105dze\u0144 z wykorzystaniem oryginalnych cz\u0119\u015bci zamiennych lub ich odpowiednik\u00f3w.<\/span><\/li>\n<li><span style=\"color: #000000;\"><strong>Przegl\u0105dy Okresowe i Konserwacja<\/strong>: Dzia\u0142ania maj\u0105ce na celu zapobieganie awariom, obejmuj\u0105ce czyszczenie, weryfikacj\u0119 parametr\u00f3w pracy, testy funkcjonalne oraz ewentualn\u0105 wymian\u0119 element\u00f3w eksploatacyjnych (np. wentylatory, kondensatory).<\/span><\/li>\n<li><span style=\"color: #000000;\"><strong>Opracowywanie Procedur Serwisowych<\/strong>: Tworzenie dedykowanych instrukcji diagnostycznych i serwisowych dla dzia\u0142\u00f3w utrzymania ruchu klienta.<\/span><\/li>\n<li><span style=\"color: #000000;\"><strong>Szybkie Dostawy Serwisowe<\/strong>: Dost\u0119p do magazynu cz\u0119\u015bci zamiennych oraz falownik\u00f3w do 250 kW, co minimalizuje czas przestoju.<\/span><\/li>\n<li><span style=\"color: #000000;\"><strong>Wsparcie 24\/7 i Hotline<\/strong>: Ca\u0142odobowa infolinia serwisowa oraz interwencje w zak\u0142adzie klienta (tel.\u00a0<strong>+48 696 626 627<\/strong>, email:\u00a0<strong>serwis@simlogic.pl<\/strong>).<\/span><\/li>\n<\/ul>\n<p><span style=\"color: #000000;\"><\/span><\/p>\n<p><span style=\"color: #000000;\"><strong>Obs\u0142ugiwane Typy Urz\u0105dze\u0144 Siemens<\/strong><\/span><\/p>\n<p><span style=\"color: #000000;\">Firma SIMLOGIC posiada do\u015bwiadczenie i autoryzacje w zakresie serwisu r\u00f3\u017cnych generacji urz\u0105dze\u0144 Siemens.<\/span><\/p>\n<ul>\n<li><span style=\"color: #000000;\"><strong>SINAMICS<\/strong>: Pe\u0142en zakres, w tym popularne serie\u00a0<strong>G<\/strong>\u00a0(np. G120) i\u00a0<strong>S<\/strong>\u00a0(np. S120).<\/span><\/li>\n<li><span style=\"color: #000000;\"><strong>SIMOVERT<\/strong>: Serwis falownik\u00f3w w wersjach\u00a0<strong>VC<\/strong>\u00a0i\u00a0<strong>MC<\/strong>.<\/span><\/li>\n<li><span style=\"color: #000000;\"><strong>MICROMASTER<\/strong>: Obs\u0142uga r\u00f3\u017cnych modeli, w tym cz\u0119sto spotykanych Micromaster 420\/440.<\/span><\/li>\n<li><span style=\"color: #000000;\"><strong>SIMODRIVE<\/strong>: Serwis system\u00f3w 611A i 611U.<\/span><\/li>\n<li><span style=\"color: #000000;\"><strong>SIMOTION<\/strong>: Diagnostyka i wsparcie dla system\u00f3w sterowania ruchem (Motion Control).<\/span><\/li>\n<\/ul>\n<p><span style=\"color: #000000;\"><\/span><\/p>\n<p><span style=\"color: #000000;\"><strong>Informacje Dodatkowe<\/strong><\/span><\/p>\n<p><span style=\"color: #000000;\">Opr\u00f3cz us\u0142ug serwisowych, SIMLOGIC oferuje r\u00f3wnie\u017c:<\/span><\/p>\n<ul>\n<li><span style=\"color: #000000;\"><strong>Szkolenia Techniczne<\/strong>: Dedykowane szkolenia z zakresu eksploatacji, programowania i diagnostyki system\u00f3w Siemens, dostosowane do potrzeb klienta.<\/span><\/li>\n<li><span style=\"color: #000000;\"><strong>Projekty i Aplikacje<\/strong>: Wsparcie w kompleksowej realizacji projekt\u00f3w z zakresu automatyki przemys\u0142owej, w tym modernizacje i integracje system\u00f3w nap\u0119dowych.<\/span><\/li>\n<li><span style=\"color: #000000;\"><strong>Audyty<\/strong>: Przeprowadzanie audyt\u00f3w instalacji i system\u00f3w w celu optymalizacji pracy i zwi\u0119kszenia niezawodno\u015bci.<\/span><\/li>\n<\/ul>\n<p><span style=\"color: #000000;\">Aby uzyska\u0107 szczeg\u00f3\u0142ow\u0105, wi\u0105\u017c\u0105c\u0105 ofert\u0119 cenow\u0105, klient powinien skontaktowa\u0107 si\u0119 bezpo\u015brednio z dzia\u0142em serwisowym SIMLOGIC poprzez e-mail\u00a0<strong>serwis@simlogic.pl<\/strong>\u00a0i poda\u0107 szczeg\u00f3\u0142y dotycz\u0105ce urz\u0105dze\u0144 i oczekiwanego zakresu us\u0142ug.<\/span><\/p>\n<p>[\/et_pb_text][\/et_pb_column][\/et_pb_row][\/et_pb_section]<\/p>\n","protected":false},"excerpt":{"rendered":"<p>PRZEGL\u0104D FALOWNIK\u00d3W Serwis, diagnostyka i naprawyFirma SIMLOGIC oferuje kompleksowe us\u0142ugi\u00a0serwisu, diagnostyki i naprawy falownik\u00f3w oraz system\u00f3w nap\u0119dowych firmy Siemens, w tym modeli Simovert, Micromaster, Simodrive, Sinamics i system\u00f3w Simotion. Poni\u017cej przedstawiono propozycj\u0119 struktury oferty, kt\u00f3r\u0105 mo\u017cna wykorzysta\u0107 do przygotowania dedykowanego dokumentu. Zakres Us\u0142ug Serwisowych SIMLOGIC \u015bwiadczy szeroki zakres us\u0142ug zwi\u0105zanych z technik\u0105 nap\u0119dow\u0105, obejmuj\u0105cy zar\u00f3wno [&hellip;]<\/p>\n","protected":false},"author":5,"featured_media":0,"parent":0,"menu_order":0,"comment_status":"closed","ping_status":"closed","template":"","meta":{"_et_pb_use_builder":"on","_et_pb_old_content":"<!-- wp:divi\/placeholder \/-->","_et_gb_content_width":"","footnotes":""},"class_list":["post-6489","page","type-page","status-publish","hentry"],"_links":{"self":[{"href":"https:\/\/simlogic.pl\/en\/wp-json\/wp\/v2\/pages\/6489","targetHints":{"allow":["GET"]}}],"collection":[{"href":"https:\/\/simlogic.pl\/en\/wp-json\/wp\/v2\/pages"}],"about":[{"href":"https:\/\/simlogic.pl\/en\/wp-json\/wp\/v2\/types\/page"}],"author":[{"embeddable":true,"href":"https:\/\/simlogic.pl\/en\/wp-json\/wp\/v2\/users\/5"}],"replies":[{"embeddable":true,"href":"https:\/\/simlogic.pl\/en\/wp-json\/wp\/v2\/comments?post=6489"}],"version-history":[{"count":3,"href":"https:\/\/simlogic.pl\/en\/wp-json\/wp\/v2\/pages\/6489\/revisions"}],"predecessor-version":[{"id":6824,"href":"https:\/\/simlogic.pl\/en\/wp-json\/wp\/v2\/pages\/6489\/revisions\/6824"}],"wp:attachment":[{"href":"https:\/\/simlogic.pl\/en\/wp-json\/wp\/v2\/media?parent=6489"}],"curies":[{"name":"wp","href":"https:\/\/api.w.org\/{rel}","templated":true}]}}