{"id":6513,"date":"2025-12-31T13:16:24","date_gmt":"2025-12-31T12:16:24","guid":{"rendered":"https:\/\/simlogic.pl\/?page_id=6513"},"modified":"2026-01-21T12:58:42","modified_gmt":"2026-01-21T11:58:42","slug":"systemy-motion-control","status":"publish","type":"page","link":"https:\/\/simlogic.pl\/en\/systemy-motion-control\/","title":{"rendered":"SYSTEMY MOTION CONTROL"},"content":{"rendered":"<p>[et_pb_section fb_built=&#8221;1&#8243; theme_builder_area=&#8221;post_content&#8221; _builder_version=&#8221;4.27.5&#8243; _module_preset=&#8221;default&#8221;][et_pb_row make_equal=&#8221;on&#8221; _builder_version=&#8221;4.16&#8243; global_colors_info=&#8221;{}&#8221; theme_builder_area=&#8221;post_content&#8221;][et_pb_column type=&#8221;4_4&#8243; _builder_version=&#8221;4.16&#8243; custom_padding=&#8221;|||&#8221; global_colors_info=&#8221;{}&#8221; custom_padding__hover=&#8221;|||&#8221; theme_builder_area=&#8221;post_content&#8221;][et_pb_text _builder_version=&#8221;4.27.5&#8243; text_font=&#8221;Lato||||||||&#8221; text_text_color=&#8221;rgba(22,63,109,0.21)&#8221; text_font_size=&#8221;90px&#8221; text_line_height=&#8221;0.2em&#8221; header_font=&#8221;||||||||&#8221; header_2_font=&#8221;Lato|700|||||||&#8221; header_2_font_size=&#8221;48px&#8221; header_2_line_height=&#8221;1.4em&#8221; custom_margin=&#8221;||30px||false&#8221; custom_margin_tablet=&#8221;||0px|&#8221; custom_margin_phone=&#8221;&#8221; custom_margin_last_edited=&#8221;on|tablet&#8221; custom_padding=&#8221;0px|||||&#8221; hover_enabled=&#8221;0&#8243; text_font_size_tablet=&#8221;80px&#8221; text_font_size_phone=&#8221;40px&#8221; text_font_size_last_edited=&#8221;on|phone&#8221; text_line_height_tablet=&#8221;&#8221; text_line_height_phone=&#8221;0.9em&#8221; text_line_height_last_edited=&#8221;on|phone&#8221; header_2_font_size_tablet=&#8221;&#8221; header_2_font_size_phone=&#8221;36px&#8221; header_2_font_size_last_edited=&#8221;on|phone&#8221; global_colors_info=&#8221;{}&#8221; theme_builder_area=&#8221;post_content&#8221; sticky_enabled=&#8221;0&#8243;]<\/p>\n<p><strong>Motion Control<\/strong><\/p>\n<h2>Programowanie Zaawansowanych System\u00f3w\u00a0<\/h2>\n<p>[\/et_pb_text][et_pb_text _builder_version=&#8221;4.27.5&#8243; text_font=&#8221;Open Sans||||||||&#8221; text_font_size=&#8221;16px&#8221; text_line_height=&#8221;1.8em&#8221; max_width_last_edited=&#8221;off|desktop&#8221; hover_enabled=&#8221;0&#8243; global_colors_info=&#8221;{}&#8221; theme_builder_area=&#8221;post_content&#8221; sticky_enabled=&#8221;0&#8243;]<\/p>\n<p><span style=\"color: #000000;\"><strong>Specjalizacja: Wieloosiowe Uk\u0142ady Nap\u0119dowe SIEMENS oraz \u015arodowisko CODESYS<\/strong><\/span><\/p>\n<p><span style=\"color: #000000;\"><strong>O us\u0142udze<\/strong><\/span><\/p>\n<p><span style=\"color: #000000;\">Oferujemy specjalistyczne us\u0142ugi w zakresie projektowania, wdra\u017cania i optymalizacji system\u00f3w sterowania ruchem. W dobie Rozporz\u0105dzenia Maszynowego (UE) 2023\/1230, nasze rozwi\u0105zania Motion Control \u0142\u0105cz\u0105 najwy\u017csz\u0105 dynamik\u0119 pracy z rygorystycznymi wymogami bezpiecze\u0144stwa funkcjonalnego i cyfrowego.<\/span><\/p>\n<p><span style=\"color: #000000;\"><\/span><\/p>\n<p><span style=\"color: #000000;\"><strong>Zakres specjalizacji:<\/strong><\/span><\/p>\n<ol>\n<li><span style=\"color: #000000;\"><strong> Ekosystem SIEMENS (SINAMICS &amp; SIMATIC Motion)<\/strong><\/span><\/li>\n<\/ol>\n<ul>\n<li><span style=\"color: #000000;\"><strong>Technologia T-CPU:<\/strong>\u00a0Programowanie zaawansowanych sterownik\u00f3w SIMATIC S7-1500T\/TF w \u015brodowisku TIA Portal (v14-v21).<\/span><\/li>\n<li><span style=\"color: #000000;\"><strong>Konfiguracja Nap\u0119d\u00f3w:<\/strong>\u00a0Pe\u0142ne wdro\u017cenie nap\u0119d\u00f3w serii SINAMICS S120, S210 oraz V90.<\/span><\/li>\n<li><span style=\"color: #000000;\"><strong>Funkcje Zaawansowane:<\/strong>\u00a0Implementacja synchronizacji osi (Gearing), krzywek elektronicznych (Camming), kinematyki (roboty Delta, SCARA) oraz funkcji Cross-PLC Synchronous Operation.<\/span><\/li>\n<li><span style=\"color: #000000;\"><strong>Safety Integrated:<\/strong>\u00a0Konfiguracja funkcji bezpiecze\u0144stwa ruchu (STO, SS1, SOS, SLS, SLP) bezpo\u015brednio w nap\u0119dach i sterowniku.<\/span><\/li>\n<\/ul>\n<ol start=\"2\">\n<li><span style=\"color: #000000;\"><strong> Systemy oparte na CODESYS (SoftMotion)<\/strong><\/span><\/li>\n<\/ol>\n<ul>\n<li><span style=\"color: #000000;\"><strong>Uniwersalno\u015b\u0107:<\/strong>\u00a0Programowanie sterownik\u00f3w PLC z modu\u0142ami SoftMotion (m.in. WAGO, Beckhoff, Schneider Electric, Parker, Rexroth).<\/span><\/li>\n<li><span style=\"color: #000000;\"><strong>Integracja Fieldbus:<\/strong>\u00a0Konfiguracja komunikacji czasu rzeczywistego EtherCAT (CoE), PROFINET IRT oraz CANopen (CiA 402).<\/span><\/li>\n<li><span style=\"color: #000000;\"><strong>Standard PLCopen:<\/strong>\u00a0Tworzenie kodu w oparciu o standardowe bloki funkcyjne PLCopen Motion Control, co zapewnia przenaszalno\u015b\u0107 i klarowno\u015b\u0107 algorytm\u00f3w.<\/span><\/li>\n<\/ul>\n<ol start=\"3\">\n<li><span style=\"color: #000000;\"><strong> Diagnostyka, Optymalizacja i Troubleshooting<\/strong><\/span><\/li>\n<\/ol>\n<ul>\n<li><span style=\"color: #000000;\"><strong>Tuning serwonap\u0119d\u00f3w:<\/strong>\u00a0Precyzyjny dob\u00f3r nastaw regulator\u00f3w (Current, Speed, Position Loop) w celu eliminacji oscylacji i skr\u00f3cenia czasu cyklu.<\/span><\/li>\n<li><span style=\"color: #000000;\"><strong>Analiza Trace:<\/strong>\u00a0Wykorzystanie narz\u0119dzi oscyloskopowych do monitorowania pracy osi w czasie rzeczywistym i wykrywania mikrousterek mechanicznych.<\/span><\/li>\n<li><span style=\"color: #000000;\"><strong>Modernizacja (Retrofit):<\/strong>\u00a0Zast\u0119powanie przestarza\u0142ych uk\u0142ad\u00f3w serwo nowoczesnymi systemami sterowania ruchem z zachowaniem dotychczasowej mechaniki.<\/span><\/li>\n<\/ul>\n<p><span style=\"color: #000000;\"><strong>Dlaczego nasze podej\u015bcie jest unikalne? (Standard 2026)<\/strong><\/span><\/p>\n<ul>\n<li><span style=\"color: #000000;\"><strong>Bezpiecze\u0144stwo zgodne z Rozporz\u0105dzeniem 2023\/1230:<\/strong>\u00a0Projektujemy uk\u0142ady Motion Control uwzgl\u0119dniaj\u0105c ochron\u0119 przed nieautoryzowanym dost\u0119pem (Cybersecurity), zapobiegaj\u0105c zdalnej ingerencji w trajektori\u0119 ruchu maszyn.<\/span><\/li>\n<li><span style=\"color: #000000;\"><strong>Digital Twin:<\/strong>\u00a0Mo\u017cliwo\u015b\u0107 symulacji ruchu osi w \u015brodowisku wirtualnym (np. S7-PLCSIM Advanced) przed fizycznym uruchomieniem, co minimalizuje ryzyko kolizji i skraca czas wdro\u017cenia u klienta.<\/span><\/li>\n<li><span style=\"color: #000000;\"><strong>Efektywno\u015b\u0107 Energetyczna:<\/strong>\u00a0Optymalizacja profili ruchu w celu odzysku energii i zmniejszenia szczytowego poboru mocy, wspieraj\u0105c cele ESG Pa\u0144stwa firmy.<\/span><\/li>\n<\/ul>\n<p>[\/et_pb_text][\/et_pb_column][\/et_pb_row][et_pb_row _builder_version=&#8221;4.27.5&#8243; _module_preset=&#8221;default&#8221; theme_builder_area=&#8221;post_content&#8221;][et_pb_column _builder_version=&#8221;4.27.5&#8243; _module_preset=&#8221;default&#8221; type=&#8221;4_4&#8243; theme_builder_area=&#8221;post_content&#8221;][et_pb_text _builder_version=&#8221;4.27.5&#8243; _module_preset=&#8221;default&#8221; theme_builder_area=&#8221;post_content&#8221; hover_enabled=&#8221;0&#8243; sticky_enabled=&#8221;0&#8243;]<\/p>\n<p><em>Niniejszy materia\u0142 pe\u0142ni rol\u0119 propozycji wsp\u00f3\u0142pracy i nie stanowi oferty w rozumieniu przepis\u00f3w Kodeksu Cywilnego. Ze wzgl\u0119du na krytyczny charakter system\u00f3w Motion Control dla bezpiecze\u0144stwa operator\u00f3w, ka\u017cda realizacja poprzedzona jest audytem bezpiecze\u0144stwa i aktualn\u0105 ocen\u0105 ryzyka zgodnie z wytycznymi Rozporz\u0105dzenia (UE) 2023\/1230. Wykonawca nie bierze odpowiedzialno\u015bci za usterki wynikaj\u0105ce z wad mechanicznych maszyn lub b\u0142\u0119dnego doboru podzespo\u0142\u00f3w przez podmioty trzecie przed przyst\u0105pieniem do prac programistycznych.<\/em><\/p>\n<p>[\/et_pb_text][\/et_pb_column][\/et_pb_row][\/et_pb_section]<\/p>\n","protected":false},"excerpt":{"rendered":"<p>Motion Control Programowanie Zaawansowanych System\u00f3w\u00a0Specjalizacja: Wieloosiowe Uk\u0142ady Nap\u0119dowe SIEMENS oraz \u015arodowisko CODESYS O us\u0142udze Oferujemy specjalistyczne us\u0142ugi w zakresie projektowania, wdra\u017cania i optymalizacji system\u00f3w sterowania ruchem. W dobie Rozporz\u0105dzenia Maszynowego (UE) 2023\/1230, nasze rozwi\u0105zania Motion Control \u0142\u0105cz\u0105 najwy\u017csz\u0105 dynamik\u0119 pracy z rygorystycznymi wymogami bezpiecze\u0144stwa funkcjonalnego i cyfrowego. Zakres specjalizacji: Ekosystem SIEMENS (SINAMICS &amp; SIMATIC Motion) [&hellip;]<\/p>\n","protected":false},"author":5,"featured_media":0,"parent":0,"menu_order":0,"comment_status":"closed","ping_status":"closed","template":"","meta":{"_et_pb_use_builder":"on","_et_pb_old_content":"<!-- wp:divi\/placeholder \/-->","_et_gb_content_width":"","footnotes":""},"class_list":["post-6513","page","type-page","status-publish","hentry"],"_links":{"self":[{"href":"https:\/\/simlogic.pl\/en\/wp-json\/wp\/v2\/pages\/6513","targetHints":{"allow":["GET"]}}],"collection":[{"href":"https:\/\/simlogic.pl\/en\/wp-json\/wp\/v2\/pages"}],"about":[{"href":"https:\/\/simlogic.pl\/en\/wp-json\/wp\/v2\/types\/page"}],"author":[{"embeddable":true,"href":"https:\/\/simlogic.pl\/en\/wp-json\/wp\/v2\/users\/5"}],"replies":[{"embeddable":true,"href":"https:\/\/simlogic.pl\/en\/wp-json\/wp\/v2\/comments?post=6513"}],"version-history":[{"count":3,"href":"https:\/\/simlogic.pl\/en\/wp-json\/wp\/v2\/pages\/6513\/revisions"}],"predecessor-version":[{"id":6762,"href":"https:\/\/simlogic.pl\/en\/wp-json\/wp\/v2\/pages\/6513\/revisions\/6762"}],"wp:attachment":[{"href":"https:\/\/simlogic.pl\/en\/wp-json\/wp\/v2\/media?parent=6513"}],"curies":[{"name":"wp","href":"https:\/\/api.w.org\/{rel}","templated":true}]}}