{"id":6517,"date":"2025-12-31T13:19:29","date_gmt":"2025-12-31T12:19:29","guid":{"rendered":"https:\/\/simlogic.pl\/?page_id=6517"},"modified":"2026-01-14T10:12:22","modified_gmt":"2026-01-14T09:12:22","slug":"dyrektywa-budynkowa","status":"publish","type":"page","link":"https:\/\/simlogic.pl\/en\/dyrektywa-budynkowa\/","title":{"rendered":"DYREKTYWA BUDYNKOWA"},"content":{"rendered":"<p>[et_pb_section fb_built=&#8221;1&#8243; _builder_version=&#8221;4.27.5&#8243; _module_preset=&#8221;default&#8221; global_colors_info=&#8221;{}&#8221;][et_pb_row make_equal=&#8221;on&#8221; _builder_version=&#8221;4.16&#8243; global_colors_info=&#8221;{}&#8221;][et_pb_column type=&#8221;4_4&#8243; _builder_version=&#8221;4.16&#8243; custom_padding=&#8221;|||&#8221; global_colors_info=&#8221;{}&#8221; custom_padding__hover=&#8221;|||&#8221;][et_pb_text _builder_version=&#8221;4.27.5&#8243; text_font=&#8221;Lato||||||||&#8221; text_text_color=&#8221;rgba(22,63,109,0.21)&#8221; text_font_size=&#8221;90px&#8221; text_line_height=&#8221;0.2em&#8221; header_font=&#8221;||||||||&#8221; header_2_font=&#8221;Lato|700|||||||&#8221; header_2_font_size=&#8221;48px&#8221; header_2_line_height=&#8221;1.4em&#8221; custom_margin=&#8221;||30px||false&#8221; custom_margin_tablet=&#8221;||0px|&#8221; custom_margin_phone=&#8221;&#8221; custom_margin_last_edited=&#8221;on|tablet&#8221; custom_padding=&#8221;0px|||||&#8221; text_font_size_tablet=&#8221;80px&#8221; text_font_size_phone=&#8221;40px&#8221; text_font_size_last_edited=&#8221;on|phone&#8221; text_line_height_tablet=&#8221;&#8221; text_line_height_phone=&#8221;0.9em&#8221; text_line_height_last_edited=&#8221;on|phone&#8221; header_2_font_size_tablet=&#8221;&#8221; header_2_font_size_phone=&#8221;36px&#8221; header_2_font_size_last_edited=&#8221;on|phone&#8221; global_colors_info=&#8221;{}&#8221;]<\/p>\n<p>DYREKTYWA BUDYNKOWA<\/p>\n<h2>Dyrektywa budynkowa<\/h2>\n<p>[\/et_pb_text][\/et_pb_column][\/et_pb_row][et_pb_row _builder_version=&#8221;4.27.5&#8243; _module_preset=&#8221;default&#8221; global_colors_info=&#8221;{}&#8221;][et_pb_column type=&#8221;4_4&#8243; _builder_version=&#8221;4.27.5&#8243; _module_preset=&#8221;default&#8221; global_colors_info=&#8221;{}&#8221;][et_pb_text _builder_version=&#8221;4.27.5&#8243; _module_preset=&#8221;default&#8221; hover_enabled=&#8221;0&#8243; global_colors_info=&#8221;{}&#8221; sticky_enabled=&#8221;0&#8243;]<\/p>\n<p><span style=\"color: #000000;\">Dyrektywa\u00a0<strong>EPBD (EU 2024\/1275)<\/strong>, po nowelizacji z 2024 roku, stanowi fundament strategii &#8222;Fala Renowacji&#8221;. Jej g\u0142\u00f3wnym celem w 2026 roku jest pe\u0142ne wdro\u017cenie nowych przepis\u00f3w do polskiego porz\u0105dku prawnego (transpozycja do\u00a0<strong>29 maja 2026 r.<\/strong>).\u00a0<\/span><\/p>\n<p><span style=\"color: #000000; font-size: large;\"><strong>Podej\u015bcie og\u00f3lne: Cel 2050<\/strong><\/span><\/p>\n<p><span style=\"color: #000000;\">Dyrektywa zak\u0142ada, \u017ce do\u00a0<strong>2050 roku<\/strong>\u00a0zasoby budowlane w UE stan\u0105 si\u0119 ca\u0142kowicie bez emisyjne i zneutralizowane pod wzgl\u0119dem emisji dwutlenku w\u0119gla. Budynki odpowiadaj\u0105 za ok. 40% zu\u017cycia energii w UE, dlatego nacisk k\u0142adzie si\u0119 na popraw\u0119 efektywno\u015bci energetycznej (izolacja, okna) oraz zmian\u0119 \u017ar\u00f3de\u0142 ciep\u0142a.\u00a0<\/span><\/p>\n<p><span style=\"color: #000000; font-size: large;\"><strong>Najwa\u017cniejsze punkty (obowi\u0105zki od 2026 r. i p\u00f3\u017aniej)<\/strong><\/span><\/p>\n<p><span style=\"color: #000000;\"><strong>1. Standardy Bezemisyjne (ZEB):<\/strong><\/span><\/p>\n<ul>\n<li style=\"list-style-type: none;\">\n<ul>\n<li><span style=\"color: #000000;\">Od\u00a0<strong>2028 r.<\/strong>\u00a0\u2013 nowe budynki publiczne musz\u0105 by\u0107 zeroemisyjne.<\/span><\/li>\n<li><span style=\"color: #000000;\">Od\u00a0<strong>2030 r.<\/strong> \u2013 standard ZEB obejmie wszystkie nowe budynki prywatne.<\/span><\/li>\n<\/ul>\n<\/li>\n<\/ul>\n<p><span style=\"color: #000000; font-size: large;\"><strong>2. Minimalne Normy Charakterystyki Energetycznej (MEPS):<\/strong><\/span><\/p>\n<ul>\n<li style=\"list-style-type: none;\">\n<ul>\n<li style=\"list-style-type: none;\">\n<ul>\n<li><span style=\"color: #000000;\"><strong>Budynki niemieszkalne:<\/strong>\u00a0Do 2030 r. nale\u017cy wyremontowa\u0107 16% budynk\u00f3w o najgorszej charakterystyce, a do 2033 r. \u2013 26%.<\/span><\/li>\n<li><span style=\"color: #000000;\"><strong>Budynki mieszkalne:<\/strong> Kraje musz\u0105 opracowa\u0107 krajowe \u015bcie\u017cki renowacji, by do 2030 r. zredukowa\u0107 \u015brednie zu\u017cycie energii pierwotnej o 16%, a do 2035 r. o 20\u201322%.<\/span><\/li>\n<\/ul>\n<\/li>\n<\/ul>\n<\/li>\n<\/ul>\n<p><span style=\"font-size: large; color: #000000;\"><strong>3. Energia s\u0142oneczna:<\/strong><\/span><span style=\"font-size: 15px; color: #000000;\">\u00a0Od 2026 r. instalacje s\u0142oneczne (fotowoltaika) staj\u0105 si\u0119 obowi\u0105zkowe dla nowych budynk\u00f3w publicznych i niemieszkalnych o powierzchni powy\u017cej 250 m\u00b2.<\/span><\/p>\n<p><span style=\"color: #000000;\"><span style=\"font-size: large;\"><strong>4. Koniec kot\u0142\u00f3w na paliwa kopalne:<\/strong>\u00a0<\/span>Od 2025 r. obowi\u0105zuje zakaz dotowania samodzielnych kot\u0142\u00f3w gazowych czy w\u0119glowych (np. w programach typu &#8222;Czyste Powietrze&#8221;). Ca\u0142kowite wycofanie takich system\u00f3w planowane jest do 2040 r..\u00a0<\/span><\/p>\n<p><span style=\"color: #000000; font-size: large;\"><strong>Zmiany w dzia\u0142aniu i nowe narz\u0119dzia<\/strong><\/span><\/p>\n<p><span style=\"color: #000000;\"><strong>1. \u015awiadectwa 2.0:<\/strong>\u00a0Od 2026 r. \u015bwiadectwa charakterystyki energetycznej b\u0119d\u0105 oparte na ujednoliconej skali\u00a0<strong>A\u2013G<\/strong>, gdzie klasa A oznacza budynek bezemisyjny.<\/span><\/p>\n<p><span style=\"color: #000000;\"><strong>2. \u015alad w\u0119glowy (GWP):<\/strong>\u00a0Po raz pierwszy wprowadza si\u0119 obowi\u0105zek obliczania wsp\u00f3\u0142czynnika globalnego ocieplenia (GWP) w ca\u0142ym cyklu \u017cycia budynku (produkcja materia\u0142\u00f3w, budowa, u\u017cytkowanie, rozbi\u00f3rka).<\/span><\/p>\n<p><span style=\"color: #000000;\"><strong>3. Paszporty renowacji:<\/strong>\u00a0Wprowadzenie cyfrowych paszport\u00f3w, kt\u00f3re u\u0142atwi\u0105 planowanie etapowej, g\u0142\u0119bokiej modernizacji budynk\u00f3w.<\/span><\/p>\n<p><span style=\"color: #000000;\"><strong>4. Inteligentna automatyka:<\/strong>\u00a0Obowi\u0105zek stosowania system\u00f3w\u00a0<strong>BACS<\/strong>\u00a0i\u00a0<strong>BMS<\/strong>\u00a0w budynkach o du\u017cej mocy system\u00f3w HVAC (powy\u017cej 290 kW), co ma umo\u017cliwi\u0107 aktywne zarz\u0105dzanie zu\u017cyciem energii.\u00a0<\/span><\/p>\n<p>[\/et_pb_text][\/et_pb_column][\/et_pb_row][et_pb_row _builder_version=&#8221;4.27.5&#8243; _module_preset=&#8221;default&#8221;][et_pb_column _builder_version=&#8221;4.27.5&#8243; _module_preset=&#8221;default&#8221; type=&#8221;4_4&#8243;][et_pb_text _builder_version=&#8221;4.27.5&#8243; _module_preset=&#8221;default&#8221; hover_enabled=&#8221;0&#8243; sticky_enabled=&#8221;0&#8243;]<\/p>\n<p><em>Materia\u0142 ma charakter informacyjny. Od 29 maja 2026 r. wi\u0105\u017c\u0105ce b\u0119d\u0105 konkretne zapisy znowelizowanych polskich ustaw (m.in. Prawa budowlanego), kt\u00f3re doprecyzuj\u0105 te wymogi unijne.<\/em><\/p>\n<p>[\/et_pb_text][\/et_pb_column][\/et_pb_row][et_pb_row _builder_version=&#8221;4.27.5&#8243; _module_preset=&#8221;default&#8221;][et_pb_column _builder_version=&#8221;4.27.5&#8243; _module_preset=&#8221;default&#8221; type=&#8221;4_4&#8243;][et_pb_text _builder_version=&#8221;4.27.5&#8243; _module_preset=&#8221;default&#8221; hover_enabled=&#8221;0&#8243; sticky_enabled=&#8221;0&#8243;]<\/p>\n<p><em>\u201eNiniejszy materia\u0142 ma charakter wy\u0142\u0105cznie informacyjny i edukacyjny oraz nie stanowi porady prawnej, technicznej ani opinii projektowej. Mimo do\u0142o\u017cenia wszelkich stara\u0144, aby dane by\u0142y aktualne i zgodne ze stanem prawnym na rok 2026, autor nie ponosi odpowiedzialno\u015bci za jakiekolwiek skutki decyzji podj\u0119tych na podstawie powy\u017cszych tre\u015bci. Przed podj\u0119ciem dzia\u0142a\u0144 inwestycyjnych lub projektowych nale\u017cy ka\u017cdorazowo zweryfikowa\u0107 aktualne brzmienie przepis\u00f3w w oficjalnych \u017ar\u00f3d\u0142ach (np. Dziennik Urz\u0119dowy UE, ISAP) oraz skonsultowa\u0107 si\u0119 z uprawnionym ekspertem.\u201d<\/em><\/p>\n<p>[\/et_pb_text][\/et_pb_column][\/et_pb_row][\/et_pb_section]<\/p>\n","protected":false},"excerpt":{"rendered":"<p>DYREKTYWA BUDYNKOWA Dyrektywa budynkowaDyrektywa\u00a0EPBD (EU 2024\/1275), po nowelizacji z 2024 roku, stanowi fundament strategii &#8222;Fala Renowacji&#8221;. Jej g\u0142\u00f3wnym celem w 2026 roku jest pe\u0142ne wdro\u017cenie nowych przepis\u00f3w do polskiego porz\u0105dku prawnego (transpozycja do\u00a029 maja 2026 r.).\u00a0 Podej\u015bcie og\u00f3lne: Cel 2050 Dyrektywa zak\u0142ada, \u017ce do\u00a02050 roku\u00a0zasoby budowlane w UE stan\u0105 si\u0119 ca\u0142kowicie bez emisyjne i zneutralizowane [&hellip;]<\/p>\n","protected":false},"author":5,"featured_media":0,"parent":0,"menu_order":0,"comment_status":"closed","ping_status":"closed","template":"","meta":{"_et_pb_use_builder":"on","_et_pb_old_content":"","_et_gb_content_width":"","footnotes":""},"class_list":["post-6517","page","type-page","status-publish","hentry"],"_links":{"self":[{"href":"https:\/\/simlogic.pl\/en\/wp-json\/wp\/v2\/pages\/6517","targetHints":{"allow":["GET"]}}],"collection":[{"href":"https:\/\/simlogic.pl\/en\/wp-json\/wp\/v2\/pages"}],"about":[{"href":"https:\/\/simlogic.pl\/en\/wp-json\/wp\/v2\/types\/page"}],"author":[{"embeddable":true,"href":"https:\/\/simlogic.pl\/en\/wp-json\/wp\/v2\/users\/5"}],"replies":[{"embeddable":true,"href":"https:\/\/simlogic.pl\/en\/wp-json\/wp\/v2\/comments?post=6517"}],"version-history":[{"count":8,"href":"https:\/\/simlogic.pl\/en\/wp-json\/wp\/v2\/pages\/6517\/revisions"}],"predecessor-version":[{"id":6738,"href":"https:\/\/simlogic.pl\/en\/wp-json\/wp\/v2\/pages\/6517\/revisions\/6738"}],"wp:attachment":[{"href":"https:\/\/simlogic.pl\/en\/wp-json\/wp\/v2\/media?parent=6517"}],"curies":[{"name":"wp","href":"https:\/\/api.w.org\/{rel}","templated":true}]}}