{"id":6621,"date":"2026-01-09T10:54:45","date_gmt":"2026-01-09T09:54:45","guid":{"rendered":"https:\/\/simlogic.pl\/?page_id=6621"},"modified":"2026-01-21T15:19:19","modified_gmt":"2026-01-21T14:19:19","slug":"wizualizacja","status":"publish","type":"page","link":"https:\/\/simlogic.pl\/en\/wizualizacja\/","title":{"rendered":"WIZUALIZACJA"},"content":{"rendered":"[et_pb_section fb_built=&#8221;1&#8243; admin_label=&#8221;section&#8221; _builder_version=&#8221;4.16&#8243; global_colors_info=&#8221;{}&#8221;][et_pb_row admin_label=&#8221;row&#8221; _builder_version=&#8221;4.16&#8243; background_size=&#8221;initial&#8221; background_position=&#8221;top_left&#8221; background_repeat=&#8221;repeat&#8221; global_colors_info=&#8221;{}&#8221;][et_pb_column type=&#8221;4_4&#8243; _builder_version=&#8221;4.16&#8243; custom_padding=&#8221;|||&#8221; global_colors_info=&#8221;{}&#8221; custom_padding__hover=&#8221;|||&#8221;][et_pb_text admin_label=&#8221;Text&#8221; _builder_version=&#8221;4.16&#8243; background_size=&#8221;initial&#8221; background_position=&#8221;top_left&#8221; background_repeat=&#8221;repeat&#8221; global_colors_info=&#8221;{}&#8221;][\/et_pb_text][\/et_pb_column][\/et_pb_row][et_pb_row make_equal=&#8221;on&#8221; _builder_version=&#8221;4.16&#8243; global_colors_info=&#8221;{}&#8221; theme_builder_area=&#8221;post_content&#8221;][et_pb_column type=&#8221;4_4&#8243; _builder_version=&#8221;4.16&#8243; custom_padding=&#8221;|||&#8221; global_colors_info=&#8221;{}&#8221; custom_padding__hover=&#8221;|||&#8221; theme_builder_area=&#8221;post_content&#8221;][et_pb_text _builder_version=&#8221;4.27.5&#8243; text_font=&#8221;Lato||||||||&#8221; text_text_color=&#8221;rgba(22,63,109,0.21)&#8221; text_font_size=&#8221;90px&#8221; text_line_height=&#8221;0.2em&#8221; header_font=&#8221;||||||||&#8221; header_2_font=&#8221;Lato|700|||||||&#8221; header_2_font_size=&#8221;48px&#8221; header_2_line_height=&#8221;1.4em&#8221; custom_margin=&#8221;||30px||false&#8221; custom_margin_tablet=&#8221;||0px|&#8221; custom_margin_phone=&#8221;&#8221; custom_margin_last_edited=&#8221;on|tablet&#8221; custom_padding=&#8221;0px|||||&#8221; hover_enabled=&#8221;0&#8243; text_font_size_tablet=&#8221;80px&#8221; text_font_size_phone=&#8221;40px&#8221; text_font_size_last_edited=&#8221;on|phone&#8221; text_line_height_tablet=&#8221;&#8221; text_line_height_phone=&#8221;0.9em&#8221; text_line_height_last_edited=&#8221;on|phone&#8221; header_2_font_size_tablet=&#8221;&#8221; header_2_font_size_phone=&#8221;36px&#8221; header_2_font_size_last_edited=&#8221;on|phone&#8221; global_colors_info=&#8221;{}&#8221; theme_builder_area=&#8221;post_content&#8221; sticky_enabled=&#8221;0&#8243;]<p>SYSTEMY WIZUALIZACJI<\/p>\n<h2>Nadzoru i Zarz\u0105dzania: HMI, SCADA, BACS, BMS<\/h2>[\/et_pb_text][et_pb_text _builder_version=&#8221;4.27.5&#8243; text_font=&#8221;Open Sans||||||||&#8221; text_font_size=&#8221;16px&#8221; text_line_height=&#8221;1.8em&#8221; max_width_last_edited=&#8221;off|desktop&#8221; hover_enabled=&#8221;0&#8243; global_colors_info=&#8221;{}&#8221; theme_builder_area=&#8221;post_content&#8221; sticky_enabled=&#8221;0&#8243;]<p><span style=\"color: #000000;\"><strong>O us\u0142udze<\/strong><\/span><\/p>\n<p><span style=\"color: #000000;\">Oferujemy kompleksowe projektowanie i wdra\u017canie system\u00f3w wizualizacji dla przemys\u0142u oraz inteligentnych budynk\u00f3w. Nasze rozwi\u0105zania \u0142\u0105cz\u0105 intuicyjn\u0105 obs\u0142ug\u0119 proces\u00f3w (UX\/UI) z zaawansowan\u0105 analityk\u0105 danych, zapewniaj\u0105c pe\u0142n\u0105 kontrol\u0119 nad infrastruktur\u0105 techniczn\u0105 zgodnie ze standardami obowi\u0105zuj\u0105cymi w 2026 roku.<\/span><\/p>\n<p>&nbsp;<\/p>\n<p><span style=\"color: #000000;\"><strong>Zakres specjalizacji:<\/strong><\/span><\/p>\n<ol>\n<li><span style=\"color: #000000;\"><strong> Wizualizacja Przemys\u0142owa (HMI &amp; SCADA)<\/strong><\/span><\/li>\n<\/ol>\n<ul>\n<li><span style=\"color: #000000;\"><strong>Siemens SIMATIC:<\/strong>\u00a0Projektowanie interfejs\u00f3w w\u00a0<strong>WinCC Unified<\/strong>\u00a0(TIA Portal) oraz zaawansowanych system\u00f3w nadzoru\u00a0<strong>WinCC V8\/OA<\/strong>.<\/span><\/li>\n<li><span style=\"color: #000000;\"><strong>CODESYS Visualization:<\/strong>\u00a0Tworzenie paneli operatorskich zintegrowanych ze sterownikiem oraz wizualizacji webowych (WebVisu) dost\u0119pnych z poziomu przegl\u0105darki i urz\u0105dze\u0144 mobilnych.<\/span><\/li>\n<li><span style=\"color: #000000;\"><strong>Standardy High-Performance HMI:<\/strong>\u00a0Projektowanie czytelnych ekran\u00f3w zorientowanych na szybk\u0105 reakcj\u0119 operatora i minimalizacj\u0119 b\u0142\u0119d\u00f3w.<\/span><\/li>\n<\/ul>\n<ol start=\"2\">\n<li><span style=\"color: #000000;\"><strong> Automatyka i Zarz\u0105dzanie Budynkiem (BACS &amp; BMS)<\/strong><\/span><\/li>\n<\/ol>\n<ul>\n<li><span style=\"color: #000000;\"><strong>Zgodno\u015b\u0107 z klas\u0105 A (ISO 52120):<\/strong>\u00a0Wdra\u017canie system\u00f3w automatyki budynkowej realizuj\u0105cych funkcje oszcz\u0119dno\u015bci energii (sterowanie o\u015bwietleniem, HVAC, roletami w oparciu o zapotrzebowanie).<\/span><\/li>\n<li><span style=\"color: #000000;\"><strong>Integracja system\u00f3w:<\/strong>\u00a0\u0141\u0105czenie podsystem\u00f3w bezpiecze\u0144stwa, klimatyzacji i zasilania w jeden sp\u00f3jny interfejs BMS (Siemens Desigo, systemy oparte na CODESYS BACnet).<\/span><\/li>\n<li><span style=\"color: #000000;\"><strong>Raportowanie ESG:<\/strong>\u00a0Modu\u0142y analityczne monitoruj\u0105ce zu\u017cycie medi\u00f3w i emisj\u0119 CO\u2082, niezb\u0119dne do certyfikacji energetycznej budynk\u00f3w w 2026 r.<\/span><\/li>\n<\/ul>\n<ol start=\"3\">\n<li><span style=\"color: #000000;\"><strong> Cyberbezpiecze\u0144stwo i \u0141\u0105czno\u015b\u0107 (Cyber-Resilience)<\/strong><\/span><\/li>\n<\/ol>\n<ul>\n<li><span style=\"color: #000000;\"><strong>Bezpieczny dost\u0119p zdalny:<\/strong>\u00a0Implementacja szyfrowanych po\u0142\u0105cze\u0144 i wielosk\u0142adnikowego uwierzytelniania (MFA) dla kadry zarz\u0105dzaj\u0105cej.<\/span><\/li>\n<li><span style=\"color: #000000;\"><strong>Integracja IT\/OT:<\/strong>\u00a0Wykorzystanie protoko\u0142\u00f3w\u00a0<strong>OPC UA<\/strong>\u00a0oraz\u00a0<strong>MQTT<\/strong>\u00a0do bezpiecznej wymiany danych mi\u0119dzy hal\u0105 produkcyjn\u0105 a systemami klasy ERP\/MES.<\/span><\/li>\n<\/ul>\n<p><span style=\"color: #000000;\"><strong>Dlaczego nasze systemy s\u0105 przysz\u0142o\u015bciowe?<\/strong><\/span><\/p>\n<ul>\n<li><span style=\"color: #000000;\"><strong>Zgodno\u015b\u0107 z EPBD 2026:<\/strong>\u00a0Nasze systemy BACS spe\u0142niaj\u0105 wymogi obowi\u0105zkowej automatyzacji dla budynk\u00f3w o mocy powy\u017cej 290 kW.<\/span><\/li>\n<li><span style=\"color: #000000;\"><strong>Skalowalno\u015b\u0107:<\/strong>\u00a0Projektujemy rozwi\u0105zania, kt\u00f3re \u0142atwo rozbudowa\u0107 o kolejne obiekty lub linie produkcyjne.<\/span><\/li>\n<li><span style=\"color: #000000;\"><strong>Responsywno\u015b\u0107:<\/strong>\u00a0Wizualizacje wykonane w technologii HTML5 dzia\u0142aj\u0105 p\u0142ynnie na panelach przemys\u0142owych, tabletach i smartfonach.<\/span><\/li>\n<\/ul>[\/et_pb_text][\/et_pb_column][\/et_pb_row][et_pb_row _builder_version=&#8221;4.27.5&#8243; _module_preset=&#8221;default&#8221;][et_pb_column _builder_version=&#8221;4.27.5&#8243; _module_preset=&#8221;default&#8221; type=&#8221;4_4&#8243;][et_pb_text _builder_version=&#8221;4.27.5&#8243; _module_preset=&#8221;default&#8221; hover_enabled=&#8221;0&#8243; sticky_enabled=&#8221;0&#8243;]<p><em>Niniejsza oferta ma charakter informacyjny i nie stanowi oferty handlowej w rozumieniu Art. 66 Kodeksu Cywilnego. Wdra\u017cane systemy wizualizacji i zarz\u0105dzania (BMS\/BACS) s\u0105 projektowane w oparciu o aktualne wytyczne normy PN-EN ISO 52120-1:2022 oraz Rozporz\u0105dzenia (UE) 2023\/1230 w zakresie bezpiecze\u0144stwa cyfrowego. Wykonawca zastrzega, \u017ce pe\u0142na funkcjonalno\u015b\u0107 raportowania energetycznego jest uzale\u017cniona od opomiarowania obiektu dostarczonego przez podmioty trzecie. Ze wzgl\u0119du na wymogi prawne z 2026 r., dost\u0119p zdalny do system\u00f3w sterowania musi by\u0107 realizowany zgodnie z zak\u0142adow\u0105 polityk\u0105 bezpiecze\u0144stwa IT\/OT<\/em><\/p>[\/et_pb_text][\/et_pb_column][\/et_pb_row][\/et_pb_section]","protected":false},"excerpt":{"rendered":"<p>SYSTEMY WIZUALIZACJI Nadzoru i Zarz\u0105dzania: HMI, SCADA, BACS, BMSO us\u0142udze Oferujemy kompleksowe projektowanie i wdra\u017canie system\u00f3w wizualizacji dla przemys\u0142u oraz inteligentnych budynk\u00f3w. Nasze rozwi\u0105zania \u0142\u0105cz\u0105 intuicyjn\u0105 obs\u0142ug\u0119 proces\u00f3w (UX\/UI) z zaawansowan\u0105 analityk\u0105 danych, zapewniaj\u0105c pe\u0142n\u0105 kontrol\u0119 nad infrastruktur\u0105 techniczn\u0105 zgodnie ze standardami obowi\u0105zuj\u0105cymi w 2026 roku. &nbsp; Zakres specjalizacji: Wizualizacja Przemys\u0142owa (HMI &amp; SCADA) Siemens [&hellip;]<\/p>","protected":false},"author":5,"featured_media":0,"parent":0,"menu_order":0,"comment_status":"closed","ping_status":"closed","template":"","meta":{"_et_pb_use_builder":"on","_et_pb_old_content":"<!-- wp:divi\/placeholder \/-->","_et_gb_content_width":"","footnotes":""},"class_list":["post-6621","page","type-page","status-publish","hentry"],"_links":{"self":[{"href":"https:\/\/simlogic.pl\/en\/wp-json\/wp\/v2\/pages\/6621","targetHints":{"allow":["GET"]}}],"collection":[{"href":"https:\/\/simlogic.pl\/en\/wp-json\/wp\/v2\/pages"}],"about":[{"href":"https:\/\/simlogic.pl\/en\/wp-json\/wp\/v2\/types\/page"}],"author":[{"embeddable":true,"href":"https:\/\/simlogic.pl\/en\/wp-json\/wp\/v2\/users\/5"}],"replies":[{"embeddable":true,"href":"https:\/\/simlogic.pl\/en\/wp-json\/wp\/v2\/comments?post=6621"}],"version-history":[{"count":3,"href":"https:\/\/simlogic.pl\/en\/wp-json\/wp\/v2\/pages\/6621\/revisions"}],"predecessor-version":[{"id":6774,"href":"https:\/\/simlogic.pl\/en\/wp-json\/wp\/v2\/pages\/6621\/revisions\/6774"}],"wp:attachment":[{"href":"https:\/\/simlogic.pl\/en\/wp-json\/wp\/v2\/media?parent=6621"}],"curies":[{"name":"wp","href":"https:\/\/api.w.org\/{rel}","templated":true}]}}