{"id":6745,"date":"2026-01-14T13:31:39","date_gmt":"2026-01-14T12:31:39","guid":{"rendered":"https:\/\/simlogic.pl\/?page_id=6745"},"modified":"2026-01-14T13:36:21","modified_gmt":"2026-01-14T12:36:21","slug":"audyt-bezpieczenstwa","status":"publish","type":"page","link":"https:\/\/simlogic.pl\/en\/audyt-bezpieczenstwa\/","title":{"rendered":"Audyty Bezpiecze\u0144stwa Maszyn i Dostosowanie do Wymaga\u0144 Prawnych 2026"},"content":{"rendered":"<p>[et_pb_section fb_built=&#8221;1&#8243; theme_builder_area=&#8221;post_content&#8221; _builder_version=&#8221;4.27.5&#8243; _module_preset=&#8221;default&#8221;][et_pb_row make_equal=&#8221;on&#8221; _builder_version=&#8221;4.16&#8243; global_colors_info=&#8221;{}&#8221; theme_builder_area=&#8221;post_content&#8221;][et_pb_column type=&#8221;4_4&#8243; _builder_version=&#8221;4.16&#8243; custom_padding=&#8221;|||&#8221; global_colors_info=&#8221;{}&#8221; custom_padding__hover=&#8221;|||&#8221; theme_builder_area=&#8221;post_content&#8221;][et_pb_text _builder_version=&#8221;4.27.5&#8243; text_font=&#8221;Lato||||||||&#8221; text_text_color=&#8221;rgba(22,63,109,0.21)&#8221; text_font_size=&#8221;90px&#8221; text_line_height=&#8221;0.2em&#8221; header_font=&#8221;||||||||&#8221; header_2_font=&#8221;Lato|700|||||||&#8221; header_2_font_size=&#8221;48px&#8221; header_2_line_height=&#8221;1.4em&#8221; custom_margin=&#8221;||30px||false&#8221; custom_margin_tablet=&#8221;||0px|&#8221; custom_margin_phone=&#8221;&#8221; custom_margin_last_edited=&#8221;on|tablet&#8221; custom_padding=&#8221;0px|||||&#8221; hover_enabled=&#8221;0&#8243; text_font_size_tablet=&#8221;80px&#8221; text_font_size_phone=&#8221;40px&#8221; text_font_size_last_edited=&#8221;on|phone&#8221; text_line_height_tablet=&#8221;&#8221; text_line_height_phone=&#8221;0.9em&#8221; text_line_height_last_edited=&#8221;on|phone&#8221; header_2_font_size_tablet=&#8221;&#8221; header_2_font_size_phone=&#8221;36px&#8221; header_2_font_size_last_edited=&#8221;on|phone&#8221; global_colors_info=&#8221;{}&#8221; theme_builder_area=&#8221;post_content&#8221; sticky_enabled=&#8221;0&#8243;]<\/p>\n<p>AUDYTY SAFETY<\/p>\n<h2>Audyty Bezpiecze\u0144stwa Maszyn i Dostosowanie do Wymaga\u0144 Prawnych 2026<\/h2>\n<p>[\/et_pb_text][\/et_pb_column][\/et_pb_row][et_pb_row _builder_version=&#8221;4.27.5&#8243; _module_preset=&#8221;default&#8221; theme_builder_area=&#8221;post_content&#8221;][et_pb_column _builder_version=&#8221;4.27.5&#8243; _module_preset=&#8221;default&#8221; type=&#8221;4_4&#8243; theme_builder_area=&#8221;post_content&#8221;][et_pb_text _builder_version=&#8221;4.27.5&#8243; _module_preset=&#8221;default&#8221; theme_builder_area=&#8221;post_content&#8221; hover_enabled=&#8221;0&#8243; sticky_enabled=&#8221;0&#8243;]<\/p>\n<h2><span style=\"color: #000000;\"><strong>O us\u0142udze<\/strong><\/span><\/h2>\n<p><span style=\"color: #000000;\">Zapewniamy kompleksowe wsparcie w zakresie bezpiecze\u0144stwa maszynowego, \u0142\u0105cz\u0105c wieloletnie do\u015bwiadczenie in\u017cynierskie z rygorystycznymi wymogami prawnymi. Nasze audyty stanowi\u0105 fundament bezpiecznej eksploatacji parku maszynowego, chroni\u0105c zdrowie pracownik\u00f3w oraz zabezpieczaj\u0105c interesy prawne pracodawcy.<\/span><\/p>\n<p><span style=\"color: #000000;\"><\/span><\/p>\n<h2><span style=\"color: #000000;\"><strong>Zakres audytu i certyfikacji<\/strong><\/span><\/h2>\n<p><span style=\"color: #000000;\"><strong><\/strong><\/span><\/p>\n<p><span style=\"color: #000000;\">Realizujemy procesy audytowe w oparciu o aktualne wytyczne i normy zharmonizowane, wsp\u00f3\u0142pracuj\u0105c z\u00a0<strong>jednostk\u0105 notyfikowan\u0105<\/strong>\u00a0oraz czo\u0142owymi ekspertami w kraju. W ramach us\u0142ug oferujemy:<\/span><\/p>\n<h3><span style=\"color: #000000;\"><strong>Ocena Ryzyka i Dokumentacja:<\/strong><\/span><\/h3>\n<ul>\n<li style=\"list-style-type: none;\">\n<ul>\n<li><span style=\"color: #000000;\">Sporz\u0105dzanie profesjonalnej oceny ryzyka zgodnie z normami\u00a0<strong>PN-EN ISO 12100<\/strong>oraz\u00a0<strong>PN-EN ISO 14121<\/strong>.<\/span><\/li>\n<li><span style=\"color: #000000;\">Weryfikacja instrukcji obs\u0142ugi i eksploatacji pod k\u0105tem zalece\u0144 producenta oraz zasad bezpiecznego monta\u017cu.<\/span><span style=\"color: #000000;\"><\/span><\/li>\n<\/ul>\n<\/li>\n<\/ul>\n<p style=\"padding-left: 40px;\"><span style=\"color: #000000;\"><\/span><\/p>\n<h3><span style=\"color: #000000;\"><strong>Pomiary i Testy Techniczne:<\/strong><\/span><\/h3>\n<ul>\n<li style=\"list-style-type: none;\">\n<ul>\n<li><span style=\"color: #000000;\"><strong>Pomiar czasu dobiegu:<\/strong>Kluczowy parametr dla poprawnego doboru odleg\u0142o\u015bci bezpiecze\u0144stwa element\u00f3w ochronnych.<\/span><\/li>\n<li><span style=\"color: #000000;\"><strong>Badania bezpiecze\u0144stwa elektrycznego:<\/strong>Zgodnie z norm\u0105\u00a0<strong>PN-EN 60204-1<\/strong>.<\/span><\/li>\n<li><span style=\"color: #000000;\">Weryfikacja system\u00f3w sterowania zwi\u0105zanych z bezpiecze\u0144stwem (<strong>Safety Functional<\/strong>wg\u00a0<strong>PN-EN ISO 13849-1<\/strong>\u00a0lub\u00a0<strong>PN-EN 62061<\/strong>).<\/span><\/li>\n<\/ul>\n<\/li>\n<\/ul>\n<p style=\"padding-left: 40px;\"><span style=\"color: #000000;\"><\/span><\/p>\n<h3><span style=\"color: #000000;\"><strong>Weryfikacja Zgodno\u015bci i Deklaracji CE:<\/strong><\/span><\/h3>\n<ul>\n<li style=\"list-style-type: none;\">\n<ul>\n<li><span style=\"color: #000000;\">Audyt maszyn pod k\u0105tem zgodno\u015bci z\u00a0<strong>Dyrektyw\u0105 Maszynow\u0105 2006\/42\/WE<\/strong>.<\/span><\/li>\n<li><span style=\"color: #000000;\">Przygotowanie do nadchodz\u0105cych zmian wynikaj\u0105cych z\u00a0<strong>Rozporz\u0105dzenia Maszynowego (UE) 2023\/1230<\/strong>(obowi\u0105zkowe od 2027 r., w 2026 r. zalecana weryfikacja pod k\u0105tem cyberbezpiecze\u0144stwa maszyn).<\/span><\/li>\n<\/ul>\n<\/li>\n<\/ul>\n<p><span style=\"color: #000000;\"><\/span><\/p>\n<h3><span style=\"color: #000000;\"><strong>Wdro\u017cenie Zalece\u0144 Poaudytowych:<\/strong><\/span><\/h3>\n<ul>\n<li style=\"list-style-type: none;\">\n<ul>\n<li><span style=\"color: #000000;\">Projektowanie i monta\u017c technicznych \u015brodk\u00f3w ochronnych.<\/span><\/li>\n<li><span style=\"color: #000000;\">Dostosowanie komunikacji i system\u00f3w sterowania do wymog\u00f3w bezpiecze\u0144stwa ludzi i maszyn.<\/span><\/li>\n<\/ul>\n<\/li>\n<\/ul>\n<p><span style=\"color: #000000;\"><\/span><\/p>\n<h3><span style=\"color: #000000;\"><strong>Podstawa Prawna naszych dzia\u0142a\u0144<\/strong><\/span><\/h3>\n<p><span style=\"color: #000000;\">Nasze audyty gwarantuj\u0105 zgodno\u015b\u0107 z kluczowymi aktami prawnymi:<\/span><\/p>\n<ul>\n<li style=\"list-style-type: none;\">\n<ul>\n<li><span style=\"color: #000000;\"><strong>Ustawa Kodeks pracy:<\/strong>\u00a0W zakresie obowi\u0105zk\u00f3w pracodawcy dotycz\u0105cych BHP.<\/span><\/li>\n<li><span style=\"color: #000000;\"><strong>Rozporz\u0105dzenie Ministra Gospodarki z 21.10.2008 r.:<\/strong>\u00a0W sprawie zasadniczych wymaga\u0144 dla maszyn (r. z. w. d. m.).<\/span><\/li>\n<li><span style=\"color: #000000;\"><strong>Rozporz\u0105dzenie Ministra Pracy i Polityki Socjalnej z 26.09.1997 r.:<\/strong>\u00a0W sprawie og\u00f3lnych przepis\u00f3w bezpiecze\u0144stwa i higieny pracy.<\/span><\/li>\n<li><span style=\"color: #000000;\"><strong>Dyrektywa 2006\/42\/WE:<\/strong>\u00a0Parlamentu Europejskiego i Rady w sprawie maszyn.<\/span><\/li>\n<\/ul>\n<\/li>\n<\/ul>\n<p><span style=\"color: #000000;\"><\/span><\/p>\n<p><span style=\"color: #000000;\"><\/span><\/p>\n<h3><span style=\"color: #000000;\"><strong>Dlaczego warto wybra\u0107 nasz audyt?<\/strong><\/span><\/h3>\n<ul>\n<li style=\"list-style-type: none;\">\n<ul>\n<li><span style=\"color: #000000;\"><strong>Wsp\u00f3\u0142praca z Jednostkami Notyfikowanymi:<\/strong>\u00a0Gwarantujemy najwy\u017csz\u0105 rang\u0119 wystawianych raport\u00f3w i certyfikat\u00f3w.<\/span><\/li>\n<li><span style=\"color: #000000;\"><strong>Pe\u0142na Odpowiedzialno\u015b\u0107:<\/strong>\u00a0Nie tylko wskazujemy uchybienia, ale oferujemy pe\u0142ne dostosowanie maszyn do wymaga\u0144 poaudytowych.<\/span><\/li>\n<li><span style=\"color: #000000;\"><strong>Bezpiecze\u0144stwo Komunikacji:<\/strong>\u00a0Analizujemy systemy sterowania pod k\u0105tem niezawodno\u015bci wymiany danych w uk\u0142adach bezpiecze\u0144stwa.<\/span><\/li>\n<\/ul>\n<\/li>\n<\/ul>\n<p>[\/et_pb_text][\/et_pb_column][\/et_pb_row][et_pb_row _builder_version=&#8221;4.27.5&#8243; _module_preset=&#8221;default&#8221; theme_builder_area=&#8221;post_content&#8221;][et_pb_column _builder_version=&#8221;4.27.5&#8243; _module_preset=&#8221;default&#8221; type=&#8221;4_4&#8243; theme_builder_area=&#8221;post_content&#8221;][et_pb_text _builder_version=&#8221;4.27.5&#8243; _module_preset=&#8221;default&#8221; theme_builder_area=&#8221;post_content&#8221; hover_enabled=&#8221;0&#8243; sticky_enabled=&#8221;0&#8243;]<\/p>\n<p><em>\u201eNiniejsza oferta ma charakter informacyjny i ma na celu przedstawienie zakresu kompetencji w obszarze audyt\u00f3w bezpiecze\u0144stwa. Realizacja audytu ka\u017cdorazowo opiera si\u0119 na wizji lokalnej oraz analizie dokumentacji techniczno-ruchowej maszyny. Zgodnie ze stanem prawnym na rok 2026, pracodawca jest zobowi\u0105zany do sta\u0142ego monitorowania bezpiecze\u0144stwa maszyn i stosowania si\u0119 do instrukcji producenta. Nasza firma, dzia\u0142aj\u0105c we wsp\u00f3\u0142pracy z ekspertami i jednostkami notyfikowanymi, dok\u0142ada wszelkich stara\u0144, aby proces audytu by\u0142 rzetelny i zgodny z najnowszymi normami zharmonizowanymi, jednak ostateczna odpowiedzialno\u015b\u0107 za stan BHP w zak\u0142adzie spoczywa na u\u017cytkowniku maszyny (Pracodawcy) zgodnie z Kodeksem Pracy.\u201d<\/em><\/p>\n<p>[\/et_pb_text][\/et_pb_column][\/et_pb_row][\/et_pb_section]<\/p>","protected":false},"excerpt":{"rendered":"<p>AUDYTY SAFETY Audyty Bezpiecze\u0144stwa Maszyn i Dostosowanie do Wymaga\u0144 Prawnych 2026O us\u0142udze Zapewniamy kompleksowe wsparcie w zakresie bezpiecze\u0144stwa maszynowego, \u0142\u0105cz\u0105c wieloletnie do\u015bwiadczenie in\u017cynierskie z rygorystycznymi wymogami prawnymi. Nasze audyty stanowi\u0105 fundament bezpiecznej eksploatacji parku maszynowego, chroni\u0105c zdrowie pracownik\u00f3w oraz zabezpieczaj\u0105c interesy prawne pracodawcy. Zakres audytu i certyfikacji Realizujemy procesy audytowe w oparciu o aktualne wytyczne [&hellip;]<\/p>","protected":false},"author":5,"featured_media":0,"parent":0,"menu_order":0,"comment_status":"closed","ping_status":"closed","template":"","meta":{"_et_pb_use_builder":"on","_et_pb_old_content":"","_et_gb_content_width":"","footnotes":""},"class_list":["post-6745","page","type-page","status-publish","hentry"],"_links":{"self":[{"href":"https:\/\/simlogic.pl\/en\/wp-json\/wp\/v2\/pages\/6745","targetHints":{"allow":["GET"]}}],"collection":[{"href":"https:\/\/simlogic.pl\/en\/wp-json\/wp\/v2\/pages"}],"about":[{"href":"https:\/\/simlogic.pl\/en\/wp-json\/wp\/v2\/types\/page"}],"author":[{"embeddable":true,"href":"https:\/\/simlogic.pl\/en\/wp-json\/wp\/v2\/users\/5"}],"replies":[{"embeddable":true,"href":"https:\/\/simlogic.pl\/en\/wp-json\/wp\/v2\/comments?post=6745"}],"version-history":[{"count":4,"href":"https:\/\/simlogic.pl\/en\/wp-json\/wp\/v2\/pages\/6745\/revisions"}],"predecessor-version":[{"id":6751,"href":"https:\/\/simlogic.pl\/en\/wp-json\/wp\/v2\/pages\/6745\/revisions\/6751"}],"wp:attachment":[{"href":"https:\/\/simlogic.pl\/en\/wp-json\/wp\/v2\/media?parent=6745"}],"curies":[{"name":"wp","href":"https:\/\/api.w.org\/{rel}","templated":true}]}}