{"id":6982,"date":"2026-04-15T13:26:02","date_gmt":"2026-04-15T11:26:02","guid":{"rendered":"https:\/\/simlogic.pl\/?page_id=6982"},"modified":"2026-04-15T16:20:02","modified_gmt":"2026-04-15T14:20:02","slug":"wiecej","status":"publish","type":"page","link":"https:\/\/simlogic.pl\/en\/wiecej\/","title":{"rendered":"WI\u0118CEJ"},"content":{"rendered":"<p>[et_pb_section fb_built=&#8221;1&#8243; _builder_version=&#8221;4.27.5&#8243; _module_preset=&#8221;default&#8221; global_colors_info=&#8221;{}&#8221;][et_pb_row column_structure=&#8221;1_5,1_5,1_5,1_5,1_5&#8243; _builder_version=&#8221;4.27.5&#8243; _module_preset=&#8221;default&#8221; global_colors_info=&#8221;{}&#8221;][et_pb_column type=&#8221;1_5&#8243; _builder_version=&#8221;4.27.5&#8243; _module_preset=&#8221;default&#8221; global_colors_info=&#8221;{}&#8221;][et_pb_image src=&#8221;https:\/\/simlogic.pl\/wp-content\/uploads\/2025\/05\/12.jpg&#8221; title_text=&#8221;12&#8243; _builder_version=&#8221;4.27.5&#8243; _module_preset=&#8221;default&#8221; global_colors_info=&#8221;{}&#8221;][\/et_pb_image][\/et_pb_column][et_pb_column type=&#8221;1_5&#8243; _builder_version=&#8221;4.27.5&#8243; _module_preset=&#8221;default&#8221; global_colors_info=&#8221;{}&#8221;][et_pb_image src=&#8221;https:\/\/simlogic.pl\/wp-content\/uploads\/2025\/05\/6.jpg&#8221; title_text=&#8221;6&#8243; _builder_version=&#8221;4.27.5&#8243; _module_preset=&#8221;default&#8221; global_colors_info=&#8221;{}&#8221;][\/et_pb_image][\/et_pb_column][et_pb_column type=&#8221;1_5&#8243; _builder_version=&#8221;4.27.5&#8243; _module_preset=&#8221;default&#8221; global_colors_info=&#8221;{}&#8221;][et_pb_image src=&#8221;https:\/\/simlogic.pl\/wp-content\/uploads\/2025\/05\/l2.jpg&#8221; title_text=&#8221;l2&#8243; _builder_version=&#8221;4.27.5&#8243; _module_preset=&#8221;default&#8221; global_colors_info=&#8221;{}&#8221;][\/et_pb_image][\/et_pb_column][et_pb_column type=&#8221;1_5&#8243; _builder_version=&#8221;4.27.5&#8243; _module_preset=&#8221;default&#8221; global_colors_info=&#8221;{}&#8221;][et_pb_image src=&#8221;https:\/\/simlogic.pl\/wp-content\/uploads\/2025\/05\/l4.jpg&#8221; title_text=&#8221;l4&#8243; _builder_version=&#8221;4.27.5&#8243; _module_preset=&#8221;default&#8221; global_colors_info=&#8221;{}&#8221;][\/et_pb_image][\/et_pb_column][et_pb_column type=&#8221;1_5&#8243; _builder_version=&#8221;4.27.5&#8243; _module_preset=&#8221;default&#8221; global_colors_info=&#8221;{}&#8221;][et_pb_image src=&#8221;https:\/\/simlogic.pl\/wp-content\/uploads\/2025\/04\/111.jpg&#8221; title_text=&#8221;111&#8243; _builder_version=&#8221;4.27.5&#8243; _module_preset=&#8221;default&#8221; hover_enabled=&#8221;0&#8243; global_colors_info=&#8221;{}&#8221; sticky_enabled=&#8221;0&#8243;][\/et_pb_image][\/et_pb_column][\/et_pb_row][et_pb_row _builder_version=&#8221;4.27.5&#8243; _module_preset=&#8221;default&#8221; global_colors_info=&#8221;{}&#8221;][et_pb_column type=&#8221;4_4&#8243; _builder_version=&#8221;4.27.5&#8243; _module_preset=&#8221;default&#8221; global_colors_info=&#8221;{}&#8221;][et_pb_text _builder_version=&#8221;4.27.5&#8243; _module_preset=&#8221;default&#8221; global_colors_info=&#8221;{}&#8221;]<\/p>\n<p style=\"font-weight: 400;\"><span style=\"color: #000000;\"><strong>SIMLOGIC.<\/strong>\u00a0zapewnia uczestnikom nieustanny rozw\u00f3j i ci\u0105g\u0142\u0105 aktualizacj\u0119 bazy sprz\u0119towej. Staramy si\u0119, aby wszystkie szkolenia w\u00a0naszej firmie odbywa\u0142y si\u0119 na indywidualnych zestawach dydaktycznych.<\/span><\/p>\n<p style=\"font-weight: 400;\"><span style=\"color: #000000;\">W ofercie szkoleniowej Centrum SIMLOGIC., znajduj\u0105 si\u0119 nast\u0119puj\u0105ce\u00a0modu\u0142y szkoleniowe:<\/span><\/p>\n<ul style=\"font-weight: 400;\">\n<li><span style=\"color: #000000;\">Sterowniki programowalne SIMATIC S5, S7-200, S7-300, S7-400, S7-1200, S7-1500<\/span><\/li>\n<li><span style=\"color: #000000;\">Sterowniki programowalne na bazie CodeSys<\/span><\/li>\n<li><span style=\"color: #000000;\">Sterowniki technologiczne SIMOTION oraz SIMATIC Technology<\/span><\/li>\n<li><span style=\"color: #000000;\">Komputery przemys\u0142owe, panele HMI, stacje operatorskie firmy Siemens<\/span><\/li>\n<li><span style=\"color: #000000;\">Komunikacja i sieci przemys\u0142owe PROFIBUS, PROFINET, CAN, MODBUS<\/span><\/li>\n<li><span style=\"color: #000000;\">Technika nap\u0119dowa pr\u0105du przemiennego: MICROMASTER, SIMOVERT MASTERDRIVES VC, SIMOVERT MASTERDRIVES MC, SIMODRIVE 611A, SIMODRIVE 611U, SINAMICS G120, SINAMICS S120, SINAMICS S150<\/span><\/li>\n<li><span style=\"color: #000000;\">Technika nap\u0119dowa pr\u0105du sta\u0142ego: SIMOREG 6RA, SIMOREG DC MASTER, SINAMICS DCM<\/span><\/li>\n<li><span style=\"color: #000000;\">Podstawy projektowania, programowania, komunikacji i techniki nap\u0119dowej<\/span><\/li>\n<li><span style=\"color: #000000;\">Projektowanie i diagnostyka komunikacji PPROFIBUS oraz PROFINET<\/span><\/li>\n<li><span style=\"color: #000000;\">Techniki programowania system\u00f3w nap\u0119dowych<\/span><\/li>\n<li><span style=\"color: #000000;\">Szkolenia podstawowe i uzupe\u0142niaj\u0105ce<\/span><\/li>\n<li><span style=\"color: #000000;\">Wieletapowe podnoszenie kwalifikacji pracownik\u00f3w<\/span><\/li>\n<li><span style=\"color: #000000;\">Bezp\u0142atne warsztaty i szkolenia techniczne<\/span><\/li>\n<\/ul>\n<p style=\"font-weight: 400;\"><span style=\"color: #000000;\">Nasze szkolenia bardzo cz\u0119sto s\u0105 przygotowywane jako dedykowane pod indywidualnie wymagania i rozwi\u0105zania aplikacyjne naszych klient\u00f3w.<\/span><\/p>\n<p style=\"font-weight: 400;\"><span style=\"color: #000000;\">Szeroki wachlarz szkole\u0144 specjalistycznych przygotowanych przez naszych fachowc\u00f3w pozwala na elastyczny dob\u00f3r szkolenia do poziomu posiadanej lub oczekiwanej wiedzy i wymaga\u0144 stawianych w pracy zawodowej.<\/span><\/p>\n<p style=\"font-weight: 400;\"><span style=\"color: #000000;\"><strong>\u00a0<\/strong><\/span><\/p>\n<p style=\"font-weight: 400;\"><span style=\"color: #000000;\"><strong>Do realizacji naszych szkole\u0144 zapewniamy:<\/strong><\/span><\/p>\n<ul style=\"font-weight: 400;\">\n<li><span style=\"color: #000000;\">Profesjonalna kadr\u0119 i wyk\u0142adowc\u00f3w z wieloletnim do\u015bwiadczeniem zawodowym z zakresu automatyki przemys\u0142owej oraz solidnym przygotowaniem i praktyk\u0105 przemys\u0142ow\u0105 i akademick\u0105,<\/span><\/li>\n<li><span style=\"color: #000000;\">Obszern\u0105, ci\u0105gle rozwijan\u0105, nowoczesn\u0105 baz\u0119 sprz\u0119tow\u0105 &#8211; na wi\u0119kszo\u015bci prowadzonych szkole\u0144, osoby w nim uczestnicz\u0105ce pracuj\u0105 na indywidualnym stanowisku,<\/span><\/li>\n<li><span style=\"color: #000000;\">Profesjonalnie przygotowane, dedykowane materia\u0142y instrukta\u017cowo &#8211; szkoleniowe w j\u0119zyku polskim, opracowane wed\u0142ug w\u0142asnej koncepcji i ci\u0105gle udoskonalane,<\/span><\/li>\n<li><span style=\"color: #000000;\">Roczny terminarz planowanych szkole\u0144 oraz dogodnie ustalane terminy szkole\u0144 dla szkole\u0144 dedykowanych,<\/span><\/li>\n<li><span style=\"color: #000000;\">Sale szkoleniowe z wyposa\u017ceniem w pomoce dydaktyczne, przy czym mo\u017cliwe s\u0105 szkolenia bezpo\u015brednio u klienta,<\/span><\/li>\n<li><span style=\"color: #000000;\">W przypadku szkole\u0144 dedykowanych, specjalistycznie opracowany tok kursu, po wcze\u015bniejszym rozpoznaniu bazy sprz\u0119towej,<\/span><\/li>\n<li><span style=\"color: #000000;\">Profesjonalizm i rzetelno\u015b\u0107 przygotowywanych szkole\u0144,<\/span><\/li>\n<li><span style=\"color: #000000;\">Mi\u0142\u0105 atmosfer\u0119,<\/span><\/li>\n<li><span style=\"color: #000000;\">Bep\u0142atne warsztaty,<\/span><\/li>\n<li><span style=\"color: #000000;\">Bezp\u0142atny hotline 24h \/ 7 dni w tygodniu dla uczestnik\u00f3w naszych szkole\u0144,<\/span><\/li>\n<li><span style=\"color: #000000;\">Bep\u0142atny audyt i wsp\u00f3ln\u0105 diagnostyk\u0119 komunikacji na terenie zak\u0142adu po szkoleniach komunikacyjnych po realizacji cyklu szkoleniowego z w\/w zakresu,<\/span><\/li>\n<li><span style=\"color: #000000;\">Bep\u0142atny audyt i wsp\u00f3ln\u0105 diagnostyk\u0119 techniki nap\u0119dowej na terenie zak\u0142adu jednej, wybranej maszyny po realizacji cyklu szkoleniowego z w\/w zakresu.<\/span><\/li>\n<\/ul>\n<p style=\"font-weight: 400;\"><span style=\"color: #000000;\"><strong>CECHY SZKOLENIA, UPRAWNIENIA KADRY, CO NAS WYR\u00d3\u017bNIA<\/strong>:<\/span><\/p>\n<ul style=\"font-weight: 400;\">\n<li><span style=\"color: #000000;\">Kadra prowadz\u0105ca szkolenia posiada uko\u0144czony kurs pedagogiczny, do\u015bwiadczenie szkoleniowe w przemy\u015ble i akademickie, posiada dorobek przemys\u0142owy w postaci projekt\u00f3w aplikacji, uruchamiania i wdro\u017ce\u0144, potrafi\u0105cy pom\u00f3c w sytuacjach problemowych (postoje maszyn, awarie, serwis, problemy z prac\u0105 maszyn),<\/span><\/li>\n<li><span style=\"color: #000000;\">Kadra posiada przeszkolenie zagraniczne oraz krajowe w zakresie techniki nap\u0119dowej, system\u00f3w sterowania, komunikacji i system\u00f3w Motion Control oraz\u00a0optymalizacji pracy maszyn produkcyjnych;<\/span><\/li>\n<li><span style=\"color: #000000;\">Dla Pa\u0144stwa, naszych klient\u00f3w, uczestnik\u00f3w szkole\u0144, zapewniamy ca\u0142odobowy numer serwisowy hotline 696626627, do wsparcia technicznego.<\/span><\/li>\n<li><span style=\"color: #000000;\">Bardzo cz\u0119sto dzia\u0142amy serwisowo na terenie zak\u0142ad\u00f3w naszych klient\u00f3w i razem z naszymi uczestnikami szkole\u0144. Dzi\u0119ki temu lepiej rozumiemy ich problemy i potrzeby oraz specyfik\u0119 utrzymania ruchu maszyn wraz z presj\u0105 czasu w przypadku wyst\u0105pienia awarii.<\/span><\/li>\n<li><span style=\"color: #000000;\">Nasz\u0105 pozytywn\u0105 wsp\u00f3\u0142prac\u0119 dokumentuj\u0105 liczne listy referencyjne.<\/span><\/li>\n<\/ul>\n<p style=\"font-weight: 400;\"><span style=\"color: #000000;\">Wszystkich Pa\u0144stwa, pragn\u0105cych pozna\u0107 technik\u0119 i technologi\u0119 lub pog\u0142\u0119bi\u0107 wiedz\u0119, serdecznie zapraszamy do zapoznania si\u0119 z tematyk\u0105 szkole\u0144 oraz do kontaktu\u00a0<a href=\"mailto:szkolenia@simlogic.pl\" style=\"color: #000000;\">szkolenia@simlogic.pl<\/a>\u00a0tel. 533310231 lub\u00a0z sekretariatem\u00a0SIMLOGIC. tel. +48 42 648 66 77.<\/span><\/p>\n<p style=\"font-weight: 400;\"><span style=\"color: #000000;\"><strong>\u00a0<\/strong><\/span><\/p>\n<p style=\"font-weight: 400;\"><span style=\"color: #000000;\"><strong>Zapraszamy do wsp\u00f3\u0142pracy.<\/strong><\/span><\/p>\n<p style=\"font-weight: 400;\"><span style=\"color: #000000;\"><strong>Zesp\u00f3\u0142 SIMLOGIC.<\/strong><\/span><\/p>\n<p>[\/et_pb_text][\/et_pb_column][\/et_pb_row][et_pb_row column_structure=&#8221;1_5,1_5,1_5,1_5,1_5&#8243; _builder_version=&#8221;4.27.5&#8243; _module_preset=&#8221;default&#8221; hover_enabled=&#8221;0&#8243; global_colors_info=&#8221;{}&#8221; sticky_enabled=&#8221;0&#8243;][et_pb_column type=&#8221;1_5&#8243; _builder_version=&#8221;4.27.5&#8243; _module_preset=&#8221;default&#8221; global_colors_info=&#8221;{}&#8221;][et_pb_image src=&#8221;https:\/\/simlogic.pl\/wp-content\/uploads\/2025\/04\/r.jpg&#8221; _builder_version=&#8221;4.27.5&#8243; _module_preset=&#8221;default&#8221; hover_enabled=&#8221;0&#8243; sticky_enabled=&#8221;0&#8243; title_text=&#8221;r&#8221;][\/et_pb_image][\/et_pb_column][et_pb_column type=&#8221;1_5&#8243; _builder_version=&#8221;4.27.5&#8243; _module_preset=&#8221;default&#8221; global_colors_info=&#8221;{}&#8221;][et_pb_image src=&#8221;https:\/\/simlogic.pl\/wp-content\/uploads\/2025\/04\/ZEST1.jpg&#8221; title_text=&#8221;ZEST1&#8243; _builder_version=&#8221;4.27.5&#8243; _module_preset=&#8221;default&#8221; hover_enabled=&#8221;0&#8243; global_colors_info=&#8221;{}&#8221; sticky_enabled=&#8221;0&#8243;][\/et_pb_image][\/et_pb_column][et_pb_column type=&#8221;1_5&#8243; _builder_version=&#8221;4.27.5&#8243; _module_preset=&#8221;default&#8221; global_colors_info=&#8221;{}&#8221;][et_pb_image src=&#8221;https:\/\/simlogic.pl\/wp-content\/uploads\/2025\/06\/g5.jpg&#8221; title_text=&#8221;g5&#8243; _builder_version=&#8221;4.27.5&#8243; _module_preset=&#8221;default&#8221; hover_enabled=&#8221;0&#8243; global_colors_info=&#8221;{}&#8221; sticky_enabled=&#8221;0&#8243; custom_padding=&#8221;||0px|||&#8221; min_height=&#8221;141px&#8221;][\/et_pb_image][\/et_pb_column][et_pb_column type=&#8221;1_5&#8243; _builder_version=&#8221;4.27.5&#8243; _module_preset=&#8221;default&#8221; global_colors_info=&#8221;{}&#8221;][et_pb_image src=&#8221;https:\/\/simlogic.pl\/wp-content\/uploads\/2025\/04\/y8.jpg&#8221; _builder_version=&#8221;4.27.5&#8243; _module_preset=&#8221;default&#8221; title_text=&#8221;y8&#8243; hover_enabled=&#8221;0&#8243; sticky_enabled=&#8221;0&#8243;][\/et_pb_image][\/et_pb_column][et_pb_column type=&#8221;1_5&#8243; _builder_version=&#8221;4.27.5&#8243; _module_preset=&#8221;default&#8221; global_colors_info=&#8221;{}&#8221;][et_pb_image src=&#8221;https:\/\/simlogic.pl\/wp-content\/uploads\/2025\/05\/22.jpg&#8221; _builder_version=&#8221;4.27.5&#8243; _module_preset=&#8221;default&#8221; title_text=&#8221;22&#8243; hover_enabled=&#8221;0&#8243; sticky_enabled=&#8221;0&#8243;][\/et_pb_image][\/et_pb_column][\/et_pb_row][\/et_pb_section]<\/p>","protected":false},"excerpt":{"rendered":"<p>SIMLOGIC.\u00a0zapewnia uczestnikom nieustanny rozw\u00f3j i ci\u0105g\u0142\u0105 aktualizacj\u0119 bazy sprz\u0119towej. Staramy si\u0119, aby wszystkie szkolenia w\u00a0naszej firmie odbywa\u0142y si\u0119 na indywidualnych zestawach dydaktycznych. W ofercie szkoleniowej Centrum SIMLOGIC., znajduj\u0105 si\u0119 nast\u0119puj\u0105ce\u00a0modu\u0142y szkoleniowe: Sterowniki programowalne SIMATIC S5, S7-200, S7-300, S7-400, S7-1200, S7-1500 Sterowniki programowalne na bazie CodeSys Sterowniki technologiczne SIMOTION oraz SIMATIC Technology Komputery przemys\u0142owe, panele HMI, [&hellip;]<\/p>","protected":false},"author":5,"featured_media":0,"parent":0,"menu_order":0,"comment_status":"closed","ping_status":"closed","template":"","meta":{"_et_pb_use_builder":"on","_et_pb_old_content":"","_et_gb_content_width":"","footnotes":""},"class_list":["post-6982","page","type-page","status-publish","hentry"],"_links":{"self":[{"href":"https:\/\/simlogic.pl\/en\/wp-json\/wp\/v2\/pages\/6982","targetHints":{"allow":["GET"]}}],"collection":[{"href":"https:\/\/simlogic.pl\/en\/wp-json\/wp\/v2\/pages"}],"about":[{"href":"https:\/\/simlogic.pl\/en\/wp-json\/wp\/v2\/types\/page"}],"author":[{"embeddable":true,"href":"https:\/\/simlogic.pl\/en\/wp-json\/wp\/v2\/users\/5"}],"replies":[{"embeddable":true,"href":"https:\/\/simlogic.pl\/en\/wp-json\/wp\/v2\/comments?post=6982"}],"version-history":[{"count":7,"href":"https:\/\/simlogic.pl\/en\/wp-json\/wp\/v2\/pages\/6982\/revisions"}],"predecessor-version":[{"id":7004,"href":"https:\/\/simlogic.pl\/en\/wp-json\/wp\/v2\/pages\/6982\/revisions\/7004"}],"wp:attachment":[{"href":"https:\/\/simlogic.pl\/en\/wp-json\/wp\/v2\/media?parent=6982"}],"curies":[{"name":"wp","href":"https:\/\/api.w.org\/{rel}","templated":true}]}}