{"id":3913,"date":"2020-09-10T16:19:06","date_gmt":"2020-09-10T14:19:06","guid":{"rendered":"http:\/\/new.simlogic.pl\/?post_type=product&#038;p=3913"},"modified":"2021-11-02T15:27:20","modified_gmt":"2021-11-02T14:27:20","slug":"szkolenie-podstawowe-simovert-vc","status":"publish","type":"product","link":"https:\/\/simlogic.pl\/en\/product\/szkolenie-podstawowe-simovert-vc\/","title":{"rendered":"Szkolenie podstawowe SIMOVERT VC"},"content":{"rendered":"<h4>Program szkolenia<\/h4>\n<p><strong>Dzie\u0144 1<\/strong><\/p>\n<ul>\n<li>Technika BICO w zastosowaniach do analizy funkcjonalno\u015bci I\/O \u2013 om\u00f3wienie budowy diagram\u00f3w i ich praktycznego zastosowania w obs\u0142udze VC<\/li>\n<li>Asystenta Uruchamiania jako narz\u0119dzie do realizacji podstawowych zada\u0144 ruchowych, konfiguracji i uruchomienia<\/li>\n<li>S\u0142owa steruj\u0105ce i s\u0142owa statusowe, ProfiDrive.<\/li>\n<li>Budowa i zasada dzia\u0142ania, przyk\u0142adowe po\u0142\u0105czenia i rozwi\u0105zania systemowe<\/li>\n<li>Uruchomienie za pomoc\u0105 paneli PMU, OP1S i oprogramowania<\/li>\n<li>Kana\u0142 warto\u015bci zadanej i funkcje steruj\u0105ce.<\/li>\n<li>Mo\u017cliwo\u015bci i sposoby parametryzacji: sekcja mocy, reset parametr\u00f3w<\/li>\n<li>Bloki funkcyjne, system parametr\u00f3w, technika BICO, \u0142\u0105czenie sygna\u0142\u00f3w.<\/li>\n<\/ul>\n<p><strong>Dzie\u0144 2<\/strong><\/p>\n<ul>\n<li>Zastosowanie techniki BICO do realizacji zmiany zestaw\u00f3w danych<\/li>\n<li>Sterowanie skalarne a wektorowe, regulacja pr\u0119dko\u015bci a regulacja momentu.<\/li>\n<li>Szczeg\u00f3\u0142owa lista parametr\u00f3w przekszta\u0142tnik\u00f3w SIMOVERT<\/li>\n<li>Zaawansowane funkcje modu\u0142u Trace w zakresie obs\u0142ugi bitowej i rejestracji przebieg\u00f3w elektromechanicznych w spos\u00f3b ci\u0105g\u0142y i zdarzeniowy Podstawowe funkcje przekszta\u0142tnik\u00f3w: automatyczny reset, buforowanie kinetyczne, regulacja Udmax, lotny restart<\/li>\n<li>Optymalizacja nastaw wybranej struktur regulacji za pomoc\u0105 funkcji wbudowanych<\/li>\n<li>Budowa algorytmu sterowania przekszta\u0142tnikiem &#8211; generator warto\u015bci zadanej, regulatory, ograniczenia, filtry, modulator, typy silnik\u00f3w, aplikacje<\/li>\n<li>Analiza i om\u00f3wienie na przyk\u0142adach praktycznych obs\u0142ugi zdarze\u0144 alarm\u00f3w i b\u0142\u0119d\u00f3w przekszta\u0142tnik\u00f3w SIMOVERT: alarmy, b\u0142\u0119dy, b\u0142\u0119dy krytyczne<\/li>\n<\/ul>\n<p><strong>Zaj\u0119cia dodatkowe<\/strong><br \/>\nKa\u017cdy z uczestnik\u00f3w ma mo\u017cliwo\u015b\u0107 wzi\u0119cia udzia\u0142u w zaj\u0119ciach dodatkowych trwaj\u0105cych po szkoleniu &#8211; uczestnicy mog\u0105 wykonywa\u0107 \u0107wiczenia na zestawach szkoleniowych lub powtarza\u0107 przerobiony danego dnia materia\u0142.<\/p>\n<h6><\/h6>\n<h6>Je\u015bli jeste\u015bcie Pa\u0144stwo zainteresowani zmian\u0105 terminu szkolenia lub szkoleniem dostosowanym do Pa\u0144stwa potrzeb technologicznych i produkcyjnych lub przygotowania kadry do zapewnienia wysokiej jako\u015bci us\u0142ug utrzymania maszyn w ruchu, zapraszamy do kontaktu pod adresem\u00a0<a href=\"mailto:szkolenia@simlogic.pl\">szkolenia@simlogic.pl<\/a>&#8222;<\/h6>","protected":false},"excerpt":{"rendered":"<h4>Poziom<\/h4>\n<p>BASE<\/p>\n<h4>Czas trwania<\/h4>\n<p>2 dni, 16 godzin lekcyjnych + zaj\u0119cia dodatkowe<\/p>\n<h4>Cel szkolenia<\/h4>\n<p>Szkolenie ma na celu zaznajomienie uczestnika z mo\u017cliwo\u015bciami podstawowymi (BASE) budowy, zasady dzia\u0142ania, programowania, diagnozowania oraz funkcjonalno\u015bci urz\u0105dze\u0144 firmy SIEMENS<\/p>\n<h4>Wymagania wst\u0119pne<\/h4>\n<p>Podstawowa znajomo\u015b\u0107 elektrotechniki, automatyki nap\u0119du elektrycznego i obs\u0142ugi komputera &#8211; w trakcie realizacji naszych szkole\u0144, przeka\u017cemy Pa\u0144stwu wszystkie niezb\u0119dne informacje od podstaw.<\/p>\n<h4>Opis<\/h4>\n<p>Szkolenie jest ukierunkowane na zastosowania praktyczne omawianych zagadnie\u0144 i zawiera nast\u0119puj\u0105c\u0105 tematyk\u0119: budowa i zasada dzia\u0142ania, przyk\u0142adowe po\u0142\u0105czenia i rozwi\u0105zania systemowe, uruchomienie za pomoc\u0105 paneli PMU, OP1S i oprogramowania, zastosowanie techniki BICO do realizacji zmiany zestaw\u00f3w danych, sterowanie skalarne a wektorowe, regulacja pr\u0119dko\u015bci a regulacja momentu.<\/p>","protected":false},"featured_media":3915,"comment_status":"open","ping_status":"closed","template":"","meta":{"_et_pb_use_builder":"on","_et_pb_old_content":"<h4>Program szkolenia<\/h4>\r\n<strong>Dzie\u0144 1<\/strong>\r\n<ul>\r\n \t<li>Technika BICO w zastosowaniach do analizy funkcjonalno\u015bci I\/O \u2013 om\u00f3wienie budowy diagram\u00f3w i ich praktycznego zastosowania w obs\u0142udze VC<\/li>\r\n \t<li>Asystenta Uruchamiania jako narz\u0119dzie do realizacji podstawowych zada\u0144 ruchowych, konfiguracji i uruchomienia<\/li>\r\n \t<li>S\u0142owa steruj\u0105ce i s\u0142owa statusowe, ProfiDrive.<\/li>\r\n \t<li>Budowa i zasada dzia\u0142ania, przyk\u0142adowe po\u0142\u0105czenia i rozwi\u0105zania systemowe<\/li>\r\n \t<li>Uruchomienie za pomoc\u0105 paneli PMU, OP1S i oprogramowania<\/li>\r\n \t<li>Kana\u0142 warto\u015bci zadanej i funkcje steruj\u0105ce.<\/li>\r\n \t<li>Mo\u017cliwo\u015bci i sposoby parametryzacji: sekcja mocy, reset parametr\u00f3w<\/li>\r\n \t<li>Bloki funkcyjne, system parametr\u00f3w, technika BICO, \u0142\u0105czenie sygna\u0142\u00f3w.<\/li>\r\n<\/ul>\r\n<strong>Dzie\u0144 2<\/strong>\r\n<ul>\r\n \t<li>Zastosowanie techniki BICO do realizacji zmiany zestaw\u00f3w danych<\/li>\r\n \t<li>Sterowanie skalarne a wektorowe, regulacja pr\u0119dko\u015bci a regulacja momentu.<\/li>\r\n \t<li>Szczeg\u00f3\u0142owa lista parametr\u00f3w przekszta\u0142tnik\u00f3w SIMOVERT<\/li>\r\n \t<li>Zaawansowane funkcje modu\u0142u Trace w zakresie obs\u0142ugi bitowej i rejestracji przebieg\u00f3w elektromechanicznych w spos\u00f3b ci\u0105g\u0142y i zdarzeniowy Podstawowe funkcje przekszta\u0142tnik\u00f3w: automatyczny reset, buforowanie kinetyczne, regulacja Udmax, lotny restart<\/li>\r\n \t<li>Optymalizacja nastaw wybranej struktur regulacji za pomoc\u0105 funkcji wbudowanych<\/li>\r\n \t<li>Budowa algorytmu sterowania przekszta\u0142tnikiem - generator warto\u015bci zadanej, regulatory, ograniczenia, filtry, modulator, typy silnik\u00f3w, aplikacje<\/li>\r\n \t<li>Analiza i om\u00f3wienie na przyk\u0142adach praktycznych obs\u0142ugi zdarze\u0144 alarm\u00f3w i b\u0142\u0119d\u00f3w przekszta\u0142tnik\u00f3w SIMOVERT: alarmy, b\u0142\u0119dy, b\u0142\u0119dy krytyczne<\/li>\r\n<\/ul>\r\n<strong>Zaj\u0119cia dodatkowe<\/strong>\r\nKa\u017cdy z uczestnik\u00f3w ma mo\u017cliwo\u015b\u0107 wzi\u0119cia udzia\u0142u w zaj\u0119ciach dodatkowych trwaj\u0105cych po szkoleniu - uczestnicy mog\u0105 wykonywa\u0107 \u0107wiczenia na zestawach szkoleniowych lub powtarza\u0107 przerobiony danego dnia materia\u0142.\r\n<h6><\/h6>\r\n<h6>Je\u015bli jeste\u015bcie Pa\u0144stwo zainteresowani zmian\u0105 terminu szkolenia lub szkoleniem dostosowanym do Pa\u0144stwa potrzeb technologicznych i produkcyjnych lub przygotowania kadry do zapewnienia wysokiej jako\u015bci us\u0142ug utrzymania maszyn w ruchu, zapraszamy do kontaktu pod adresem\u00a0<a href=\"mailto:szkolenia@simlogic.pl\">szkolenia@simlogic.pl<\/a>\"<\/h6>","_et_gb_content_width":""},"product_brand":[],"product_cat":[71],"product_tag":[131,132],"class_list":{"0":"post-3913","1":"product","2":"type-product","3":"status-publish","4":"has-post-thumbnail","6":"product_cat-technika-napedowa-ac","7":"product_tag-simovert","8":"product_tag-vector-control","10":"first","11":"instock","12":"taxable","13":"shipping-taxable","14":"product-type-simple"},"_links":{"self":[{"href":"https:\/\/simlogic.pl\/en\/wp-json\/wp\/v2\/product\/3913","targetHints":{"allow":["GET"]}}],"collection":[{"href":"https:\/\/simlogic.pl\/en\/wp-json\/wp\/v2\/product"}],"about":[{"href":"https:\/\/simlogic.pl\/en\/wp-json\/wp\/v2\/types\/product"}],"replies":[{"embeddable":true,"href":"https:\/\/simlogic.pl\/en\/wp-json\/wp\/v2\/comments?post=3913"}],"wp:featuredmedia":[{"embeddable":true,"href":"https:\/\/simlogic.pl\/en\/wp-json\/wp\/v2\/media\/3915"}],"wp:attachment":[{"href":"https:\/\/simlogic.pl\/en\/wp-json\/wp\/v2\/media?parent=3913"}],"wp:term":[{"taxonomy":"product_brand","embeddable":true,"href":"https:\/\/simlogic.pl\/en\/wp-json\/wp\/v2\/product_brand?post=3913"},{"taxonomy":"product_cat","embeddable":true,"href":"https:\/\/simlogic.pl\/en\/wp-json\/wp\/v2\/product_cat?post=3913"},{"taxonomy":"product_tag","embeddable":true,"href":"https:\/\/simlogic.pl\/en\/wp-json\/wp\/v2\/product_tag?post=3913"}],"curies":[{"name":"wp","href":"https:\/\/api.w.org\/{rel}","templated":true}]}}