{"id":4102,"date":"2021-03-15T13:33:52","date_gmt":"2021-03-15T12:33:52","guid":{"rendered":"https:\/\/www.simlogic.pl\/?post_type=product&#038;p=4102"},"modified":"2021-11-02T15:33:55","modified_gmt":"2021-11-02T14:33:55","slug":"szkolenie-podstawowe-sinamics-g120","status":"publish","type":"product","link":"https:\/\/simlogic.pl\/en\/product\/szkolenie-podstawowe-sinamics-g120\/","title":{"rendered":"Szkolenie podstawowe SINAMICS G120"},"content":{"rendered":"<h4>Program szkolenia<\/h4>\n<p><strong>Dzie\u0144 1<\/strong><\/p>\n<p>Budowa zasada dzia\u0142ania nap\u0119d\u00f3w SINAMICS G \u2013 koncepcja modu\u0142owych system\u00f3w nap\u0119dowych<br \/>\nKonfiguracja i uruchamianie nap\u0119d\u00f3w \u2013 dob\u00f3r modu\u0142\u00f3w PM oraz CU<br \/>\nMonitorowanie pracy urz\u0105dze\u0144: &#8211; Praca BOP, AOP, komputerem PC<br \/>\nOm\u00f3wienie oprogramowania STARTER<br \/>\nUruchamianie nap\u0119d\u00f3w SINAMICS G za pomoc\u0105 oprogramowania STARTER<br \/>\n\u0106wiczenia praktyczne z zakresu uruchamiania, parametryzacji nap\u0119d\u00f3w SINAMICS G<br \/>\nKonfiguracja pracy \u2013 WE\/WY<br \/>\nS\u0142owa steruj\u0105ce, statusowe oraz warto\u015bci zadane<\/p>\n<p><strong>Dzie\u0144 2<\/strong><\/p>\n<p>Konfiguracja do pracy z zastosowaniem blok\u00f3w BICO<br \/>\nDiagnostyka nap\u0119d\u00f3w SINAMICS G za pomoc\u0105 oprogramowania STARTER<br \/>\nPraca z dokumentacj\u0105 oraz list\u0105 parametr\u00f3w<br \/>\nArchiwizacja i kopiowanie konfiguracji nap\u0119du SINAMICS G \u2013 wykorzystanie karty MMC<br \/>\n\u0106wiczenia praktyczne z zakresu optymalizacji pracy nap\u0119d\u00f3w oraz diagnostyki SINAMICS G<br \/>\nAlgorytmy sterowani, diagramy funkcyjne, tworzenie w\u0142asnych program\u00f3w<br \/>\nKonfiguracja do pracy w uk\u0142adzie regulacji pr\u0119dko\u015bci, optymalizacja, nastaw regulacji<br \/>\nKana\u0142 warto\u015bci zadanej: generator rampy, ograniczenia<\/p>\n<p><strong>Zaj\u0119cia dodatkowe<\/strong> Ka\u017cdy z uczestnik\u00f3w ma mo\u017cliwo\u015b\u0107 wzi\u0119cia udzia\u0142u w zaj\u0119ciach dodatkowych trwaj\u0105cych po szkoleniu &#8211; uczestnicy mog\u0105 wykonywa\u0107 \u0107wiczenia na zestawach szkoleniowych lub powtarza\u0107 przerobiony danego dnia materia\u0142.<\/p>\n<h5>Je\u015bli jeste\u015bcie Pa\u0144stwo zainteresowani zmian\u0105 terminu szkolenia lub szkoleniem dostosowanym do Pa\u0144stwa potrzeb technologicznych i produkcyjnych lub przygotowania kadry do zapewnienia wysokiej jako\u015bci us\u0142ug utrzymania maszyn w ruchu, zapraszamy do kontaktu pod adresem\u00a0<a href=\"mailto:szkolenia@simlogic.pl\">szkolenia@simlogic.pl<\/a>&#8222;<\/h5>\n<p>&nbsp;<\/p>","protected":false},"excerpt":{"rendered":"<h4>Poziom<\/h4>\n<p>BASE<\/p>\n<h4>Czas trwania<\/h4>\n<p>2 dni, 16 godzin + zaj\u0119cia dodatkowe<\/p>\n<h4>Cel szkolenia<\/h4>\n<p>Szkolenie ma na celu zaznajomienie uczestnika z mo\u017cliwo\u015bciami podstawowymi (BASE) budowy, zasady dzia\u0142ania, programowania, diagnozowania oraz funkcjonalno\u015bci urz\u0105dze\u0144 firmy SIEMENS.<\/p>\n<h4>Wymagania wst\u0119pne<\/h4>\n<p>Podstawowa znajomo\u015b\u0107 elektrotechniki, automatyki nap\u0119du elektrycznego i obs\u0142ugi komputera &#8211; w trakcie realizacji naszych szkole\u0144, przeka\u017cemy Pa\u0144stwu wszystkie niezb\u0119dne informacje od podstaw.<\/p>\n<h4>Opis<\/h4>\n<p>Szkolenie jest ukierunkowane na zastosowania praktyczne omawianych zagadnie\u0144 i zawiera nast\u0119puj\u0105c\u0105 tematyk\u0119:<\/p>\n<ul>\n<li>Budowa zasada dzia\u0142ania nap\u0119d\u00f3w SINAMICS G<\/li>\n<li>Konfiguracja i uruchamianie nap\u0119d\u00f3w SINAMICS G<\/li>\n<li>Konfiguracja do pracy z zastosowaniem blok\u00f3w BICO<\/li>\n<li>Diagnostyka techniki nap\u0119dowej SINAMICS G<\/li>\n<\/ul>","protected":false},"featured_media":4103,"comment_status":"open","ping_status":"closed","template":"","meta":{"_et_pb_use_builder":"off","_et_pb_old_content":"<h4>Program szkolenia<\/h4>\r\n<strong>Dzie\u0144 1<\/strong>\r\n<ul>\r\n \t<li style=\"list-style-type: none\">\r\n<ul>\r\n \t<li style=\"list-style-type: none\">\r\n<ul>\r\n \t<li style=\"list-style-type: none\">\r\n<ul>Wprowadzenie do standardu IEC 61131-3<\/ul>\r\n<\/li>\r\n<\/ul>\r\n<ul>\r\n \t<li style=\"list-style-type: none\">\r\n<ul>Deklaracja zmiennych i zasady programowania sterownik\u00f3w PLC<\/ul>\r\n<\/li>\r\n<\/ul>\r\n<ul>\r\n \t<li style=\"list-style-type: none\">\r\n<ul>Struktura programu<\/ul>\r\n<\/li>\r\n<\/ul>\r\n<ul>\r\n \t<li style=\"list-style-type: none\">\r\n<ul>Sk\u0142adnia i semantyka piece podstawowych j\u0119zyk\u00f3w IEC<\/ul>\r\n<\/li>\r\n<\/ul>\r\n<ul>\r\n \t<li style=\"list-style-type: none\">\r\n<ul>Konfiguracja I\/O<\/ul>\r\n<\/li>\r\n<\/ul>\r\n<ul>\r\n \t<li style=\"list-style-type: none\">\r\n<ul>Jednostka organizacyjna POU \u2013 biblioteki<\/ul>\r\n<\/li>\r\n<\/ul>\r\n<ul>\r\n \t<li style=\"list-style-type: none\">\r\n<ul>Przegl\u0105d standardowej biblioteki IEC<\/ul>\r\n<\/li>\r\n<\/ul>\r\n<ul>\r\n \t<li style=\"list-style-type: none\">\r\n<ul>\u0106wiczenia praktyczne z podstaw konfiguracji PLC i prostego programowania<\/ul>\r\n<\/li>\r\n<\/ul>\r\n<\/li>\r\n<\/ul>\r\n<\/li>\r\n<\/ul>\r\n<strong>Dzie\u0144 2<\/strong>\r\n<ul>\r\n \t<li style=\"list-style-type: none\">\r\n<ul>\r\n \t<li style=\"list-style-type: none\">\r\n<ul>\r\n \t<li style=\"list-style-type: none\">\r\n<ul>Deklaracja w\u0142asnych typ\u00f3w danych (tablice, struktury, typy wyliczeniowe)<\/ul>\r\n<\/li>\r\n<\/ul>\r\n<ul>\r\n \t<li style=\"list-style-type: none\">\r\n<ul>Standardowe typy danych, deklarowane typy danych<\/ul>\r\n<\/li>\r\n<\/ul>\r\n<ul>\r\n \t<li style=\"list-style-type: none\">\r\n<ul>Konfiguracja wej\u015b\u0107 \/ wyj\u015b\u0107 \u2013 \u0107wiczenia praktyczne<\/ul>\r\n<\/li>\r\n<\/ul>\r\n<ul>\r\n \t<li style=\"list-style-type: none\">\r\n<ul>Konfiguracja task\u00f3w<\/ul>\r\n<\/li>\r\n<\/ul>\r\n<ul>\r\n \t<li style=\"list-style-type: none\">\r\n<ul>Konfiguracja trace<\/ul>\r\n<\/li>\r\n<\/ul>\r\n<ul>\r\n \t<li style=\"list-style-type: none\">\r\n<ul>Przegl\u0105d operator\u00f3w CoDeSys (przydzia\u0142y, logika Boolean, por\u00f3wnania, selekcji, operatory REAL)<\/ul>\r\n<\/li>\r\n<\/ul>\r\n<ul>\r\n \t<li style=\"list-style-type: none\">\r\n<ul>Funkcjonalno\u015b\u0107 online \u2013 testowanie programu (forsowanie zmiennych, punkty zatrzymania programu)<\/ul>\r\n<\/li>\r\n<\/ul>\r\n<ul>\r\n \t<li style=\"list-style-type: none\">\r\n<ul>Tworzenie w\u0142asnych bibliotek<\/ul>\r\n<\/li>\r\n<\/ul>\r\n<\/li>\r\n<\/ul>\r\n<\/li>\r\n<\/ul>\r\n<strong>Zaj\u0119cia dodatkowe<\/strong>\r\nKa\u017cdy z uczestnik\u00f3w ma mo\u017cliwo\u015b\u0107 wzi\u0119cia udzia\u0142u w zaj\u0119ciach dodatkowych trwaj\u0105cych po szkoleniu - uczestnicy mog\u0105 wykonywa\u0107 \u0107wiczenia na zestawach szkoleniowych lub powtarza\u0107 przerobiony danego dnia materia\u0142.","_et_gb_content_width":""},"product_brand":[],"product_cat":[71],"product_tag":[200,198,199],"class_list":{"0":"post-4102","1":"product","2":"type-product","3":"status-publish","4":"has-post-thumbnail","6":"product_cat-technika-napedowa-ac","7":"product_tag-base","8":"product_tag-siemens","9":"product_tag-sinamics-g","11":"first","12":"instock","13":"taxable","14":"shipping-taxable","15":"product-type-simple"},"_links":{"self":[{"href":"https:\/\/simlogic.pl\/en\/wp-json\/wp\/v2\/product\/4102","targetHints":{"allow":["GET"]}}],"collection":[{"href":"https:\/\/simlogic.pl\/en\/wp-json\/wp\/v2\/product"}],"about":[{"href":"https:\/\/simlogic.pl\/en\/wp-json\/wp\/v2\/types\/product"}],"replies":[{"embeddable":true,"href":"https:\/\/simlogic.pl\/en\/wp-json\/wp\/v2\/comments?post=4102"}],"wp:featuredmedia":[{"embeddable":true,"href":"https:\/\/simlogic.pl\/en\/wp-json\/wp\/v2\/media\/4103"}],"wp:attachment":[{"href":"https:\/\/simlogic.pl\/en\/wp-json\/wp\/v2\/media?parent=4102"}],"wp:term":[{"taxonomy":"product_brand","embeddable":true,"href":"https:\/\/simlogic.pl\/en\/wp-json\/wp\/v2\/product_brand?post=4102"},{"taxonomy":"product_cat","embeddable":true,"href":"https:\/\/simlogic.pl\/en\/wp-json\/wp\/v2\/product_cat?post=4102"},{"taxonomy":"product_tag","embeddable":true,"href":"https:\/\/simlogic.pl\/en\/wp-json\/wp\/v2\/product_tag?post=4102"}],"curies":[{"name":"wp","href":"https:\/\/api.w.org\/{rel}","templated":true}]}}