{"id":4111,"date":"2021-03-17T12:39:52","date_gmt":"2021-03-17T11:39:52","guid":{"rendered":"https:\/\/www.simlogic.pl\/?post_type=product&#038;p=4111"},"modified":"2021-11-03T11:19:26","modified_gmt":"2021-11-03T10:19:26","slug":"szkolenie-dedykowane-w-zakresie-standardu-profidrive","status":"publish","type":"product","link":"https:\/\/simlogic.pl\/en\/product\/szkolenie-dedykowane-w-zakresie-standardu-profidrive\/","title":{"rendered":"Szkolenie dedykowane w zakresie standardu PROFIdrive"},"content":{"rendered":"<p>[et_pb_section fb_built=&#8221;1&#8243; _builder_version=&#8221;3.22&#8243; custom_padding=&#8221;0px||||false|false&#8221; global_colors_info=&#8221;{}&#8221; collapsed=&#8221;off&#8221;][et_pb_row _builder_version=&#8221;3.25&#8243; background_size=&#8221;initial&#8221; background_position=&#8221;top_left&#8221; background_repeat=&#8221;repeat&#8221; width=&#8221;100%&#8221; custom_padding=&#8221;0px||0px||false|false&#8221; global_colors_info=&#8221;{}&#8221; collapsed=&#8221;off&#8221;][et_pb_column type=&#8221;4_4&#8243; _builder_version=&#8221;3.25&#8243; custom_padding=&#8221;|||&#8221; global_colors_info=&#8221;{}&#8221; custom_padding__hover=&#8221;|||&#8221;][et_pb_wc_breadcrumb _builder_version=&#8221;3.0.47&#8243; global_colors_info=&#8221;{}&#8221;][\/et_pb_wc_breadcrumb][et_pb_wc_cart_notice _builder_version=&#8221;3.0.47&#8243; global_colors_info=&#8221;{}&#8221;][\/et_pb_wc_cart_notice][\/et_pb_column][\/et_pb_row][et_pb_row column_structure=&#8221;1_2,1_2&#8243; _builder_version=&#8221;3.25&#8243; background_size=&#8221;initial&#8221; background_position=&#8221;top_left&#8221; background_repeat=&#8221;repeat&#8221; width=&#8221;100%&#8221; custom_padding=&#8221;0px||||false|false&#8221; global_colors_info=&#8221;{}&#8221;][et_pb_column type=&#8221;1_2&#8243; _builder_version=&#8221;3.25&#8243; custom_padding=&#8221;|||&#8221; global_colors_info=&#8221;{}&#8221; custom_padding__hover=&#8221;|||&#8221;][et_pb_wc_images _builder_version=&#8221;3.0.47&#8243; global_colors_info=&#8221;{}&#8221;][\/et_pb_wc_images][\/et_pb_column][et_pb_column type=&#8221;1_2&#8243; _builder_version=&#8221;3.25&#8243; custom_padding=&#8221;|||&#8221; global_colors_info=&#8221;{}&#8221; custom_padding__hover=&#8221;|||&#8221;][et_pb_wc_title _builder_version=&#8221;3.0.47&#8243; global_colors_info=&#8221;{}&#8221;][\/et_pb_wc_title][et_pb_wc_rating _builder_version=&#8221;3.0.47&#8243; global_colors_info=&#8221;{}&#8221;][\/et_pb_wc_rating][et_pb_wc_price _builder_version=&#8221;3.0.47&#8243; global_colors_info=&#8221;{}&#8221; admin_label=&#8221;Woo Price&#8221;][\/et_pb_wc_price][et_pb_wc_description _builder_version=&#8221;3.0.47&#8243; global_colors_info=&#8221;{}&#8221;][\/et_pb_wc_description][et_pb_wc_add_to_cart _builder_version=&#8221;3.0.47&#8243; global_colors_info=&#8221;{}&#8221;][\/et_pb_wc_add_to_cart][et_pb_wc_meta _builder_version=&#8221;3.0.47&#8243; global_colors_info=&#8221;{}&#8221;][\/et_pb_wc_meta][\/et_pb_column][\/et_pb_row][et_pb_row _builder_version=&#8221;3.25&#8243; background_size=&#8221;initial&#8221; background_position=&#8221;top_left&#8221; background_repeat=&#8221;repeat&#8221; width=&#8221;100%&#8221; global_colors_info=&#8221;{}&#8221;][et_pb_column type=&#8221;4_4&#8243; _builder_version=&#8221;3.25&#8243; custom_padding=&#8221;|||&#8221; global_colors_info=&#8221;{}&#8221; custom_padding__hover=&#8221;|||&#8221;][et_pb_wc_tabs _builder_version=&#8221;3.0.47&#8243; global_colors_info=&#8221;{}&#8221;]\t\t\t\t\t[\/et_pb_wc_tabs][et_pb_wc_upsells _builder_version=&#8221;3.0.47&#8243; global_colors_info=&#8221;{}&#8221;][\/et_pb_wc_upsells][et_pb_wc_related_products _builder_version=&#8221;3.0.47&#8243; global_colors_info=&#8221;{}&#8221; admin_label=&#8221;Woo Powi\u0105zany produkt&#8221;][\/et_pb_wc_related_products][\/et_pb_column][\/et_pb_row][\/et_pb_section]<\/p>","protected":false},"excerpt":{"rendered":"<h4>Poziom<\/h4>\n<p>BASE<\/p>\n<h4>Czas trwania<\/h4>\n<p>2 dni, 16 godzin + zaj\u0119cia dodatkowe<\/p>\n<h4>Cel szkolenia<\/h4>\n<p>Szkolenie ma na celu zaznajomienie uczestnika z mo\u017cliwo\u015bciami podstawowymi (BASE) budowy, zasady dzia\u0142ania, programowania, diagnozowania oraz funkcjonalno\u015bci urz\u0105dze\u0144 firmy SIEMENS.<\/p>\n<h4>Wymagania wst\u0119pne<\/h4>\n<p>Podstawowa znajomo\u015b\u0107 elektrotechniki, automatyki nap\u0119du elektrycznego i obs\u0142ugi komputera &#8211; w trakcie realizacji naszych szkole\u0144, przeka\u017cemy Pa\u0144stwu wszystkie niezb\u0119dne informacje od podstaw.<\/p>\n<p>&nbsp;<\/p>","protected":false},"featured_media":4112,"comment_status":"open","ping_status":"closed","template":"","meta":{"_et_pb_use_builder":"on","_et_pb_old_content":"<h4>Program szkolenia<\/h4>\r\nZawarto\u015b\u0107 ustalana w oparciu o przedstawione informacje oraz potrzeby klienta.\r\n\r\n<strong>Zaj\u0119cia dodatkowe<\/strong> Ka\u017cdy z uczestnik\u00f3w ma mo\u017cliwo\u015b\u0107 wzi\u0119cia udzia\u0142u w zaj\u0119ciach dodatkowych trwaj\u0105cych po szkoleniu - uczestnicy mog\u0105 wykonywa\u0107 \u0107wiczenia na zestawach szkoleniowych lub powtarza\u0107 przerobiony danego dnia materia\u0142.\r\n\r\nSzkolenia autorskie, realizowane i opracowane przez SIMLOGIC.\r\n<h5>Je\u015bli jeste\u015bcie Pa\u0144stwo zainteresowani zmian\u0105 terminu szkolenia lub szkoleniem dostosowanym do Pa\u0144stwa potrzeb technologicznych i produkcyjnych lub przygotowania kadry do zapewnienia wysokiej jako\u015bci us\u0142ug utrzymania maszyn w ruchu, zapraszamy do kontaktu pod adresem\u00a0<a href=\"mailto:szkolenia@simlogic.pl\">szkolenia@simlogic.pl<\/a>\"<\/h5>","_et_gb_content_width":""},"product_brand":[],"product_cat":[87],"product_tag":[202,198],"class_list":{"0":"post-4111","1":"product","2":"type-product","3":"status-publish","4":"has-post-thumbnail","6":"product_cat-szkolenia-dedykowane","7":"product_tag-profidrive","8":"product_tag-siemens","10":"first","11":"instock","12":"taxable","13":"shipping-taxable","14":"product-type-simple"},"_links":{"self":[{"href":"https:\/\/simlogic.pl\/en\/wp-json\/wp\/v2\/product\/4111","targetHints":{"allow":["GET"]}}],"collection":[{"href":"https:\/\/simlogic.pl\/en\/wp-json\/wp\/v2\/product"}],"about":[{"href":"https:\/\/simlogic.pl\/en\/wp-json\/wp\/v2\/types\/product"}],"replies":[{"embeddable":true,"href":"https:\/\/simlogic.pl\/en\/wp-json\/wp\/v2\/comments?post=4111"}],"wp:featuredmedia":[{"embeddable":true,"href":"https:\/\/simlogic.pl\/en\/wp-json\/wp\/v2\/media\/4112"}],"wp:attachment":[{"href":"https:\/\/simlogic.pl\/en\/wp-json\/wp\/v2\/media?parent=4111"}],"wp:term":[{"taxonomy":"product_brand","embeddable":true,"href":"https:\/\/simlogic.pl\/en\/wp-json\/wp\/v2\/product_brand?post=4111"},{"taxonomy":"product_cat","embeddable":true,"href":"https:\/\/simlogic.pl\/en\/wp-json\/wp\/v2\/product_cat?post=4111"},{"taxonomy":"product_tag","embeddable":true,"href":"https:\/\/simlogic.pl\/en\/wp-json\/wp\/v2\/product_tag?post=4111"}],"curies":[{"name":"wp","href":"https:\/\/api.w.org\/{rel}","templated":true}]}}