{"id":4118,"date":"2021-03-17T15:04:15","date_gmt":"2021-03-17T14:04:15","guid":{"rendered":"https:\/\/www.simlogic.pl\/?post_type=product&#038;p=4118"},"modified":"2025-01-15T11:38:59","modified_gmt":"2025-01-15T10:38:59","slug":"szkolenie-podstawowe-diagnostyka-profibus-dp-pa","status":"publish","type":"product","link":"https:\/\/simlogic.pl\/en\/product\/szkolenie-podstawowe-diagnostyka-profibus-dp-pa\/","title":{"rendered":"Szkolenie podstawowe diagnostyka PROFIBUS DP PA"},"content":{"rendered":"<h4>Program szkolenia<\/h4>\n<p><strong>Dzie\u0144 1<\/strong><\/p>\n<ul class=\"arrow\">\n<li>Warstwa fizyczna oraz norma elektryczna standardu PROFIBUS<\/li>\n<li>Topologie sieci PROFIBUS<\/li>\n<li>Standard i zastosowanie PROFIBUS DP<\/li>\n<li>B\u0142\u0119dy oraz ich podzia\u0142 na kategorie<\/li>\n<li>Struktura sieci PROFIBUS<\/li>\n<li>Wsp\u00f3\u0142praca pomi\u0119dzy sieciami PROFIBUS DP \u2013PROFIBUS PA<\/li>\n<li>Podzia\u0142 sieci na segmenty<\/li>\n<\/ul>\n<p><strong>Dzie\u0144 2<\/strong><\/p>\n<div class=\"fragment-in\">\n<div class=\"block_content\">\n<ul class=\"arrow\">\n<li>Diagnostyka sieci za pomoc\u0105 modu\u0142\u00f3w komunikacyjnych<\/li>\n<li>Diagnostyka warstwy fizycznej za pomoc\u0105 miernik\u00f3w specjalistycznych<\/li>\n<li>Analiza pakiet\u00f3w w sieci PROFIBUS<\/li>\n<li>Modu\u0142y komunikacyjne w sieci PROFIBUS<\/li>\n<li>B\u0142\u0119dy podczas instalacji okablowania sieci PROFIBUS<\/li>\n<li>Urz\u0105dzenia diagnostyczne dla sieci PROFIBUS<\/li>\n<li>Diagnostyka sieci za pomoc\u0105 stacji DP-Slave<\/li>\n<li>Informacje diagnostyczne dost\u0119pne w modu\u0142ach DP-Master<\/li>\n<\/ul>\n<\/div>\n<div class=\"clear\"><\/div>\n<\/div>\n<p><strong>Zaj\u0119cia dodatkowe<\/strong> Ka\u017cdy z uczestnik\u00f3w ma mo\u017cliwo\u015b\u0107 wzi\u0119cia udzia\u0142u w zaj\u0119ciach dodatkowych trwaj\u0105cych po szkoleniu &#8211; uczestnicy mog\u0105 wykonywa\u0107 \u0107wiczenia na zestawach szkoleniowych lub powtarza\u0107 przerobiony danego dnia materia\u0142.<\/p>\n<h5><\/h5>\n<h5>Je\u015bli jeste\u015bcie Pa\u0144stwo zainteresowani zmian\u0105 terminu szkolenia lub szkoleniem dostosowanym do Pa\u0144stwa potrzeb technologicznych i produkcyjnych lub przygotowania kadry do zapewnienia wysokiej jako\u015bci us\u0142ug utrzymania maszyn w ruchu, zapraszamy do kontaktu pod adresem\u00a0<a href=\"mailto:szkolenia@simlogic.pl\">szkolenia@simlogic.pl<\/a>&#8222;<\/h5>","protected":false},"excerpt":{"rendered":"<h4>Poziom<\/h4>\n<p>BASE<\/p>\n<h4>Czas trwania<\/h4>\n<p>2 dni,\u00a0 16 godzin lekcyjnych + zaj\u0119cia dodatkowe<\/p>\n<h4>Cel szkolenia<\/h4>\n<p>Szkolenie ma na celu zaznajomienie uczestnika z mo\u017cliwo\u015bciami podstawowymi (BASE) budowy, zasady dzia\u0142ania, programowania, diagnozowania oraz funkcjonalno\u015bci urz\u0105dze\u0144 firmy Eaton.<\/p>\n<h4>Wymagania wst\u0119pne<\/h4>\n<p>Podstawowa znajomo\u015b\u0107 elektrotechniki, automatyki nap\u0119du elektrycznego i obs\u0142ugi komputera &#8211; w trakcie realizacji naszych szkole\u0144, przeka\u017cemy Pa\u0144stwu wszystkie niezb\u0119dne informacje od podstaw.<\/p>\n<h4>Opis<\/h4>\n<div class=\"fragment-in\">\n<div class=\"block_content\">\n<p>Szkolenie jest ukierunkowane na zastosowania praktyczne omawianych zagadnie\u0144 i zawiera nast\u0119puj\u0105c\u0105 tematyk\u0119:<br \/>\nPodstawowe informacje o standardzie PROFIBUS,<br \/>\nKategorie b\u0142\u0119d\u00f3w<br \/>\nDiagnostyka sieci na poziomie warstwy fizycznej<br \/>\nDiagnostyka sieci na poziomie protoko\u0142u<\/p>\n<\/div>\n<div class=\"clear\"><\/div>\n<\/div>","protected":false},"featured_media":4119,"comment_status":"open","ping_status":"closed","template":"","meta":{"_et_pb_use_builder":"off","_et_pb_old_content":"<h4>Program szkolenia<\/h4>\r\n<strong>Dzie\u0144 1<\/strong>\r\n<ul>\r\n \t<li style=\"list-style-type: none\">\r\n<ul>\r\n \t<li style=\"list-style-type: none\">\r\n<ul>\r\n \t<li style=\"list-style-type: none\">\r\n<ul>Wprowadzenie do standardu IEC 61131-3<\/ul>\r\n<\/li>\r\n<\/ul>\r\n<ul>\r\n \t<li style=\"list-style-type: none\">\r\n<ul>Deklaracja zmiennych i zasady programowania sterownik\u00f3w PLC<\/ul>\r\n<\/li>\r\n<\/ul>\r\n<ul>\r\n \t<li style=\"list-style-type: none\">\r\n<ul>Struktura programu<\/ul>\r\n<\/li>\r\n<\/ul>\r\n<ul>\r\n \t<li style=\"list-style-type: none\">\r\n<ul>Sk\u0142adnia i semantyka piece podstawowych j\u0119zyk\u00f3w IEC<\/ul>\r\n<\/li>\r\n<\/ul>\r\n<ul>\r\n \t<li style=\"list-style-type: none\">\r\n<ul>Konfiguracja I\/O<\/ul>\r\n<\/li>\r\n<\/ul>\r\n<ul>\r\n \t<li style=\"list-style-type: none\">\r\n<ul>Jednostka organizacyjna POU \u2013 biblioteki<\/ul>\r\n<\/li>\r\n<\/ul>\r\n<ul>\r\n \t<li style=\"list-style-type: none\">\r\n<ul>Przegl\u0105d standardowej biblioteki IEC<\/ul>\r\n<\/li>\r\n<\/ul>\r\n<ul>\r\n \t<li style=\"list-style-type: none\">\r\n<ul>\u0106wiczenia praktyczne z podstaw konfiguracji PLC i prostego programowania<\/ul>\r\n<\/li>\r\n<\/ul>\r\n<\/li>\r\n<\/ul>\r\n<\/li>\r\n<\/ul>\r\n<strong>Dzie\u0144 2<\/strong>\r\n<ul>\r\n \t<li style=\"list-style-type: none\">\r\n<ul>\r\n \t<li style=\"list-style-type: none\">\r\n<ul>\r\n \t<li style=\"list-style-type: none\">\r\n<ul>Deklaracja w\u0142asnych typ\u00f3w danych (tablice, struktury, typy wyliczeniowe)<\/ul>\r\n<\/li>\r\n<\/ul>\r\n<ul>\r\n \t<li style=\"list-style-type: none\">\r\n<ul>Standardowe typy danych, deklarowane typy danych<\/ul>\r\n<\/li>\r\n<\/ul>\r\n<ul>\r\n \t<li style=\"list-style-type: none\">\r\n<ul>Konfiguracja wej\u015b\u0107 \/ wyj\u015b\u0107 \u2013 \u0107wiczenia praktyczne<\/ul>\r\n<\/li>\r\n<\/ul>\r\n<ul>\r\n \t<li style=\"list-style-type: none\">\r\n<ul>Konfiguracja task\u00f3w<\/ul>\r\n<\/li>\r\n<\/ul>\r\n<ul>\r\n \t<li style=\"list-style-type: none\">\r\n<ul>Konfiguracja trace<\/ul>\r\n<\/li>\r\n<\/ul>\r\n<ul>\r\n \t<li style=\"list-style-type: none\">\r\n<ul>Przegl\u0105d operator\u00f3w CoDeSys (przydzia\u0142y, logika Boolean, por\u00f3wnania, selekcji, operatory REAL)<\/ul>\r\n<\/li>\r\n<\/ul>\r\n<ul>\r\n \t<li style=\"list-style-type: none\">\r\n<ul>Funkcjonalno\u015b\u0107 online \u2013 testowanie programu (forsowanie zmiennych, punkty zatrzymania programu)<\/ul>\r\n<\/li>\r\n<\/ul>\r\n<ul>\r\n \t<li style=\"list-style-type: none\">\r\n<ul>Tworzenie w\u0142asnych bibliotek<\/ul>\r\n<\/li>\r\n<\/ul>\r\n<\/li>\r\n<\/ul>\r\n<\/li>\r\n<\/ul>\r\n<strong>Zaj\u0119cia dodatkowe<\/strong>\r\nKa\u017cdy z uczestnik\u00f3w ma mo\u017cliwo\u015b\u0107 wzi\u0119cia udzia\u0142u w zaj\u0119ciach dodatkowych trwaj\u0105cych po szkoleniu - uczestnicy mog\u0105 wykonywa\u0107 \u0107wiczenia na zestawach szkoleniowych lub powtarza\u0107 przerobiony danego dnia materia\u0142.","_et_gb_content_width":""},"product_brand":[],"product_cat":[207],"product_tag":[208],"class_list":{"0":"post-4118","1":"product","2":"type-product","3":"status-publish","4":"has-post-thumbnail","6":"product_cat-komunikacja-sieci-przemyslowych","7":"product_tag-profibus-dp-pa","9":"first","10":"instock","11":"taxable","12":"shipping-taxable","13":"product-type-simple"},"_links":{"self":[{"href":"https:\/\/simlogic.pl\/en\/wp-json\/wp\/v2\/product\/4118","targetHints":{"allow":["GET"]}}],"collection":[{"href":"https:\/\/simlogic.pl\/en\/wp-json\/wp\/v2\/product"}],"about":[{"href":"https:\/\/simlogic.pl\/en\/wp-json\/wp\/v2\/types\/product"}],"replies":[{"embeddable":true,"href":"https:\/\/simlogic.pl\/en\/wp-json\/wp\/v2\/comments?post=4118"}],"wp:featuredmedia":[{"embeddable":true,"href":"https:\/\/simlogic.pl\/en\/wp-json\/wp\/v2\/media\/4119"}],"wp:attachment":[{"href":"https:\/\/simlogic.pl\/en\/wp-json\/wp\/v2\/media?parent=4118"}],"wp:term":[{"taxonomy":"product_brand","embeddable":true,"href":"https:\/\/simlogic.pl\/en\/wp-json\/wp\/v2\/product_brand?post=4118"},{"taxonomy":"product_cat","embeddable":true,"href":"https:\/\/simlogic.pl\/en\/wp-json\/wp\/v2\/product_cat?post=4118"},{"taxonomy":"product_tag","embeddable":true,"href":"https:\/\/simlogic.pl\/en\/wp-json\/wp\/v2\/product_tag?post=4118"}],"curies":[{"name":"wp","href":"https:\/\/api.w.org\/{rel}","templated":true}]}}