{"id":4125,"date":"2021-03-18T14:27:09","date_gmt":"2021-03-18T13:27:09","guid":{"rendered":"https:\/\/www.simlogic.pl\/?post_type=product&#038;p=4125"},"modified":"2026-04-08T14:07:05","modified_gmt":"2026-04-08T12:07:05","slug":"szkolenie-podstawowe-ind-ethernet","status":"publish","type":"product","link":"https:\/\/simlogic.pl\/en\/product\/szkolenie-podstawowe-ind-ethernet\/","title":{"rendered":"Szkolenie podstawowe INDUSTRIAL ETHERNET"},"content":{"rendered":"<h4>Program szkolenia<\/h4>\n<p><strong>Dzie\u0144 1<\/strong><\/p>\n<ul class=\"arrow\">\n<li>Standardy sieciowe<\/li>\n<li>Model ISO\/OSI i podzia\u0142 na warstwy<\/li>\n<li>Okablowanie w standardzie Industrial Ethernet<\/li>\n<li>Adresacja w sieci Ethernet<\/li>\n<li>Podzia\u0142 sieci na podsieci i adresowanie urz\u0105dze\u0144<\/li>\n<li>Protoko\u0142y w sieci Ethernet<\/li>\n<li>Prze\u0142\u0105czniki w sieci Ethernet \u2013 przegl\u0105d rozwi\u0105za\u0144<\/li>\n<li>Modu\u0142y bezpiecze\u0144stwa &#8211; przegl\u0105d rozwi\u0105za\u0144<\/li>\n<\/ul>\n<p><strong>Dzie\u0144 2<\/strong><\/p>\n<ul class=\"arrow\">\n<li>Projektowanie sieci Ethernet \u2013 wymagania i normy<\/li>\n<li>Uruchomienie sieci Ethernet w oparciu o urz\u0105dzenia firmy Siemens<\/li>\n<li>Topologie sieci Ethernet<\/li>\n<li>Projekt i uruchomienie redundantnej sieci Ethernet<\/li>\n<li>Zabezpieczenie sieci przemys\u0142owej przy u\u017cyciu modu\u0142\u00f3w SCALANCE S<\/li>\n<li>VLAN jako metoda zabezpieczenia sieci \u2013 konfiguracja i uruchomienie<\/li>\n<li>Diagnostyka warstwy fizycznej sieci Ethernet przy u\u017cyciu miernik\u00f3w i oprogramowania<\/li>\n<li>Diagnostyka komunikacji za pomoc\u0105 oprogramowania<\/li>\n<\/ul>\n<p>&nbsp;<\/p>\n<p><strong>Zaj\u0119cia dodatkowe<\/strong> Ka\u017cdy z uczestnik\u00f3w ma mo\u017cliwo\u015b\u0107 wzi\u0119cia udzia\u0142u w zaj\u0119ciach dodatkowych trwaj\u0105cych po szkoleniu &#8211; uczestnicy mog\u0105 wykonywa\u0107 \u0107wiczenia na zestawach szkoleniowych lub powtarza\u0107 przerobiony danego dnia materia\u0142.<\/p>\n<h5>Je\u015bli jeste\u015bcie Pa\u0144stwo zainteresowani zmian\u0105 terminu szkolenia lub szkoleniem dostosowanym do Pa\u0144stwa potrzeb technologicznych i produkcyjnych lub przygotowania kadry do zapewnienia wysokiej jako\u015bci us\u0142ug utrzymania maszyn w ruchu, zapraszamy do kontaktu pod adresem\u00a0<a href=\"mailto:szkolenia@simlogic.pl\">szkolenia@simlogic.pl<\/a>&#8222;<\/h5>\n<p>&nbsp;<\/p>","protected":false},"excerpt":{"rendered":"<h4>Poziom<\/h4>\n<p>BASE<\/p>\n<h4>Czas trwania<\/h4>\n<p>2 dni, 16 godzin + zaj\u0119cia dodatkowe<\/p>\n<h4>Cel szkolenia<\/h4>\n<p>Szkolenie podstawowe pozwala Pa\u0144stwu naby\u0107 umiej\u0119tno\u015bci z zakresu projektowania sieci komunikacyjnych opartych o standard Industrial Ethernet.<\/p>\n<h4>Wymagania wst\u0119pne<\/h4>\n<p>Podstawowa znajomo\u015b\u0107 elektrotechniki, automatyki nap\u0119du elektrycznego i obs\u0142ugi komputera &#8211; w trakcie realizacji naszych szkole\u0144, przeka\u017cemy Pa\u0144stwu wszystkie niezb\u0119dne informacje od podstaw.<\/p>\n<h4>Opis<\/h4>\n<p>Szkolenie jest ukierunkowane na zastosowania praktyczne omawianych zagadnie\u0144 i zawiera nast\u0119puj\u0105c\u0105 tematyk\u0119:<br \/>\nPrzegl\u0105d komponent\u00f3w wykorzystywanych w sieci Ethernet (prze\u0142\u0105czniki, modu\u0142u bezpiecze\u0144stwa, procesorami komunikacyjnymi, interfejsami przeznaczonymi dla komputer\u00f3w PC, panelami operatorski oraz sterownikami PLC,<br \/>\nSwitche przemys\u0142owe \u2013 wykorzystanie i dob\u00f3r<br \/>\nRedundancja w sieciach Ethernet<br \/>\nDiagnostyka sieci: diagnostyka okablowania oraz sprz\u0119tu sieciowego, wykorzystanie protoko\u0142u LLDP.<\/p>","protected":false},"featured_media":4126,"comment_status":"open","ping_status":"closed","template":"","meta":{"_et_pb_use_builder":"off","_et_pb_old_content":"<h4>Program szkolenia<\/h4>\r\n<strong>Dzie\u0144 1<\/strong>\r\n<ul>\r\n \t<li style=\"list-style-type: none\">\r\n<ul>\r\n \t<li style=\"list-style-type: none\">\r\n<ul>\r\n \t<li style=\"list-style-type: none\">\r\n<ul>Wprowadzenie do standardu IEC 61131-3<\/ul>\r\n<\/li>\r\n<\/ul>\r\n<ul>\r\n \t<li style=\"list-style-type: none\">\r\n<ul>Deklaracja zmiennych i zasady programowania sterownik\u00f3w PLC<\/ul>\r\n<\/li>\r\n<\/ul>\r\n<ul>\r\n \t<li style=\"list-style-type: none\">\r\n<ul>Struktura programu<\/ul>\r\n<\/li>\r\n<\/ul>\r\n<ul>\r\n \t<li style=\"list-style-type: none\">\r\n<ul>Sk\u0142adnia i semantyka piece podstawowych j\u0119zyk\u00f3w IEC<\/ul>\r\n<\/li>\r\n<\/ul>\r\n<ul>\r\n \t<li style=\"list-style-type: none\">\r\n<ul>Konfiguracja I\/O<\/ul>\r\n<\/li>\r\n<\/ul>\r\n<ul>\r\n \t<li style=\"list-style-type: none\">\r\n<ul>Jednostka organizacyjna POU \u2013 biblioteki<\/ul>\r\n<\/li>\r\n<\/ul>\r\n<ul>\r\n \t<li style=\"list-style-type: none\">\r\n<ul>Przegl\u0105d standardowej biblioteki IEC<\/ul>\r\n<\/li>\r\n<\/ul>\r\n<ul>\r\n \t<li style=\"list-style-type: none\">\r\n<ul>\u0106wiczenia praktyczne z podstaw konfiguracji PLC i prostego programowania<\/ul>\r\n<\/li>\r\n<\/ul>\r\n<\/li>\r\n<\/ul>\r\n<\/li>\r\n<\/ul>\r\n<strong>Dzie\u0144 2<\/strong>\r\n<ul>\r\n \t<li style=\"list-style-type: none\">\r\n<ul>\r\n \t<li style=\"list-style-type: none\">\r\n<ul>\r\n \t<li style=\"list-style-type: none\">\r\n<ul>Deklaracja w\u0142asnych typ\u00f3w danych (tablice, struktury, typy wyliczeniowe)<\/ul>\r\n<\/li>\r\n<\/ul>\r\n<ul>\r\n \t<li style=\"list-style-type: none\">\r\n<ul>Standardowe typy danych, deklarowane typy danych<\/ul>\r\n<\/li>\r\n<\/ul>\r\n<ul>\r\n \t<li style=\"list-style-type: none\">\r\n<ul>Konfiguracja wej\u015b\u0107 \/ wyj\u015b\u0107 \u2013 \u0107wiczenia praktyczne<\/ul>\r\n<\/li>\r\n<\/ul>\r\n<ul>\r\n \t<li style=\"list-style-type: none\">\r\n<ul>Konfiguracja task\u00f3w<\/ul>\r\n<\/li>\r\n<\/ul>\r\n<ul>\r\n \t<li style=\"list-style-type: none\">\r\n<ul>Konfiguracja trace<\/ul>\r\n<\/li>\r\n<\/ul>\r\n<ul>\r\n \t<li style=\"list-style-type: none\">\r\n<ul>Przegl\u0105d operator\u00f3w CoDeSys (przydzia\u0142y, logika Boolean, por\u00f3wnania, selekcji, operatory REAL)<\/ul>\r\n<\/li>\r\n<\/ul>\r\n<ul>\r\n \t<li style=\"list-style-type: none\">\r\n<ul>Funkcjonalno\u015b\u0107 online \u2013 testowanie programu (forsowanie zmiennych, punkty zatrzymania programu)<\/ul>\r\n<\/li>\r\n<\/ul>\r\n<ul>\r\n \t<li style=\"list-style-type: none\">\r\n<ul>Tworzenie w\u0142asnych bibliotek<\/ul>\r\n<\/li>\r\n<\/ul>\r\n<\/li>\r\n<\/ul>\r\n<\/li>\r\n<\/ul>\r\n<strong>Zaj\u0119cia dodatkowe<\/strong>\r\nKa\u017cdy z uczestnik\u00f3w ma mo\u017cliwo\u015b\u0107 wzi\u0119cia udzia\u0142u w zaj\u0119ciach dodatkowych trwaj\u0105cych po szkoleniu - uczestnicy mog\u0105 wykonywa\u0107 \u0107wiczenia na zestawach szkoleniowych lub powtarza\u0107 przerobiony danego dnia materia\u0142.","_et_gb_content_width":""},"product_brand":[],"product_cat":[207],"product_tag":[209],"class_list":{"0":"post-4125","1":"product","2":"type-product","3":"status-publish","4":"has-post-thumbnail","6":"product_cat-komunikacja-sieci-przemyslowych","7":"product_tag-industrial-ethernet","9":"first","10":"instock","11":"taxable","12":"shipping-taxable","13":"product-type-simple"},"_links":{"self":[{"href":"https:\/\/simlogic.pl\/en\/wp-json\/wp\/v2\/product\/4125","targetHints":{"allow":["GET"]}}],"collection":[{"href":"https:\/\/simlogic.pl\/en\/wp-json\/wp\/v2\/product"}],"about":[{"href":"https:\/\/simlogic.pl\/en\/wp-json\/wp\/v2\/types\/product"}],"replies":[{"embeddable":true,"href":"https:\/\/simlogic.pl\/en\/wp-json\/wp\/v2\/comments?post=4125"}],"wp:featuredmedia":[{"embeddable":true,"href":"https:\/\/simlogic.pl\/en\/wp-json\/wp\/v2\/media\/4126"}],"wp:attachment":[{"href":"https:\/\/simlogic.pl\/en\/wp-json\/wp\/v2\/media?parent=4125"}],"wp:term":[{"taxonomy":"product_brand","embeddable":true,"href":"https:\/\/simlogic.pl\/en\/wp-json\/wp\/v2\/product_brand?post=4125"},{"taxonomy":"product_cat","embeddable":true,"href":"https:\/\/simlogic.pl\/en\/wp-json\/wp\/v2\/product_cat?post=4125"},{"taxonomy":"product_tag","embeddable":true,"href":"https:\/\/simlogic.pl\/en\/wp-json\/wp\/v2\/product_tag?post=4125"}],"curies":[{"name":"wp","href":"https:\/\/api.w.org\/{rel}","templated":true}]}}