{"id":4132,"date":"2021-03-22T11:38:41","date_gmt":"2021-03-22T10:38:41","guid":{"rendered":"https:\/\/www.simlogic.pl\/?post_type=product&#038;p=4132"},"modified":"2021-11-02T14:06:53","modified_gmt":"2021-11-02T13:06:53","slug":"szkolenie-podstawowe-simatic-s7-400","status":"publish","type":"product","link":"https:\/\/simlogic.pl\/en\/product\/szkolenie-podstawowe-simatic-s7-400\/","title":{"rendered":"Szkolenie podstawowe SIMATIC S7-400"},"content":{"rendered":"<h4>Program szkolenia<\/h4>\n<p><strong>Dzie\u0144 1<\/strong><\/p>\n<ul>\n<li>Instalacja i okablowanie obiektowe<\/li>\n<li>Og\u00f3lne zasady budowy aplikacji i tworzenia program\u00f3w w SIMATIC STEP 7<\/li>\n<li>Zasady budowy konfiguracji sprz\u0119towej sterownik\u00f3w S7-400 w HW Config<\/li>\n<li>Konfiguracja interfejsu komunikacyjnego komputera i nawi\u0105zanie komunikacji ze sterownikiem<\/li>\n<li>Om\u00f3wienie koncepcji integracji urz\u0105dze\u0144 automatyki przemys\u0142owej firmy Siemens<\/li>\n<li>Sterowniki SIMATIC S7-400<\/li>\n<li>Parametry i konfiguracja funkcji sterownika S7-400<\/li>\n<li>Podstawowe operacje dotycz\u0105ce obs\u0142ugi sterownik\u00f3w S7-400<\/li>\n<li>Om\u00f3wienie aplikacji HW Config i jej mo\u017cliwo\u015bci funkcjonalnych<\/li>\n<li>Budowa, zasada dzia\u0142ania i funkcjonalno\u015b\u0107 sterownik\u00f3w PLC<\/li>\n<\/ul>\n<p><strong>Dzie\u0144 2 <\/strong><\/p>\n<ul>\n<li>Adresacja pami\u0119ci, wej\u015b\u0107 i wyj\u015b\u0107 w sterownikach SIMATIC S7-400 &#8211; zasady adresacji modu\u0142\u00f3w sygna\u0142owych<\/li>\n<li>Testowanie i diagnostyka program\u00f3w<\/li>\n<li>Programowanie maszyn<\/li>\n<li>Bitowe operacje logiczne<\/li>\n<li>Programowanie sterownik\u00f3w SIMATIC<\/li>\n<li>Podstawy programowania sterownik\u00f3w SIMATIC \u2013 tworzenie prostych program\u00f3w<\/li>\n<li>Adresowanie absolutne i symboliczne \u2013 tabela symboli<\/li>\n<li>Zasada budowy maszynowych algorytm\u00f3w sterowania procesami: algorytmy proste i sekwencyjne<\/li>\n<\/ul>\n<p><strong>Dzie\u0144 3<\/strong><\/p>\n<ul>\n<li>Operacje na bajtach, s\u0142owach i podw\u00f3jnych s\u0142owach<\/li>\n<li>Bloki organizacyjne, przerwania programowe<\/li>\n<li>Zastosowanie modu\u0142\u00f3w analogowych<\/li>\n<li>Dokumentacja, archiwizacja i przenoszenie projekt\u00f3w<\/li>\n<li>Tworzenie i zapis danych do blok\u00f3w danych<\/li>\n<li>Koncepcja organizacji pami\u0119ci w sterownikach SIMATIC<\/li>\n<li>Diagnostyka systemu &#8211; podstawowe narz\u0119dzia do testowania i monitorowania pracy programu sterowania<\/li>\n<li>Sterowanie realizacj\u0105 zada\u0144 zapisanych w bloku programowym &#8211; podstawy formatu zapisu programu w STL<\/li>\n<\/ul>\n<p>&nbsp;<\/p>\n<p><strong>Zaj\u0119cia dodatkowe <\/strong>Ka\u017cdy z uczestnik\u00f3w ma mo\u017cliwo\u015b\u0107 wzi\u0119cia udzia\u0142u w zaj\u0119ciach dodatkowych trwaj\u0105cych po szkoleniu &#8211; uczestnicy mog\u0105 wykonywa\u0107 \u0107wiczenia na zestawach szkoleniowych lub powtarza\u0107 przerobiony danego dnia materia\u0142.<\/p>\n<h5>Je\u015bli jeste\u015bcie Pa\u0144stwo zainteresowani zmian\u0105 terminu szkolenia lub szkoleniem dostosowanym do Pa\u0144stwa potrzeb technologicznych i produkcyjnych lub przygotowania kadry do zapewnienia wysokiej jako\u015bci us\u0142ug utrzymania maszyn w ruchu, zapraszamy do kontaktu pod adresem\u00a0<a href=\"mailto:szkolenia@simlogic.pl\">szkolenia@simlogic.pl<\/a>&#8222;<\/h5>","protected":false},"excerpt":{"rendered":"<h4>Poziom:<\/h4>\n<p>BASE<\/p>\n<h4>Tryb:<\/h4>\n<p>Dzienny<\/p>\n<h4>Czas trwania:<\/h4>\n<p>3 dni, 24 godziny lekcyjne + zaj\u0119cia dodatkowe<\/p>\n<h4>Cel szkolenia:<\/h4>\n<p>Szkolenie jest ukierunkowane na zastosowania praktyczne omawianych zagadnie\u0144 i zawiera nast\u0119puj\u0105c\u0105 tematyk\u0119:<\/p>\n<ul>\n<li>Budowa, zasada dzia\u0142ania i funkcjonalno\u015b\u0107 sterownik\u00f3w PLC<\/li>\n<li>Og\u00f3lne zasady budowy aplikacji i tworzenia program\u00f3w w SIMATIC STEP 7<\/li>\n<li>Om\u00f3wienie aplikacji HW Config i jej mo\u017cliwo\u015bci funkcjonalnych<\/li>\n<li>Programowanie sterownik\u00f3w SIMATIC<\/li>\n<li>Adresowanie absolutne i symboliczne &#8211; tabela symboli<\/li>\n<li>Bloki organizacyjne, przerwania programowe<\/li>\n<li>Diagnostyka systemu &#8211; podstawowe narz\u0119dzia do testowania i monitorowania pracy programu sterowania<\/li>\n<\/ul>\n<h4>Wymagania wst\u0119pne:<\/h4>\n<p>Podstawowa znajomo\u015b\u0107 elektrotechniki, automatyki nap\u0119du elektrycznego i obs\u0142ugi komputera &#8211; w trakcie realizacji naszych szkole\u0144, przeka\u017cemy Pa\u0144stwu wszystkie niezb\u0119dne informacje od podstaw.<\/p>\n<h4>Opis:<\/h4>\n<p>Szkolenie podstawowe SIMATIC S7-300 ukierunkowane jest na zastosowania praktyczne omawianych zagadnie\u0144 i zawiera nast\u0119puj\u0105c\u0105 tematyk\u0119: budowa, zasada dzia\u0142ania i funkcjonalno\u015b\u0107 sterownik\u00f3w PLC, og\u00f3lne zasady budowy aplikacji i tworzenia program\u00f3w w SIMATIC STEP 7, om\u00f3wienie aplikacji HW Config i jej mo\u017cliwo\u015bci funkcjonalnych, programowanie sterownik\u00f3w SIMATIC. diagnostyka system\u00f3w sterowania SIMATIC za pomoc\u0105 oprogramowania SIMATIC STEP 7.<\/p>","protected":false},"featured_media":4133,"comment_status":"open","ping_status":"closed","template":"","meta":{"_et_pb_use_builder":"off","_et_pb_old_content":"<h4>Program szkolenia<\/h4>\r\n<strong>Dzie\u0144 1\r\n<\/strong>Instalacja i okablowanie obiektowe\r\nOg\u00f3lne zasady budowy aplikacji i tworzenia program\u00f3w w SIMATIC STEP 7\r\nKonfiguracja interfejsu komunikacyjnego komputera i nawi\u0105zanie komunikacji ze sterownikiem\r\nParametry i konfiguracja funkcji sterownika S7-300\/S7-400\r\nOm\u00f3wienie aplikacji HW Config i jej mo\u017cliwo\u015bci funkcjonalnych\r\nZasady budowy konfiguracji sprz\u0119towej sterownik\u00f3w S7-300 oraz S7-400 w HW Config\r\nSterowniki SIMATIC S7-300\/ S7-400\r\nBudowa, zasada dzia\u0142ania i funkcjonalno\u015b\u0107 sterownik\u00f3w PLC\r\nPodstawowe operacje dotycz\u0105ce obs\u0142ugi sterownik\u00f3w S7-300\r\nPodstawy programowania sterownik\u00f3w SIMATIC \u2013 tworzenie prostych program\u00f3w\r\nOm\u00f3wienie koncepcji integracji urz\u0105dze\u0144 automatyki przemys\u0142owej firmy Siemens\r\nAdresacja pami\u0119ci, wej\u015b\u0107 i wyj\u015b\u0107 w sterownikach SIMATIC S7-300\/400 - zasady adresacji modu\u0142\u00f3w sygna\u0142owych\r\n\r\n<strong>Dzie\u0144 2\r\n<\/strong>Testowanie i diagnostyka program\u00f3w\r\nProgramowanie maszyn\r\nBitowe operacje logiczne\r\nProgramowanie sterownik\u00f3w SIMATIC\r\nAdresowanie absolutne i symboliczne \u2013 tabela symboli\r\nOperacje na bajtach, s\u0142owach i podw\u00f3jnych s\u0142owach\r\nSterowanie realizacj\u0105 zada\u0144 zapisanych w bloku programowym - podstawy formatu zapisu programu w STL\r\nZasada budowy maszynowych algorytm\u00f3w sterowania procesami: algorytmy proste i sekwencyjne\r\n\r\n<strong>Dzie\u0144 3\r\n<\/strong>Bloki organizacyjne, przerwania programowe\r\nZastosowanie modu\u0142\u00f3w analogowych\r\nDokumentacja, archiwizacja i przenoszenie projekt\u00f3w\r\nTworzenie i zapis danych do blok\u00f3w danych\r\nKoncepcja organizacji pami\u0119ci w sterownikach SIMATIC\r\nDiagnostyka systemu - podstawowe narz\u0119dzia do testowania i monitorowania pracy programu sterowania\r\nZaj\u0119cia dodatkowe\r\n\r\n<strong>Zaj\u0119cia dodatkowe\r\n<\/strong>Ka\u017cdy z uczestnik\u00f3w ma mo\u017cliwo\u015b\u0107 wzi\u0119cia udzia\u0142u w zaj\u0119ciach dodatkowych trwaj\u0105cych po szkoleniu - uczestnicy mog\u0105 wykonywa\u0107 \u0107wiczenia na zestawach szkoleniowych lub powtarza\u0107 przerobiony danego dnia materia\u0142.","_et_gb_content_width":""},"product_brand":[],"product_cat":[66],"product_tag":[198,212],"class_list":{"0":"post-4132","1":"product","2":"type-product","3":"status-publish","4":"has-post-thumbnail","6":"product_cat-sterowniki-programowalne","7":"product_tag-siemens","8":"product_tag-simatic-s7-400","10":"first","11":"instock","12":"taxable","13":"shipping-taxable","14":"product-type-simple"},"_links":{"self":[{"href":"https:\/\/simlogic.pl\/en\/wp-json\/wp\/v2\/product\/4132","targetHints":{"allow":["GET"]}}],"collection":[{"href":"https:\/\/simlogic.pl\/en\/wp-json\/wp\/v2\/product"}],"about":[{"href":"https:\/\/simlogic.pl\/en\/wp-json\/wp\/v2\/types\/product"}],"replies":[{"embeddable":true,"href":"https:\/\/simlogic.pl\/en\/wp-json\/wp\/v2\/comments?post=4132"}],"wp:featuredmedia":[{"embeddable":true,"href":"https:\/\/simlogic.pl\/en\/wp-json\/wp\/v2\/media\/4133"}],"wp:attachment":[{"href":"https:\/\/simlogic.pl\/en\/wp-json\/wp\/v2\/media?parent=4132"}],"wp:term":[{"taxonomy":"product_brand","embeddable":true,"href":"https:\/\/simlogic.pl\/en\/wp-json\/wp\/v2\/product_brand?post=4132"},{"taxonomy":"product_cat","embeddable":true,"href":"https:\/\/simlogic.pl\/en\/wp-json\/wp\/v2\/product_cat?post=4132"},{"taxonomy":"product_tag","embeddable":true,"href":"https:\/\/simlogic.pl\/en\/wp-json\/wp\/v2\/product_tag?post=4132"}],"curies":[{"name":"wp","href":"https:\/\/api.w.org\/{rel}","templated":true}]}}