{"id":4208,"date":"2021-04-09T13:23:49","date_gmt":"2021-04-09T11:23:49","guid":{"rendered":"https:\/\/www.simlogic.pl\/?post_type=product&#038;p=4208"},"modified":"2021-11-02T12:20:45","modified_gmt":"2021-11-02T11:20:45","slug":"szkolenie-podstawowe-simotion","status":"publish","type":"product","link":"https:\/\/simlogic.pl\/en\/product\/szkolenie-podstawowe-simotion\/","title":{"rendered":"Szkolenie podstawowe SIMOTION"},"content":{"rendered":"<h4>Program szkolenia<\/h4>\n<p><strong>Dzie\u0144 1<\/strong><\/p>\n<ul>\n<li>Komunikacja z programatorem, stacjami operatorskimi, panelami<\/li>\n<li>Poj\u0119cie osi nap\u0119dowej, parametry osi<\/li>\n<li>Projektowanie algorytmu maszyny z rozpisaniem na osie nap\u0119dowe<\/li>\n<li>Oprogramowanie narz\u0119dziowe SCOUT<\/li>\n<li>Opis rodziny Simotion \u2013 D\/C\/P<\/li>\n<li>Modu\u0142y peryferyjne rodziny Simotion<\/li>\n<li>Komunikacja pomi\u0119dzy Simotion a nap\u0119dami, wsp\u00f3\u0142praca z nap\u0119dami analogowymi<\/li>\n<li>Zak\u0142adanie projektu w SCOUT, konfiguracja Simotion, podwieszanie nap\u0119d\u00f3w<\/li>\n<\/ul>\n<p><strong>Dzie\u0144 2 <\/strong><\/p>\n<ul>\n<li>Konfiguracja osi nap\u0119dowych \u2013 rzeczywistych i wirtualnych<\/li>\n<li>Tworzenie tabeli Global Variable \u2013 zmiennych globalnych<\/li>\n<li>J\u0119zyki programowania \u2013 LAD, ST, MCC \u2013 przyk\u0142adowe programy<\/li>\n<li>Nawi\u0105zanie po\u0142\u0105czenia z Simotion, praca on-line, operacje download i load_to_PG<\/li>\n<li>Tworzenie tabeli Watch Table<\/li>\n<li>Adresowanie wej\u015b\u0107, wyj\u015b\u0107, peryferii, tworzenie tabeli I\/O<\/li>\n<li>Konfigurowanie Execution System \u2013 BackGroundTask, MotionTasks, IPOtasks<\/li>\n<li>Diagnostyka za pomoc\u0105 oprogramowania SCOUT, Control Panel<\/li>\n<\/ul>\n<p><strong>Dzie\u0144 3<\/strong><\/p>\n<ul>\n<li>Projektowanie zadania pozycjonowania bezwzgl\u0119dnego i wzgl\u0119dnego<\/li>\n<li>Praca synchroniczna osi nap\u0119dowych, synchronizowanie i rozsynchronizowanie osi<\/li>\n<li>Poj\u0119cie krzywki pozycyjne i krzywki na wyj\u015bciach, praktyczne programowanie krzywek<\/li>\n<li>Encodery zewn\u0119trzne, wej\u015bcia pomiarowe, regulacja PID<\/li>\n<li>Reakcja maszyny w przypadku awarii \u2013 funkcje resetu i restartu<\/li>\n<li>Zaprogramowanie przyk\u0142adowej maszyny synchronicznej<\/li>\n<li>Projektowanie zadania przejazdu pr\u0119dko\u015bciowego i jogu pozycyjnego<\/li>\n<li>Podstawowa obs\u0142uga serwisowa<\/li>\n<\/ul>\n<p><strong>Zaj\u0119cia dodatkowe <\/strong>Ka\u017cdy z uczestnik\u00f3w ma mo\u017cliwo\u015b\u0107 wzi\u0119cia udzia\u0142u w zaj\u0119ciach dodatkowych trwaj\u0105cych po szkoleniu &#8211; uczestnicy mog\u0105 wykonywa\u0107 \u0107wiczenia na zestawach szkoleniowych lub powtarza\u0107 przerobiony danego dnia materia\u0142.<\/p>\n<p>&nbsp;<\/p>\n<h5>Je\u015bli jeste\u015bcie Pa\u0144stwo zainteresowani zmian\u0105 terminu szkolenia lub szkoleniem dostosowanym do Pa\u0144stwa potrzeb technologicznych i produkcyjnych lub przygotowania kadry do zapewnienia wysokiej jako\u015bci us\u0142ug utrzymania maszyn w ruchu, zapraszamy do kontaktu pod adresem\u00a0<a href=\"mailto:szkolenia@simlogic.pl\">szkolenia@simlogic.pl<\/a>&#8222;<\/h5>","protected":false},"excerpt":{"rendered":"<h4>Poziom:<\/h4>\n<p>BASE<\/p>\n<h4>Tryb:<\/h4>\n<p>Dzienny<\/p>\n<h4>Czas trwania:<\/h4>\n<p>3 dni, 24 godziny lekcyjne + zaj\u0119cia dodatkowe<\/p>\n<h4>Cel szkolenia:<\/h4>\n<p>Szkolenie ma na celu zaznajomienie uczestnika z mo\u017cliwo\u015bciami podstawowymi (BASE) budowy, zasady dzia\u0142ania, programowania, diagnozowania oraz funkcjonalno\u015bci urz\u0105dze\u0144 firmy SIEMENS<\/p>\n<h4>Wymagania wst\u0119pne:<\/h4>\n<p>Znajomo\u015b\u0107 elektrotechniki, automatyki nap\u0119du elektrycznego i obs\u0142ugi komputera &#8211; w trakcie realizacji naszych szkole\u0144, przeka\u017cemy Pa\u0144stwu wszystkie niezb\u0119dne informacje od podstaw.<\/p>\n<h4>Opis:<\/h4>\n<p>Szkolenie jest ukierunkowane na zastosowania praktyczne omawianych zagadnie\u0144 i zawiera nast\u0119puj\u0105c\u0105 tematyk\u0119:<br \/>\nOprogramowanie narz\u0119dziowe SCOUT<br \/>\nZak\u0142adanie projektu w SCOUT, konfiguracja Simotion, podwieszanie nap\u0119d\u00f3w<br \/>\nJ\u0119zyki programowania \u2013 LAD, ST, MCC<br \/>\nKonfiguracja osi nap\u0119dowych \u2013 rzeczywistych i wirtualnych<\/p>\n<p>&nbsp;<\/p>","protected":false},"featured_media":4209,"comment_status":"open","ping_status":"closed","template":"","meta":{"_et_pb_use_builder":"off","_et_pb_old_content":"<h4>Program szkolenia<\/h4>\r\n<strong>Dzie\u0144 1\r\n<\/strong>Instalacja i okablowanie obiektowe\r\nOg\u00f3lne zasady budowy aplikacji i tworzenia program\u00f3w w SIMATIC STEP 7\r\nKonfiguracja interfejsu komunikacyjnego komputera i nawi\u0105zanie komunikacji ze sterownikiem\r\nParametry i konfiguracja funkcji sterownika S7-300\/S7-400\r\nOm\u00f3wienie aplikacji HW Config i jej mo\u017cliwo\u015bci funkcjonalnych\r\nZasady budowy konfiguracji sprz\u0119towej sterownik\u00f3w S7-300 oraz S7-400 w HW Config\r\nSterowniki SIMATIC S7-300\/ S7-400\r\nBudowa, zasada dzia\u0142ania i funkcjonalno\u015b\u0107 sterownik\u00f3w PLC\r\nPodstawowe operacje dotycz\u0105ce obs\u0142ugi sterownik\u00f3w S7-300\r\nPodstawy programowania sterownik\u00f3w SIMATIC \u2013 tworzenie prostych program\u00f3w\r\nOm\u00f3wienie koncepcji integracji urz\u0105dze\u0144 automatyki przemys\u0142owej firmy Siemens\r\nAdresacja pami\u0119ci, wej\u015b\u0107 i wyj\u015b\u0107 w sterownikach SIMATIC S7-300\/400 - zasady adresacji modu\u0142\u00f3w sygna\u0142owych\r\n\r\n<strong>Dzie\u0144 2\r\n<\/strong>Testowanie i diagnostyka program\u00f3w\r\nProgramowanie maszyn\r\nBitowe operacje logiczne\r\nProgramowanie sterownik\u00f3w SIMATIC\r\nAdresowanie absolutne i symboliczne \u2013 tabela symboli\r\nOperacje na bajtach, s\u0142owach i podw\u00f3jnych s\u0142owach\r\nSterowanie realizacj\u0105 zada\u0144 zapisanych w bloku programowym - podstawy formatu zapisu programu w STL\r\nZasada budowy maszynowych algorytm\u00f3w sterowania procesami: algorytmy proste i sekwencyjne\r\n\r\n<strong>Dzie\u0144 3\r\n<\/strong>Bloki organizacyjne, przerwania programowe\r\nZastosowanie modu\u0142\u00f3w analogowych\r\nDokumentacja, archiwizacja i przenoszenie projekt\u00f3w\r\nTworzenie i zapis danych do blok\u00f3w danych\r\nKoncepcja organizacji pami\u0119ci w sterownikach SIMATIC\r\nDiagnostyka systemu - podstawowe narz\u0119dzia do testowania i monitorowania pracy programu sterowania\r\nZaj\u0119cia dodatkowe\r\n\r\n<strong>Zaj\u0119cia dodatkowe\r\n<\/strong>Ka\u017cdy z uczestnik\u00f3w ma mo\u017cliwo\u015b\u0107 wzi\u0119cia udzia\u0142u w zaj\u0119ciach dodatkowych trwaj\u0105cych po szkoleniu - uczestnicy mog\u0105 wykonywa\u0107 \u0107wiczenia na zestawach szkoleniowych lub powtarza\u0107 przerobiony danego dnia materia\u0142.","_et_gb_content_width":""},"product_brand":[],"product_cat":[250],"product_tag":[200,198,248],"class_list":{"0":"post-4208","1":"product","2":"type-product","3":"status-publish","4":"has-post-thumbnail","6":"product_cat-sterowniki-technologiczne","7":"product_tag-base","8":"product_tag-siemens","9":"product_tag-simotion","11":"first","12":"instock","13":"taxable","14":"shipping-taxable","15":"product-type-simple"},"_links":{"self":[{"href":"https:\/\/simlogic.pl\/en\/wp-json\/wp\/v2\/product\/4208","targetHints":{"allow":["GET"]}}],"collection":[{"href":"https:\/\/simlogic.pl\/en\/wp-json\/wp\/v2\/product"}],"about":[{"href":"https:\/\/simlogic.pl\/en\/wp-json\/wp\/v2\/types\/product"}],"replies":[{"embeddable":true,"href":"https:\/\/simlogic.pl\/en\/wp-json\/wp\/v2\/comments?post=4208"}],"wp:featuredmedia":[{"embeddable":true,"href":"https:\/\/simlogic.pl\/en\/wp-json\/wp\/v2\/media\/4209"}],"wp:attachment":[{"href":"https:\/\/simlogic.pl\/en\/wp-json\/wp\/v2\/media?parent=4208"}],"wp:term":[{"taxonomy":"product_brand","embeddable":true,"href":"https:\/\/simlogic.pl\/en\/wp-json\/wp\/v2\/product_brand?post=4208"},{"taxonomy":"product_cat","embeddable":true,"href":"https:\/\/simlogic.pl\/en\/wp-json\/wp\/v2\/product_cat?post=4208"},{"taxonomy":"product_tag","embeddable":true,"href":"https:\/\/simlogic.pl\/en\/wp-json\/wp\/v2\/product_tag?post=4208"}],"curies":[{"name":"wp","href":"https:\/\/api.w.org\/{rel}","templated":true}]}}