{"id":4227,"date":"2021-04-13T14:00:46","date_gmt":"2021-04-13T12:00:46","guid":{"rendered":"https:\/\/www.simlogic.pl\/?post_type=product&#038;p=4227"},"modified":"2021-11-02T12:13:39","modified_gmt":"2021-11-02T11:13:39","slug":"szkolenie-podstawowe-sinamics-dcm","status":"publish","type":"product","link":"https:\/\/simlogic.pl\/en\/product\/szkolenie-podstawowe-sinamics-dcm\/","title":{"rendered":"Szkolenie podstawowe SINAMICS DCM"},"content":{"rendered":"<h4>Program szkolenia<\/h4>\n<p><strong>Dzie\u0144 1<\/strong><\/p>\n<ul>\n<li>Budowa zasada dzia\u0142ania nap\u0119d\u00f3w SINAMICS DCM<\/li>\n<li>Listwa zaciskowa, karta CUD, modu\u0142y mocy, interfejsy komunikacyjne<\/li>\n<li>Podstawowa parametryzacja za pomoc\u0105 paneli operatorskich BOP20, AOP30<\/li>\n<li>Oprogramowanie STARTER jako narz\u0119dzie do parametryzacji i diagnostyki<\/li>\n<li>Podstawowa parametryzacja za pomoc\u0105 oprogramowania STARTER<\/li>\n<li>Karta pami\u0119ci: struktura i zabezpieczenie danych<\/li>\n<li>Optymalizacja sterowania pr\u0105dem i sterowania pr\u0119dko\u015bci\u0105 z zamkni\u0119t\u0105 p\u0119tl\u0105 regulacji<\/li>\n<li>Automatyczna optymalizacja<\/li>\n<\/ul>\n<p><strong>Dzie\u0144 2 <\/strong><\/p>\n<ul>\n<li>Diagramy funkcyjne: kana\u0142 warto\u015bci zadanej, wej\u015bcia\/wyj\u015bcia<\/li>\n<li>Bloki swobodnie programowalne<\/li>\n<li>Podstawowe informacje odno\u015bnie programowania CFC<\/li>\n<li>Rozbudowa nap\u0119d\u00f3w za moc\u0105 modu\u0142\u00f3w TM<\/li>\n<li>Modu\u0142y czujnikowe pracuj\u0105ce poprzez interfejs DRIVE-CLIQ<\/li>\n<li>Stany pracy, alarmy i b\u0142\u0119dy<\/li>\n<li>Podstawowe funkcje serwisowe: trace, funkcje pomiarowe<\/li>\n<li>Pami\u0119\u0107 diagnostyczna wykorzystywana przy serwisowaniu<\/li>\n<\/ul>\n<p><strong>Zaj\u0119cia dodatkowe <\/strong>Ka\u017cdy z uczestnik\u00f3w ma mo\u017cliwo\u015b\u0107 wzi\u0119cia udzia\u0142u w zaj\u0119ciach dodatkowych trwaj\u0105cych po szkoleniu &#8211; uczestnicy mog\u0105 wykonywa\u0107 \u0107wiczenia na zestawach szkoleniowych lub powtarza\u0107 przerobiony danego dnia materia\u0142.<\/p>\n<p>&nbsp;<\/p>\n<p>Szkolenie odbywa sie miedzy innymi na takich produktach firmy SIEMENS jak: 6RA8025-6DS22-0AA0 , 6RA8025-6FS22-0AA0, 6RA8082-6FS22-0AA0 , 6RA8086-6KS22-0AA0 , 6RA8078-6FV62-0AA0 , <span class=\"productIdentifier\">6RA8093-4LS22-0AA0<\/span><\/p>\n<h5>Je\u015bli jeste\u015bcie Pa\u0144stwo zainteresowani zmian\u0105 terminu szkolenia lub szkoleniem dostosowanym do Pa\u0144stwa potrzeb technologicznych i produkcyjnych lub przygotowania kadry do zapewnienia wysokiej jako\u015bci us\u0142ug utrzymania maszyn w ruchu, zapraszamy do kontaktu pod adresem\u00a0<a href=\"mailto:szkolenia@simlogic.pl\">szkolenia@simlogic.pl<\/a>&#8222;<\/h5>\n<p>&nbsp;<\/p>","protected":false},"excerpt":{"rendered":"<h4>Poziom:<\/h4>\n<p>BASE<\/p>\n<h4>Tryb:<\/h4>\n<p>Dzienny<\/p>\n<h4>Czas trwania:<\/h4>\n<p>2 dni, 16 godziny lekcyjne + zaj\u0119cia dodatkowe<\/p>\n<h4>Cel szkolenia:<\/h4>\n<p>Szkolenie ma na celu zaznajomienie uczestnika z mo\u017cliwo\u015bciami podstawowymi (BASE) budowy, zasady dzia\u0142ania, programowania, diagnozowania oraz funkcjonalno\u015bci urz\u0105dze\u0144 firmy SIEMENS<\/p>\n<h4>Wymagania wst\u0119pne:<\/h4>\n<p>Znajomo\u015b\u0107 elektrotechniki, automatyki nap\u0119du elektrycznego i obs\u0142ugi komputera &#8211; w trakcie realizacji naszych szkole\u0144, przeka\u017cemy Pa\u0144stwu wszystkie niezb\u0119dne informacje od podstaw.<\/p>\n<p>&nbsp;<\/p>","protected":false},"featured_media":4228,"comment_status":"open","ping_status":"closed","template":"","meta":{"_et_pb_use_builder":"off","_et_pb_old_content":"<h4>Program szkolenia<\/h4>\r\n<strong>Dzie\u0144 1\r\n<\/strong>Instalacja i okablowanie obiektowe\r\nOg\u00f3lne zasady budowy aplikacji i tworzenia program\u00f3w w SIMATIC STEP 7\r\nKonfiguracja interfejsu komunikacyjnego komputera i nawi\u0105zanie komunikacji ze sterownikiem\r\nParametry i konfiguracja funkcji sterownika S7-300\/S7-400\r\nOm\u00f3wienie aplikacji HW Config i jej mo\u017cliwo\u015bci funkcjonalnych\r\nZasady budowy konfiguracji sprz\u0119towej sterownik\u00f3w S7-300 oraz S7-400 w HW Config\r\nSterowniki SIMATIC S7-300\/ S7-400\r\nBudowa, zasada dzia\u0142ania i funkcjonalno\u015b\u0107 sterownik\u00f3w PLC\r\nPodstawowe operacje dotycz\u0105ce obs\u0142ugi sterownik\u00f3w S7-300\r\nPodstawy programowania sterownik\u00f3w SIMATIC \u2013 tworzenie prostych program\u00f3w\r\nOm\u00f3wienie koncepcji integracji urz\u0105dze\u0144 automatyki przemys\u0142owej firmy Siemens\r\nAdresacja pami\u0119ci, wej\u015b\u0107 i wyj\u015b\u0107 w sterownikach SIMATIC S7-300\/400 - zasady adresacji modu\u0142\u00f3w sygna\u0142owych\r\n\r\n<strong>Dzie\u0144 2\r\n<\/strong>Testowanie i diagnostyka program\u00f3w\r\nProgramowanie maszyn\r\nBitowe operacje logiczne\r\nProgramowanie sterownik\u00f3w SIMATIC\r\nAdresowanie absolutne i symboliczne \u2013 tabela symboli\r\nOperacje na bajtach, s\u0142owach i podw\u00f3jnych s\u0142owach\r\nSterowanie realizacj\u0105 zada\u0144 zapisanych w bloku programowym - podstawy formatu zapisu programu w STL\r\nZasada budowy maszynowych algorytm\u00f3w sterowania procesami: algorytmy proste i sekwencyjne\r\n\r\n<strong>Dzie\u0144 3\r\n<\/strong>Bloki organizacyjne, przerwania programowe\r\nZastosowanie modu\u0142\u00f3w analogowych\r\nDokumentacja, archiwizacja i przenoszenie projekt\u00f3w\r\nTworzenie i zapis danych do blok\u00f3w danych\r\nKoncepcja organizacji pami\u0119ci w sterownikach SIMATIC\r\nDiagnostyka systemu - podstawowe narz\u0119dzia do testowania i monitorowania pracy programu sterowania\r\nZaj\u0119cia dodatkowe\r\n\r\n<strong>Zaj\u0119cia dodatkowe\r\n<\/strong>Ka\u017cdy z uczestnik\u00f3w ma mo\u017cliwo\u015b\u0107 wzi\u0119cia udzia\u0142u w zaj\u0119ciach dodatkowych trwaj\u0105cych po szkoleniu - uczestnicy mog\u0105 wykonywa\u0107 \u0107wiczenia na zestawach szkoleniowych lub powtarza\u0107 przerobiony danego dnia materia\u0142.","_et_gb_content_width":""},"product_brand":[],"product_cat":[72],"product_tag":[200,198,260],"class_list":{"0":"post-4227","1":"product","2":"type-product","3":"status-publish","4":"has-post-thumbnail","6":"product_cat-technika-napedowa-dc","7":"product_tag-base","8":"product_tag-siemens","9":"product_tag-sinamics-dcm","11":"first","12":"instock","13":"taxable","14":"shipping-taxable","15":"product-type-simple"},"_links":{"self":[{"href":"https:\/\/simlogic.pl\/en\/wp-json\/wp\/v2\/product\/4227","targetHints":{"allow":["GET"]}}],"collection":[{"href":"https:\/\/simlogic.pl\/en\/wp-json\/wp\/v2\/product"}],"about":[{"href":"https:\/\/simlogic.pl\/en\/wp-json\/wp\/v2\/types\/product"}],"replies":[{"embeddable":true,"href":"https:\/\/simlogic.pl\/en\/wp-json\/wp\/v2\/comments?post=4227"}],"wp:featuredmedia":[{"embeddable":true,"href":"https:\/\/simlogic.pl\/en\/wp-json\/wp\/v2\/media\/4228"}],"wp:attachment":[{"href":"https:\/\/simlogic.pl\/en\/wp-json\/wp\/v2\/media?parent=4227"}],"wp:term":[{"taxonomy":"product_brand","embeddable":true,"href":"https:\/\/simlogic.pl\/en\/wp-json\/wp\/v2\/product_brand?post=4227"},{"taxonomy":"product_cat","embeddable":true,"href":"https:\/\/simlogic.pl\/en\/wp-json\/wp\/v2\/product_cat?post=4227"},{"taxonomy":"product_tag","embeddable":true,"href":"https:\/\/simlogic.pl\/en\/wp-json\/wp\/v2\/product_tag?post=4227"}],"curies":[{"name":"wp","href":"https:\/\/api.w.org\/{rel}","templated":true}]}}