{"id":4238,"date":"2021-04-15T12:32:39","date_gmt":"2021-04-15T10:32:39","guid":{"rendered":"https:\/\/www.simlogic.pl\/?post_type=product&#038;p=4238"},"modified":"2021-11-02T10:44:59","modified_gmt":"2021-11-02T09:44:59","slug":"szkolenie-podstawowe-sinamics-s150","status":"publish","type":"product","link":"https:\/\/simlogic.pl\/en\/product\/szkolenie-podstawowe-sinamics-s150\/","title":{"rendered":"Szkolenie podstawowe SINAMICS S150"},"content":{"rendered":"<h4>Program szkolenia<\/h4>\n<p><strong>Dzie\u0144 1<\/strong><\/p>\n<ul class=\"arrow\">\n<li>Budowa zasada dzia\u0142ania nap\u0119d\u00f3w SINAMICS S150 \u2013 koncepcja modu\u0142owych system\u00f3w nap\u0119dowych<\/li>\n<li>Komponenty chassis\/cabinet i budowa gotowych system\u00f3w nap\u0119dowych<\/li>\n<li>Opis struktury systemu i dokumentacji<\/li>\n<li>Schematy pod\u0142\u0105cze\u0144, diagramy funkcyjne \u2013 praca z dokumentacj\u0105<\/li>\n<li>Funkcje sprz\u0119towe i \u0142\u0105czenie modu\u0142\u00f3w<\/li>\n<li>Uruchomienie za pomoc\u0105 panela AOP30<\/li>\n<li>Oprogramowanie STARTER<\/li>\n<li>Uruchomienie nap\u0119du S150 za pomoc\u0105 oprogramowania STARTER<\/li>\n<li>Algorytmy sterowania, diagramy funkcyjne<\/li>\n<li>Konfiguracja do pracy z zastosowaniem blok\u00f3w BICO<\/li>\n<li>Kana\u0142 warto\u015bci zadanej: generator rampy, ograniczenia<\/li>\n<li>Praca z dokumentacj\u0105 oraz list\u0105 parametr\u00f3w<\/li>\n<li>Konfiguracja do pracy w uk\u0142adzie regulacji pr\u0119dko\u015bci, optymalizacja, nastaw regulacji<\/li>\n<li>Archiwizacja i kopiowanie konfiguracji nap\u0119du SINAMICS S<\/li>\n<li>Podstawowe czynno\u015bci serwisowe wykonywane przy pomocy panela AOP30 oraz oprogramowania STARTER<\/li>\n<li>Wymiany komponent\u00f3w w budowie chassis\/cabinet SINAMIC S150<\/li>\n<\/ul>\n<p><strong>Dzie\u0144 2 <\/strong><\/p>\n<ul class=\"arrow\">\n<li>Algorytmy sterowania, diagramy funkcyjne<\/li>\n<li>Konfiguracja do pracy z zastosowaniem blok\u00f3w BICO<\/li>\n<li>Kana\u0142 warto\u015bci zadanej: generator rampy, ograniczenia<\/li>\n<li>Praca z dokumentacj\u0105 oraz list\u0105 parametr\u00f3w<\/li>\n<li>Konfiguracja do pracy w uk\u0142adzie regulacji pr\u0119dko\u015bci, optymalizacja, nastaw regulacji<\/li>\n<li>Archiwizacja i kopiowanie konfiguracji nap\u0119du SINAMICS S<\/li>\n<li>Podstawowe czynno\u015bci serwisowe wykonywane przy pomocy panela AOP30 oraz oprogramowania STARTER<\/li>\n<li>Wymiany komponent\u00f3w w budowie chassis\/cabinet SINAMIC S150<\/li>\n<\/ul>\n<p>&nbsp;<\/p>\n<p><strong>Zaj\u0119cia dodatkowe <\/strong>Ka\u017cdy z uczestnik\u00f3w ma mo\u017cliwo\u015b\u0107 wzi\u0119cia udzia\u0142u w zaj\u0119ciach dodatkowych trwaj\u0105cych po szkoleniu &#8211; uczestnicy mog\u0105 wykonywa\u0107 \u0107wiczenia na zestawach szkoleniowych lub powtarza\u0107 przerobiony danego dnia materia\u0142.<\/p>\n<h5>Je\u015bli jeste\u015bcie Pa\u0144stwo zainteresowani zmian\u0105 terminu szkolenia lub szkoleniem dostosowanym do Pa\u0144stwa potrzeb technologicznych i produkcyjnych lub przygotowania kadry do zapewnienia wysokiej jako\u015bci us\u0142ug utrzymania maszyn w ruchu, zapraszamy do kontaktu pod adresem\u00a0<a href=\"mailto:szkolenia@simlogic.pl\">szkolenia@simlogic.pl<\/a>&#8222;<\/h5>\n<p>&nbsp;<\/p>","protected":false},"excerpt":{"rendered":"<h4>Poziom:<\/h4>\n<p>BASE<\/p>\n<h4>Tryb:<\/h4>\n<p>Dzienny<\/p>\n<h4>Czas trwania:<\/h4>\n<p>2 dni, 16 godziny lekcyjne + zaj\u0119cia dodatkowe<\/p>\n<h4>Cel szkolenia:<\/h4>\n<p>Szkolenie ma na celu zaznajomienie uczestnika z mo\u017cliwo\u015bciami podstawowymi (BASE) budowy, zasady dzia\u0142ania, programowania, diagnozowania oraz funkcjonalno\u015bci urz\u0105dze\u0144 firmy SIEMENS<\/p>\n<h4>Wymagania wst\u0119pne:<\/h4>\n<p>Znajomo\u015b\u0107 elektrotechniki, automatyki nap\u0119du elektrycznego i obs\u0142ugi komputera &#8211; w trakcie realizacji naszych szkole\u0144, przeka\u017cemy Pa\u0144stwu wszystkie niezb\u0119dne informacje od podstaw.<\/p>\n<p>&nbsp;<\/p>","protected":false},"featured_media":4239,"comment_status":"open","ping_status":"closed","template":"","meta":{"_et_pb_use_builder":"on","_et_pb_old_content":"<h4>Program szkolenia<\/h4>\r\n<strong>Dzie\u0144 1<\/strong>\r\n<ul class=\"arrow\">\r\n \t<li>Budowa zasada dzia\u0142ania nap\u0119d\u00f3w SINAMICS S150 \u2013 koncepcja modu\u0142owych system\u00f3w nap\u0119dowych<\/li>\r\n \t<li>Komponenty chassis\/cabinet i budowa gotowych system\u00f3w nap\u0119dowych<\/li>\r\n \t<li>Opis struktury systemu i dokumentacji<\/li>\r\n \t<li>Schematy pod\u0142\u0105cze\u0144, diagramy funkcyjne \u2013 praca z dokumentacj\u0105<\/li>\r\n \t<li>Funkcje sprz\u0119towe i \u0142\u0105czenie modu\u0142\u00f3w<\/li>\r\n \t<li>Uruchomienie za pomoc\u0105 panela AOP30<\/li>\r\n \t<li>Oprogramowanie STARTER<\/li>\r\n \t<li>Uruchomienie nap\u0119du S150 za pomoc\u0105 oprogramowania STARTER<\/li>\r\n \t<li>Algorytmy sterowania, diagramy funkcyjne<\/li>\r\n \t<li>Konfiguracja do pracy z zastosowaniem blok\u00f3w BICO<\/li>\r\n \t<li>Kana\u0142 warto\u015bci zadanej: generator rampy, ograniczenia<\/li>\r\n \t<li>Praca z dokumentacj\u0105 oraz list\u0105 parametr\u00f3w<\/li>\r\n \t<li>Konfiguracja do pracy w uk\u0142adzie regulacji pr\u0119dko\u015bci, optymalizacja, nastaw regulacji<\/li>\r\n \t<li>Archiwizacja i kopiowanie konfiguracji nap\u0119du SINAMICS S<\/li>\r\n \t<li>Podstawowe czynno\u015bci serwisowe wykonywane przy pomocy panela AOP30 oraz oprogramowania STARTER<\/li>\r\n \t<li>Wymiany komponent\u00f3w w budowie chassis\/cabinet SINAMIC S150<\/li>\r\n<\/ul>\r\n<strong>Dzie\u0144 2 <\/strong>\r\n<ul class=\"arrow\">\r\n \t<li>Algorytmy sterowania, diagramy funkcyjne<\/li>\r\n \t<li>Konfiguracja do pracy z zastosowaniem blok\u00f3w BICO<\/li>\r\n \t<li>Kana\u0142 warto\u015bci zadanej: generator rampy, ograniczenia<\/li>\r\n \t<li>Praca z dokumentacj\u0105 oraz list\u0105 parametr\u00f3w<\/li>\r\n \t<li>Konfiguracja do pracy w uk\u0142adzie regulacji pr\u0119dko\u015bci, optymalizacja, nastaw regulacji<\/li>\r\n \t<li>Archiwizacja i kopiowanie konfiguracji nap\u0119du SINAMICS S<\/li>\r\n \t<li>Podstawowe czynno\u015bci serwisowe wykonywane przy pomocy panela AOP30 oraz oprogramowania STARTER<\/li>\r\n \t<li>Wymiany komponent\u00f3w w budowie chassis\/cabinet SINAMIC S150<\/li>\r\n<\/ul>\r\n&nbsp;\r\n\r\n<strong>Zaj\u0119cia dodatkowe <\/strong>Ka\u017cdy z uczestnik\u00f3w ma mo\u017cliwo\u015b\u0107 wzi\u0119cia udzia\u0142u w zaj\u0119ciach dodatkowych trwaj\u0105cych po szkoleniu - uczestnicy mog\u0105 wykonywa\u0107 \u0107wiczenia na zestawach szkoleniowych lub powtarza\u0107 przerobiony danego dnia materia\u0142.\r\n<h5>Je\u015bli jeste\u015bcie Pa\u0144stwo zainteresowani zmian\u0105 terminu szkolenia lub szkoleniem dostosowanym do Pa\u0144stwa potrzeb technologicznych i produkcyjnych lub przygotowania kadry do zapewnienia wysokiej jako\u015bci us\u0142ug utrzymania maszyn w ruchu, zapraszamy do kontaktu pod adresem\u00a0<a href=\"mailto:szkolenia@simlogic.pl\">szkolenia@simlogic.pl<\/a>\"<\/h5>\r\n&nbsp;","_et_gb_content_width":""},"product_brand":[],"product_cat":[71],"product_tag":[200,198,265],"class_list":{"0":"post-4238","1":"product","2":"type-product","3":"status-publish","4":"has-post-thumbnail","6":"product_cat-technika-napedowa-ac","7":"product_tag-base","8":"product_tag-siemens","9":"product_tag-sinamics-s150","11":"first","12":"instock","13":"taxable","14":"shipping-taxable","15":"product-type-simple"},"_links":{"self":[{"href":"https:\/\/simlogic.pl\/en\/wp-json\/wp\/v2\/product\/4238","targetHints":{"allow":["GET"]}}],"collection":[{"href":"https:\/\/simlogic.pl\/en\/wp-json\/wp\/v2\/product"}],"about":[{"href":"https:\/\/simlogic.pl\/en\/wp-json\/wp\/v2\/types\/product"}],"replies":[{"embeddable":true,"href":"https:\/\/simlogic.pl\/en\/wp-json\/wp\/v2\/comments?post=4238"}],"wp:featuredmedia":[{"embeddable":true,"href":"https:\/\/simlogic.pl\/en\/wp-json\/wp\/v2\/media\/4239"}],"wp:attachment":[{"href":"https:\/\/simlogic.pl\/en\/wp-json\/wp\/v2\/media?parent=4238"}],"wp:term":[{"taxonomy":"product_brand","embeddable":true,"href":"https:\/\/simlogic.pl\/en\/wp-json\/wp\/v2\/product_brand?post=4238"},{"taxonomy":"product_cat","embeddable":true,"href":"https:\/\/simlogic.pl\/en\/wp-json\/wp\/v2\/product_cat?post=4238"},{"taxonomy":"product_tag","embeddable":true,"href":"https:\/\/simlogic.pl\/en\/wp-json\/wp\/v2\/product_tag?post=4238"}],"curies":[{"name":"wp","href":"https:\/\/api.w.org\/{rel}","templated":true}]}}