{"id":4795,"date":"2024-01-24T11:29:48","date_gmt":"2024-01-24T10:29:48","guid":{"rendered":"https:\/\/www.simlogic.pl\/?post_type=product&#038;p=4795"},"modified":"2026-04-10T15:43:05","modified_gmt":"2026-04-10T13:43:05","slug":"warsztaty-z-zakresu-obslugi-urzadzenia-safetyman-dt2-firmy-hhb","status":"publish","type":"product","link":"https:\/\/simlogic.pl\/en\/product\/warsztaty-z-zakresu-obslugi-urzadzenia-safetyman-dt2-firmy-hhb\/","title":{"rendered":"1. Warsztaty z zakresu obs\u0142ugi urz\u0105dzenia Safetyman DT3 firmy HHB"},"content":{"rendered":"<h5>W tej pozycji oferujemy Pa\u0144stwu swoje us\u0142ugi w zakresie instrukta\u017cu technicznego prezentuj\u0105cego obs\u0142ug\u0119 urz\u0105dzenia Safetyman DT3 firmy HHB Electronic (tzw. dobiegometr) oraz obja\u015bniaj\u0105cego spos\u00f3b wykonywania specjalistycznych pomiar\u00f3w czas\u00f3w zatrzymania.<\/h5>\n<h5>W zakresie w\/w us\u0142ug oferujemy kompleksowe podej\u015bcie: sprzeda\u017c urz\u0105dze\u0144 do samodzielnego wykonywania pomiar\u00f3w, instrukta\u017c techniczny obja\u015bniaj\u0105cy zasad\u0119 dzia\u0142ania oraz szkolenie w zakresie bezpiecze\u0144stwa maszyn.<\/h5>\n<h5><\/h5>\n<h5><\/h5>\n<h5>Program\u00a0 warsztat\u00f3w:<\/h5>\n<ul>\n<li>\n<h5>prezentacja obs\u0142ugi urz\u0105dzenia<\/h5>\n<\/li>\n<li>\n<h5>instrukta\u017c techniczny<\/h5>\n<\/li>\n<li>\n<h5>obja\u015bniaj\u0105cego spos\u00f3b wykonywania specjalistycznych pomiar\u00f3w czas\u00f3w zatrzymania<\/h5>\n<\/li>\n<\/ul>\n<h5><\/h5>\n<h5>Warsztaty w wariancie stacjonarnym.<\/h5>\n<h5>Mo\u017cliwo\u015b\u0107 przeprowadzenia warsztat\u00f3w w Pa\u0144stwa firmie &#8211; odr\u0119bna oferta przygotowana na \u017cyczenie.<\/h5>\n<p>&nbsp;<\/p>\n<p>&nbsp;<\/p>\n<h5>Je\u015bli jeste\u015bcie Pa\u0144stwo zainteresowani zmian\u0105 terminu szkolenia lub szkoleniem dostosowanym do Pa\u0144stwa potrzeb technologicznych i produkcyjnych lub przygotowania kadry do zapewnienia wysokiej jako\u015bci us\u0142ug utrzymania maszyn w ruchu, zapraszamy do kontaktu pod adresem\u00a0<a href=\"mailto:szkolenia@simlogic.pl\">szkolenia@simlogic.pl<\/a>&#8222;<\/h5>","protected":false},"excerpt":{"rendered":"<h4>Poziom:<\/h4>\n<p>BASE<\/p>\n<h4>Tryb:<\/h4>\n<p>Dzienny<\/p>\n<h4>Czas trwania:<\/h4>\n<p>6 godzin<\/p>\n<h4>Cel szkolenia:<\/h4>\n<p>Warsztaty maj\u0105 na celu zaznajomienie uczestnika z instrukta\u017cem technicznym, obs\u0142ug\u0105 urz\u0105dzenia Safetyman DT2 firmy HHB Electronic<\/p>\n<h4>Wymagania wst\u0119pne:<\/h4>\n<p>Znajomo\u015b\u0107 elektrotechniki, automatyki nap\u0119du elektrycznego i obs\u0142ugi komputera &#8211; w trakcie realizacji naszych szkole\u0144, przeka\u017cemy Pa\u0144stwu wszystkie niezb\u0119dne informacje od podstaw.<\/p>\n<p>&nbsp;<\/p>","protected":false},"featured_media":6965,"comment_status":"closed","ping_status":"closed","template":"","meta":{"_et_pb_use_builder":"","_et_pb_old_content":"","_et_gb_content_width":""},"product_brand":[],"product_cat":[84],"product_tag":[320],"class_list":{"0":"post-4795","1":"product","2":"type-product","3":"status-publish","4":"has-post-thumbnail","6":"product_cat-bezpieczestwo-maszyn-i-procesow","7":"product_tag-safetyman-dt2-firmy-hhb","9":"first","10":"instock","11":"taxable","12":"shipping-taxable","13":"product-type-simple"},"_links":{"self":[{"href":"https:\/\/simlogic.pl\/en\/wp-json\/wp\/v2\/product\/4795","targetHints":{"allow":["GET"]}}],"collection":[{"href":"https:\/\/simlogic.pl\/en\/wp-json\/wp\/v2\/product"}],"about":[{"href":"https:\/\/simlogic.pl\/en\/wp-json\/wp\/v2\/types\/product"}],"replies":[{"embeddable":true,"href":"https:\/\/simlogic.pl\/en\/wp-json\/wp\/v2\/comments?post=4795"}],"wp:featuredmedia":[{"embeddable":true,"href":"https:\/\/simlogic.pl\/en\/wp-json\/wp\/v2\/media\/6965"}],"wp:attachment":[{"href":"https:\/\/simlogic.pl\/en\/wp-json\/wp\/v2\/media?parent=4795"}],"wp:term":[{"taxonomy":"product_brand","embeddable":true,"href":"https:\/\/simlogic.pl\/en\/wp-json\/wp\/v2\/product_brand?post=4795"},{"taxonomy":"product_cat","embeddable":true,"href":"https:\/\/simlogic.pl\/en\/wp-json\/wp\/v2\/product_cat?post=4795"},{"taxonomy":"product_tag","embeddable":true,"href":"https:\/\/simlogic.pl\/en\/wp-json\/wp\/v2\/product_tag?post=4795"}],"curies":[{"name":"wp","href":"https:\/\/api.w.org\/{rel}","templated":true}]}}