{"id":7090,"date":"2026-05-12T11:32:24","date_gmt":"2026-05-12T09:32:24","guid":{"rendered":"https:\/\/simlogic.pl\/?post_type=product&#038;p=7090"},"modified":"2026-05-15T11:30:12","modified_gmt":"2026-05-15T09:30:12","slug":"1-webinarium-safetyman-dt3-firmy-hhb-bezplatne","status":"publish","type":"product","link":"https:\/\/simlogic.pl\/en\/product\/1-webinarium-safetyman-dt3-firmy-hhb-bezplatne\/","title":{"rendered":"1. Webinarium Safetyman DT3 firmy HHB &#8211; bezp\u0142atnie"},"content":{"rendered":"<h4 class=\"mec-single-title\"><span style=\"color: #000000;\"><strong>Webinarium Safetyman DT3 firmy HHB<\/strong><\/span><\/h4>\n<h4 class=\"mec-single-event-description mec-events-content\"><span style=\"color: #000000;\"><strong>Zapraszamy Pa\u0144stwa na zdalne spotkanie\u00a0dotycz\u0105ce prezentacji zastosowania i obs\u0142ugi urz\u0105dzenia do pomiaru czasu dobiegu &#8211; Safetyman DT3 firmy HHB.<\/p>\n<p>Webinarium odb\u0119dzie si\u0119 29 maja 2026 o godz. 10:00 oraz powt\u00f3rzone zostanie o godz. 14:00.\u00a0<\/strong><strong>Zapisy pod adresem e-mail:\u00a0<a style=\"color: #000000;\" href=\"mailto:zapytania@simlogic.pl\">zapytania@simlogic.pl<\/a><\/strong><\/span><\/h4>\n<p><span style=\"color: #000000;\"><strong>Webinarium jest bezplatne.<br \/>\n<\/strong><\/span><\/p>\n<h4 class=\"mec-single-event-description mec-events-content\"><span style=\"color: #000000;\"><strong>Planujemy kolejne webinaria z tego cyklu w ka\u017cdy ostatni pi\u0105tek miesi\u0105ca.<\/strong><\/span><\/h4>\n<p>&nbsp;<\/p>","protected":false},"excerpt":{"rendered":"<h4>Tryb:<\/h4>\n<p>Zdalny<\/p>\n<h4>Czas trwania:<\/h4>\n<p>2 godziny<\/p>\n<h4>Cel szkolenia:<\/h4>\n<p>Warsztaty maj\u0105 na celu zaznajomienie uczestnika z urz\u0105dzeniem Safetyman DT2 firmy HHB Electronic<\/p>\n<p>&nbsp;<\/p>","protected":false},"featured_media":6965,"comment_status":"closed","ping_status":"closed","template":"","meta":{"_et_pb_use_builder":"","_et_pb_old_content":"","_et_gb_content_width":""},"product_brand":[],"product_cat":[84],"product_tag":[],"class_list":{"0":"post-7090","1":"product","2":"type-product","3":"status-publish","4":"has-post-thumbnail","6":"product_cat-bezpieczestwo-maszyn-i-procesow","8":"first","9":"instock","10":"taxable","11":"shipping-taxable","12":"purchasable","13":"product-type-simple"},"_links":{"self":[{"href":"https:\/\/simlogic.pl\/en\/wp-json\/wp\/v2\/product\/7090","targetHints":{"allow":["GET"]}}],"collection":[{"href":"https:\/\/simlogic.pl\/en\/wp-json\/wp\/v2\/product"}],"about":[{"href":"https:\/\/simlogic.pl\/en\/wp-json\/wp\/v2\/types\/product"}],"replies":[{"embeddable":true,"href":"https:\/\/simlogic.pl\/en\/wp-json\/wp\/v2\/comments?post=7090"}],"wp:featuredmedia":[{"embeddable":true,"href":"https:\/\/simlogic.pl\/en\/wp-json\/wp\/v2\/media\/6965"}],"wp:attachment":[{"href":"https:\/\/simlogic.pl\/en\/wp-json\/wp\/v2\/media?parent=7090"}],"wp:term":[{"taxonomy":"product_brand","embeddable":true,"href":"https:\/\/simlogic.pl\/en\/wp-json\/wp\/v2\/product_brand?post=7090"},{"taxonomy":"product_cat","embeddable":true,"href":"https:\/\/simlogic.pl\/en\/wp-json\/wp\/v2\/product_cat?post=7090"},{"taxonomy":"product_tag","embeddable":true,"href":"https:\/\/simlogic.pl\/en\/wp-json\/wp\/v2\/product_tag?post=7090"}],"curies":[{"name":"wp","href":"https:\/\/api.w.org\/{rel}","templated":true}]}}